{"id":32430,"date":"2025-03-07T06:25:48","date_gmt":"2025-03-07T06:25:48","guid":{"rendered":"https:\/\/petproducts.com.cn\/?post_type=product&#038;p=32430"},"modified":"2025-03-07T07:30:13","modified_gmt":"2025-03-07T07:30:13","slug":"dog-collar-lead-sets-three-flash-modes-rechargeable-dog-leash","status":"publish","type":"product","link":"https:\/\/petproducts.com.cn\/pt\/product\/dog-collar-lead-sets-three-flash-modes-rechargeable-dog-leash\/","title":{"rendered":"Coleira para c\u00e3es Conjunto de trela com tr\u00eas modos de flash Trela recarreg\u00e1vel para c\u00e3es"},"content":{"rendered":"<h2>Carater\u00edsticas dos conjuntos de coleiras e trelas para c\u00e3es<\/h2>\n<ol data-start=\"36\" data-end=\"1125\">\n<li data-start=\"36\" data-end=\"222\"><strong>Conjuntos completos de coleiras e trelas para c\u00e3es com ilumina\u00e7\u00e3o LED<\/strong> - Um conjunto de coleira e trela a condizer com luzes LED incorporadas para maior visibilidade e seguran\u00e7a durante os passeios noturnos.<\/li>\n<li data-start=\"223\" data-end=\"398\"><strong>Tr\u00eas modos de flash para m\u00e1xima visibilidade<\/strong> - Oferece tr\u00eas modos de luz LED ajust\u00e1veis (constante, flash lento, flash r\u00e1pido) para melhorar a seguran\u00e7a do animal de estima\u00e7\u00e3o em condi\u00e7\u00f5es de pouca luz.<\/li>\n<li data-start=\"399\" data-end=\"599\"><strong>Bateria recarreg\u00e1vel e de longa dura\u00e7\u00e3o <\/strong>- Este conjunto recarreg\u00e1vel de trela para coleira de c\u00e3o proporciona uma solu\u00e7\u00e3o de ilumina\u00e7\u00e3o sustent\u00e1vel e econ\u00f3mica sem necessidade de substitui\u00e7\u00e3o frequente das pilhas.<\/li>\n<li data-start=\"600\" data-end=\"769\"><strong>Material de PVC dur\u00e1vel e \u00e0 prova de \u00e1gua <\/strong>- Fabricado em PVC imperme\u00e1vel e anti-incrustante, garantindo uma durabilidade duradoura e uma limpeza f\u00e1cil, perfeito para aventuras ao ar livre.<\/li>\n<li data-start=\"770\" data-end=\"939\"><strong>Ajuste ajust\u00e1vel para conforto e seguran\u00e7a<\/strong> - Concebida com uma coleira ajust\u00e1vel e uma trela resistente, garante um ajuste seguro e confort\u00e1vel para c\u00e3es de v\u00e1rios tamanhos.<\/li>\n<li data-start=\"940\" data-end=\"1125\"><strong>Ideal para empresas de fornecimento de animais de estima\u00e7\u00e3o <\/strong>- Uma escolha altamente pr\u00e1tica e elegante para retalhistas, grossistas e grandes compradores de animais de companhia, oferecendo funcionalidade e seguran\u00e7a num s\u00f3 conjunto.<\/li>\n<\/ol>","protected":false},"excerpt":{"rendered":"<p>A trela recarreg\u00e1vel para c\u00e3es com tr\u00eas modos de flash combina material de pvc imperme\u00e1vel, ajuste ajust\u00e1vel, luzes LED recarreg\u00e1veis e tr\u00eas modos de flash, o que a torna imprescind\u00edvel para as empresas de artigos para animais de estima\u00e7\u00e3o que se preocupam com a seguran\u00e7a e a durabilidade.<\/p>","protected":false},"featured_media":32438,"template":"","meta":{"_acf_changed":false},"product_brand":[],"product_cat":[124,72],"product_tag":[212,213],"class_list":{"0":"post-32430","1":"product","2":"type-product","3":"status-publish","4":"has-post-thumbnail","6":"product_cat-dog-collars-leashes-harnesses","7":"product_cat-dog-supplies","8":"product_tag-pet-collars","9":"product_tag-pet-leashes","11":"first","12":"instock","13":"shipping-taxable","14":"product-type-simple"},"acf":[],"yoast_head":"<!-- This site is optimized with the Yoast SEO plugin v27.1.1 - https:\/\/yoast.com\/product\/yoast-seo-wordpress\/ -->\n<title>Dog Collar Lead Sets | Dog Collar Leash Manufacturer - Petstar<\/title>\n<meta name=\"description\" content=\"Explore Dog Collar Lead Sets from the best pet products supplier. Petstar is a global pet products manufacturer. Your ideal business solution with Petstar.\" \/>\n<meta name=\"robots\" content=\"index, follow, max-snippet:-1, max-image-preview:large, max-video-preview:-1\" \/>\n<link rel=\"canonical\" href=\"https:\/\/petproducts.com.cn\/pt\/produto\/dog-collar-lead-sets-three-flash-modes-rechargeable-dog-leash\/\" \/>\n<meta property=\"og:locale\" content=\"pt_PT\" \/>\n<meta property=\"og:type\" content=\"article\" \/>\n<meta property=\"og:title\" content=\"Dog Collar Lead Sets | Dog Collar Leash Manufacturer - Petstar\" \/>\n<meta property=\"og:description\" content=\"Explore Dog Collar Lead Sets from the best pet products supplier. Petstar is a global pet products manufacturer. Your ideal business solution with Petstar.\" \/>\n<meta property=\"og:url\" content=\"https:\/\/petproducts.com.cn\/pt\/produto\/dog-collar-lead-sets-three-flash-modes-rechargeable-dog-leash\/\" \/>\n<meta property=\"og:site_name\" content=\"Petstar\" \/>\n<meta property=\"article:modified_time\" content=\"2025-03-07T07:30:13+00:00\" \/>\n<meta property=\"og:image\" content=\"https:\/\/petproducts.com.cn\/wp-content\/uploads\/2025\/03\/dog-collar-lead-sets.webp\" \/>\n\t<meta property=\"og:image:width\" content=\"1000\" \/>\n\t<meta property=\"og:image:height\" content=\"1000\" \/>\n\t<meta property=\"og:image:type\" content=\"image\/webp\" \/>\n<meta name=\"twitter:card\" content=\"summary_large_image\" \/>\n<meta name=\"twitter:label1\" content=\"Tempo estimado de leitura\" \/>\n\t<meta name=\"twitter:data1\" content=\"1 minuto\" \/>\n<script type=\"application\/ld+json\" class=\"yoast-schema-graph\">{\"@context\":\"https:\/\/schema.org\",\"@graph\":[{\"@type\":\"WebPage\",\"@id\":\"https:\/\/petproducts.com.cn\/product\/dog-collar-lead-sets-three-flash-modes-rechargeable-dog-leash\/\",\"url\":\"https:\/\/petproducts.com.cn\/product\/dog-collar-lead-sets-three-flash-modes-rechargeable-dog-leash\/\",\"name\":\"Dog Collar Lead Sets | Dog Collar Leash Manufacturer - Petstar\",\"isPartOf\":{\"@id\":\"https:\/\/petproducts.com.cn\/#website\"},\"primaryImageOfPage\":{\"@id\":\"https:\/\/petproducts.com.cn\/product\/dog-collar-lead-sets-three-flash-modes-rechargeable-dog-leash\/#primaryimage\"},\"image\":{\"@id\":\"https:\/\/petproducts.com.cn\/product\/dog-collar-lead-sets-three-flash-modes-rechargeable-dog-leash\/#primaryimage\"},\"thumbnailUrl\":\"https:\/\/petproducts.com.cn\/wp-content\/uploads\/2025\/03\/dog-collar-lead-sets.webp\",\"datePublished\":\"2025-03-07T06:25:48+00:00\",\"dateModified\":\"2025-03-07T07:30:13+00:00\",\"description\":\"Explore Dog Collar Lead Sets from the best pet products supplier. Petstar is a global pet products manufacturer. Your ideal business solution with Petstar.\",\"breadcrumb\":{\"@id\":\"https:\/\/petproducts.com.cn\/product\/dog-collar-lead-sets-three-flash-modes-rechargeable-dog-leash\/#breadcrumb\"},\"inLanguage\":\"pt-PT\",\"potentialAction\":[{\"@type\":\"ReadAction\",\"target\":[\"https:\/\/petproducts.com.cn\/product\/dog-collar-lead-sets-three-flash-modes-rechargeable-dog-leash\/\"]}]},{\"@type\":\"ImageObject\",\"inLanguage\":\"pt-PT\",\"@id\":\"https:\/\/petproducts.com.cn\/product\/dog-collar-lead-sets-three-flash-modes-rechargeable-dog-leash\/#primaryimage\",\"url\":\"https:\/\/petproducts.com.cn\/wp-content\/uploads\/2025\/03\/dog-collar-lead-sets.webp\",\"contentUrl\":\"https:\/\/petproducts.com.cn\/wp-content\/uploads\/2025\/03\/dog-collar-lead-sets.webp\",\"width\":1000,\"height\":1000,\"caption\":\"dog collar lead sets\"},{\"@type\":\"BreadcrumbList\",\"@id\":\"https:\/\/petproducts.com.cn\/product\/dog-collar-lead-sets-three-flash-modes-rechargeable-dog-leash\/#breadcrumb\",\"itemListElement\":[{\"@type\":\"ListItem\",\"position\":1,\"name\":\"HOME\",\"item\":\"https:\/\/petproducts.com.cn\/\"},{\"@type\":\"ListItem\",\"position\":2,\"name\":\"Products\",\"item\":\"https:\/\/petproducts.com.cn\/shop\/\"},{\"@type\":\"ListItem\",\"position\":3,\"name\":\"Dog Collars, Leashes &amp; Harnesses\",\"item\":\"https:\/\/petproducts.com.cn\/product-category\/dog-collars-leashes-harnesses\/\"},{\"@type\":\"ListItem\",\"position\":4,\"name\":\"Dog Collar Lead Sets Three Flash Modes Rechargeable Dog Leash\"}]},{\"@type\":\"WebSite\",\"@id\":\"https:\/\/petproducts.com.cn\/#website\",\"url\":\"https:\/\/petproducts.com.cn\/\",\"name\":\"Petstar\",\"description\":\"Leading Pet Supplies Manufacturer &amp; OEM Pet Products Supplier\",\"publisher\":{\"@id\":\"https:\/\/petproducts.com.cn\/#organization\"},\"alternateName\":\"Petstar Pet Supplies\",\"potentialAction\":[{\"@type\":\"SearchAction\",\"target\":{\"@type\":\"EntryPoint\",\"urlTemplate\":\"https:\/\/petproducts.com.cn\/?s={search_term_string}\"},\"query-input\":{\"@type\":\"PropertyValueSpecification\",\"valueRequired\":true,\"valueName\":\"search_term_string\"}}],\"inLanguage\":\"pt-PT\"},{\"@type\":\"Organization\",\"@id\":\"https:\/\/petproducts.com.cn\/#organization\",\"name\":\"Petstar\",\"url\":\"https:\/\/petproducts.com.cn\/\",\"logo\":{\"@type\":\"ImageObject\",\"inLanguage\":\"pt-PT\",\"@id\":\"https:\/\/petproducts.com.cn\/#\/schema\/logo\/image\/\",\"url\":\"https:\/\/petproducts.com.cn\/wp-content\/uploads\/2020\/02\/petstar-logo.webp\",\"contentUrl\":\"https:\/\/petproducts.com.cn\/wp-content\/uploads\/2020\/02\/petstar-logo.webp\",\"width\":779,\"height\":520,\"caption\":\"Petstar\"},\"image\":{\"@id\":\"https:\/\/petproducts.com.cn\/#\/schema\/logo\/image\/\"}}]}<\/script>\n<!-- \/ Yoast SEO plugin. -->","yoast_head_json":{"title":"Conjuntos de trela para coleira de c\u00e3o | Fabricante de trela para coleira de c\u00e3o - Petstar","description":"Explore Conjuntos de coleiras para c\u00e3es do melhor fornecedor de produtos para animais de estima\u00e7\u00e3o. Petstar \u00e9 um fabricante global de produtos para animais de estima\u00e7\u00e3o. A sua solu\u00e7\u00e3o de neg\u00f3cio ideal com Petstar.","robots":{"index":"index","follow":"follow","max-snippet":"max-snippet:-1","max-image-preview":"max-image-preview:large","max-video-preview":"max-video-preview:-1"},"canonical":"https:\/\/petproducts.com.cn\/pt\/produto\/dog-collar-lead-sets-three-flash-modes-rechargeable-dog-leash\/","og_locale":"pt_PT","og_type":"article","og_title":"Dog Collar Lead Sets | Dog Collar Leash Manufacturer - Petstar","og_description":"Explore Dog Collar Lead Sets from the best pet products supplier. Petstar is a global pet products manufacturer. Your ideal business solution with Petstar.","og_url":"https:\/\/petproducts.com.cn\/pt\/produto\/dog-collar-lead-sets-three-flash-modes-rechargeable-dog-leash\/","og_site_name":"Petstar","article_modified_time":"2025-03-07T07:30:13+00:00","og_image":[{"width":1000,"height":1000,"url":"https:\/\/petproducts.com.cn\/wp-content\/uploads\/2025\/03\/dog-collar-lead-sets.webp","type":"image\/webp"}],"twitter_card":"summary_large_image","twitter_misc":{"Tempo estimado de leitura":"1 minuto"},"schema":{"@context":"https:\/\/schema.org","@graph":[{"@type":"WebPage","@id":"https:\/\/petproducts.com.cn\/product\/dog-collar-lead-sets-three-flash-modes-rechargeable-dog-leash\/","url":"https:\/\/petproducts.com.cn\/product\/dog-collar-lead-sets-three-flash-modes-rechargeable-dog-leash\/","name":"Conjuntos de trela para coleira de c\u00e3o | Fabricante de trela para coleira de c\u00e3o - Petstar","isPartOf":{"@id":"https:\/\/petproducts.com.cn\/#website"},"primaryImageOfPage":{"@id":"https:\/\/petproducts.com.cn\/product\/dog-collar-lead-sets-three-flash-modes-rechargeable-dog-leash\/#primaryimage"},"image":{"@id":"https:\/\/petproducts.com.cn\/product\/dog-collar-lead-sets-three-flash-modes-rechargeable-dog-leash\/#primaryimage"},"thumbnailUrl":"https:\/\/petproducts.com.cn\/wp-content\/uploads\/2025\/03\/dog-collar-lead-sets.webp","datePublished":"2025-03-07T06:25:48+00:00","dateModified":"2025-03-07T07:30:13+00:00","description":"Explore Conjuntos de coleiras para c\u00e3es do melhor fornecedor de produtos para animais de estima\u00e7\u00e3o. Petstar \u00e9 um fabricante global de produtos para animais de estima\u00e7\u00e3o. A sua solu\u00e7\u00e3o de neg\u00f3cio ideal com Petstar.","breadcrumb":{"@id":"https:\/\/petproducts.com.cn\/product\/dog-collar-lead-sets-three-flash-modes-rechargeable-dog-leash\/#breadcrumb"},"inLanguage":"pt-PT","potentialAction":[{"@type":"ReadAction","target":["https:\/\/petproducts.com.cn\/product\/dog-collar-lead-sets-three-flash-modes-rechargeable-dog-leash\/"]}]},{"@type":"ImageObject","inLanguage":"pt-PT","@id":"https:\/\/petproducts.com.cn\/product\/dog-collar-lead-sets-three-flash-modes-rechargeable-dog-leash\/#primaryimage","url":"https:\/\/petproducts.com.cn\/wp-content\/uploads\/2025\/03\/dog-collar-lead-sets.webp","contentUrl":"https:\/\/petproducts.com.cn\/wp-content\/uploads\/2025\/03\/dog-collar-lead-sets.webp","width":1000,"height":1000,"caption":"dog collar lead sets"},{"@type":"BreadcrumbList","@id":"https:\/\/petproducts.com.cn\/product\/dog-collar-lead-sets-three-flash-modes-rechargeable-dog-leash\/#breadcrumb","itemListElement":[{"@type":"ListItem","position":1,"name":"HOME","item":"https:\/\/petproducts.com.cn\/"},{"@type":"ListItem","position":2,"name":"Products","item":"https:\/\/petproducts.com.cn\/shop\/"},{"@type":"ListItem","position":3,"name":"Dog Collars, Leashes &amp; Harnesses","item":"https:\/\/petproducts.com.cn\/product-category\/dog-collars-leashes-harnesses\/"},{"@type":"ListItem","position":4,"name":"Dog Collar Lead Sets Three Flash Modes Rechargeable Dog Leash"}]},{"@type":"WebSite","@id":"https:\/\/petproducts.com.cn\/#website","url":"https:\/\/petproducts.com.cn\/","name":"Petstar","description":"Fabricante l\u00edder de artigos para animais de estima\u00e7\u00e3o e fornecedor de produtos OEM para animais de estima\u00e7\u00e3o","publisher":{"@id":"https:\/\/petproducts.com.cn\/#organization"},"alternateName":"Petstar Pet Supplies","potentialAction":[{"@type":"SearchAction","target":{"@type":"EntryPoint","urlTemplate":"https:\/\/petproducts.com.cn\/?s={search_term_string}"},"query-input":{"@type":"PropertyValueSpecification","valueRequired":true,"valueName":"search_term_string"}}],"inLanguage":"pt-PT"},{"@type":"Organization","@id":"https:\/\/petproducts.com.cn\/#organization","name":"Petstar","url":"https:\/\/petproducts.com.cn\/","logo":{"@type":"ImageObject","inLanguage":"pt-PT","@id":"https:\/\/petproducts.com.cn\/#\/schema\/logo\/image\/","url":"https:\/\/petproducts.com.cn\/wp-content\/uploads\/2020\/02\/petstar-logo.webp","contentUrl":"https:\/\/petproducts.com.cn\/wp-content\/uploads\/2020\/02\/petstar-logo.webp","width":779,"height":520,"caption":"Petstar"},"image":{"@id":"https:\/\/petproducts.com.cn\/#\/schema\/logo\/image\/"}}]}},"_links":{"self":[{"href":"https:\/\/petproducts.com.cn\/pt\/wp-json\/wp\/v2\/product\/32430","targetHints":{"allow":["GET"]}}],"collection":[{"href":"https:\/\/petproducts.com.cn\/pt\/wp-json\/wp\/v2\/product"}],"about":[{"href":"https:\/\/petproducts.com.cn\/pt\/wp-json\/wp\/v2\/types\/product"}],"version-history":[{"count":1,"href":"https:\/\/petproducts.com.cn\/pt\/wp-json\/wp\/v2\/product\/32430\/revisions"}],"predecessor-version":[{"id":32444,"href":"https:\/\/petproducts.com.cn\/pt\/wp-json\/wp\/v2\/product\/32430\/revisions\/32444"}],"wp:featuredmedia":[{"embeddable":true,"href":"https:\/\/petproducts.com.cn\/pt\/wp-json\/wp\/v2\/media\/32438"}],"wp:attachment":[{"href":"https:\/\/petproducts.com.cn\/pt\/wp-json\/wp\/v2\/media?parent=32430"}],"wp:term":[{"taxonomy":"product_brand","embeddable":true,"href":"https:\/\/petproducts.com.cn\/pt\/wp-json\/wp\/v2\/product_brand?post=32430"},{"taxonomy":"product_cat","embeddable":true,"href":"https:\/\/petproducts.com.cn\/pt\/wp-json\/wp\/v2\/product_cat?post=32430"},{"taxonomy":"product_tag","embeddable":true,"href":"https:\/\/petproducts.com.cn\/pt\/wp-json\/wp\/v2\/product_tag?post=32430"}],"curies":[{"name":"wp","href":"https:\/\/api.w.org\/{rel}","templated":true}]}}