{"id":32431,"date":"2025-03-07T06:25:52","date_gmt":"2025-03-07T06:25:52","guid":{"rendered":"https:\/\/petproducts.com.cn\/?post_type=product&#038;p=32431"},"modified":"2025-03-07T07:29:52","modified_gmt":"2025-03-07T07:29:52","slug":"dog-collar-leash-set-durable-print-led-pvc-antifouling-dog-walking-leash","status":"publish","type":"product","link":"https:\/\/petproducts.com.cn\/pt\/product\/dog-collar-leash-set-durable-print-led-pvc-antifouling-dog-walking-leash\/","title":{"rendered":"Conjunto de trela para coleira de c\u00e3o Trela de passeio para c\u00e3o em PVC com impress\u00e3o dur\u00e1vel e anti-incrustante"},"content":{"rendered":"<h2>Carater\u00edsticas do Conjunto de coleira e trela para c\u00e3es<\/h2>\n<ol>\n<li data-start=\"36\" data-end=\"196\"><strong>Conjunto completo de coleira e trela para c\u00e3es para uso di\u00e1rio<\/strong> - Uma coleira e uma trela a condizer, concebidas para durabilidade, estilo e seguran\u00e7a durante os passeios di\u00e1rios do c\u00e3o.<\/li>\n<li data-start=\"197\" data-end=\"374\"><strong>LED incorporado para visibilidade nocturna<\/strong> - Possui ilumina\u00e7\u00e3o LED para melhorar a visibilidade em condi\u00e7\u00f5es de pouca luz, garantindo a seguran\u00e7a do animal de estima\u00e7\u00e3o durante os passeios noturnos e matinais.<\/li>\n<li data-start=\"375\" data-end=\"547\"><strong>Material de PVC \u00e0 prova de \u00e1gua e anti-incrustante<\/strong> - Fabricado em PVC imperme\u00e1vel de alta qualidade, este conjunto resiste \u00e0 sujidade, \u00e0 humidade e ao desgaste, tornando-o f\u00e1cil de limpar e manter.<\/li>\n<li data-start=\"548\" data-end=\"705\"><strong>Ajuste ajust\u00e1vel para todos os tamanhos de c\u00e3es<\/strong> - A coleira ajust\u00e1vel proporciona um ajuste seguro e confort\u00e1vel, adequado para c\u00e3es de diferentes ra\u00e7as e tamanhos.<\/li>\n<li data-start=\"706\" data-end=\"876\"><strong>Design impresso duradouro para um estilo duradouro<\/strong> - O material em PVC impresso oferece um design vibrante e duradouro que n\u00e3o se desvanece, mantendo os animais de estima\u00e7\u00e3o com estilo.<\/li>\n<li data-start=\"877\" data-end=\"1055\"><strong>Ideal para grossistas e retalhistas de produtos para animais de estima\u00e7\u00e3o<\/strong> - Uma escolha de topo para retalhistas de animais de estima\u00e7\u00e3o, grossistas e grandes compradores, oferecendo um produto de qualidade superior, pr\u00e1tico e muito procurado.<\/li>\n<\/ol>","protected":false},"excerpt":{"rendered":"<p>O nosso conjunto de trela para coleira de c\u00e3o com impress\u00e3o duradoura em pvc antivegetativo apresenta um design em pvc \u00e0 prova de \u00e1gua e antivegetativo com ajuste ajust\u00e1vel, luzes LED incorporadas e padr\u00f5es impressos duradouros, proporcionando seguran\u00e7a, estilo e comodidade aos donos de animais.<\/p>","protected":false},"featured_media":32432,"template":"","meta":{"_acf_changed":false},"product_brand":[],"product_cat":[124,72],"product_tag":[212,213],"class_list":{"0":"post-32431","1":"product","2":"type-product","3":"status-publish","4":"has-post-thumbnail","6":"product_cat-dog-collars-leashes-harnesses","7":"product_cat-dog-supplies","8":"product_tag-pet-collars","9":"product_tag-pet-leashes","11":"first","12":"instock","13":"shipping-taxable","14":"product-type-simple"},"acf":[],"yoast_head":"<!-- This site is optimized with the Yoast SEO plugin v27.1.1 - https:\/\/yoast.com\/product\/yoast-seo-wordpress\/ -->\n<title>Dog Collar Leash Set | Dog Collar Leash Manufacturer - Petstar<\/title>\n<meta name=\"description\" content=\"Explore Dog Collar Leash Set from the best pet products supplier. Petstar is a global pet products manufacturer. Your ideal business solution with Petstar.\" \/>\n<meta name=\"robots\" content=\"index, follow, max-snippet:-1, max-image-preview:large, max-video-preview:-1\" \/>\n<link rel=\"canonical\" href=\"https:\/\/petproducts.com.cn\/pt\/produto\/dog-collar-leash-set-durable-print-led-pvc-antifouling-dog-walking-leash\/\" \/>\n<meta property=\"og:locale\" content=\"pt_PT\" \/>\n<meta property=\"og:type\" content=\"article\" \/>\n<meta property=\"og:title\" content=\"Dog Collar Leash Set | Dog Collar Leash Manufacturer - Petstar\" \/>\n<meta property=\"og:description\" content=\"Explore Dog Collar Leash Set from the best pet products supplier. Petstar is a global pet products manufacturer. Your ideal business solution with Petstar.\" \/>\n<meta property=\"og:url\" content=\"https:\/\/petproducts.com.cn\/pt\/produto\/dog-collar-leash-set-durable-print-led-pvc-antifouling-dog-walking-leash\/\" \/>\n<meta property=\"og:site_name\" content=\"Petstar\" \/>\n<meta property=\"article:modified_time\" content=\"2025-03-07T07:29:52+00:00\" \/>\n<meta property=\"og:image\" content=\"https:\/\/petproducts.com.cn\/wp-content\/uploads\/2025\/03\/dog-collar-leash-set.webp\" \/>\n\t<meta property=\"og:image:width\" content=\"1000\" \/>\n\t<meta property=\"og:image:height\" content=\"1000\" \/>\n\t<meta property=\"og:image:type\" content=\"image\/webp\" \/>\n<meta name=\"twitter:card\" content=\"summary_large_image\" \/>\n<meta name=\"twitter:label1\" content=\"Tempo estimado de leitura\" \/>\n\t<meta name=\"twitter:data1\" content=\"1 minuto\" \/>\n<script type=\"application\/ld+json\" class=\"yoast-schema-graph\">{\"@context\":\"https:\/\/schema.org\",\"@graph\":[{\"@type\":\"WebPage\",\"@id\":\"https:\/\/petproducts.com.cn\/product\/dog-collar-leash-set-durable-print-led-pvc-antifouling-dog-walking-leash\/\",\"url\":\"https:\/\/petproducts.com.cn\/product\/dog-collar-leash-set-durable-print-led-pvc-antifouling-dog-walking-leash\/\",\"name\":\"Dog Collar Leash Set | Dog Collar Leash Manufacturer - Petstar\",\"isPartOf\":{\"@id\":\"https:\/\/petproducts.com.cn\/#website\"},\"primaryImageOfPage\":{\"@id\":\"https:\/\/petproducts.com.cn\/product\/dog-collar-leash-set-durable-print-led-pvc-antifouling-dog-walking-leash\/#primaryimage\"},\"image\":{\"@id\":\"https:\/\/petproducts.com.cn\/product\/dog-collar-leash-set-durable-print-led-pvc-antifouling-dog-walking-leash\/#primaryimage\"},\"thumbnailUrl\":\"https:\/\/petproducts.com.cn\/wp-content\/uploads\/2025\/03\/dog-collar-leash-set.webp\",\"datePublished\":\"2025-03-07T06:25:52+00:00\",\"dateModified\":\"2025-03-07T07:29:52+00:00\",\"description\":\"Explore Dog Collar Leash Set from the best pet products supplier. Petstar is a global pet products manufacturer. Your ideal business solution with Petstar.\",\"breadcrumb\":{\"@id\":\"https:\/\/petproducts.com.cn\/product\/dog-collar-leash-set-durable-print-led-pvc-antifouling-dog-walking-leash\/#breadcrumb\"},\"inLanguage\":\"pt-PT\",\"potentialAction\":[{\"@type\":\"ReadAction\",\"target\":[\"https:\/\/petproducts.com.cn\/product\/dog-collar-leash-set-durable-print-led-pvc-antifouling-dog-walking-leash\/\"]}]},{\"@type\":\"ImageObject\",\"inLanguage\":\"pt-PT\",\"@id\":\"https:\/\/petproducts.com.cn\/product\/dog-collar-leash-set-durable-print-led-pvc-antifouling-dog-walking-leash\/#primaryimage\",\"url\":\"https:\/\/petproducts.com.cn\/wp-content\/uploads\/2025\/03\/dog-collar-leash-set.webp\",\"contentUrl\":\"https:\/\/petproducts.com.cn\/wp-content\/uploads\/2025\/03\/dog-collar-leash-set.webp\",\"width\":1000,\"height\":1000,\"caption\":\"dog collar leash set\"},{\"@type\":\"BreadcrumbList\",\"@id\":\"https:\/\/petproducts.com.cn\/product\/dog-collar-leash-set-durable-print-led-pvc-antifouling-dog-walking-leash\/#breadcrumb\",\"itemListElement\":[{\"@type\":\"ListItem\",\"position\":1,\"name\":\"HOME\",\"item\":\"https:\/\/petproducts.com.cn\/\"},{\"@type\":\"ListItem\",\"position\":2,\"name\":\"Products\",\"item\":\"https:\/\/petproducts.com.cn\/shop\/\"},{\"@type\":\"ListItem\",\"position\":3,\"name\":\"Dog Collars, Leashes &amp; Harnesses\",\"item\":\"https:\/\/petproducts.com.cn\/product-category\/dog-collars-leashes-harnesses\/\"},{\"@type\":\"ListItem\",\"position\":4,\"name\":\"Dog Collar Leash Set Durable Print LED PVC Antifouling Dog Walking Leash\"}]},{\"@type\":\"WebSite\",\"@id\":\"https:\/\/petproducts.com.cn\/#website\",\"url\":\"https:\/\/petproducts.com.cn\/\",\"name\":\"Petstar\",\"description\":\"Leading Pet Supplies Manufacturer &amp; OEM Pet Products Supplier\",\"publisher\":{\"@id\":\"https:\/\/petproducts.com.cn\/#organization\"},\"alternateName\":\"Petstar Pet Supplies\",\"potentialAction\":[{\"@type\":\"SearchAction\",\"target\":{\"@type\":\"EntryPoint\",\"urlTemplate\":\"https:\/\/petproducts.com.cn\/?s={search_term_string}\"},\"query-input\":{\"@type\":\"PropertyValueSpecification\",\"valueRequired\":true,\"valueName\":\"search_term_string\"}}],\"inLanguage\":\"pt-PT\"},{\"@type\":\"Organization\",\"@id\":\"https:\/\/petproducts.com.cn\/#organization\",\"name\":\"Petstar\",\"url\":\"https:\/\/petproducts.com.cn\/\",\"logo\":{\"@type\":\"ImageObject\",\"inLanguage\":\"pt-PT\",\"@id\":\"https:\/\/petproducts.com.cn\/#\/schema\/logo\/image\/\",\"url\":\"https:\/\/petproducts.com.cn\/wp-content\/uploads\/2020\/02\/petstar-logo.webp\",\"contentUrl\":\"https:\/\/petproducts.com.cn\/wp-content\/uploads\/2020\/02\/petstar-logo.webp\",\"width\":779,\"height\":520,\"caption\":\"Petstar\"},\"image\":{\"@id\":\"https:\/\/petproducts.com.cn\/#\/schema\/logo\/image\/\"}}]}<\/script>\n<!-- \/ Yoast SEO plugin. -->","yoast_head_json":{"title":"Conjunto de trela para coleira para c\u00e3o | Fabricante de trela para coleira para c\u00e3o - Petstar","description":"Explore Conjunto de coleira e trela para c\u00e3es do melhor fornecedor de produtos para animais de estima\u00e7\u00e3o. Petstar \u00e9 um fabricante global de produtos para animais de estima\u00e7\u00e3o. A sua solu\u00e7\u00e3o de neg\u00f3cio ideal com Petstar.","robots":{"index":"index","follow":"follow","max-snippet":"max-snippet:-1","max-image-preview":"max-image-preview:large","max-video-preview":"max-video-preview:-1"},"canonical":"https:\/\/petproducts.com.cn\/pt\/produto\/dog-collar-leash-set-durable-print-led-pvc-antifouling-dog-walking-leash\/","og_locale":"pt_PT","og_type":"article","og_title":"Dog Collar Leash Set | Dog Collar Leash Manufacturer - Petstar","og_description":"Explore Dog Collar Leash Set from the best pet products supplier. Petstar is a global pet products manufacturer. Your ideal business solution with Petstar.","og_url":"https:\/\/petproducts.com.cn\/pt\/produto\/dog-collar-leash-set-durable-print-led-pvc-antifouling-dog-walking-leash\/","og_site_name":"Petstar","article_modified_time":"2025-03-07T07:29:52+00:00","og_image":[{"width":1000,"height":1000,"url":"https:\/\/petproducts.com.cn\/wp-content\/uploads\/2025\/03\/dog-collar-leash-set.webp","type":"image\/webp"}],"twitter_card":"summary_large_image","twitter_misc":{"Tempo estimado de leitura":"1 minuto"},"schema":{"@context":"https:\/\/schema.org","@graph":[{"@type":"WebPage","@id":"https:\/\/petproducts.com.cn\/product\/dog-collar-leash-set-durable-print-led-pvc-antifouling-dog-walking-leash\/","url":"https:\/\/petproducts.com.cn\/product\/dog-collar-leash-set-durable-print-led-pvc-antifouling-dog-walking-leash\/","name":"Conjunto de trela para coleira para c\u00e3o | Fabricante de trela para coleira para c\u00e3o - Petstar","isPartOf":{"@id":"https:\/\/petproducts.com.cn\/#website"},"primaryImageOfPage":{"@id":"https:\/\/petproducts.com.cn\/product\/dog-collar-leash-set-durable-print-led-pvc-antifouling-dog-walking-leash\/#primaryimage"},"image":{"@id":"https:\/\/petproducts.com.cn\/product\/dog-collar-leash-set-durable-print-led-pvc-antifouling-dog-walking-leash\/#primaryimage"},"thumbnailUrl":"https:\/\/petproducts.com.cn\/wp-content\/uploads\/2025\/03\/dog-collar-leash-set.webp","datePublished":"2025-03-07T06:25:52+00:00","dateModified":"2025-03-07T07:29:52+00:00","description":"Explore Conjunto de coleira e trela para c\u00e3es do melhor fornecedor de produtos para animais de estima\u00e7\u00e3o. Petstar \u00e9 um fabricante global de produtos para animais de estima\u00e7\u00e3o. A sua solu\u00e7\u00e3o de neg\u00f3cio ideal com Petstar.","breadcrumb":{"@id":"https:\/\/petproducts.com.cn\/product\/dog-collar-leash-set-durable-print-led-pvc-antifouling-dog-walking-leash\/#breadcrumb"},"inLanguage":"pt-PT","potentialAction":[{"@type":"ReadAction","target":["https:\/\/petproducts.com.cn\/product\/dog-collar-leash-set-durable-print-led-pvc-antifouling-dog-walking-leash\/"]}]},{"@type":"ImageObject","inLanguage":"pt-PT","@id":"https:\/\/petproducts.com.cn\/product\/dog-collar-leash-set-durable-print-led-pvc-antifouling-dog-walking-leash\/#primaryimage","url":"https:\/\/petproducts.com.cn\/wp-content\/uploads\/2025\/03\/dog-collar-leash-set.webp","contentUrl":"https:\/\/petproducts.com.cn\/wp-content\/uploads\/2025\/03\/dog-collar-leash-set.webp","width":1000,"height":1000,"caption":"dog collar leash set"},{"@type":"BreadcrumbList","@id":"https:\/\/petproducts.com.cn\/product\/dog-collar-leash-set-durable-print-led-pvc-antifouling-dog-walking-leash\/#breadcrumb","itemListElement":[{"@type":"ListItem","position":1,"name":"HOME","item":"https:\/\/petproducts.com.cn\/"},{"@type":"ListItem","position":2,"name":"Products","item":"https:\/\/petproducts.com.cn\/shop\/"},{"@type":"ListItem","position":3,"name":"Dog Collars, Leashes &amp; Harnesses","item":"https:\/\/petproducts.com.cn\/product-category\/dog-collars-leashes-harnesses\/"},{"@type":"ListItem","position":4,"name":"Dog Collar Leash Set Durable Print LED PVC Antifouling Dog Walking Leash"}]},{"@type":"WebSite","@id":"https:\/\/petproducts.com.cn\/#website","url":"https:\/\/petproducts.com.cn\/","name":"Petstar","description":"Fabricante l\u00edder de artigos para animais de estima\u00e7\u00e3o e fornecedor de produtos OEM para animais de estima\u00e7\u00e3o","publisher":{"@id":"https:\/\/petproducts.com.cn\/#organization"},"alternateName":"Petstar Pet Supplies","potentialAction":[{"@type":"SearchAction","target":{"@type":"EntryPoint","urlTemplate":"https:\/\/petproducts.com.cn\/?s={search_term_string}"},"query-input":{"@type":"PropertyValueSpecification","valueRequired":true,"valueName":"search_term_string"}}],"inLanguage":"pt-PT"},{"@type":"Organization","@id":"https:\/\/petproducts.com.cn\/#organization","name":"Petstar","url":"https:\/\/petproducts.com.cn\/","logo":{"@type":"ImageObject","inLanguage":"pt-PT","@id":"https:\/\/petproducts.com.cn\/#\/schema\/logo\/image\/","url":"https:\/\/petproducts.com.cn\/wp-content\/uploads\/2020\/02\/petstar-logo.webp","contentUrl":"https:\/\/petproducts.com.cn\/wp-content\/uploads\/2020\/02\/petstar-logo.webp","width":779,"height":520,"caption":"Petstar"},"image":{"@id":"https:\/\/petproducts.com.cn\/#\/schema\/logo\/image\/"}}]}},"_links":{"self":[{"href":"https:\/\/petproducts.com.cn\/pt\/wp-json\/wp\/v2\/product\/32431","targetHints":{"allow":["GET"]}}],"collection":[{"href":"https:\/\/petproducts.com.cn\/pt\/wp-json\/wp\/v2\/product"}],"about":[{"href":"https:\/\/petproducts.com.cn\/pt\/wp-json\/wp\/v2\/types\/product"}],"version-history":[{"count":2,"href":"https:\/\/petproducts.com.cn\/pt\/wp-json\/wp\/v2\/product\/32431\/revisions"}],"predecessor-version":[{"id":32446,"href":"https:\/\/petproducts.com.cn\/pt\/wp-json\/wp\/v2\/product\/32431\/revisions\/32446"}],"wp:featuredmedia":[{"embeddable":true,"href":"https:\/\/petproducts.com.cn\/pt\/wp-json\/wp\/v2\/media\/32432"}],"wp:attachment":[{"href":"https:\/\/petproducts.com.cn\/pt\/wp-json\/wp\/v2\/media?parent=32431"}],"wp:term":[{"taxonomy":"product_brand","embeddable":true,"href":"https:\/\/petproducts.com.cn\/pt\/wp-json\/wp\/v2\/product_brand?post=32431"},{"taxonomy":"product_cat","embeddable":true,"href":"https:\/\/petproducts.com.cn\/pt\/wp-json\/wp\/v2\/product_cat?post=32431"},{"taxonomy":"product_tag","embeddable":true,"href":"https:\/\/petproducts.com.cn\/pt\/wp-json\/wp\/v2\/product_tag?post=32431"}],"curies":[{"name":"wp","href":"https:\/\/api.w.org\/{rel}","templated":true}]}}