{"id":32463,"date":"2025-03-07T08:23:59","date_gmt":"2025-03-07T08:23:59","guid":{"rendered":"https:\/\/petproducts.com.cn\/?post_type=product&#038;p=32463"},"modified":"2025-03-07T08:37:59","modified_gmt":"2025-03-07T08:37:59","slug":"automatic-dog-leash-one-touch-quick-lock-reflective-pet-lead","status":"publish","type":"product","link":"https:\/\/petproducts.com.cn\/pt\/product\/automatic-dog-leash-one-touch-quick-lock-reflective-pet-lead\/","title":{"rendered":"Trela autom\u00e1tica para c\u00e3es Trela reflectora para animais de estima\u00e7\u00e3o com fecho r\u00e1pido de um toque"},"content":{"rendered":"<h2>Carater\u00edsticas da trela autom\u00e1tica para c\u00e3es<\/h2>\n<ol data-start=\"36\" data-end=\"1098\">\n<li data-start=\"36\" data-end=\"220\"><strong data-start=\"39\" data-end=\"87\">Sistema de fecho r\u00e1pido com um s\u00f3 toque para um controlo f\u00e1cil<\/strong> - Esta trela autom\u00e1tica para c\u00e3es possui um bot\u00e3o de bloqueio r\u00e1pido de um s\u00f3 toque, permitindo um ajuste instant\u00e2neo do comprimento para um controlo m\u00e1ximo.<\/li>\n<li data-start=\"221\" data-end=\"394\"><strong data-start=\"224\" data-end=\"275\">Design retr\u00e1til com v\u00e1rias op\u00e7\u00f5es de comprimento<\/strong> - Dispon\u00edvel em op\u00e7\u00f5es de 3M e 5M, dando aos c\u00e3es a liberdade de explorar enquanto asseguram que os donos dos animais mant\u00eam o controlo.<\/li>\n<li data-start=\"395\" data-end=\"548\"><strong data-start=\"398\" data-end=\"437\">360\u00b0 sem emaranhados para um caminhar suave<\/strong> - Concebida com um mecanismo de rota\u00e7\u00e3o de 360 graus, evita o emaranhamento e garante uma retra\u00e7\u00e3o sem esfor\u00e7o.<\/li>\n<li data-start=\"549\" data-end=\"720\"><strong data-start=\"552\" data-end=\"592\">Reflectores para uma maior seguran\u00e7a nocturna<\/strong> - O design da trela reflectora melhora a visibilidade em condi\u00e7\u00f5es de pouca luz, garantindo passeios mais seguros tanto para os animais de estima\u00e7\u00e3o como para os donos.<\/li>\n<li data-start=\"721\" data-end=\"894\"><strong data-start=\"724\" data-end=\"767\">Dur\u00e1vel e ergon\u00f3mico para uma utiliza\u00e7\u00e3o confort\u00e1vel<\/strong> - Possui uma constru\u00e7\u00e3o robusta com uma pega ergon\u00f3mica antiderrapante, proporcionando uma ader\u00eancia segura e confort\u00e1vel durante longas caminhadas.<\/li>\n<li data-start=\"895\" data-end=\"1098\"><strong data-start=\"898\" data-end=\"946\">Ideal para grossistas e retalhistas de produtos para animais de estima\u00e7\u00e3o<\/strong> - Um produto muito procurado por lojas de animais, grandes compradores e distribuidores, que oferece uma trela autom\u00e1tica para c\u00e3es de qualidade superior para os donos de animais modernos.<\/li>\n<\/ol>","protected":false},"excerpt":{"rendered":"<p>A trela autom\u00e1tica para c\u00e3es com fecho r\u00e1pido e refletor combina um sistema de fecho com um toque, comprimento retr\u00e1til de 3m\/5m, movimento sem emaranhados de 360\u00b0 e design refletor, tornando-a a escolha perfeita para passear o c\u00e3o de forma segura e conveniente.<\/p>","protected":false},"featured_media":32468,"template":"","meta":{"_acf_changed":false},"product_brand":[],"product_cat":[124,72],"product_tag":[213],"class_list":{"0":"post-32463","1":"product","2":"type-product","3":"status-publish","4":"has-post-thumbnail","6":"product_cat-dog-collars-leashes-harnesses","7":"product_cat-dog-supplies","8":"product_tag-pet-leashes","10":"first","11":"instock","12":"shipping-taxable","13":"product-type-simple"},"acf":[],"yoast_head":"<!-- This site is optimized with the Yoast SEO plugin v27.1.1 - https:\/\/yoast.com\/product\/yoast-seo-wordpress\/ -->\n<title>Automatic Dog Leash | Dog Leashes Manufacturer - Petstar<\/title>\n<meta name=\"description\" content=\"Explore Automatic Dog Leash from the best pet products supplier. Petstar is a global pet products manufacturer. Your ideal business solution with Petstar.\" \/>\n<meta name=\"robots\" content=\"index, follow, max-snippet:-1, max-image-preview:large, max-video-preview:-1\" \/>\n<link rel=\"canonical\" href=\"https:\/\/petproducts.com.cn\/pt\/produto\/automatic-dog-leash-one-touch-quick-lock-reflective-pet-lead\/\" \/>\n<meta property=\"og:locale\" content=\"pt_PT\" \/>\n<meta property=\"og:type\" content=\"article\" \/>\n<meta property=\"og:title\" content=\"Automatic Dog Leash | Dog Leashes Manufacturer - Petstar\" \/>\n<meta property=\"og:description\" content=\"Explore Automatic Dog Leash from the best pet products supplier. Petstar is a global pet products manufacturer. Your ideal business solution with Petstar.\" \/>\n<meta property=\"og:url\" content=\"https:\/\/petproducts.com.cn\/pt\/produto\/automatic-dog-leash-one-touch-quick-lock-reflective-pet-lead\/\" \/>\n<meta property=\"og:site_name\" content=\"Petstar\" \/>\n<meta property=\"article:modified_time\" content=\"2025-03-07T08:37:59+00:00\" \/>\n<meta property=\"og:image\" content=\"https:\/\/petproducts.com.cn\/wp-content\/uploads\/2025\/03\/automatic-dog-leash.webp\" \/>\n\t<meta property=\"og:image:width\" content=\"1000\" \/>\n\t<meta property=\"og:image:height\" content=\"1000\" \/>\n\t<meta property=\"og:image:type\" content=\"image\/webp\" \/>\n<meta name=\"twitter:card\" content=\"summary_large_image\" \/>\n<meta name=\"twitter:label1\" content=\"Tempo estimado de leitura\" \/>\n\t<meta name=\"twitter:data1\" content=\"1 minuto\" \/>\n<script type=\"application\/ld+json\" class=\"yoast-schema-graph\">{\"@context\":\"https:\/\/schema.org\",\"@graph\":[{\"@type\":\"WebPage\",\"@id\":\"https:\/\/petproducts.com.cn\/product\/automatic-dog-leash-one-touch-quick-lock-reflective-pet-lead\/\",\"url\":\"https:\/\/petproducts.com.cn\/product\/automatic-dog-leash-one-touch-quick-lock-reflective-pet-lead\/\",\"name\":\"Automatic Dog Leash | Dog Leashes Manufacturer - Petstar\",\"isPartOf\":{\"@id\":\"https:\/\/petproducts.com.cn\/#website\"},\"primaryImageOfPage\":{\"@id\":\"https:\/\/petproducts.com.cn\/product\/automatic-dog-leash-one-touch-quick-lock-reflective-pet-lead\/#primaryimage\"},\"image\":{\"@id\":\"https:\/\/petproducts.com.cn\/product\/automatic-dog-leash-one-touch-quick-lock-reflective-pet-lead\/#primaryimage\"},\"thumbnailUrl\":\"https:\/\/petproducts.com.cn\/wp-content\/uploads\/2025\/03\/automatic-dog-leash.webp\",\"datePublished\":\"2025-03-07T08:23:59+00:00\",\"dateModified\":\"2025-03-07T08:37:59+00:00\",\"description\":\"Explore Automatic Dog Leash from the best pet products supplier. Petstar is a global pet products manufacturer. Your ideal business solution with Petstar.\",\"breadcrumb\":{\"@id\":\"https:\/\/petproducts.com.cn\/product\/automatic-dog-leash-one-touch-quick-lock-reflective-pet-lead\/#breadcrumb\"},\"inLanguage\":\"pt-PT\",\"potentialAction\":[{\"@type\":\"ReadAction\",\"target\":[\"https:\/\/petproducts.com.cn\/product\/automatic-dog-leash-one-touch-quick-lock-reflective-pet-lead\/\"]}]},{\"@type\":\"ImageObject\",\"inLanguage\":\"pt-PT\",\"@id\":\"https:\/\/petproducts.com.cn\/product\/automatic-dog-leash-one-touch-quick-lock-reflective-pet-lead\/#primaryimage\",\"url\":\"https:\/\/petproducts.com.cn\/wp-content\/uploads\/2025\/03\/automatic-dog-leash.webp\",\"contentUrl\":\"https:\/\/petproducts.com.cn\/wp-content\/uploads\/2025\/03\/automatic-dog-leash.webp\",\"width\":1000,\"height\":1000,\"caption\":\"automatic dog leash\"},{\"@type\":\"BreadcrumbList\",\"@id\":\"https:\/\/petproducts.com.cn\/product\/automatic-dog-leash-one-touch-quick-lock-reflective-pet-lead\/#breadcrumb\",\"itemListElement\":[{\"@type\":\"ListItem\",\"position\":1,\"name\":\"HOME\",\"item\":\"https:\/\/petproducts.com.cn\/\"},{\"@type\":\"ListItem\",\"position\":2,\"name\":\"Products\",\"item\":\"https:\/\/petproducts.com.cn\/shop\/\"},{\"@type\":\"ListItem\",\"position\":3,\"name\":\"Dog Collars, Leashes &amp; Harnesses\",\"item\":\"https:\/\/petproducts.com.cn\/product-category\/dog-collars-leashes-harnesses\/\"},{\"@type\":\"ListItem\",\"position\":4,\"name\":\"Automatic Dog Leash One Touch Quick-Lock Reflective Pet Lead\"}]},{\"@type\":\"WebSite\",\"@id\":\"https:\/\/petproducts.com.cn\/#website\",\"url\":\"https:\/\/petproducts.com.cn\/\",\"name\":\"Petstar\",\"description\":\"Leading Pet Supplies Manufacturer &amp; OEM Pet Products Supplier\",\"publisher\":{\"@id\":\"https:\/\/petproducts.com.cn\/#organization\"},\"alternateName\":\"Petstar Pet Supplies\",\"potentialAction\":[{\"@type\":\"SearchAction\",\"target\":{\"@type\":\"EntryPoint\",\"urlTemplate\":\"https:\/\/petproducts.com.cn\/?s={search_term_string}\"},\"query-input\":{\"@type\":\"PropertyValueSpecification\",\"valueRequired\":true,\"valueName\":\"search_term_string\"}}],\"inLanguage\":\"pt-PT\"},{\"@type\":\"Organization\",\"@id\":\"https:\/\/petproducts.com.cn\/#organization\",\"name\":\"Petstar\",\"url\":\"https:\/\/petproducts.com.cn\/\",\"logo\":{\"@type\":\"ImageObject\",\"inLanguage\":\"pt-PT\",\"@id\":\"https:\/\/petproducts.com.cn\/#\/schema\/logo\/image\/\",\"url\":\"https:\/\/petproducts.com.cn\/wp-content\/uploads\/2020\/02\/petstar-logo.webp\",\"contentUrl\":\"https:\/\/petproducts.com.cn\/wp-content\/uploads\/2020\/02\/petstar-logo.webp\",\"width\":779,\"height\":520,\"caption\":\"Petstar\"},\"image\":{\"@id\":\"https:\/\/petproducts.com.cn\/#\/schema\/logo\/image\/\"}}]}<\/script>\n<!-- \/ Yoast SEO plugin. -->","yoast_head_json":{"title":"Trela autom\u00e1tica para c\u00e3es | Fabricante de trelas para c\u00e3es - Petstar","description":"Explore a Trela Autom\u00e1tica para C\u00e3es do melhor fornecedor de produtos para animais de estima\u00e7\u00e3o. Petstar \u00e9 um fabricante global de produtos para animais de estima\u00e7\u00e3o. A sua solu\u00e7\u00e3o de neg\u00f3cio ideal com Petstar.","robots":{"index":"index","follow":"follow","max-snippet":"max-snippet:-1","max-image-preview":"max-image-preview:large","max-video-preview":"max-video-preview:-1"},"canonical":"https:\/\/petproducts.com.cn\/pt\/produto\/automatic-dog-leash-one-touch-quick-lock-reflective-pet-lead\/","og_locale":"pt_PT","og_type":"article","og_title":"Automatic Dog Leash | Dog Leashes Manufacturer - Petstar","og_description":"Explore Automatic Dog Leash from the best pet products supplier. Petstar is a global pet products manufacturer. Your ideal business solution with Petstar.","og_url":"https:\/\/petproducts.com.cn\/pt\/produto\/automatic-dog-leash-one-touch-quick-lock-reflective-pet-lead\/","og_site_name":"Petstar","article_modified_time":"2025-03-07T08:37:59+00:00","og_image":[{"width":1000,"height":1000,"url":"https:\/\/petproducts.com.cn\/wp-content\/uploads\/2025\/03\/automatic-dog-leash.webp","type":"image\/webp"}],"twitter_card":"summary_large_image","twitter_misc":{"Tempo estimado de leitura":"1 minuto"},"schema":{"@context":"https:\/\/schema.org","@graph":[{"@type":"WebPage","@id":"https:\/\/petproducts.com.cn\/product\/automatic-dog-leash-one-touch-quick-lock-reflective-pet-lead\/","url":"https:\/\/petproducts.com.cn\/product\/automatic-dog-leash-one-touch-quick-lock-reflective-pet-lead\/","name":"Trela autom\u00e1tica para c\u00e3es | Fabricante de trelas para c\u00e3es - Petstar","isPartOf":{"@id":"https:\/\/petproducts.com.cn\/#website"},"primaryImageOfPage":{"@id":"https:\/\/petproducts.com.cn\/product\/automatic-dog-leash-one-touch-quick-lock-reflective-pet-lead\/#primaryimage"},"image":{"@id":"https:\/\/petproducts.com.cn\/product\/automatic-dog-leash-one-touch-quick-lock-reflective-pet-lead\/#primaryimage"},"thumbnailUrl":"https:\/\/petproducts.com.cn\/wp-content\/uploads\/2025\/03\/automatic-dog-leash.webp","datePublished":"2025-03-07T08:23:59+00:00","dateModified":"2025-03-07T08:37:59+00:00","description":"Explore a Trela Autom\u00e1tica para C\u00e3es do melhor fornecedor de produtos para animais de estima\u00e7\u00e3o. Petstar \u00e9 um fabricante global de produtos para animais de estima\u00e7\u00e3o. A sua solu\u00e7\u00e3o de neg\u00f3cio ideal com Petstar.","breadcrumb":{"@id":"https:\/\/petproducts.com.cn\/product\/automatic-dog-leash-one-touch-quick-lock-reflective-pet-lead\/#breadcrumb"},"inLanguage":"pt-PT","potentialAction":[{"@type":"ReadAction","target":["https:\/\/petproducts.com.cn\/product\/automatic-dog-leash-one-touch-quick-lock-reflective-pet-lead\/"]}]},{"@type":"ImageObject","inLanguage":"pt-PT","@id":"https:\/\/petproducts.com.cn\/product\/automatic-dog-leash-one-touch-quick-lock-reflective-pet-lead\/#primaryimage","url":"https:\/\/petproducts.com.cn\/wp-content\/uploads\/2025\/03\/automatic-dog-leash.webp","contentUrl":"https:\/\/petproducts.com.cn\/wp-content\/uploads\/2025\/03\/automatic-dog-leash.webp","width":1000,"height":1000,"caption":"automatic dog leash"},{"@type":"BreadcrumbList","@id":"https:\/\/petproducts.com.cn\/product\/automatic-dog-leash-one-touch-quick-lock-reflective-pet-lead\/#breadcrumb","itemListElement":[{"@type":"ListItem","position":1,"name":"HOME","item":"https:\/\/petproducts.com.cn\/"},{"@type":"ListItem","position":2,"name":"Products","item":"https:\/\/petproducts.com.cn\/shop\/"},{"@type":"ListItem","position":3,"name":"Dog Collars, Leashes &amp; Harnesses","item":"https:\/\/petproducts.com.cn\/product-category\/dog-collars-leashes-harnesses\/"},{"@type":"ListItem","position":4,"name":"Automatic Dog Leash One Touch Quick-Lock Reflective Pet Lead"}]},{"@type":"WebSite","@id":"https:\/\/petproducts.com.cn\/#website","url":"https:\/\/petproducts.com.cn\/","name":"Petstar","description":"Fabricante l\u00edder de artigos para animais de estima\u00e7\u00e3o e fornecedor de produtos OEM para animais de estima\u00e7\u00e3o","publisher":{"@id":"https:\/\/petproducts.com.cn\/#organization"},"alternateName":"Petstar Pet Supplies","potentialAction":[{"@type":"SearchAction","target":{"@type":"EntryPoint","urlTemplate":"https:\/\/petproducts.com.cn\/?s={search_term_string}"},"query-input":{"@type":"PropertyValueSpecification","valueRequired":true,"valueName":"search_term_string"}}],"inLanguage":"pt-PT"},{"@type":"Organization","@id":"https:\/\/petproducts.com.cn\/#organization","name":"Petstar","url":"https:\/\/petproducts.com.cn\/","logo":{"@type":"ImageObject","inLanguage":"pt-PT","@id":"https:\/\/petproducts.com.cn\/#\/schema\/logo\/image\/","url":"https:\/\/petproducts.com.cn\/wp-content\/uploads\/2020\/02\/petstar-logo.webp","contentUrl":"https:\/\/petproducts.com.cn\/wp-content\/uploads\/2020\/02\/petstar-logo.webp","width":779,"height":520,"caption":"Petstar"},"image":{"@id":"https:\/\/petproducts.com.cn\/#\/schema\/logo\/image\/"}}]}},"_links":{"self":[{"href":"https:\/\/petproducts.com.cn\/pt\/wp-json\/wp\/v2\/product\/32463","targetHints":{"allow":["GET"]}}],"collection":[{"href":"https:\/\/petproducts.com.cn\/pt\/wp-json\/wp\/v2\/product"}],"about":[{"href":"https:\/\/petproducts.com.cn\/pt\/wp-json\/wp\/v2\/types\/product"}],"version-history":[{"count":1,"href":"https:\/\/petproducts.com.cn\/pt\/wp-json\/wp\/v2\/product\/32463\/revisions"}],"predecessor-version":[{"id":32470,"href":"https:\/\/petproducts.com.cn\/pt\/wp-json\/wp\/v2\/product\/32463\/revisions\/32470"}],"wp:featuredmedia":[{"embeddable":true,"href":"https:\/\/petproducts.com.cn\/pt\/wp-json\/wp\/v2\/media\/32468"}],"wp:attachment":[{"href":"https:\/\/petproducts.com.cn\/pt\/wp-json\/wp\/v2\/media?parent=32463"}],"wp:term":[{"taxonomy":"product_brand","embeddable":true,"href":"https:\/\/petproducts.com.cn\/pt\/wp-json\/wp\/v2\/product_brand?post=32463"},{"taxonomy":"product_cat","embeddable":true,"href":"https:\/\/petproducts.com.cn\/pt\/wp-json\/wp\/v2\/product_cat?post=32463"},{"taxonomy":"product_tag","embeddable":true,"href":"https:\/\/petproducts.com.cn\/pt\/wp-json\/wp\/v2\/product_tag?post=32463"}],"curies":[{"name":"wp","href":"https:\/\/api.w.org\/{rel}","templated":true}]}}