{"id":32669,"date":"2025-03-17T02:02:39","date_gmt":"2025-03-17T02:02:39","guid":{"rendered":"https:\/\/petproducts.com.cn\/?post_type=product&#038;p=32669"},"modified":"2025-03-17T02:08:11","modified_gmt":"2025-03-17T02:08:11","slug":"dog-bed-car-seat-waterproof-breathable-oxford-pet-travel-bag","status":"publish","type":"product","link":"https:\/\/petproducts.com.cn\/pt\/product\/dog-bed-car-seat-waterproof-breathable-oxford-pet-travel-bag\/","title":{"rendered":"Cama para c\u00e3o Assento de carro Bolsa de viagem Oxford respir\u00e1vel e imperme\u00e1vel para animais de estima\u00e7\u00e3o"},"content":{"rendered":"<h2>Caracter\u00edsticas da cama para c\u00e3es para autom\u00f3vel<\/h2>\n<ul>\n<li data-start=\"36\" data-end=\"170\"><strong data-start=\"39\" data-end=\"56\">Design 2 em 1<\/strong> \u2013 Funciona como cama para c\u00e3es e assento para carro, proporcionando o m\u00e1ximo conforto e seguran\u00e7a para animais de estima\u00e7\u00e3o durante viagens.<\/li>\n<li data-start=\"171\" data-end=\"330\"><strong data-start=\"174\" data-end=\"210\">Material imperme\u00e1vel e respir\u00e1vel<\/strong> \u2013 Fabricado em tecido Oxford resistente, garantindo resist\u00eancia \u00e0 \u00e1gua e mantendo a respirabilidade para uma viagem confort\u00e1vel.<\/li>\n<li><strong data-start=\"334\" data-end=\"361\">Dobr\u00e1vel e economizador de espa\u00e7o<\/strong> \u2013 O design compacto e dobr\u00e1vel permite f\u00e1cil armazenamento e portabilidade quando n\u00e3o est\u00e1 em uso.<\/li>\n<li data-start=\"456\" data-end=\"599\"><strong data-start=\"459\" data-end=\"491\">Suporte defletor para estabilidade<\/strong> \u2013 O defletor de suporte integrado oferece prote\u00e7\u00e3o extra, mantendo os animais de estima\u00e7\u00e3o seguros no lugar durante as viagens de carro.<\/li>\n<li data-start=\"600\" data-end=\"750\"><strong data-start=\"603\" data-end=\"634\">Ajust\u00e1vel para um ajuste personalizado<\/strong> - <strong data-start=\"637\" data-end=\"658\">A<\/strong>As correias ajust\u00e1veis garantem um encaixe seguro e confort\u00e1vel em v\u00e1rios modelos de autom\u00f3veis, aumentando a seguran\u00e7a e o conforto do animal de estima\u00e7\u00e3o.<\/li>\n<\/ul>","protected":false},"excerpt":{"rendered":"<p>O saco de viagem oxford respir\u00e1vel e imperme\u00e1vel para c\u00e3es combina conforto, seguran\u00e7a e conveni\u00eancia com um design dobr\u00e1vel, deflector de apoio e correias ajust\u00e1veis, tornando-o no companheiro de viagem perfeito para animais de estima\u00e7\u00e3o.<\/p>","protected":false},"featured_media":32675,"template":"","meta":{"_acf_changed":false},"product_brand":[],"product_cat":[133,71,132,72],"product_tag":[285,194],"class_list":{"0":"post-32669","1":"product","2":"type-product","3":"status-publish","4":"has-post-thumbnail","6":"product_cat-cat-carriers-car-supplies","7":"product_cat-cat-supplies","8":"product_cat-dog-carriers-car-supplies","9":"product_cat-dog-supplies","10":"product_tag-pet-car-covers","11":"product_tag-pet-car-supplies","13":"first","14":"instock","15":"shipping-taxable","16":"product-type-simple"},"acf":[],"yoast_head":"<!-- This site is optimized with the Yoast SEO plugin v27.1.1 - https:\/\/yoast.com\/product\/yoast-seo-wordpress\/ -->\n<title>Dog Bed Car Seat | Pet Car Cover Manufacturer - Petstar<\/title>\n<meta name=\"description\" content=\"Explore Dog Bed Car Seat from the best pet products supplier. Petstar is a global pet products manufacturer. Your ideal business solution with Petstar.\" \/>\n<meta name=\"robots\" content=\"index, follow, max-snippet:-1, max-image-preview:large, max-video-preview:-1\" \/>\n<link rel=\"canonical\" href=\"https:\/\/petproducts.com.cn\/pt\/produto\/dog-bed-car-seat-waterproof-breathable-oxford-pet-travel-bag\/\" \/>\n<meta property=\"og:locale\" content=\"pt_PT\" \/>\n<meta property=\"og:type\" content=\"article\" \/>\n<meta property=\"og:title\" content=\"Dog Bed Car Seat | Pet Car Cover Manufacturer - Petstar\" \/>\n<meta property=\"og:description\" content=\"Explore Dog Bed Car Seat from the best pet products supplier. Petstar is a global pet products manufacturer. Your ideal business solution with Petstar.\" \/>\n<meta property=\"og:url\" content=\"https:\/\/petproducts.com.cn\/pt\/produto\/dog-bed-car-seat-waterproof-breathable-oxford-pet-travel-bag\/\" \/>\n<meta property=\"og:site_name\" content=\"Petstar\" \/>\n<meta property=\"article:modified_time\" content=\"2025-03-17T02:08:11+00:00\" \/>\n<meta property=\"og:image\" content=\"https:\/\/petproducts.com.cn\/wp-content\/uploads\/2025\/03\/dog-bed-car-seat.webp\" \/>\n\t<meta property=\"og:image:width\" content=\"1000\" \/>\n\t<meta property=\"og:image:height\" content=\"1000\" \/>\n\t<meta property=\"og:image:type\" content=\"image\/webp\" \/>\n<meta name=\"twitter:card\" content=\"summary_large_image\" \/>\n<meta name=\"twitter:label1\" content=\"Tempo estimado de leitura\" \/>\n\t<meta name=\"twitter:data1\" content=\"1 minuto\" \/>\n<script type=\"application\/ld+json\" class=\"yoast-schema-graph\">{\"@context\":\"https:\/\/schema.org\",\"@graph\":[{\"@type\":\"WebPage\",\"@id\":\"https:\/\/petproducts.com.cn\/product\/dog-bed-car-seat-waterproof-breathable-oxford-pet-travel-bag\/\",\"url\":\"https:\/\/petproducts.com.cn\/product\/dog-bed-car-seat-waterproof-breathable-oxford-pet-travel-bag\/\",\"name\":\"Dog Bed Car Seat | Pet Car Cover Manufacturer - Petstar\",\"isPartOf\":{\"@id\":\"https:\/\/petproducts.com.cn\/#website\"},\"primaryImageOfPage\":{\"@id\":\"https:\/\/petproducts.com.cn\/product\/dog-bed-car-seat-waterproof-breathable-oxford-pet-travel-bag\/#primaryimage\"},\"image\":{\"@id\":\"https:\/\/petproducts.com.cn\/product\/dog-bed-car-seat-waterproof-breathable-oxford-pet-travel-bag\/#primaryimage\"},\"thumbnailUrl\":\"https:\/\/petproducts.com.cn\/wp-content\/uploads\/2025\/03\/dog-bed-car-seat.webp\",\"datePublished\":\"2025-03-17T02:02:39+00:00\",\"dateModified\":\"2025-03-17T02:08:11+00:00\",\"description\":\"Explore Dog Bed Car Seat from the best pet products supplier. Petstar is a global pet products manufacturer. Your ideal business solution with Petstar.\",\"breadcrumb\":{\"@id\":\"https:\/\/petproducts.com.cn\/product\/dog-bed-car-seat-waterproof-breathable-oxford-pet-travel-bag\/#breadcrumb\"},\"inLanguage\":\"pt-PT\",\"potentialAction\":[{\"@type\":\"ReadAction\",\"target\":[\"https:\/\/petproducts.com.cn\/product\/dog-bed-car-seat-waterproof-breathable-oxford-pet-travel-bag\/\"]}]},{\"@type\":\"ImageObject\",\"inLanguage\":\"pt-PT\",\"@id\":\"https:\/\/petproducts.com.cn\/product\/dog-bed-car-seat-waterproof-breathable-oxford-pet-travel-bag\/#primaryimage\",\"url\":\"https:\/\/petproducts.com.cn\/wp-content\/uploads\/2025\/03\/dog-bed-car-seat.webp\",\"contentUrl\":\"https:\/\/petproducts.com.cn\/wp-content\/uploads\/2025\/03\/dog-bed-car-seat.webp\",\"width\":1000,\"height\":1000,\"caption\":\"dog bed car seat\"},{\"@type\":\"BreadcrumbList\",\"@id\":\"https:\/\/petproducts.com.cn\/product\/dog-bed-car-seat-waterproof-breathable-oxford-pet-travel-bag\/#breadcrumb\",\"itemListElement\":[{\"@type\":\"ListItem\",\"position\":1,\"name\":\"HOME\",\"item\":\"https:\/\/petproducts.com.cn\/\"},{\"@type\":\"ListItem\",\"position\":2,\"name\":\"Products\",\"item\":\"https:\/\/petproducts.com.cn\/shop\/\"},{\"@type\":\"ListItem\",\"position\":3,\"name\":\"Dog Carriers &amp; Car Supplies\",\"item\":\"https:\/\/petproducts.com.cn\/product-category\/dog-carriers-car-supplies\/\"},{\"@type\":\"ListItem\",\"position\":4,\"name\":\"Dog Bed Car Seat Waterproof Breathable Oxford Pet Travel Bag\"}]},{\"@type\":\"WebSite\",\"@id\":\"https:\/\/petproducts.com.cn\/#website\",\"url\":\"https:\/\/petproducts.com.cn\/\",\"name\":\"Petstar\",\"description\":\"Leading Pet Supplies Manufacturer &amp; OEM Pet Products Supplier\",\"publisher\":{\"@id\":\"https:\/\/petproducts.com.cn\/#organization\"},\"alternateName\":\"Petstar Pet Supplies\",\"potentialAction\":[{\"@type\":\"SearchAction\",\"target\":{\"@type\":\"EntryPoint\",\"urlTemplate\":\"https:\/\/petproducts.com.cn\/?s={search_term_string}\"},\"query-input\":{\"@type\":\"PropertyValueSpecification\",\"valueRequired\":true,\"valueName\":\"search_term_string\"}}],\"inLanguage\":\"pt-PT\"},{\"@type\":\"Organization\",\"@id\":\"https:\/\/petproducts.com.cn\/#organization\",\"name\":\"Petstar\",\"url\":\"https:\/\/petproducts.com.cn\/\",\"logo\":{\"@type\":\"ImageObject\",\"inLanguage\":\"pt-PT\",\"@id\":\"https:\/\/petproducts.com.cn\/#\/schema\/logo\/image\/\",\"url\":\"https:\/\/petproducts.com.cn\/wp-content\/uploads\/2020\/02\/petstar-logo.webp\",\"contentUrl\":\"https:\/\/petproducts.com.cn\/wp-content\/uploads\/2020\/02\/petstar-logo.webp\",\"width\":779,\"height\":520,\"caption\":\"Petstar\"},\"image\":{\"@id\":\"https:\/\/petproducts.com.cn\/#\/schema\/logo\/image\/\"}}]}<\/script>\n<!-- \/ Yoast SEO plugin. -->","yoast_head_json":{"title":"Cama para c\u00e3es para autom\u00f3vel | Fabricante de capas para autom\u00f3veis para animais de estima\u00e7\u00e3o - Petstar","description":"Explore a cama para c\u00e3es para autom\u00f3vel do melhor fornecedor de produtos para animais de estima\u00e7\u00e3o. A Petstar \u00e9 um fabricante global de produtos para animais de estima\u00e7\u00e3o. A sua solu\u00e7\u00e3o empresarial ideal com a Petstar.","robots":{"index":"index","follow":"follow","max-snippet":"max-snippet:-1","max-image-preview":"max-image-preview:large","max-video-preview":"max-video-preview:-1"},"canonical":"https:\/\/petproducts.com.cn\/pt\/produto\/dog-bed-car-seat-waterproof-breathable-oxford-pet-travel-bag\/","og_locale":"pt_PT","og_type":"article","og_title":"Dog Bed Car Seat | Pet Car Cover Manufacturer - Petstar","og_description":"Explore Dog Bed Car Seat from the best pet products supplier. Petstar is a global pet products manufacturer. Your ideal business solution with Petstar.","og_url":"https:\/\/petproducts.com.cn\/pt\/produto\/dog-bed-car-seat-waterproof-breathable-oxford-pet-travel-bag\/","og_site_name":"Petstar","article_modified_time":"2025-03-17T02:08:11+00:00","og_image":[{"width":1000,"height":1000,"url":"https:\/\/petproducts.com.cn\/wp-content\/uploads\/2025\/03\/dog-bed-car-seat.webp","type":"image\/webp"}],"twitter_card":"summary_large_image","twitter_misc":{"Tempo estimado de leitura":"1 minuto"},"schema":{"@context":"https:\/\/schema.org","@graph":[{"@type":"WebPage","@id":"https:\/\/petproducts.com.cn\/product\/dog-bed-car-seat-waterproof-breathable-oxford-pet-travel-bag\/","url":"https:\/\/petproducts.com.cn\/product\/dog-bed-car-seat-waterproof-breathable-oxford-pet-travel-bag\/","name":"Cama para c\u00e3es para autom\u00f3vel | Fabricante de capas para autom\u00f3veis para animais de estima\u00e7\u00e3o - Petstar","isPartOf":{"@id":"https:\/\/petproducts.com.cn\/#website"},"primaryImageOfPage":{"@id":"https:\/\/petproducts.com.cn\/product\/dog-bed-car-seat-waterproof-breathable-oxford-pet-travel-bag\/#primaryimage"},"image":{"@id":"https:\/\/petproducts.com.cn\/product\/dog-bed-car-seat-waterproof-breathable-oxford-pet-travel-bag\/#primaryimage"},"thumbnailUrl":"https:\/\/petproducts.com.cn\/wp-content\/uploads\/2025\/03\/dog-bed-car-seat.webp","datePublished":"2025-03-17T02:02:39+00:00","dateModified":"2025-03-17T02:08:11+00:00","description":"Explore a cama para c\u00e3es para autom\u00f3vel do melhor fornecedor de produtos para animais de estima\u00e7\u00e3o. A Petstar \u00e9 um fabricante global de produtos para animais de estima\u00e7\u00e3o. A sua solu\u00e7\u00e3o empresarial ideal com a Petstar.","breadcrumb":{"@id":"https:\/\/petproducts.com.cn\/product\/dog-bed-car-seat-waterproof-breathable-oxford-pet-travel-bag\/#breadcrumb"},"inLanguage":"pt-PT","potentialAction":[{"@type":"ReadAction","target":["https:\/\/petproducts.com.cn\/product\/dog-bed-car-seat-waterproof-breathable-oxford-pet-travel-bag\/"]}]},{"@type":"ImageObject","inLanguage":"pt-PT","@id":"https:\/\/petproducts.com.cn\/product\/dog-bed-car-seat-waterproof-breathable-oxford-pet-travel-bag\/#primaryimage","url":"https:\/\/petproducts.com.cn\/wp-content\/uploads\/2025\/03\/dog-bed-car-seat.webp","contentUrl":"https:\/\/petproducts.com.cn\/wp-content\/uploads\/2025\/03\/dog-bed-car-seat.webp","width":1000,"height":1000,"caption":"dog bed car seat"},{"@type":"BreadcrumbList","@id":"https:\/\/petproducts.com.cn\/product\/dog-bed-car-seat-waterproof-breathable-oxford-pet-travel-bag\/#breadcrumb","itemListElement":[{"@type":"ListItem","position":1,"name":"HOME","item":"https:\/\/petproducts.com.cn\/"},{"@type":"ListItem","position":2,"name":"Products","item":"https:\/\/petproducts.com.cn\/shop\/"},{"@type":"ListItem","position":3,"name":"Dog Carriers &amp; Car Supplies","item":"https:\/\/petproducts.com.cn\/product-category\/dog-carriers-car-supplies\/"},{"@type":"ListItem","position":4,"name":"Dog Bed Car Seat Waterproof Breathable Oxford Pet Travel Bag"}]},{"@type":"WebSite","@id":"https:\/\/petproducts.com.cn\/#website","url":"https:\/\/petproducts.com.cn\/","name":"Petstar","description":"Fabricante l\u00edder de artigos para animais de estima\u00e7\u00e3o e fornecedor de produtos OEM para animais de estima\u00e7\u00e3o","publisher":{"@id":"https:\/\/petproducts.com.cn\/#organization"},"alternateName":"Petstar Pet Supplies","potentialAction":[{"@type":"SearchAction","target":{"@type":"EntryPoint","urlTemplate":"https:\/\/petproducts.com.cn\/?s={search_term_string}"},"query-input":{"@type":"PropertyValueSpecification","valueRequired":true,"valueName":"search_term_string"}}],"inLanguage":"pt-PT"},{"@type":"Organization","@id":"https:\/\/petproducts.com.cn\/#organization","name":"Petstar","url":"https:\/\/petproducts.com.cn\/","logo":{"@type":"ImageObject","inLanguage":"pt-PT","@id":"https:\/\/petproducts.com.cn\/#\/schema\/logo\/image\/","url":"https:\/\/petproducts.com.cn\/wp-content\/uploads\/2020\/02\/petstar-logo.webp","contentUrl":"https:\/\/petproducts.com.cn\/wp-content\/uploads\/2020\/02\/petstar-logo.webp","width":779,"height":520,"caption":"Petstar"},"image":{"@id":"https:\/\/petproducts.com.cn\/#\/schema\/logo\/image\/"}}]}},"_links":{"self":[{"href":"https:\/\/petproducts.com.cn\/pt\/wp-json\/wp\/v2\/product\/32669","targetHints":{"allow":["GET"]}}],"collection":[{"href":"https:\/\/petproducts.com.cn\/pt\/wp-json\/wp\/v2\/product"}],"about":[{"href":"https:\/\/petproducts.com.cn\/pt\/wp-json\/wp\/v2\/types\/product"}],"version-history":[{"count":1,"href":"https:\/\/petproducts.com.cn\/pt\/wp-json\/wp\/v2\/product\/32669\/revisions"}],"predecessor-version":[{"id":32676,"href":"https:\/\/petproducts.com.cn\/pt\/wp-json\/wp\/v2\/product\/32669\/revisions\/32676"}],"wp:featuredmedia":[{"embeddable":true,"href":"https:\/\/petproducts.com.cn\/pt\/wp-json\/wp\/v2\/media\/32675"}],"wp:attachment":[{"href":"https:\/\/petproducts.com.cn\/pt\/wp-json\/wp\/v2\/media?parent=32669"}],"wp:term":[{"taxonomy":"product_brand","embeddable":true,"href":"https:\/\/petproducts.com.cn\/pt\/wp-json\/wp\/v2\/product_brand?post=32669"},{"taxonomy":"product_cat","embeddable":true,"href":"https:\/\/petproducts.com.cn\/pt\/wp-json\/wp\/v2\/product_cat?post=32669"},{"taxonomy":"product_tag","embeddable":true,"href":"https:\/\/petproducts.com.cn\/pt\/wp-json\/wp\/v2\/product_tag?post=32669"}],"curies":[{"name":"wp","href":"https:\/\/api.w.org\/{rel}","templated":true}]}}