{"id":32694,"date":"2025-03-17T02:26:49","date_gmt":"2025-03-17T02:26:49","guid":{"rendered":"https:\/\/petproducts.com.cn\/?post_type=product&#038;p=32694"},"modified":"2025-03-17T02:34:15","modified_gmt":"2025-03-17T02:34:15","slug":"car-dog-seat-cover-waterproof-nonslip-back-seat-dog-hammock","status":"publish","type":"product","link":"https:\/\/petproducts.com.cn\/pt\/product\/car-dog-seat-cover-waterproof-nonslip-back-seat-dog-hammock\/","title":{"rendered":"Capa para assento de c\u00e3o para autom\u00f3vel Rede para c\u00e3o para assento traseiro \u00e0 prova de \u00e1gua e antiderrapante"},"content":{"rendered":"<h2>Carater\u00edsticas da capa para assento de c\u00e3o para autom\u00f3vel<\/h2>\n<ul>\n<li data-start=\"36\" data-end=\"199\"><strong data-start=\"39\" data-end=\"67\">Prote\u00e7\u00e3o em forma de rede<\/strong> - A cobertura do assento do c\u00e3o para autom\u00f3vel apresenta um design em rede, protegendo o banco de tr\u00e1s e impedindo que os animais de estima\u00e7\u00e3o saltem para a frente.<\/li>\n<li data-start=\"200\" data-end=\"342\"><strong data-start=\"203\" data-end=\"237\">\u00c0 prova de \u00e1gua e resistente a riscos<\/strong> - Fabricado em tecido resistente e imperme\u00e1vel, protege os bancos do autom\u00f3vel de derrames, sujidade e arranh\u00f5es dos animais de estima\u00e7\u00e3o.<\/li>\n<li data-start=\"343\" data-end=\"484\"><strong data-start=\"346\" data-end=\"371\">Antiderrapante e ajuste seguro<\/strong> - Equipado com uma base antiderrapante e correias ajust\u00e1veis, garante um passeio est\u00e1vel e seguro para os animais de estima\u00e7\u00e3o.<\/li>\n<li data-start=\"485\" data-end=\"628\"><strong data-start=\"488\" data-end=\"515\">Dobr\u00e1vel e economizador de espa\u00e7o<\/strong> - Facilmente dobr\u00e1vel para uma r\u00e1pida arruma\u00e7\u00e3o e portabilidade, tornando-o conveniente para viagens e utiliza\u00e7\u00e3o di\u00e1ria.<\/li>\n<li data-start=\"629\" data-end=\"775\"><strong data-start=\"632\" data-end=\"669\">Ajuste universal e f\u00e1cil instala\u00e7\u00e3o<\/strong> - Concebida para se adaptar \u00e0 maioria dos modelos de autom\u00f3veis, com fivelas de liberta\u00e7\u00e3o r\u00e1pida para uma instala\u00e7\u00e3o e remo\u00e7\u00e3o sem esfor\u00e7o.<\/li>\n<\/ul>","protected":false},"excerpt":{"rendered":"<p>A rede imperme\u00e1vel antiderrapante para assento de c\u00e3o para carro oferece prote\u00e7\u00e3o total do banco traseiro com um design de rede dobr\u00e1vel, com propriedades imperme\u00e1veis, antiderrapantes e f\u00e1ceis de instalar, tornando as viagens com animais de estima\u00e7\u00e3o mais seguras e convenientes.<\/p>","protected":false},"featured_media":32699,"template":"","meta":{"_acf_changed":false},"product_brand":[],"product_cat":[133,71,132,72],"product_tag":[285,194],"class_list":{"0":"post-32694","1":"product","2":"type-product","3":"status-publish","4":"has-post-thumbnail","6":"product_cat-cat-carriers-car-supplies","7":"product_cat-cat-supplies","8":"product_cat-dog-carriers-car-supplies","9":"product_cat-dog-supplies","10":"product_tag-pet-car-covers","11":"product_tag-pet-car-supplies","13":"first","14":"instock","15":"shipping-taxable","16":"product-type-simple"},"acf":[],"yoast_head":"<!-- This site is optimized with the Yoast SEO plugin v27.1.1 - https:\/\/yoast.com\/product\/yoast-seo-wordpress\/ -->\n<title>Car Dog Seat Cover | Pet Car Cover Manufacturer - Petstar<\/title>\n<meta name=\"description\" content=\"Explore Car Dog Seat Cover from the best pet products supplier. Petstar is a global pet products manufacturer. Your ideal business solution with Petstar.\" \/>\n<meta name=\"robots\" content=\"index, follow, max-snippet:-1, max-image-preview:large, max-video-preview:-1\" \/>\n<link rel=\"canonical\" href=\"https:\/\/petproducts.com.cn\/pt\/produto\/car-dog-seat-cover-waterproof-nonslip-back-seat-dog-hammock\/\" \/>\n<meta property=\"og:locale\" content=\"pt_PT\" \/>\n<meta property=\"og:type\" content=\"article\" \/>\n<meta property=\"og:title\" content=\"Car Dog Seat Cover | Pet Car Cover Manufacturer - Petstar\" \/>\n<meta property=\"og:description\" content=\"Explore Car Dog Seat Cover from the best pet products supplier. Petstar is a global pet products manufacturer. Your ideal business solution with Petstar.\" \/>\n<meta property=\"og:url\" content=\"https:\/\/petproducts.com.cn\/pt\/produto\/car-dog-seat-cover-waterproof-nonslip-back-seat-dog-hammock\/\" \/>\n<meta property=\"og:site_name\" content=\"Petstar\" \/>\n<meta property=\"article:modified_time\" content=\"2025-03-17T02:34:15+00:00\" \/>\n<meta property=\"og:image\" content=\"https:\/\/petproducts.com.cn\/wp-content\/uploads\/2025\/03\/car-dog-seat-cover-eat-cover.webp\" \/>\n\t<meta property=\"og:image:width\" content=\"1000\" \/>\n\t<meta property=\"og:image:height\" content=\"1000\" \/>\n\t<meta property=\"og:image:type\" content=\"image\/webp\" \/>\n<meta name=\"twitter:card\" content=\"summary_large_image\" \/>\n<meta name=\"twitter:label1\" content=\"Tempo estimado de leitura\" \/>\n\t<meta name=\"twitter:data1\" content=\"1 minuto\" \/>\n<script type=\"application\/ld+json\" class=\"yoast-schema-graph\">{\"@context\":\"https:\/\/schema.org\",\"@graph\":[{\"@type\":\"WebPage\",\"@id\":\"https:\/\/petproducts.com.cn\/product\/car-dog-seat-cover-waterproof-nonslip-back-seat-dog-hammock\/\",\"url\":\"https:\/\/petproducts.com.cn\/product\/car-dog-seat-cover-waterproof-nonslip-back-seat-dog-hammock\/\",\"name\":\"Car Dog Seat Cover | Pet Car Cover Manufacturer - Petstar\",\"isPartOf\":{\"@id\":\"https:\/\/petproducts.com.cn\/#website\"},\"primaryImageOfPage\":{\"@id\":\"https:\/\/petproducts.com.cn\/product\/car-dog-seat-cover-waterproof-nonslip-back-seat-dog-hammock\/#primaryimage\"},\"image\":{\"@id\":\"https:\/\/petproducts.com.cn\/product\/car-dog-seat-cover-waterproof-nonslip-back-seat-dog-hammock\/#primaryimage\"},\"thumbnailUrl\":\"https:\/\/petproducts.com.cn\/wp-content\/uploads\/2025\/03\/car-dog-seat-cover-eat-cover.webp\",\"datePublished\":\"2025-03-17T02:26:49+00:00\",\"dateModified\":\"2025-03-17T02:34:15+00:00\",\"description\":\"Explore Car Dog Seat Cover from the best pet products supplier. Petstar is a global pet products manufacturer. Your ideal business solution with Petstar.\",\"breadcrumb\":{\"@id\":\"https:\/\/petproducts.com.cn\/product\/car-dog-seat-cover-waterproof-nonslip-back-seat-dog-hammock\/#breadcrumb\"},\"inLanguage\":\"pt-PT\",\"potentialAction\":[{\"@type\":\"ReadAction\",\"target\":[\"https:\/\/petproducts.com.cn\/product\/car-dog-seat-cover-waterproof-nonslip-back-seat-dog-hammock\/\"]}]},{\"@type\":\"ImageObject\",\"inLanguage\":\"pt-PT\",\"@id\":\"https:\/\/petproducts.com.cn\/product\/car-dog-seat-cover-waterproof-nonslip-back-seat-dog-hammock\/#primaryimage\",\"url\":\"https:\/\/petproducts.com.cn\/wp-content\/uploads\/2025\/03\/car-dog-seat-cover-eat-cover.webp\",\"contentUrl\":\"https:\/\/petproducts.com.cn\/wp-content\/uploads\/2025\/03\/car-dog-seat-cover-eat-cover.webp\",\"width\":1000,\"height\":1000,\"caption\":\"car dog seat cover eat cover\"},{\"@type\":\"BreadcrumbList\",\"@id\":\"https:\/\/petproducts.com.cn\/product\/car-dog-seat-cover-waterproof-nonslip-back-seat-dog-hammock\/#breadcrumb\",\"itemListElement\":[{\"@type\":\"ListItem\",\"position\":1,\"name\":\"HOME\",\"item\":\"https:\/\/petproducts.com.cn\/\"},{\"@type\":\"ListItem\",\"position\":2,\"name\":\"Products\",\"item\":\"https:\/\/petproducts.com.cn\/shop\/\"},{\"@type\":\"ListItem\",\"position\":3,\"name\":\"Dog Carriers &amp; Car Supplies\",\"item\":\"https:\/\/petproducts.com.cn\/product-category\/dog-carriers-car-supplies\/\"},{\"@type\":\"ListItem\",\"position\":4,\"name\":\"Car Dog Seat Cover Waterproof Nonslip Back Seat Dog Hammock\"}]},{\"@type\":\"WebSite\",\"@id\":\"https:\/\/petproducts.com.cn\/#website\",\"url\":\"https:\/\/petproducts.com.cn\/\",\"name\":\"Petstar\",\"description\":\"Leading Pet Supplies Manufacturer &amp; OEM Pet Products Supplier\",\"publisher\":{\"@id\":\"https:\/\/petproducts.com.cn\/#organization\"},\"alternateName\":\"Petstar Pet Supplies\",\"potentialAction\":[{\"@type\":\"SearchAction\",\"target\":{\"@type\":\"EntryPoint\",\"urlTemplate\":\"https:\/\/petproducts.com.cn\/?s={search_term_string}\"},\"query-input\":{\"@type\":\"PropertyValueSpecification\",\"valueRequired\":true,\"valueName\":\"search_term_string\"}}],\"inLanguage\":\"pt-PT\"},{\"@type\":\"Organization\",\"@id\":\"https:\/\/petproducts.com.cn\/#organization\",\"name\":\"Petstar\",\"url\":\"https:\/\/petproducts.com.cn\/\",\"logo\":{\"@type\":\"ImageObject\",\"inLanguage\":\"pt-PT\",\"@id\":\"https:\/\/petproducts.com.cn\/#\/schema\/logo\/image\/\",\"url\":\"https:\/\/petproducts.com.cn\/wp-content\/uploads\/2020\/02\/petstar-logo.webp\",\"contentUrl\":\"https:\/\/petproducts.com.cn\/wp-content\/uploads\/2020\/02\/petstar-logo.webp\",\"width\":779,\"height\":520,\"caption\":\"Petstar\"},\"image\":{\"@id\":\"https:\/\/petproducts.com.cn\/#\/schema\/logo\/image\/\"}}]}<\/script>\n<!-- \/ Yoast SEO plugin. -->","yoast_head_json":{"title":"Capa de assento de carro para c\u00e3o | Capa de carro para animal de estima\u00e7\u00e3o Fabricante - Petstar","description":"Explore Capa para assento de carro para c\u00e3o do melhor fornecedor de produtos para animais de estima\u00e7\u00e3o. Petstar \u00e9 um fabricante global de produtos para animais de estima\u00e7\u00e3o. A sua solu\u00e7\u00e3o de neg\u00f3cio ideal com Petstar.","robots":{"index":"index","follow":"follow","max-snippet":"max-snippet:-1","max-image-preview":"max-image-preview:large","max-video-preview":"max-video-preview:-1"},"canonical":"https:\/\/petproducts.com.cn\/pt\/produto\/car-dog-seat-cover-waterproof-nonslip-back-seat-dog-hammock\/","og_locale":"pt_PT","og_type":"article","og_title":"Car Dog Seat Cover | Pet Car Cover Manufacturer - Petstar","og_description":"Explore Car Dog Seat Cover from the best pet products supplier. Petstar is a global pet products manufacturer. Your ideal business solution with Petstar.","og_url":"https:\/\/petproducts.com.cn\/pt\/produto\/car-dog-seat-cover-waterproof-nonslip-back-seat-dog-hammock\/","og_site_name":"Petstar","article_modified_time":"2025-03-17T02:34:15+00:00","og_image":[{"width":1000,"height":1000,"url":"https:\/\/petproducts.com.cn\/wp-content\/uploads\/2025\/03\/car-dog-seat-cover-eat-cover.webp","type":"image\/webp"}],"twitter_card":"summary_large_image","twitter_misc":{"Tempo estimado de leitura":"1 minuto"},"schema":{"@context":"https:\/\/schema.org","@graph":[{"@type":"WebPage","@id":"https:\/\/petproducts.com.cn\/product\/car-dog-seat-cover-waterproof-nonslip-back-seat-dog-hammock\/","url":"https:\/\/petproducts.com.cn\/product\/car-dog-seat-cover-waterproof-nonslip-back-seat-dog-hammock\/","name":"Capa de assento de carro para c\u00e3o | Capa de carro para animal de estima\u00e7\u00e3o Fabricante - Petstar","isPartOf":{"@id":"https:\/\/petproducts.com.cn\/#website"},"primaryImageOfPage":{"@id":"https:\/\/petproducts.com.cn\/product\/car-dog-seat-cover-waterproof-nonslip-back-seat-dog-hammock\/#primaryimage"},"image":{"@id":"https:\/\/petproducts.com.cn\/product\/car-dog-seat-cover-waterproof-nonslip-back-seat-dog-hammock\/#primaryimage"},"thumbnailUrl":"https:\/\/petproducts.com.cn\/wp-content\/uploads\/2025\/03\/car-dog-seat-cover-eat-cover.webp","datePublished":"2025-03-17T02:26:49+00:00","dateModified":"2025-03-17T02:34:15+00:00","description":"Explore Capa para assento de carro para c\u00e3o do melhor fornecedor de produtos para animais de estima\u00e7\u00e3o. Petstar \u00e9 um fabricante global de produtos para animais de estima\u00e7\u00e3o. A sua solu\u00e7\u00e3o de neg\u00f3cio ideal com Petstar.","breadcrumb":{"@id":"https:\/\/petproducts.com.cn\/product\/car-dog-seat-cover-waterproof-nonslip-back-seat-dog-hammock\/#breadcrumb"},"inLanguage":"pt-PT","potentialAction":[{"@type":"ReadAction","target":["https:\/\/petproducts.com.cn\/product\/car-dog-seat-cover-waterproof-nonslip-back-seat-dog-hammock\/"]}]},{"@type":"ImageObject","inLanguage":"pt-PT","@id":"https:\/\/petproducts.com.cn\/product\/car-dog-seat-cover-waterproof-nonslip-back-seat-dog-hammock\/#primaryimage","url":"https:\/\/petproducts.com.cn\/wp-content\/uploads\/2025\/03\/car-dog-seat-cover-eat-cover.webp","contentUrl":"https:\/\/petproducts.com.cn\/wp-content\/uploads\/2025\/03\/car-dog-seat-cover-eat-cover.webp","width":1000,"height":1000,"caption":"car dog seat cover eat cover"},{"@type":"BreadcrumbList","@id":"https:\/\/petproducts.com.cn\/product\/car-dog-seat-cover-waterproof-nonslip-back-seat-dog-hammock\/#breadcrumb","itemListElement":[{"@type":"ListItem","position":1,"name":"HOME","item":"https:\/\/petproducts.com.cn\/"},{"@type":"ListItem","position":2,"name":"Products","item":"https:\/\/petproducts.com.cn\/shop\/"},{"@type":"ListItem","position":3,"name":"Dog Carriers &amp; Car Supplies","item":"https:\/\/petproducts.com.cn\/product-category\/dog-carriers-car-supplies\/"},{"@type":"ListItem","position":4,"name":"Car Dog Seat Cover Waterproof Nonslip Back Seat Dog Hammock"}]},{"@type":"WebSite","@id":"https:\/\/petproducts.com.cn\/#website","url":"https:\/\/petproducts.com.cn\/","name":"Petstar","description":"Fabricante l\u00edder de artigos para animais de estima\u00e7\u00e3o e fornecedor de produtos OEM para animais de estima\u00e7\u00e3o","publisher":{"@id":"https:\/\/petproducts.com.cn\/#organization"},"alternateName":"Petstar Pet Supplies","potentialAction":[{"@type":"SearchAction","target":{"@type":"EntryPoint","urlTemplate":"https:\/\/petproducts.com.cn\/?s={search_term_string}"},"query-input":{"@type":"PropertyValueSpecification","valueRequired":true,"valueName":"search_term_string"}}],"inLanguage":"pt-PT"},{"@type":"Organization","@id":"https:\/\/petproducts.com.cn\/#organization","name":"Petstar","url":"https:\/\/petproducts.com.cn\/","logo":{"@type":"ImageObject","inLanguage":"pt-PT","@id":"https:\/\/petproducts.com.cn\/#\/schema\/logo\/image\/","url":"https:\/\/petproducts.com.cn\/wp-content\/uploads\/2020\/02\/petstar-logo.webp","contentUrl":"https:\/\/petproducts.com.cn\/wp-content\/uploads\/2020\/02\/petstar-logo.webp","width":779,"height":520,"caption":"Petstar"},"image":{"@id":"https:\/\/petproducts.com.cn\/#\/schema\/logo\/image\/"}}]}},"_links":{"self":[{"href":"https:\/\/petproducts.com.cn\/pt\/wp-json\/wp\/v2\/product\/32694","targetHints":{"allow":["GET"]}}],"collection":[{"href":"https:\/\/petproducts.com.cn\/pt\/wp-json\/wp\/v2\/product"}],"about":[{"href":"https:\/\/petproducts.com.cn\/pt\/wp-json\/wp\/v2\/types\/product"}],"version-history":[{"count":1,"href":"https:\/\/petproducts.com.cn\/pt\/wp-json\/wp\/v2\/product\/32694\/revisions"}],"predecessor-version":[{"id":32701,"href":"https:\/\/petproducts.com.cn\/pt\/wp-json\/wp\/v2\/product\/32694\/revisions\/32701"}],"wp:featuredmedia":[{"embeddable":true,"href":"https:\/\/petproducts.com.cn\/pt\/wp-json\/wp\/v2\/media\/32699"}],"wp:attachment":[{"href":"https:\/\/petproducts.com.cn\/pt\/wp-json\/wp\/v2\/media?parent=32694"}],"wp:term":[{"taxonomy":"product_brand","embeddable":true,"href":"https:\/\/petproducts.com.cn\/pt\/wp-json\/wp\/v2\/product_brand?post=32694"},{"taxonomy":"product_cat","embeddable":true,"href":"https:\/\/petproducts.com.cn\/pt\/wp-json\/wp\/v2\/product_cat?post=32694"},{"taxonomy":"product_tag","embeddable":true,"href":"https:\/\/petproducts.com.cn\/pt\/wp-json\/wp\/v2\/product_tag?post=32694"}],"curies":[{"name":"wp","href":"https:\/\/api.w.org\/{rel}","templated":true}]}}