{"id":32868,"date":"2025-04-07T07:58:22","date_gmt":"2025-04-07T07:58:22","guid":{"rendered":"https:\/\/petproducts.com.cn\/?post_type=product&#038;p=32868"},"modified":"2025-04-14T08:35:52","modified_gmt":"2025-04-14T08:35:52","slug":"wooden-dog-cages-2-in-1-pet-furniture-with-two-doors","status":"publish","type":"product","link":"https:\/\/petproducts.com.cn\/pt\/product\/wooden-dog-cages-2-in-1-pet-furniture-with-two-doors\/","title":{"rendered":"Gaiolas de madeira para c\u00e3es M\u00f3veis 2 em 1 para animais de estima\u00e7\u00e3o com duas portas"},"content":{"rendered":"<h2>Carater\u00edsticas das gaiolas de madeira para c\u00e3es<\/h2>\n<ul>\n<li class=\"\" data-start=\"36\" data-end=\"189\">\n<p class=\"\" data-start=\"39\" data-end=\"189\"><strong data-start=\"39\" data-end=\"73\">Gaiolas de madeira para c\u00e3es com design 2 em 1<\/strong> - Funciona como uma gaiola segura para c\u00e3es e como um m\u00f3vel de madeira elegante, ideal para casas modernas que aceitam animais de estima\u00e7\u00e3o.<\/p>\n<\/li>\n<li class=\"\" data-start=\"190\" data-end=\"344\">\n<p class=\"\" data-start=\"193\" data-end=\"344\"><strong data-start=\"193\" data-end=\"228\">Ripas laterais abertas para ventila\u00e7\u00e3o<\/strong> - O design de ripas abertas garante um fluxo de ar \u00f3timo, mantendo os animais de estima\u00e7\u00e3o frescos e confort\u00e1veis durante o repouso ou o confinamento.<\/p>\n<\/li>\n<li class=\"\" data-start=\"345\" data-end=\"510\">\n<p class=\"\" data-start=\"348\" data-end=\"510\"><strong data-start=\"348\" data-end=\"368\">Acesso a duas portas<\/strong> - Possui uma porta frontal e uma porta lateral, facilitando o acesso e a limpeza por parte dos donos dos animais de estima\u00e7\u00e3o e oferecendo v\u00e1rios pontos de entrada para os animais.<\/p>\n<\/li>\n<li class=\"\" data-start=\"511\" data-end=\"663\">\n<p class=\"\" data-start=\"514\" data-end=\"663\"><strong data-start=\"514\" data-end=\"545\">Constru\u00e7\u00e3o em madeira dur\u00e1vel<\/strong> - Constru\u00edda com madeira de alta qualidade, esta gaiola oferece uma solu\u00e7\u00e3o robusta e duradoura para a conten\u00e7\u00e3o de animais de estima\u00e7\u00e3o no interior.<\/p>\n<\/li>\n<li class=\"\" data-start=\"664\" data-end=\"841\">\n<p class=\"\" data-start=\"667\" data-end=\"841\"><strong data-start=\"667\" data-end=\"708\">Perfeito para mercados B2B de mobili\u00e1rio para animais de estima\u00e7\u00e3o<\/strong> - Uma escolha de excel\u00eancia para os principais compradores que procuram gaiolas para c\u00e3es multifuncionais e visualmente apelativas para casa e para o com\u00e9rcio.<\/p>\n<\/li>\n<\/ul>","protected":false},"excerpt":{"rendered":"<p>Esta gaiola de madeira para c\u00e3es 2 em 1 combina um design de ripas abertas respir\u00e1veis com acesso por duas portas, servindo tanto como um compartimento seguro para animais de estima\u00e7\u00e3o como uma pe\u00e7a de mobili\u00e1rio elegante.<\/p>","protected":false},"featured_media":32874,"template":"","meta":{"_acf_changed":false},"product_brand":[],"product_cat":[52,72],"product_tag":[106],"class_list":{"0":"post-32868","1":"product","2":"type-product","3":"status-publish","4":"has-post-thumbnail","6":"product_cat-dog-crates-houses-pens","7":"product_cat-dog-supplies","8":"product_tag-dog-crates-houses-pens","10":"first","11":"instock","12":"shipping-taxable","13":"product-type-simple"},"acf":[],"yoast_head":"<!-- This site is optimized with the Yoast SEO plugin v27.1.1 - https:\/\/yoast.com\/product\/yoast-seo-wordpress\/ -->\n<title>Wooden Dog Cages | Pet Crates Manufacturer - Petstar<\/title>\n<meta name=\"description\" content=\"Explore Wooden Dog Cages from the best pet products supplier. Petstar is a global pet product manufacturer. Your ideal business solution with Petstar.\" \/>\n<meta name=\"robots\" content=\"index, follow, max-snippet:-1, max-image-preview:large, max-video-preview:-1\" \/>\n<link rel=\"canonical\" href=\"https:\/\/petproducts.com.cn\/pt\/produto\/wooden-dog-cages-2-in-1-pet-furniture-with-two-doors\/\" \/>\n<meta property=\"og:locale\" content=\"pt_PT\" \/>\n<meta property=\"og:type\" content=\"article\" \/>\n<meta property=\"og:title\" content=\"Wooden Dog Cages | Pet Crates Manufacturer - Petstar\" \/>\n<meta property=\"og:description\" content=\"Explore Wooden Dog Cages from the best pet products supplier. Petstar is a global pet product manufacturer. Your ideal business solution with Petstar.\" \/>\n<meta property=\"og:url\" content=\"https:\/\/petproducts.com.cn\/pt\/produto\/wooden-dog-cages-2-in-1-pet-furniture-with-two-doors\/\" \/>\n<meta property=\"og:site_name\" content=\"Petstar\" \/>\n<meta property=\"article:modified_time\" content=\"2025-04-14T08:35:52+00:00\" \/>\n<meta property=\"og:image\" content=\"https:\/\/petproducts.com.cn\/wp-content\/uploads\/2025\/04\/wooden-dog-cages.webp\" \/>\n\t<meta property=\"og:image:width\" content=\"1000\" \/>\n\t<meta property=\"og:image:height\" content=\"1000\" \/>\n\t<meta property=\"og:image:type\" content=\"image\/webp\" \/>\n<meta name=\"twitter:card\" content=\"summary_large_image\" \/>\n<meta name=\"twitter:label1\" content=\"Tempo estimado de leitura\" \/>\n\t<meta name=\"twitter:data1\" content=\"1 minuto\" \/>\n<script type=\"application\/ld+json\" class=\"yoast-schema-graph\">{\"@context\":\"https:\/\/schema.org\",\"@graph\":[{\"@type\":\"WebPage\",\"@id\":\"https:\/\/petproducts.com.cn\/product\/wooden-dog-cages-2-in-1-pet-furniture-with-two-doors\/\",\"url\":\"https:\/\/petproducts.com.cn\/product\/wooden-dog-cages-2-in-1-pet-furniture-with-two-doors\/\",\"name\":\"Wooden Dog Cages | Pet Crates Manufacturer - Petstar\",\"isPartOf\":{\"@id\":\"https:\/\/petproducts.com.cn\/#website\"},\"primaryImageOfPage\":{\"@id\":\"https:\/\/petproducts.com.cn\/product\/wooden-dog-cages-2-in-1-pet-furniture-with-two-doors\/#primaryimage\"},\"image\":{\"@id\":\"https:\/\/petproducts.com.cn\/product\/wooden-dog-cages-2-in-1-pet-furniture-with-two-doors\/#primaryimage\"},\"thumbnailUrl\":\"https:\/\/petproducts.com.cn\/wp-content\/uploads\/2025\/04\/wooden-dog-cages.webp\",\"datePublished\":\"2025-04-07T07:58:22+00:00\",\"dateModified\":\"2025-04-14T08:35:52+00:00\",\"description\":\"Explore Wooden Dog Cages from the best pet products supplier. Petstar is a global pet product manufacturer. Your ideal business solution with Petstar.\",\"breadcrumb\":{\"@id\":\"https:\/\/petproducts.com.cn\/product\/wooden-dog-cages-2-in-1-pet-furniture-with-two-doors\/#breadcrumb\"},\"inLanguage\":\"pt-PT\",\"potentialAction\":[{\"@type\":\"ReadAction\",\"target\":[\"https:\/\/petproducts.com.cn\/product\/wooden-dog-cages-2-in-1-pet-furniture-with-two-doors\/\"]}]},{\"@type\":\"ImageObject\",\"inLanguage\":\"pt-PT\",\"@id\":\"https:\/\/petproducts.com.cn\/product\/wooden-dog-cages-2-in-1-pet-furniture-with-two-doors\/#primaryimage\",\"url\":\"https:\/\/petproducts.com.cn\/wp-content\/uploads\/2025\/04\/wooden-dog-cages.webp\",\"contentUrl\":\"https:\/\/petproducts.com.cn\/wp-content\/uploads\/2025\/04\/wooden-dog-cages.webp\",\"width\":1000,\"height\":1000,\"caption\":\"wooden dog cages\"},{\"@type\":\"BreadcrumbList\",\"@id\":\"https:\/\/petproducts.com.cn\/product\/wooden-dog-cages-2-in-1-pet-furniture-with-two-doors\/#breadcrumb\",\"itemListElement\":[{\"@type\":\"ListItem\",\"position\":1,\"name\":\"HOME\",\"item\":\"https:\/\/petproducts.com.cn\/\"},{\"@type\":\"ListItem\",\"position\":2,\"name\":\"Products\",\"item\":\"https:\/\/petproducts.com.cn\/shop\/\"},{\"@type\":\"ListItem\",\"position\":3,\"name\":\"Dog Crates, Houses &amp; Pens\",\"item\":\"https:\/\/petproducts.com.cn\/product-category\/dog-crates-houses-pens\/\"},{\"@type\":\"ListItem\",\"position\":4,\"name\":\"Wooden Dog Cages 2 In 1 Pet Furniture with Two Doors\"}]},{\"@type\":\"WebSite\",\"@id\":\"https:\/\/petproducts.com.cn\/#website\",\"url\":\"https:\/\/petproducts.com.cn\/\",\"name\":\"Petstar\",\"description\":\"Leading Pet Supplies Manufacturer &amp; OEM Pet Products Supplier\",\"publisher\":{\"@id\":\"https:\/\/petproducts.com.cn\/#organization\"},\"alternateName\":\"Petstar Pet Supplies\",\"potentialAction\":[{\"@type\":\"SearchAction\",\"target\":{\"@type\":\"EntryPoint\",\"urlTemplate\":\"https:\/\/petproducts.com.cn\/?s={search_term_string}\"},\"query-input\":{\"@type\":\"PropertyValueSpecification\",\"valueRequired\":true,\"valueName\":\"search_term_string\"}}],\"inLanguage\":\"pt-PT\"},{\"@type\":\"Organization\",\"@id\":\"https:\/\/petproducts.com.cn\/#organization\",\"name\":\"Petstar\",\"url\":\"https:\/\/petproducts.com.cn\/\",\"logo\":{\"@type\":\"ImageObject\",\"inLanguage\":\"pt-PT\",\"@id\":\"https:\/\/petproducts.com.cn\/#\/schema\/logo\/image\/\",\"url\":\"https:\/\/petproducts.com.cn\/wp-content\/uploads\/2020\/02\/petstar-logo.webp\",\"contentUrl\":\"https:\/\/petproducts.com.cn\/wp-content\/uploads\/2020\/02\/petstar-logo.webp\",\"width\":779,\"height\":520,\"caption\":\"Petstar\"},\"image\":{\"@id\":\"https:\/\/petproducts.com.cn\/#\/schema\/logo\/image\/\"}}]}<\/script>\n<!-- \/ Yoast SEO plugin. -->","yoast_head_json":{"title":"Fabricante de gaiolas de madeira para c\u00e3es e animais de estima\u00e7\u00e3o - Petstar","description":"Explore Wooden Dog Cages do melhor fornecedor de produtos para animais de estima\u00e7\u00e3o. Petstar \u00e9 um fabricante global de produtos para animais de estima\u00e7\u00e3o. A sua solu\u00e7\u00e3o de neg\u00f3cio ideal com Petstar.","robots":{"index":"index","follow":"follow","max-snippet":"max-snippet:-1","max-image-preview":"max-image-preview:large","max-video-preview":"max-video-preview:-1"},"canonical":"https:\/\/petproducts.com.cn\/pt\/produto\/wooden-dog-cages-2-in-1-pet-furniture-with-two-doors\/","og_locale":"pt_PT","og_type":"article","og_title":"Wooden Dog Cages | Pet Crates Manufacturer - Petstar","og_description":"Explore Wooden Dog Cages from the best pet products supplier. Petstar is a global pet product manufacturer. Your ideal business solution with Petstar.","og_url":"https:\/\/petproducts.com.cn\/pt\/produto\/wooden-dog-cages-2-in-1-pet-furniture-with-two-doors\/","og_site_name":"Petstar","article_modified_time":"2025-04-14T08:35:52+00:00","og_image":[{"width":1000,"height":1000,"url":"https:\/\/petproducts.com.cn\/wp-content\/uploads\/2025\/04\/wooden-dog-cages.webp","type":"image\/webp"}],"twitter_card":"summary_large_image","twitter_misc":{"Tempo estimado de leitura":"1 minuto"},"schema":{"@context":"https:\/\/schema.org","@graph":[{"@type":"WebPage","@id":"https:\/\/petproducts.com.cn\/product\/wooden-dog-cages-2-in-1-pet-furniture-with-two-doors\/","url":"https:\/\/petproducts.com.cn\/product\/wooden-dog-cages-2-in-1-pet-furniture-with-two-doors\/","name":"Fabricante de gaiolas de madeira para c\u00e3es e animais de estima\u00e7\u00e3o - Petstar","isPartOf":{"@id":"https:\/\/petproducts.com.cn\/#website"},"primaryImageOfPage":{"@id":"https:\/\/petproducts.com.cn\/product\/wooden-dog-cages-2-in-1-pet-furniture-with-two-doors\/#primaryimage"},"image":{"@id":"https:\/\/petproducts.com.cn\/product\/wooden-dog-cages-2-in-1-pet-furniture-with-two-doors\/#primaryimage"},"thumbnailUrl":"https:\/\/petproducts.com.cn\/wp-content\/uploads\/2025\/04\/wooden-dog-cages.webp","datePublished":"2025-04-07T07:58:22+00:00","dateModified":"2025-04-14T08:35:52+00:00","description":"Explore Wooden Dog Cages do melhor fornecedor de produtos para animais de estima\u00e7\u00e3o. Petstar \u00e9 um fabricante global de produtos para animais de estima\u00e7\u00e3o. A sua solu\u00e7\u00e3o de neg\u00f3cio ideal com Petstar.","breadcrumb":{"@id":"https:\/\/petproducts.com.cn\/product\/wooden-dog-cages-2-in-1-pet-furniture-with-two-doors\/#breadcrumb"},"inLanguage":"pt-PT","potentialAction":[{"@type":"ReadAction","target":["https:\/\/petproducts.com.cn\/product\/wooden-dog-cages-2-in-1-pet-furniture-with-two-doors\/"]}]},{"@type":"ImageObject","inLanguage":"pt-PT","@id":"https:\/\/petproducts.com.cn\/product\/wooden-dog-cages-2-in-1-pet-furniture-with-two-doors\/#primaryimage","url":"https:\/\/petproducts.com.cn\/wp-content\/uploads\/2025\/04\/wooden-dog-cages.webp","contentUrl":"https:\/\/petproducts.com.cn\/wp-content\/uploads\/2025\/04\/wooden-dog-cages.webp","width":1000,"height":1000,"caption":"wooden dog cages"},{"@type":"BreadcrumbList","@id":"https:\/\/petproducts.com.cn\/product\/wooden-dog-cages-2-in-1-pet-furniture-with-two-doors\/#breadcrumb","itemListElement":[{"@type":"ListItem","position":1,"name":"HOME","item":"https:\/\/petproducts.com.cn\/"},{"@type":"ListItem","position":2,"name":"Products","item":"https:\/\/petproducts.com.cn\/shop\/"},{"@type":"ListItem","position":3,"name":"Dog Crates, Houses &amp; Pens","item":"https:\/\/petproducts.com.cn\/product-category\/dog-crates-houses-pens\/"},{"@type":"ListItem","position":4,"name":"Wooden Dog Cages 2 In 1 Pet Furniture with Two Doors"}]},{"@type":"WebSite","@id":"https:\/\/petproducts.com.cn\/#website","url":"https:\/\/petproducts.com.cn\/","name":"Petstar","description":"Fabricante l\u00edder de artigos para animais de estima\u00e7\u00e3o e fornecedor de produtos OEM para animais de estima\u00e7\u00e3o","publisher":{"@id":"https:\/\/petproducts.com.cn\/#organization"},"alternateName":"Petstar Pet Supplies","potentialAction":[{"@type":"SearchAction","target":{"@type":"EntryPoint","urlTemplate":"https:\/\/petproducts.com.cn\/?s={search_term_string}"},"query-input":{"@type":"PropertyValueSpecification","valueRequired":true,"valueName":"search_term_string"}}],"inLanguage":"pt-PT"},{"@type":"Organization","@id":"https:\/\/petproducts.com.cn\/#organization","name":"Petstar","url":"https:\/\/petproducts.com.cn\/","logo":{"@type":"ImageObject","inLanguage":"pt-PT","@id":"https:\/\/petproducts.com.cn\/#\/schema\/logo\/image\/","url":"https:\/\/petproducts.com.cn\/wp-content\/uploads\/2020\/02\/petstar-logo.webp","contentUrl":"https:\/\/petproducts.com.cn\/wp-content\/uploads\/2020\/02\/petstar-logo.webp","width":779,"height":520,"caption":"Petstar"},"image":{"@id":"https:\/\/petproducts.com.cn\/#\/schema\/logo\/image\/"}}]}},"_links":{"self":[{"href":"https:\/\/petproducts.com.cn\/pt\/wp-json\/wp\/v2\/product\/32868","targetHints":{"allow":["GET"]}}],"collection":[{"href":"https:\/\/petproducts.com.cn\/pt\/wp-json\/wp\/v2\/product"}],"about":[{"href":"https:\/\/petproducts.com.cn\/pt\/wp-json\/wp\/v2\/types\/product"}],"version-history":[{"count":2,"href":"https:\/\/petproducts.com.cn\/pt\/wp-json\/wp\/v2\/product\/32868\/revisions"}],"predecessor-version":[{"id":32876,"href":"https:\/\/petproducts.com.cn\/pt\/wp-json\/wp\/v2\/product\/32868\/revisions\/32876"}],"wp:featuredmedia":[{"embeddable":true,"href":"https:\/\/petproducts.com.cn\/pt\/wp-json\/wp\/v2\/media\/32874"}],"wp:attachment":[{"href":"https:\/\/petproducts.com.cn\/pt\/wp-json\/wp\/v2\/media?parent=32868"}],"wp:term":[{"taxonomy":"product_brand","embeddable":true,"href":"https:\/\/petproducts.com.cn\/pt\/wp-json\/wp\/v2\/product_brand?post=32868"},{"taxonomy":"product_cat","embeddable":true,"href":"https:\/\/petproducts.com.cn\/pt\/wp-json\/wp\/v2\/product_cat?post=32868"},{"taxonomy":"product_tag","embeddable":true,"href":"https:\/\/petproducts.com.cn\/pt\/wp-json\/wp\/v2\/product_tag?post=32868"}],"curies":[{"name":"wp","href":"https:\/\/api.w.org\/{rel}","templated":true}]}}