{"id":32877,"date":"2025-04-07T08:23:27","date_gmt":"2025-04-07T08:23:27","guid":{"rendered":"https:\/\/petproducts.com.cn\/?post_type=product&#038;p=32877"},"modified":"2025-04-14T08:34:11","modified_gmt":"2025-04-14T08:34:11","slug":"pet-crate-wooden-luxury-iron-custom-indoor-pet-house","status":"publish","type":"product","link":"https:\/\/petproducts.com.cn\/pt\/product\/pet-crate-wooden-luxury-iron-custom-indoor-pet-house\/","title":{"rendered":"Casinha para animais de estima\u00e7\u00e3o de madeira de luxo de ferro personalizada para interior"},"content":{"rendered":"<h2>Carater\u00edsticas da caixa de madeira para animais de estima\u00e7\u00e3o<\/h2>\n<ul>\n<li class=\"\" data-start=\"34\" data-end=\"212\">\n<p class=\"\" data-start=\"37\" data-end=\"212\"><strong data-start=\"37\" data-end=\"74\">Combina\u00e7\u00e3o de madeira e ferro de primeira qualidade<\/strong> - Este modelo de caixa de madeira para animais de estima\u00e7\u00e3o combina uma estrutura de ferro duradoura com elegantes pain\u00e9is de madeira, oferecendo resist\u00eancia e uma est\u00e9tica de luxo.<\/p>\n<\/li>\n<li data-start=\"216\" data-end=\"385\"><strong data-start=\"216\" data-end=\"255\">Design de porta \u00fanica com acesso f\u00e1cil<\/strong> - Equipado com uma \u00fanica porta frontal que proporciona uma entrada e sa\u00edda c\u00f3modas para os animais de estima\u00e7\u00e3o, garantindo simultaneamente a seguran\u00e7a e a conten\u00e7\u00e3o.<\/li>\n<li class=\"\" data-start=\"386\" data-end=\"559\">\n<p class=\"\" data-start=\"389\" data-end=\"559\"><strong data-start=\"389\" data-end=\"426\">Mobili\u00e1rio interior personaliz\u00e1vel para animais de estima\u00e7\u00e3o<\/strong> - Adapte o tamanho, a cor e os acabamentos dos materiais para satisfazer as exig\u00eancias espec\u00edficas dos seus clientes B2B e as prefer\u00eancias de decora\u00e7\u00e3o de interiores.<\/p>\n<\/li>\n<li class=\"\" data-start=\"560\" data-end=\"719\">\n<p class=\"\" data-start=\"563\" data-end=\"719\"><strong data-start=\"563\" data-end=\"597\">Ideal para espa\u00e7os de vida interiores<\/strong> - Esta caixa de transporte para animais de estima\u00e7\u00e3o funciona como uma elegante casa interior para animais de estima\u00e7\u00e3o, adaptando-se perfeitamente a ambientes dom\u00e9sticos modernos.<\/p>\n<\/li>\n<li class=\"\" data-start=\"720\" data-end=\"906\">\n<p class=\"\" data-start=\"723\" data-end=\"906\"><strong data-start=\"723\" data-end=\"765\">Direcionado para compradores de produtos para animais de estima\u00e7\u00e3o de primeira qualidade<\/strong> - Uma solu\u00e7\u00e3o elegante e sofisticada para os grandes compradores que procuram caixas de madeira para animais de estima\u00e7\u00e3o funcionais e modernas para as suas linhas de retalho ou de mobili\u00e1rio.<\/p>\n<\/li>\n<\/ul>","protected":false},"excerpt":{"rendered":"<p>Esta casota de madeira para animais de estima\u00e7\u00e3o combina pain\u00e9is de madeira luxuosos com uma estrutura de ferro robusta num design elegante de porta \u00fanica, tornando-a numa casa interior elegante e funcional para animais de estima\u00e7\u00e3o.<\/p>","protected":false},"featured_media":32883,"template":"","meta":{"_acf_changed":false},"product_brand":[],"product_cat":[52,72],"product_tag":[106],"class_list":{"0":"post-32877","1":"product","2":"type-product","3":"status-publish","4":"has-post-thumbnail","6":"product_cat-dog-crates-houses-pens","7":"product_cat-dog-supplies","8":"product_tag-dog-crates-houses-pens","10":"first","11":"instock","12":"shipping-taxable","13":"product-type-simple"},"acf":[],"yoast_head":"<!-- This site is optimized with the Yoast SEO plugin v27.1.1 - https:\/\/yoast.com\/product\/yoast-seo-wordpress\/ -->\n<title>Pet Crate Wooden | Pet Crates Manufacturer - Petstar<\/title>\n<meta name=\"description\" content=\"Explore Pet Crate Wooden from the best pet products supplier. Petstar is a global pet product manufacturer. Your ideal business solution with Petstar.\" \/>\n<meta name=\"robots\" content=\"index, follow, max-snippet:-1, max-image-preview:large, max-video-preview:-1\" \/>\n<link rel=\"canonical\" href=\"https:\/\/petproducts.com.cn\/pt\/produto\/pet-crate-wooden-luxury-iron-custom-indoor-pet-house\/\" \/>\n<meta property=\"og:locale\" content=\"pt_PT\" \/>\n<meta property=\"og:type\" content=\"article\" \/>\n<meta property=\"og:title\" content=\"Pet Crate Wooden | Pet Crates Manufacturer - Petstar\" \/>\n<meta property=\"og:description\" content=\"Explore Pet Crate Wooden from the best pet products supplier. Petstar is a global pet product manufacturer. Your ideal business solution with Petstar.\" \/>\n<meta property=\"og:url\" content=\"https:\/\/petproducts.com.cn\/pt\/produto\/pet-crate-wooden-luxury-iron-custom-indoor-pet-house\/\" \/>\n<meta property=\"og:site_name\" content=\"Petstar\" \/>\n<meta property=\"article:modified_time\" content=\"2025-04-14T08:34:11+00:00\" \/>\n<meta property=\"og:image\" content=\"https:\/\/petproducts.com.cn\/wp-content\/uploads\/2025\/04\/pet-crate-wooden.webp\" \/>\n\t<meta property=\"og:image:width\" content=\"1000\" \/>\n\t<meta property=\"og:image:height\" content=\"1000\" \/>\n\t<meta property=\"og:image:type\" content=\"image\/webp\" \/>\n<meta name=\"twitter:card\" content=\"summary_large_image\" \/>\n<meta name=\"twitter:label1\" content=\"Tempo estimado de leitura\" \/>\n\t<meta name=\"twitter:data1\" content=\"1 minuto\" \/>\n<script type=\"application\/ld+json\" class=\"yoast-schema-graph\">{\"@context\":\"https:\/\/schema.org\",\"@graph\":[{\"@type\":\"WebPage\",\"@id\":\"https:\/\/petproducts.com.cn\/product\/pet-crate-wooden-luxury-iron-custom-indoor-pet-house\/\",\"url\":\"https:\/\/petproducts.com.cn\/product\/pet-crate-wooden-luxury-iron-custom-indoor-pet-house\/\",\"name\":\"Pet Crate Wooden | Pet Crates Manufacturer - Petstar\",\"isPartOf\":{\"@id\":\"https:\/\/petproducts.com.cn\/#website\"},\"primaryImageOfPage\":{\"@id\":\"https:\/\/petproducts.com.cn\/product\/pet-crate-wooden-luxury-iron-custom-indoor-pet-house\/#primaryimage\"},\"image\":{\"@id\":\"https:\/\/petproducts.com.cn\/product\/pet-crate-wooden-luxury-iron-custom-indoor-pet-house\/#primaryimage\"},\"thumbnailUrl\":\"https:\/\/petproducts.com.cn\/wp-content\/uploads\/2025\/04\/pet-crate-wooden.webp\",\"datePublished\":\"2025-04-07T08:23:27+00:00\",\"dateModified\":\"2025-04-14T08:34:11+00:00\",\"description\":\"Explore Pet Crate Wooden from the best pet products supplier. Petstar is a global pet product manufacturer. Your ideal business solution with Petstar.\",\"breadcrumb\":{\"@id\":\"https:\/\/petproducts.com.cn\/product\/pet-crate-wooden-luxury-iron-custom-indoor-pet-house\/#breadcrumb\"},\"inLanguage\":\"pt-PT\",\"potentialAction\":[{\"@type\":\"ReadAction\",\"target\":[\"https:\/\/petproducts.com.cn\/product\/pet-crate-wooden-luxury-iron-custom-indoor-pet-house\/\"]}]},{\"@type\":\"ImageObject\",\"inLanguage\":\"pt-PT\",\"@id\":\"https:\/\/petproducts.com.cn\/product\/pet-crate-wooden-luxury-iron-custom-indoor-pet-house\/#primaryimage\",\"url\":\"https:\/\/petproducts.com.cn\/wp-content\/uploads\/2025\/04\/pet-crate-wooden.webp\",\"contentUrl\":\"https:\/\/petproducts.com.cn\/wp-content\/uploads\/2025\/04\/pet-crate-wooden.webp\",\"width\":1000,\"height\":1000,\"caption\":\"pet crate wooden\"},{\"@type\":\"BreadcrumbList\",\"@id\":\"https:\/\/petproducts.com.cn\/product\/pet-crate-wooden-luxury-iron-custom-indoor-pet-house\/#breadcrumb\",\"itemListElement\":[{\"@type\":\"ListItem\",\"position\":1,\"name\":\"HOME\",\"item\":\"https:\/\/petproducts.com.cn\/\"},{\"@type\":\"ListItem\",\"position\":2,\"name\":\"Products\",\"item\":\"https:\/\/petproducts.com.cn\/shop\/\"},{\"@type\":\"ListItem\",\"position\":3,\"name\":\"Dog Crates, Houses &amp; Pens\",\"item\":\"https:\/\/petproducts.com.cn\/product-category\/dog-crates-houses-pens\/\"},{\"@type\":\"ListItem\",\"position\":4,\"name\":\"Pet Crate Wooden Luxury Iron Custom Indoor Pet House\"}]},{\"@type\":\"WebSite\",\"@id\":\"https:\/\/petproducts.com.cn\/#website\",\"url\":\"https:\/\/petproducts.com.cn\/\",\"name\":\"Petstar\",\"description\":\"Leading Pet Supplies Manufacturer &amp; OEM Pet Products Supplier\",\"publisher\":{\"@id\":\"https:\/\/petproducts.com.cn\/#organization\"},\"alternateName\":\"Petstar Pet Supplies\",\"potentialAction\":[{\"@type\":\"SearchAction\",\"target\":{\"@type\":\"EntryPoint\",\"urlTemplate\":\"https:\/\/petproducts.com.cn\/?s={search_term_string}\"},\"query-input\":{\"@type\":\"PropertyValueSpecification\",\"valueRequired\":true,\"valueName\":\"search_term_string\"}}],\"inLanguage\":\"pt-PT\"},{\"@type\":\"Organization\",\"@id\":\"https:\/\/petproducts.com.cn\/#organization\",\"name\":\"Petstar\",\"url\":\"https:\/\/petproducts.com.cn\/\",\"logo\":{\"@type\":\"ImageObject\",\"inLanguage\":\"pt-PT\",\"@id\":\"https:\/\/petproducts.com.cn\/#\/schema\/logo\/image\/\",\"url\":\"https:\/\/petproducts.com.cn\/wp-content\/uploads\/2020\/02\/petstar-logo.webp\",\"contentUrl\":\"https:\/\/petproducts.com.cn\/wp-content\/uploads\/2020\/02\/petstar-logo.webp\",\"width\":779,\"height\":520,\"caption\":\"Petstar\"},\"image\":{\"@id\":\"https:\/\/petproducts.com.cn\/#\/schema\/logo\/image\/\"}}]}<\/script>\n<!-- \/ Yoast SEO plugin. -->","yoast_head_json":{"title":"Fabricante de caixas de madeira para animais de estima\u00e7\u00e3o - Petstar","description":"Explore Pet Crate Wooden do melhor fornecedor de produtos para animais de estima\u00e7\u00e3o. Petstar \u00e9 um fabricante global de produtos para animais de estima\u00e7\u00e3o. A sua solu\u00e7\u00e3o de neg\u00f3cio ideal com Petstar.","robots":{"index":"index","follow":"follow","max-snippet":"max-snippet:-1","max-image-preview":"max-image-preview:large","max-video-preview":"max-video-preview:-1"},"canonical":"https:\/\/petproducts.com.cn\/pt\/produto\/pet-crate-wooden-luxury-iron-custom-indoor-pet-house\/","og_locale":"pt_PT","og_type":"article","og_title":"Pet Crate Wooden | Pet Crates Manufacturer - Petstar","og_description":"Explore Pet Crate Wooden from the best pet products supplier. Petstar is a global pet product manufacturer. Your ideal business solution with Petstar.","og_url":"https:\/\/petproducts.com.cn\/pt\/produto\/pet-crate-wooden-luxury-iron-custom-indoor-pet-house\/","og_site_name":"Petstar","article_modified_time":"2025-04-14T08:34:11+00:00","og_image":[{"width":1000,"height":1000,"url":"https:\/\/petproducts.com.cn\/wp-content\/uploads\/2025\/04\/pet-crate-wooden.webp","type":"image\/webp"}],"twitter_card":"summary_large_image","twitter_misc":{"Tempo estimado de leitura":"1 minuto"},"schema":{"@context":"https:\/\/schema.org","@graph":[{"@type":"WebPage","@id":"https:\/\/petproducts.com.cn\/product\/pet-crate-wooden-luxury-iron-custom-indoor-pet-house\/","url":"https:\/\/petproducts.com.cn\/product\/pet-crate-wooden-luxury-iron-custom-indoor-pet-house\/","name":"Fabricante de caixas de madeira para animais de estima\u00e7\u00e3o - Petstar","isPartOf":{"@id":"https:\/\/petproducts.com.cn\/#website"},"primaryImageOfPage":{"@id":"https:\/\/petproducts.com.cn\/product\/pet-crate-wooden-luxury-iron-custom-indoor-pet-house\/#primaryimage"},"image":{"@id":"https:\/\/petproducts.com.cn\/product\/pet-crate-wooden-luxury-iron-custom-indoor-pet-house\/#primaryimage"},"thumbnailUrl":"https:\/\/petproducts.com.cn\/wp-content\/uploads\/2025\/04\/pet-crate-wooden.webp","datePublished":"2025-04-07T08:23:27+00:00","dateModified":"2025-04-14T08:34:11+00:00","description":"Explore Pet Crate Wooden do melhor fornecedor de produtos para animais de estima\u00e7\u00e3o. Petstar \u00e9 um fabricante global de produtos para animais de estima\u00e7\u00e3o. A sua solu\u00e7\u00e3o de neg\u00f3cio ideal com Petstar.","breadcrumb":{"@id":"https:\/\/petproducts.com.cn\/product\/pet-crate-wooden-luxury-iron-custom-indoor-pet-house\/#breadcrumb"},"inLanguage":"pt-PT","potentialAction":[{"@type":"ReadAction","target":["https:\/\/petproducts.com.cn\/product\/pet-crate-wooden-luxury-iron-custom-indoor-pet-house\/"]}]},{"@type":"ImageObject","inLanguage":"pt-PT","@id":"https:\/\/petproducts.com.cn\/product\/pet-crate-wooden-luxury-iron-custom-indoor-pet-house\/#primaryimage","url":"https:\/\/petproducts.com.cn\/wp-content\/uploads\/2025\/04\/pet-crate-wooden.webp","contentUrl":"https:\/\/petproducts.com.cn\/wp-content\/uploads\/2025\/04\/pet-crate-wooden.webp","width":1000,"height":1000,"caption":"pet crate wooden"},{"@type":"BreadcrumbList","@id":"https:\/\/petproducts.com.cn\/product\/pet-crate-wooden-luxury-iron-custom-indoor-pet-house\/#breadcrumb","itemListElement":[{"@type":"ListItem","position":1,"name":"HOME","item":"https:\/\/petproducts.com.cn\/"},{"@type":"ListItem","position":2,"name":"Products","item":"https:\/\/petproducts.com.cn\/shop\/"},{"@type":"ListItem","position":3,"name":"Dog Crates, Houses &amp; Pens","item":"https:\/\/petproducts.com.cn\/product-category\/dog-crates-houses-pens\/"},{"@type":"ListItem","position":4,"name":"Pet Crate Wooden Luxury Iron Custom Indoor Pet House"}]},{"@type":"WebSite","@id":"https:\/\/petproducts.com.cn\/#website","url":"https:\/\/petproducts.com.cn\/","name":"Petstar","description":"Fabricante l\u00edder de artigos para animais de estima\u00e7\u00e3o e fornecedor de produtos OEM para animais de estima\u00e7\u00e3o","publisher":{"@id":"https:\/\/petproducts.com.cn\/#organization"},"alternateName":"Petstar Pet Supplies","potentialAction":[{"@type":"SearchAction","target":{"@type":"EntryPoint","urlTemplate":"https:\/\/petproducts.com.cn\/?s={search_term_string}"},"query-input":{"@type":"PropertyValueSpecification","valueRequired":true,"valueName":"search_term_string"}}],"inLanguage":"pt-PT"},{"@type":"Organization","@id":"https:\/\/petproducts.com.cn\/#organization","name":"Petstar","url":"https:\/\/petproducts.com.cn\/","logo":{"@type":"ImageObject","inLanguage":"pt-PT","@id":"https:\/\/petproducts.com.cn\/#\/schema\/logo\/image\/","url":"https:\/\/petproducts.com.cn\/wp-content\/uploads\/2020\/02\/petstar-logo.webp","contentUrl":"https:\/\/petproducts.com.cn\/wp-content\/uploads\/2020\/02\/petstar-logo.webp","width":779,"height":520,"caption":"Petstar"},"image":{"@id":"https:\/\/petproducts.com.cn\/#\/schema\/logo\/image\/"}}]}},"_links":{"self":[{"href":"https:\/\/petproducts.com.cn\/pt\/wp-json\/wp\/v2\/product\/32877","targetHints":{"allow":["GET"]}}],"collection":[{"href":"https:\/\/petproducts.com.cn\/pt\/wp-json\/wp\/v2\/product"}],"about":[{"href":"https:\/\/petproducts.com.cn\/pt\/wp-json\/wp\/v2\/types\/product"}],"version-history":[{"count":1,"href":"https:\/\/petproducts.com.cn\/pt\/wp-json\/wp\/v2\/product\/32877\/revisions"}],"predecessor-version":[{"id":32884,"href":"https:\/\/petproducts.com.cn\/pt\/wp-json\/wp\/v2\/product\/32877\/revisions\/32884"}],"wp:featuredmedia":[{"embeddable":true,"href":"https:\/\/petproducts.com.cn\/pt\/wp-json\/wp\/v2\/media\/32883"}],"wp:attachment":[{"href":"https:\/\/petproducts.com.cn\/pt\/wp-json\/wp\/v2\/media?parent=32877"}],"wp:term":[{"taxonomy":"product_brand","embeddable":true,"href":"https:\/\/petproducts.com.cn\/pt\/wp-json\/wp\/v2\/product_brand?post=32877"},{"taxonomy":"product_cat","embeddable":true,"href":"https:\/\/petproducts.com.cn\/pt\/wp-json\/wp\/v2\/product_cat?post=32877"},{"taxonomy":"product_tag","embeddable":true,"href":"https:\/\/petproducts.com.cn\/pt\/wp-json\/wp\/v2\/product_tag?post=32877"}],"curies":[{"name":"wp","href":"https:\/\/api.w.org\/{rel}","templated":true}]}}