{"id":32893,"date":"2025-04-08T07:08:17","date_gmt":"2025-04-08T07:08:17","guid":{"rendered":"https:\/\/petproducts.com.cn\/?post_type=product&#038;p=32893"},"modified":"2025-04-14T08:33:10","modified_gmt":"2025-04-14T08:33:10","slug":"metal-dog-crate-single-door-foldable-removable-tray","status":"publish","type":"product","link":"https:\/\/petproducts.com.cn\/pt\/product\/metal-dog-crate-single-door-foldable-removable-tray\/","title":{"rendered":"Caixa de metal para c\u00e3es Porta \u00fanica Bandeja amov\u00edvel e dobr\u00e1vel"},"content":{"rendered":"<h2>Carater\u00edsticas da caixa de metal para c\u00e3es<\/h2>\n<ul data-start=\"111\" data-end=\"915\">\n<li class=\"\" data-start=\"111\" data-end=\"287\">\n<p class=\"\" data-start=\"114\" data-end=\"287\"><strong data-start=\"114\" data-end=\"144\">Constru\u00e7\u00e3o met\u00e1lica dur\u00e1vel<\/strong>. Esta casota met\u00e1lica para c\u00e3es \u00e9 constru\u00edda com arame resistente para uma durabilidade duradoura e um confinamento seguro, ideal para uma utiliza\u00e7\u00e3o comercial di\u00e1ria.<\/p>\n<\/li>\n<li class=\"\" data-start=\"288\" data-end=\"456\">\n<p class=\"\" data-start=\"291\" data-end=\"456\"><strong data-start=\"291\" data-end=\"323\">Design dobr\u00e1vel que poupa espa\u00e7o<\/strong>. Dobra-se facilmente para um armazenamento e transporte eficientes - perfeito para retalhistas ou distribuidores que necessitam de solu\u00e7\u00f5es de invent\u00e1rio compactas.<\/p>\n<\/li>\n<li class=\"\" data-start=\"457\" data-end=\"590\">\n<p class=\"\" data-start=\"460\" data-end=\"590\"><strong data-start=\"460\" data-end=\"485\">Tabuleiro inferior amov\u00edvel<\/strong>. Inclui um tabuleiro de pl\u00e1stico deslizante para uma limpeza sem complica\u00e7\u00f5es, mantendo a higiene com o m\u00ednimo esfor\u00e7o.<\/p>\n<\/li>\n<li class=\"\" data-start=\"591\" data-end=\"742\">\n<p class=\"\" data-start=\"594\" data-end=\"742\"><strong data-start=\"594\" data-end=\"626\">Porta simples segura com fechadura<\/strong>. Possui uma porta frontal \u00fanica com um sistema de fecho seguro, garantindo a seguran\u00e7a do animal de estima\u00e7\u00e3o durante o transporte ou o confinamento.<\/p>\n<\/li>\n<li class=\"\" data-start=\"743\" data-end=\"915\">\n<p class=\"\" data-start=\"746\" data-end=\"915\"><strong data-start=\"746\" data-end=\"777\">Dispon\u00edvel em v\u00e1rios tamanhos<\/strong>. Oferece v\u00e1rias op\u00e7\u00f5es de tamanho para acomodar c\u00e3es de todas as ra\u00e7as, tornando-a uma excelente op\u00e7\u00e3o de casota para c\u00e3es para diversas necessidades B2B.<\/p>\n<\/li>\n<\/ul>","protected":false},"excerpt":{"rendered":"<p>Esta gaiola met\u00e1lica para c\u00e3es tem um design dobr\u00e1vel, uma \u00fanica porta segura e um tabuleiro amov\u00edvel - combinando durabilidade e comodidade para um alojamento fi\u00e1vel dos animais de estima\u00e7\u00e3o.<\/p>","protected":false},"featured_media":32898,"template":"","meta":{"_acf_changed":false},"product_brand":[],"product_cat":[52,72],"product_tag":[106],"class_list":{"0":"post-32893","1":"product","2":"type-product","3":"status-publish","4":"has-post-thumbnail","6":"product_cat-dog-crates-houses-pens","7":"product_cat-dog-supplies","8":"product_tag-dog-crates-houses-pens","10":"first","11":"instock","12":"shipping-taxable","13":"product-type-simple"},"acf":[],"yoast_head":"<!-- This site is optimized with the Yoast SEO plugin v27.1.1 - https:\/\/yoast.com\/product\/yoast-seo-wordpress\/ -->\n<title>Metal Dog Crate | Pet Crates Manufacturer - Petstar<\/title>\n<meta name=\"description\" content=\"Explore Metal Dog Crate from the best pet products supplier. Petstar is a global pet product manufacturer. Your ideal business solution with Petstar.\" \/>\n<meta name=\"robots\" content=\"index, follow, max-snippet:-1, max-image-preview:large, max-video-preview:-1\" \/>\n<link rel=\"canonical\" href=\"https:\/\/petproducts.com.cn\/pt\/produto\/metal-dog-crate-single-door-foldable-removable-tray\/\" \/>\n<meta property=\"og:locale\" content=\"pt_PT\" \/>\n<meta property=\"og:type\" content=\"article\" \/>\n<meta property=\"og:title\" content=\"Metal Dog Crate | Pet Crates Manufacturer - Petstar\" \/>\n<meta property=\"og:description\" content=\"Explore Metal Dog Crate from the best pet products supplier. Petstar is a global pet product manufacturer. Your ideal business solution with Petstar.\" \/>\n<meta property=\"og:url\" content=\"https:\/\/petproducts.com.cn\/pt\/produto\/metal-dog-crate-single-door-foldable-removable-tray\/\" \/>\n<meta property=\"og:site_name\" content=\"Petstar\" \/>\n<meta property=\"article:modified_time\" content=\"2025-04-14T08:33:10+00:00\" \/>\n<meta property=\"og:image\" content=\"https:\/\/petproducts.com.cn\/wp-content\/uploads\/2025\/04\/metal-dog-crate.webp\" \/>\n\t<meta property=\"og:image:width\" content=\"1000\" \/>\n\t<meta property=\"og:image:height\" content=\"1000\" \/>\n\t<meta property=\"og:image:type\" content=\"image\/webp\" \/>\n<meta name=\"twitter:card\" content=\"summary_large_image\" \/>\n<meta name=\"twitter:label1\" content=\"Tempo estimado de leitura\" \/>\n\t<meta name=\"twitter:data1\" content=\"1 minuto\" \/>\n<script type=\"application\/ld+json\" class=\"yoast-schema-graph\">{\"@context\":\"https:\/\/schema.org\",\"@graph\":[{\"@type\":\"WebPage\",\"@id\":\"https:\/\/petproducts.com.cn\/product\/metal-dog-crate-single-door-foldable-removable-tray\/\",\"url\":\"https:\/\/petproducts.com.cn\/product\/metal-dog-crate-single-door-foldable-removable-tray\/\",\"name\":\"Metal Dog Crate | Pet Crates Manufacturer - Petstar\",\"isPartOf\":{\"@id\":\"https:\/\/petproducts.com.cn\/#website\"},\"primaryImageOfPage\":{\"@id\":\"https:\/\/petproducts.com.cn\/product\/metal-dog-crate-single-door-foldable-removable-tray\/#primaryimage\"},\"image\":{\"@id\":\"https:\/\/petproducts.com.cn\/product\/metal-dog-crate-single-door-foldable-removable-tray\/#primaryimage\"},\"thumbnailUrl\":\"https:\/\/petproducts.com.cn\/wp-content\/uploads\/2025\/04\/metal-dog-crate.webp\",\"datePublished\":\"2025-04-08T07:08:17+00:00\",\"dateModified\":\"2025-04-14T08:33:10+00:00\",\"description\":\"Explore Metal Dog Crate from the best pet products supplier. Petstar is a global pet product manufacturer. Your ideal business solution with Petstar.\",\"breadcrumb\":{\"@id\":\"https:\/\/petproducts.com.cn\/product\/metal-dog-crate-single-door-foldable-removable-tray\/#breadcrumb\"},\"inLanguage\":\"pt-PT\",\"potentialAction\":[{\"@type\":\"ReadAction\",\"target\":[\"https:\/\/petproducts.com.cn\/product\/metal-dog-crate-single-door-foldable-removable-tray\/\"]}]},{\"@type\":\"ImageObject\",\"inLanguage\":\"pt-PT\",\"@id\":\"https:\/\/petproducts.com.cn\/product\/metal-dog-crate-single-door-foldable-removable-tray\/#primaryimage\",\"url\":\"https:\/\/petproducts.com.cn\/wp-content\/uploads\/2025\/04\/metal-dog-crate.webp\",\"contentUrl\":\"https:\/\/petproducts.com.cn\/wp-content\/uploads\/2025\/04\/metal-dog-crate.webp\",\"width\":1000,\"height\":1000,\"caption\":\"metal dog crate\"},{\"@type\":\"BreadcrumbList\",\"@id\":\"https:\/\/petproducts.com.cn\/product\/metal-dog-crate-single-door-foldable-removable-tray\/#breadcrumb\",\"itemListElement\":[{\"@type\":\"ListItem\",\"position\":1,\"name\":\"HOME\",\"item\":\"https:\/\/petproducts.com.cn\/\"},{\"@type\":\"ListItem\",\"position\":2,\"name\":\"Products\",\"item\":\"https:\/\/petproducts.com.cn\/shop\/\"},{\"@type\":\"ListItem\",\"position\":3,\"name\":\"Dog Crates, Houses &amp; Pens\",\"item\":\"https:\/\/petproducts.com.cn\/product-category\/dog-crates-houses-pens\/\"},{\"@type\":\"ListItem\",\"position\":4,\"name\":\"Metal Dog Crate Single Door Foldable Removable Tray\"}]},{\"@type\":\"WebSite\",\"@id\":\"https:\/\/petproducts.com.cn\/#website\",\"url\":\"https:\/\/petproducts.com.cn\/\",\"name\":\"Petstar\",\"description\":\"Leading Pet Supplies Manufacturer &amp; OEM Pet Products Supplier\",\"publisher\":{\"@id\":\"https:\/\/petproducts.com.cn\/#organization\"},\"alternateName\":\"Petstar Pet Supplies\",\"potentialAction\":[{\"@type\":\"SearchAction\",\"target\":{\"@type\":\"EntryPoint\",\"urlTemplate\":\"https:\/\/petproducts.com.cn\/?s={search_term_string}\"},\"query-input\":{\"@type\":\"PropertyValueSpecification\",\"valueRequired\":true,\"valueName\":\"search_term_string\"}}],\"inLanguage\":\"pt-PT\"},{\"@type\":\"Organization\",\"@id\":\"https:\/\/petproducts.com.cn\/#organization\",\"name\":\"Petstar\",\"url\":\"https:\/\/petproducts.com.cn\/\",\"logo\":{\"@type\":\"ImageObject\",\"inLanguage\":\"pt-PT\",\"@id\":\"https:\/\/petproducts.com.cn\/#\/schema\/logo\/image\/\",\"url\":\"https:\/\/petproducts.com.cn\/wp-content\/uploads\/2020\/02\/petstar-logo.webp\",\"contentUrl\":\"https:\/\/petproducts.com.cn\/wp-content\/uploads\/2020\/02\/petstar-logo.webp\",\"width\":779,\"height\":520,\"caption\":\"Petstar\"},\"image\":{\"@id\":\"https:\/\/petproducts.com.cn\/#\/schema\/logo\/image\/\"}}]}<\/script>\n<!-- \/ Yoast SEO plugin. -->","yoast_head_json":{"title":"Caixa met\u00e1lica para c\u00e3es | Fabricante de caixas para animais de estima\u00e7\u00e3o - Petstar","description":"Explore a caixa de metal para c\u00e3es do melhor fornecedor de produtos para animais de estima\u00e7\u00e3o. Petstar \u00e9 um fabricante global de produtos para animais de estima\u00e7\u00e3o. A sua solu\u00e7\u00e3o de neg\u00f3cio ideal com Petstar.","robots":{"index":"index","follow":"follow","max-snippet":"max-snippet:-1","max-image-preview":"max-image-preview:large","max-video-preview":"max-video-preview:-1"},"canonical":"https:\/\/petproducts.com.cn\/pt\/produto\/metal-dog-crate-single-door-foldable-removable-tray\/","og_locale":"pt_PT","og_type":"article","og_title":"Metal Dog Crate | Pet Crates Manufacturer - Petstar","og_description":"Explore Metal Dog Crate from the best pet products supplier. Petstar is a global pet product manufacturer. Your ideal business solution with Petstar.","og_url":"https:\/\/petproducts.com.cn\/pt\/produto\/metal-dog-crate-single-door-foldable-removable-tray\/","og_site_name":"Petstar","article_modified_time":"2025-04-14T08:33:10+00:00","og_image":[{"width":1000,"height":1000,"url":"https:\/\/petproducts.com.cn\/wp-content\/uploads\/2025\/04\/metal-dog-crate.webp","type":"image\/webp"}],"twitter_card":"summary_large_image","twitter_misc":{"Tempo estimado de leitura":"1 minuto"},"schema":{"@context":"https:\/\/schema.org","@graph":[{"@type":"WebPage","@id":"https:\/\/petproducts.com.cn\/product\/metal-dog-crate-single-door-foldable-removable-tray\/","url":"https:\/\/petproducts.com.cn\/product\/metal-dog-crate-single-door-foldable-removable-tray\/","name":"Caixa met\u00e1lica para c\u00e3es | Fabricante de caixas para animais de estima\u00e7\u00e3o - Petstar","isPartOf":{"@id":"https:\/\/petproducts.com.cn\/#website"},"primaryImageOfPage":{"@id":"https:\/\/petproducts.com.cn\/product\/metal-dog-crate-single-door-foldable-removable-tray\/#primaryimage"},"image":{"@id":"https:\/\/petproducts.com.cn\/product\/metal-dog-crate-single-door-foldable-removable-tray\/#primaryimage"},"thumbnailUrl":"https:\/\/petproducts.com.cn\/wp-content\/uploads\/2025\/04\/metal-dog-crate.webp","datePublished":"2025-04-08T07:08:17+00:00","dateModified":"2025-04-14T08:33:10+00:00","description":"Explore a caixa de metal para c\u00e3es do melhor fornecedor de produtos para animais de estima\u00e7\u00e3o. Petstar \u00e9 um fabricante global de produtos para animais de estima\u00e7\u00e3o. A sua solu\u00e7\u00e3o de neg\u00f3cio ideal com Petstar.","breadcrumb":{"@id":"https:\/\/petproducts.com.cn\/product\/metal-dog-crate-single-door-foldable-removable-tray\/#breadcrumb"},"inLanguage":"pt-PT","potentialAction":[{"@type":"ReadAction","target":["https:\/\/petproducts.com.cn\/product\/metal-dog-crate-single-door-foldable-removable-tray\/"]}]},{"@type":"ImageObject","inLanguage":"pt-PT","@id":"https:\/\/petproducts.com.cn\/product\/metal-dog-crate-single-door-foldable-removable-tray\/#primaryimage","url":"https:\/\/petproducts.com.cn\/wp-content\/uploads\/2025\/04\/metal-dog-crate.webp","contentUrl":"https:\/\/petproducts.com.cn\/wp-content\/uploads\/2025\/04\/metal-dog-crate.webp","width":1000,"height":1000,"caption":"metal dog crate"},{"@type":"BreadcrumbList","@id":"https:\/\/petproducts.com.cn\/product\/metal-dog-crate-single-door-foldable-removable-tray\/#breadcrumb","itemListElement":[{"@type":"ListItem","position":1,"name":"HOME","item":"https:\/\/petproducts.com.cn\/"},{"@type":"ListItem","position":2,"name":"Products","item":"https:\/\/petproducts.com.cn\/shop\/"},{"@type":"ListItem","position":3,"name":"Dog Crates, Houses &amp; Pens","item":"https:\/\/petproducts.com.cn\/product-category\/dog-crates-houses-pens\/"},{"@type":"ListItem","position":4,"name":"Metal Dog Crate Single Door Foldable Removable Tray"}]},{"@type":"WebSite","@id":"https:\/\/petproducts.com.cn\/#website","url":"https:\/\/petproducts.com.cn\/","name":"Petstar","description":"Fabricante l\u00edder de artigos para animais de estima\u00e7\u00e3o e fornecedor de produtos OEM para animais de estima\u00e7\u00e3o","publisher":{"@id":"https:\/\/petproducts.com.cn\/#organization"},"alternateName":"Petstar Pet Supplies","potentialAction":[{"@type":"SearchAction","target":{"@type":"EntryPoint","urlTemplate":"https:\/\/petproducts.com.cn\/?s={search_term_string}"},"query-input":{"@type":"PropertyValueSpecification","valueRequired":true,"valueName":"search_term_string"}}],"inLanguage":"pt-PT"},{"@type":"Organization","@id":"https:\/\/petproducts.com.cn\/#organization","name":"Petstar","url":"https:\/\/petproducts.com.cn\/","logo":{"@type":"ImageObject","inLanguage":"pt-PT","@id":"https:\/\/petproducts.com.cn\/#\/schema\/logo\/image\/","url":"https:\/\/petproducts.com.cn\/wp-content\/uploads\/2020\/02\/petstar-logo.webp","contentUrl":"https:\/\/petproducts.com.cn\/wp-content\/uploads\/2020\/02\/petstar-logo.webp","width":779,"height":520,"caption":"Petstar"},"image":{"@id":"https:\/\/petproducts.com.cn\/#\/schema\/logo\/image\/"}}]}},"_links":{"self":[{"href":"https:\/\/petproducts.com.cn\/pt\/wp-json\/wp\/v2\/product\/32893","targetHints":{"allow":["GET"]}}],"collection":[{"href":"https:\/\/petproducts.com.cn\/pt\/wp-json\/wp\/v2\/product"}],"about":[{"href":"https:\/\/petproducts.com.cn\/pt\/wp-json\/wp\/v2\/types\/product"}],"version-history":[{"count":1,"href":"https:\/\/petproducts.com.cn\/pt\/wp-json\/wp\/v2\/product\/32893\/revisions"}],"predecessor-version":[{"id":32899,"href":"https:\/\/petproducts.com.cn\/pt\/wp-json\/wp\/v2\/product\/32893\/revisions\/32899"}],"wp:featuredmedia":[{"embeddable":true,"href":"https:\/\/petproducts.com.cn\/pt\/wp-json\/wp\/v2\/media\/32898"}],"wp:attachment":[{"href":"https:\/\/petproducts.com.cn\/pt\/wp-json\/wp\/v2\/media?parent=32893"}],"wp:term":[{"taxonomy":"product_brand","embeddable":true,"href":"https:\/\/petproducts.com.cn\/pt\/wp-json\/wp\/v2\/product_brand?post=32893"},{"taxonomy":"product_cat","embeddable":true,"href":"https:\/\/petproducts.com.cn\/pt\/wp-json\/wp\/v2\/product_cat?post=32893"},{"taxonomy":"product_tag","embeddable":true,"href":"https:\/\/petproducts.com.cn\/pt\/wp-json\/wp\/v2\/product_tag?post=32893"}],"curies":[{"name":"wp","href":"https:\/\/api.w.org\/{rel}","templated":true}]}}