{"id":33106,"date":"2025-04-24T06:03:45","date_gmt":"2025-04-24T06:03:45","guid":{"rendered":"https:\/\/petproducts.com.cn\/?post_type=product&#038;p=33106"},"modified":"2025-04-24T06:23:41","modified_gmt":"2025-04-24T06:23:41","slug":"hanging-hamster-bed-small-animal-cage-round-sleeping-bed","status":"publish","type":"product","link":"https:\/\/petproducts.com.cn\/pt\/product\/hanging-hamster-bed-small-animal-cage-round-sleeping-bed\/","title":{"rendered":"Cama suspensa para hamster Gaiola para animais pequenos Cama de dormir redonda"},"content":{"rendered":"<h2>Carater\u00edsticas da cama suspensa para hamster<\/h2>\n<ul>\n<li class=\"\" data-start=\"114\" data-end=\"281\">\n<p class=\"\" data-start=\"117\" data-end=\"281\"><strong data-start=\"117\" data-end=\"143\">Design dur\u00e1vel para pendurar<\/strong> - Esta cama de hamster suspensa possui fortes tiras de pl\u00e1stico e ganchos de metal, garantindo uma suspens\u00e3o segura dentro de qualquer gaiola de animais pequenos.<\/p>\n<\/li>\n<li class=\"\" data-start=\"282\" data-end=\"440\">\n<p class=\"\" data-start=\"285\" data-end=\"440\"><strong data-start=\"285\" data-end=\"316\">Forma redonda eficiente em termos de espa\u00e7o<\/strong> - O design circular almofadado maximiza o conforto, adaptando-se facilmente aos ambientes da gaiola sem ocupar espa\u00e7o extra.<\/p>\n<\/li>\n<li class=\"\" data-start=\"441\" data-end=\"589\">\n<p class=\"\" data-start=\"444\" data-end=\"589\"><strong data-start=\"444\" data-end=\"476\">Superf\u00edcie de dormir confort\u00e1vel<\/strong> - A base macia e almofadada oferece uma \u00e1rea de repouso acolhedora, ideal para hamsters, ratos, gerbos e outros pequenos animais de estima\u00e7\u00e3o.<\/p>\n<\/li>\n<li class=\"\" data-start=\"590\" data-end=\"720\">\n<p class=\"\" data-start=\"593\" data-end=\"720\"><strong data-start=\"593\" data-end=\"614\">Instala\u00e7\u00e3o f\u00e1cil<\/strong> - As tiras de pl\u00e1stico suspensas com clipes met\u00e1licos facilitam a fixa\u00e7\u00e3o ou o reposicionamento da cama conforme necess\u00e1rio.<\/p>\n<\/li>\n<li class=\"\" data-start=\"721\" data-end=\"880\">\n<p class=\"\" data-start=\"724\" data-end=\"880\"><strong data-start=\"724\" data-end=\"756\">Personaliz\u00e1vel para encomendas em massa<\/strong> - Ideal para grossistas e distribuidores que procuram etiquetas privadas ou cores e tecidos personalizados para linhas de roupa de cama para animais de estima\u00e7\u00e3o.<\/p>\n<\/li>\n<li class=\"\" data-start=\"881\" data-end=\"1028\">\n<p class=\"\" data-start=\"884\" data-end=\"1028\"><strong data-start=\"884\" data-end=\"909\">Lav\u00e1vel e reutiliz\u00e1vel<\/strong> - Concebidos para utiliza\u00e7\u00e3o di\u00e1ria, os materiais s\u00e3o f\u00e1ceis de limpar e manter, ajudando os compradores B2B a reduzir as devolu\u00e7\u00f5es de clientes.<\/p>\n<\/li>\n<\/ul>","protected":false},"excerpt":{"rendered":"<p>Esta cama de hamster suspensa tem uma almofada redonda macia, tiras de pl\u00e1stico dur\u00e1veis e ganchos de metal resistentes - perfeita para um descanso confort\u00e1vel em qualquer gaiola de animais pequenos.<\/p>","protected":false},"featured_media":33110,"template":"","meta":{"_acf_changed":false},"product_brand":[],"product_cat":[158,156],"product_tag":[160],"class_list":{"0":"post-33106","1":"product","2":"type-product","3":"status-publish","4":"has-post-thumbnail","6":"product_cat-other-animal-supplies","7":"product_cat-small-animal-supplies","8":"product_tag-small-animal-supplies","10":"first","11":"instock","12":"shipping-taxable","13":"product-type-simple"},"acf":[],"yoast_head":"<!-- This site is optimized with the Yoast SEO plugin v27.1.1 - https:\/\/yoast.com\/product\/yoast-seo-wordpress\/ -->\n<title>Hanging Hamster Bed | Hamster Beds Manufacturer - Petstar<\/title>\n<meta name=\"description\" content=\"Explore Hanging Hamster Bed from the pet products supplier. Petstar is a global pet products manufacturer. Your ideal business solution with Petstar.\" \/>\n<meta name=\"robots\" content=\"index, follow, max-snippet:-1, max-image-preview:large, max-video-preview:-1\" \/>\n<link rel=\"canonical\" href=\"https:\/\/petproducts.com.cn\/pt\/produto\/hanging-hamster-bed-small-animal-cage-round-sleeping-bed\/\" \/>\n<meta property=\"og:locale\" content=\"pt_PT\" \/>\n<meta property=\"og:type\" content=\"article\" \/>\n<meta property=\"og:title\" content=\"Hanging Hamster Bed | Hamster Beds Manufacturer - Petstar\" \/>\n<meta property=\"og:description\" content=\"Explore Hanging Hamster Bed from the pet products supplier. Petstar is a global pet products manufacturer. Your ideal business solution with Petstar.\" \/>\n<meta property=\"og:url\" content=\"https:\/\/petproducts.com.cn\/pt\/produto\/hanging-hamster-bed-small-animal-cage-round-sleeping-bed\/\" \/>\n<meta property=\"og:site_name\" content=\"Petstar\" \/>\n<meta property=\"article:modified_time\" content=\"2025-04-24T06:23:41+00:00\" \/>\n<meta property=\"og:image\" content=\"https:\/\/petproducts.com.cn\/wp-content\/uploads\/2025\/04\/hanging-hamster-bed.webp\" \/>\n\t<meta property=\"og:image:width\" content=\"1000\" \/>\n\t<meta property=\"og:image:height\" content=\"1000\" \/>\n\t<meta property=\"og:image:type\" content=\"image\/webp\" \/>\n<meta name=\"twitter:card\" content=\"summary_large_image\" \/>\n<meta name=\"twitter:label1\" content=\"Tempo estimado de leitura\" \/>\n\t<meta name=\"twitter:data1\" content=\"1 minuto\" \/>\n<script type=\"application\/ld+json\" class=\"yoast-schema-graph\">{\"@context\":\"https:\/\/schema.org\",\"@graph\":[{\"@type\":\"WebPage\",\"@id\":\"https:\/\/petproducts.com.cn\/product\/hanging-hamster-bed-small-animal-cage-round-sleeping-bed\/\",\"url\":\"https:\/\/petproducts.com.cn\/product\/hanging-hamster-bed-small-animal-cage-round-sleeping-bed\/\",\"name\":\"Hanging Hamster Bed | Hamster Beds Manufacturer - Petstar\",\"isPartOf\":{\"@id\":\"https:\/\/petproducts.com.cn\/#website\"},\"primaryImageOfPage\":{\"@id\":\"https:\/\/petproducts.com.cn\/product\/hanging-hamster-bed-small-animal-cage-round-sleeping-bed\/#primaryimage\"},\"image\":{\"@id\":\"https:\/\/petproducts.com.cn\/product\/hanging-hamster-bed-small-animal-cage-round-sleeping-bed\/#primaryimage\"},\"thumbnailUrl\":\"https:\/\/petproducts.com.cn\/wp-content\/uploads\/2025\/04\/hanging-hamster-bed.webp\",\"datePublished\":\"2025-04-24T06:03:45+00:00\",\"dateModified\":\"2025-04-24T06:23:41+00:00\",\"description\":\"Explore Hanging Hamster Bed from the pet products supplier. Petstar is a global pet products manufacturer. Your ideal business solution with Petstar.\",\"breadcrumb\":{\"@id\":\"https:\/\/petproducts.com.cn\/product\/hanging-hamster-bed-small-animal-cage-round-sleeping-bed\/#breadcrumb\"},\"inLanguage\":\"pt-PT\",\"potentialAction\":[{\"@type\":\"ReadAction\",\"target\":[\"https:\/\/petproducts.com.cn\/product\/hanging-hamster-bed-small-animal-cage-round-sleeping-bed\/\"]}]},{\"@type\":\"ImageObject\",\"inLanguage\":\"pt-PT\",\"@id\":\"https:\/\/petproducts.com.cn\/product\/hanging-hamster-bed-small-animal-cage-round-sleeping-bed\/#primaryimage\",\"url\":\"https:\/\/petproducts.com.cn\/wp-content\/uploads\/2025\/04\/hanging-hamster-bed.webp\",\"contentUrl\":\"https:\/\/petproducts.com.cn\/wp-content\/uploads\/2025\/04\/hanging-hamster-bed.webp\",\"width\":1000,\"height\":1000,\"caption\":\"hanging hamster bed\"},{\"@type\":\"BreadcrumbList\",\"@id\":\"https:\/\/petproducts.com.cn\/product\/hanging-hamster-bed-small-animal-cage-round-sleeping-bed\/#breadcrumb\",\"itemListElement\":[{\"@type\":\"ListItem\",\"position\":1,\"name\":\"HOME\",\"item\":\"https:\/\/petproducts.com.cn\/\"},{\"@type\":\"ListItem\",\"position\":2,\"name\":\"Products\",\"item\":\"https:\/\/petproducts.com.cn\/shop\/\"},{\"@type\":\"ListItem\",\"position\":3,\"name\":\"Small Animal Supplies\",\"item\":\"https:\/\/petproducts.com.cn\/product-category\/small-animal-supplies\/\"},{\"@type\":\"ListItem\",\"position\":4,\"name\":\"Hanging Hamster Bed Small Animal Cage Round Sleeping Bed\"}]},{\"@type\":\"WebSite\",\"@id\":\"https:\/\/petproducts.com.cn\/#website\",\"url\":\"https:\/\/petproducts.com.cn\/\",\"name\":\"Petstar\",\"description\":\"Leading Pet Supplies Manufacturer &amp; OEM Pet Products Supplier\",\"publisher\":{\"@id\":\"https:\/\/petproducts.com.cn\/#organization\"},\"alternateName\":\"Petstar Pet Supplies\",\"potentialAction\":[{\"@type\":\"SearchAction\",\"target\":{\"@type\":\"EntryPoint\",\"urlTemplate\":\"https:\/\/petproducts.com.cn\/?s={search_term_string}\"},\"query-input\":{\"@type\":\"PropertyValueSpecification\",\"valueRequired\":true,\"valueName\":\"search_term_string\"}}],\"inLanguage\":\"pt-PT\"},{\"@type\":\"Organization\",\"@id\":\"https:\/\/petproducts.com.cn\/#organization\",\"name\":\"Petstar\",\"url\":\"https:\/\/petproducts.com.cn\/\",\"logo\":{\"@type\":\"ImageObject\",\"inLanguage\":\"pt-PT\",\"@id\":\"https:\/\/petproducts.com.cn\/#\/schema\/logo\/image\/\",\"url\":\"https:\/\/petproducts.com.cn\/wp-content\/uploads\/2020\/02\/petstar-logo.webp\",\"contentUrl\":\"https:\/\/petproducts.com.cn\/wp-content\/uploads\/2020\/02\/petstar-logo.webp\",\"width\":779,\"height\":520,\"caption\":\"Petstar\"},\"image\":{\"@id\":\"https:\/\/petproducts.com.cn\/#\/schema\/logo\/image\/\"}}]}<\/script>\n<!-- \/ Yoast SEO plugin. -->","yoast_head_json":{"title":"Cama suspensa para hamster | Camas para hamster Fabricante - Petstar","description":"Explore Cama suspensa para hamster do fornecedor de produtos para animais de estima\u00e7\u00e3o. Petstar \u00e9 um fabricante global de produtos para animais de estima\u00e7\u00e3o. A sua solu\u00e7\u00e3o de neg\u00f3cio ideal com Petstar.","robots":{"index":"index","follow":"follow","max-snippet":"max-snippet:-1","max-image-preview":"max-image-preview:large","max-video-preview":"max-video-preview:-1"},"canonical":"https:\/\/petproducts.com.cn\/pt\/produto\/hanging-hamster-bed-small-animal-cage-round-sleeping-bed\/","og_locale":"pt_PT","og_type":"article","og_title":"Hanging Hamster Bed | Hamster Beds Manufacturer - Petstar","og_description":"Explore Hanging Hamster Bed from the pet products supplier. Petstar is a global pet products manufacturer. Your ideal business solution with Petstar.","og_url":"https:\/\/petproducts.com.cn\/pt\/produto\/hanging-hamster-bed-small-animal-cage-round-sleeping-bed\/","og_site_name":"Petstar","article_modified_time":"2025-04-24T06:23:41+00:00","og_image":[{"width":1000,"height":1000,"url":"https:\/\/petproducts.com.cn\/wp-content\/uploads\/2025\/04\/hanging-hamster-bed.webp","type":"image\/webp"}],"twitter_card":"summary_large_image","twitter_misc":{"Tempo estimado de leitura":"1 minuto"},"schema":{"@context":"https:\/\/schema.org","@graph":[{"@type":"WebPage","@id":"https:\/\/petproducts.com.cn\/product\/hanging-hamster-bed-small-animal-cage-round-sleeping-bed\/","url":"https:\/\/petproducts.com.cn\/product\/hanging-hamster-bed-small-animal-cage-round-sleeping-bed\/","name":"Cama suspensa para hamster | Camas para hamster Fabricante - Petstar","isPartOf":{"@id":"https:\/\/petproducts.com.cn\/#website"},"primaryImageOfPage":{"@id":"https:\/\/petproducts.com.cn\/product\/hanging-hamster-bed-small-animal-cage-round-sleeping-bed\/#primaryimage"},"image":{"@id":"https:\/\/petproducts.com.cn\/product\/hanging-hamster-bed-small-animal-cage-round-sleeping-bed\/#primaryimage"},"thumbnailUrl":"https:\/\/petproducts.com.cn\/wp-content\/uploads\/2025\/04\/hanging-hamster-bed.webp","datePublished":"2025-04-24T06:03:45+00:00","dateModified":"2025-04-24T06:23:41+00:00","description":"Explore Cama suspensa para hamster do fornecedor de produtos para animais de estima\u00e7\u00e3o. Petstar \u00e9 um fabricante global de produtos para animais de estima\u00e7\u00e3o. A sua solu\u00e7\u00e3o de neg\u00f3cio ideal com Petstar.","breadcrumb":{"@id":"https:\/\/petproducts.com.cn\/product\/hanging-hamster-bed-small-animal-cage-round-sleeping-bed\/#breadcrumb"},"inLanguage":"pt-PT","potentialAction":[{"@type":"ReadAction","target":["https:\/\/petproducts.com.cn\/product\/hanging-hamster-bed-small-animal-cage-round-sleeping-bed\/"]}]},{"@type":"ImageObject","inLanguage":"pt-PT","@id":"https:\/\/petproducts.com.cn\/product\/hanging-hamster-bed-small-animal-cage-round-sleeping-bed\/#primaryimage","url":"https:\/\/petproducts.com.cn\/wp-content\/uploads\/2025\/04\/hanging-hamster-bed.webp","contentUrl":"https:\/\/petproducts.com.cn\/wp-content\/uploads\/2025\/04\/hanging-hamster-bed.webp","width":1000,"height":1000,"caption":"hanging hamster bed"},{"@type":"BreadcrumbList","@id":"https:\/\/petproducts.com.cn\/product\/hanging-hamster-bed-small-animal-cage-round-sleeping-bed\/#breadcrumb","itemListElement":[{"@type":"ListItem","position":1,"name":"HOME","item":"https:\/\/petproducts.com.cn\/"},{"@type":"ListItem","position":2,"name":"Products","item":"https:\/\/petproducts.com.cn\/shop\/"},{"@type":"ListItem","position":3,"name":"Small Animal Supplies","item":"https:\/\/petproducts.com.cn\/product-category\/small-animal-supplies\/"},{"@type":"ListItem","position":4,"name":"Hanging Hamster Bed Small Animal Cage Round Sleeping Bed"}]},{"@type":"WebSite","@id":"https:\/\/petproducts.com.cn\/#website","url":"https:\/\/petproducts.com.cn\/","name":"Petstar","description":"Fabricante l\u00edder de artigos para animais de estima\u00e7\u00e3o e fornecedor de produtos OEM para animais de estima\u00e7\u00e3o","publisher":{"@id":"https:\/\/petproducts.com.cn\/#organization"},"alternateName":"Petstar Pet Supplies","potentialAction":[{"@type":"SearchAction","target":{"@type":"EntryPoint","urlTemplate":"https:\/\/petproducts.com.cn\/?s={search_term_string}"},"query-input":{"@type":"PropertyValueSpecification","valueRequired":true,"valueName":"search_term_string"}}],"inLanguage":"pt-PT"},{"@type":"Organization","@id":"https:\/\/petproducts.com.cn\/#organization","name":"Petstar","url":"https:\/\/petproducts.com.cn\/","logo":{"@type":"ImageObject","inLanguage":"pt-PT","@id":"https:\/\/petproducts.com.cn\/#\/schema\/logo\/image\/","url":"https:\/\/petproducts.com.cn\/wp-content\/uploads\/2020\/02\/petstar-logo.webp","contentUrl":"https:\/\/petproducts.com.cn\/wp-content\/uploads\/2020\/02\/petstar-logo.webp","width":779,"height":520,"caption":"Petstar"},"image":{"@id":"https:\/\/petproducts.com.cn\/#\/schema\/logo\/image\/"}}]}},"_links":{"self":[{"href":"https:\/\/petproducts.com.cn\/pt\/wp-json\/wp\/v2\/product\/33106","targetHints":{"allow":["GET"]}}],"collection":[{"href":"https:\/\/petproducts.com.cn\/pt\/wp-json\/wp\/v2\/product"}],"about":[{"href":"https:\/\/petproducts.com.cn\/pt\/wp-json\/wp\/v2\/types\/product"}],"version-history":[{"count":1,"href":"https:\/\/petproducts.com.cn\/pt\/wp-json\/wp\/v2\/product\/33106\/revisions"}],"predecessor-version":[{"id":33111,"href":"https:\/\/petproducts.com.cn\/pt\/wp-json\/wp\/v2\/product\/33106\/revisions\/33111"}],"wp:featuredmedia":[{"embeddable":true,"href":"https:\/\/petproducts.com.cn\/pt\/wp-json\/wp\/v2\/media\/33110"}],"wp:attachment":[{"href":"https:\/\/petproducts.com.cn\/pt\/wp-json\/wp\/v2\/media?parent=33106"}],"wp:term":[{"taxonomy":"product_brand","embeddable":true,"href":"https:\/\/petproducts.com.cn\/pt\/wp-json\/wp\/v2\/product_brand?post=33106"},{"taxonomy":"product_cat","embeddable":true,"href":"https:\/\/petproducts.com.cn\/pt\/wp-json\/wp\/v2\/product_cat?post=33106"},{"taxonomy":"product_tag","embeddable":true,"href":"https:\/\/petproducts.com.cn\/pt\/wp-json\/wp\/v2\/product_tag?post=33106"}],"curies":[{"name":"wp","href":"https:\/\/api.w.org\/{rel}","templated":true}]}}