{"id":33179,"date":"2025-05-15T09:21:15","date_gmt":"2025-05-15T09:21:15","guid":{"rendered":"https:\/\/petproducts.com.cn\/?post_type=product&#038;p=33179"},"modified":"2025-05-15T09:30:11","modified_gmt":"2025-05-15T09:30:11","slug":"pet-plush-mat-supplier-recycled-material-soft-dog-mat","status":"publish","type":"product","link":"https:\/\/petproducts.com.cn\/pt\/product\/pet-plush-mat-supplier-recycled-material-soft-dog-mat\/","title":{"rendered":"Tapete de pel\u00facia para animais de estima\u00e7\u00e3o Fornecedor de material reciclado Tapete macio para c\u00e3es"},"content":{"rendered":"<h2>Carater\u00edsticas do fornecedor de tapetes de pel\u00facia para animais de estima\u00e7\u00e3o<\/h2>\n<ul>\n<li class=\"\" data-start=\"200\" data-end=\"412\">\n<p class=\"\" data-start=\"203\" data-end=\"412\"><strong data-start=\"203\" data-end=\"240\">Materiais ecol\u00f3gicos e reciclados.<\/strong>\u00a0Como fornecedor profissional de tapetes de pel\u00facia para animais de estima\u00e7\u00e3o, oferecemos tapetes feitos de tecido reciclado sustent\u00e1vel, atendendo \u00e0 crescente demanda por produtos para animais de estima\u00e7\u00e3o ambientalmente respons\u00e1veis.<\/p>\n<\/li>\n<li class=\"\" data-start=\"413\" data-end=\"561\">\n<p class=\"\" data-start=\"416\" data-end=\"561\"><strong data-start=\"416\" data-end=\"440\">Usabilidade de dupla face<\/strong>. Concebida com um lado de pel\u00facia e uma alternativa respir\u00e1vel, proporcionando conforto durante todo o ano e uma vida \u00fatil prolongada do produto.<\/p>\n<\/li>\n<li class=\"\" data-start=\"562\" data-end=\"712\">\n<p class=\"\" data-start=\"565\" data-end=\"712\"><strong data-start=\"565\" data-end=\"588\">Textura suave e acolhedora<\/strong>. A superf\u00edcie luxuosamente macia torna-o ideal para c\u00e3es de todos os tamanhos, aumentando o conforto dos animais de estima\u00e7\u00e3o e elevando a sua linha de produtos.<\/p>\n<\/li>\n<li class=\"\" data-start=\"713\" data-end=\"850\">\n<p class=\"\" data-start=\"716\" data-end=\"850\"><strong data-start=\"716\" data-end=\"743\">Design lav\u00e1vel na m\u00e1quina<\/strong>. F\u00e1cil de limpar e manter, o que o torna uma op\u00e7\u00e3o conveniente e higi\u00e9nica para os donos de animais de estima\u00e7\u00e3o e compradores a granel.<\/p>\n<\/li>\n<li class=\"\" data-start=\"851\" data-end=\"978\">\n<p class=\"\" data-start=\"854\" data-end=\"978\"><strong data-start=\"854\" data-end=\"880\">Op\u00e7\u00f5es de cores m\u00faltiplas<\/strong>. Dispon\u00edvel em v\u00e1rias cores atractivas para se adaptar \u00e0s diferentes prefer\u00eancias dos clientes e decora\u00e7\u00f5es de casa.<\/p>\n<\/li>\n<li class=\"\" data-start=\"979\" data-end=\"1135\">\n<p class=\"\" data-start=\"982\" data-end=\"1135\"><strong data-start=\"982\" data-end=\"1005\">Casos de utiliza\u00e7\u00e3o vers\u00e1teis<\/strong>. Pode ser utilizado como forro de caixa, tapete de viagem ou cama aut\u00f3noma - expandindo os cen\u00e1rios de aplica\u00e7\u00e3o e o potencial de vendas do seu produto.<\/p>\n<\/li>\n<\/ul>\n<p style=\"text-align: center;\"><em><strong>F<\/strong><\/em><em><strong>ou mais <a href=\"https:\/\/petproducts.com.cn\/pt\/wholesale-dog-beds\/\">c\u00e3o\u00a0<\/a><\/strong><\/em><em><strong><a href=\"https:\/\/petproducts.com.cn\/pt\/wholesale-dog-beds\/\">camas<\/a> &amp; <a href=\"https:\/\/petproducts.com.cn\/pt\/wholesale-cat-beds\/\">camas para gatos<\/a>, por favor <a href=\"https:\/\/petproducts.com.cn\/pt\/contactar-nos\/\">Contate-nos<\/a>!<\/strong><\/em><\/p>","protected":false},"excerpt":{"rendered":"<p>Como fornecedor de confian\u00e7a de tapetes de pel\u00facia para animais de estima\u00e7\u00e3o, oferecemos um tapete para c\u00e3es lav\u00e1vel, de dupla face e ecol\u00f3gico, feito de materiais reciclados e dispon\u00edvel em v\u00e1rias cores para uma utiliza\u00e7\u00e3o vers\u00e1til.<\/p>","protected":false},"featured_media":33184,"template":"","meta":{"_acf_changed":false},"product_brand":[],"product_cat":[58,71,57,72],"product_tag":[241],"class_list":{"0":"post-33179","1":"product","2":"type-product","3":"status-publish","4":"has-post-thumbnail","6":"product_cat-cat-beds","7":"product_cat-cat-supplies","8":"product_cat-dog-beds","9":"product_cat-dog-supplies","10":"product_tag-recycled-pet-beds","12":"first","13":"instock","14":"shipping-taxable","15":"product-type-simple"},"acf":[],"yoast_head":"<!-- This site is optimized with the Yoast SEO plugin v27.1.1 - https:\/\/yoast.com\/product\/yoast-seo-wordpress\/ -->\n<title>Pet Plush Mat Supplier | Pet Beds Manufacturer - Petstar<\/title>\n<meta name=\"description\" content=\"Explore Pet Plush Mat Supplier from the best pet products supplier. Petstar is a global pet products manufacturer. Your ideal business solution with Petstar.\" \/>\n<meta name=\"robots\" content=\"index, follow, max-snippet:-1, max-image-preview:large, max-video-preview:-1\" \/>\n<link rel=\"canonical\" href=\"https:\/\/petproducts.com.cn\/pt\/produto\/pet-plush-mat-supplier-recycled-material-soft-dog-mat\/\" \/>\n<meta property=\"og:locale\" content=\"pt_PT\" \/>\n<meta property=\"og:type\" content=\"article\" \/>\n<meta property=\"og:title\" content=\"Pet Plush Mat Supplier | Pet Beds Manufacturer - Petstar\" \/>\n<meta property=\"og:description\" content=\"Explore Pet Plush Mat Supplier from the best pet products supplier. Petstar is a global pet products manufacturer. Your ideal business solution with Petstar.\" \/>\n<meta property=\"og:url\" content=\"https:\/\/petproducts.com.cn\/pt\/produto\/pet-plush-mat-supplier-recycled-material-soft-dog-mat\/\" \/>\n<meta property=\"og:site_name\" content=\"Petstar\" \/>\n<meta property=\"article:modified_time\" content=\"2025-05-15T09:30:11+00:00\" \/>\n<meta property=\"og:image\" content=\"https:\/\/petproducts.com.cn\/wp-content\/uploads\/2025\/05\/pet-plush-mat-supplier.webp\" \/>\n\t<meta property=\"og:image:width\" content=\"1000\" \/>\n\t<meta property=\"og:image:height\" content=\"1000\" \/>\n\t<meta property=\"og:image:type\" content=\"image\/webp\" \/>\n<meta name=\"twitter:card\" content=\"summary_large_image\" \/>\n<meta name=\"twitter:label1\" content=\"Tempo estimado de leitura\" \/>\n\t<meta name=\"twitter:data1\" content=\"1 minuto\" \/>\n<script type=\"application\/ld+json\" class=\"yoast-schema-graph\">{\"@context\":\"https:\/\/schema.org\",\"@graph\":[{\"@type\":\"WebPage\",\"@id\":\"https:\/\/petproducts.com.cn\/product\/pet-plush-mat-supplier-recycled-material-soft-dog-mat\/\",\"url\":\"https:\/\/petproducts.com.cn\/product\/pet-plush-mat-supplier-recycled-material-soft-dog-mat\/\",\"name\":\"Pet Plush Mat Supplier | Pet Beds Manufacturer - Petstar\",\"isPartOf\":{\"@id\":\"https:\/\/petproducts.com.cn\/#website\"},\"primaryImageOfPage\":{\"@id\":\"https:\/\/petproducts.com.cn\/product\/pet-plush-mat-supplier-recycled-material-soft-dog-mat\/#primaryimage\"},\"image\":{\"@id\":\"https:\/\/petproducts.com.cn\/product\/pet-plush-mat-supplier-recycled-material-soft-dog-mat\/#primaryimage\"},\"thumbnailUrl\":\"https:\/\/petproducts.com.cn\/wp-content\/uploads\/2025\/05\/pet-plush-mat-supplier.webp\",\"datePublished\":\"2025-05-15T09:21:15+00:00\",\"dateModified\":\"2025-05-15T09:30:11+00:00\",\"description\":\"Explore Pet Plush Mat Supplier from the best pet products supplier. Petstar is a global pet products manufacturer. Your ideal business solution with Petstar.\",\"breadcrumb\":{\"@id\":\"https:\/\/petproducts.com.cn\/product\/pet-plush-mat-supplier-recycled-material-soft-dog-mat\/#breadcrumb\"},\"inLanguage\":\"pt-PT\",\"potentialAction\":[{\"@type\":\"ReadAction\",\"target\":[\"https:\/\/petproducts.com.cn\/product\/pet-plush-mat-supplier-recycled-material-soft-dog-mat\/\"]}]},{\"@type\":\"ImageObject\",\"inLanguage\":\"pt-PT\",\"@id\":\"https:\/\/petproducts.com.cn\/product\/pet-plush-mat-supplier-recycled-material-soft-dog-mat\/#primaryimage\",\"url\":\"https:\/\/petproducts.com.cn\/wp-content\/uploads\/2025\/05\/pet-plush-mat-supplier.webp\",\"contentUrl\":\"https:\/\/petproducts.com.cn\/wp-content\/uploads\/2025\/05\/pet-plush-mat-supplier.webp\",\"width\":1000,\"height\":1000,\"caption\":\"pet plush mat supplier\"},{\"@type\":\"BreadcrumbList\",\"@id\":\"https:\/\/petproducts.com.cn\/product\/pet-plush-mat-supplier-recycled-material-soft-dog-mat\/#breadcrumb\",\"itemListElement\":[{\"@type\":\"ListItem\",\"position\":1,\"name\":\"HOME\",\"item\":\"https:\/\/petproducts.com.cn\/\"},{\"@type\":\"ListItem\",\"position\":2,\"name\":\"Products\",\"item\":\"https:\/\/petproducts.com.cn\/shop\/\"},{\"@type\":\"ListItem\",\"position\":3,\"name\":\"Dog Beds\",\"item\":\"https:\/\/petproducts.com.cn\/product-category\/dog-beds\/\"},{\"@type\":\"ListItem\",\"position\":4,\"name\":\"Pet Plush Mat Supplier Recycled Material Soft Dog Mat\"}]},{\"@type\":\"WebSite\",\"@id\":\"https:\/\/petproducts.com.cn\/#website\",\"url\":\"https:\/\/petproducts.com.cn\/\",\"name\":\"Petstar\",\"description\":\"Leading Pet Supplies Manufacturer &amp; OEM Pet Products Supplier\",\"publisher\":{\"@id\":\"https:\/\/petproducts.com.cn\/#organization\"},\"alternateName\":\"Petstar Pet Supplies\",\"potentialAction\":[{\"@type\":\"SearchAction\",\"target\":{\"@type\":\"EntryPoint\",\"urlTemplate\":\"https:\/\/petproducts.com.cn\/?s={search_term_string}\"},\"query-input\":{\"@type\":\"PropertyValueSpecification\",\"valueRequired\":true,\"valueName\":\"search_term_string\"}}],\"inLanguage\":\"pt-PT\"},{\"@type\":\"Organization\",\"@id\":\"https:\/\/petproducts.com.cn\/#organization\",\"name\":\"Petstar\",\"url\":\"https:\/\/petproducts.com.cn\/\",\"logo\":{\"@type\":\"ImageObject\",\"inLanguage\":\"pt-PT\",\"@id\":\"https:\/\/petproducts.com.cn\/#\/schema\/logo\/image\/\",\"url\":\"https:\/\/petproducts.com.cn\/wp-content\/uploads\/2020\/02\/petstar-logo.webp\",\"contentUrl\":\"https:\/\/petproducts.com.cn\/wp-content\/uploads\/2020\/02\/petstar-logo.webp\",\"width\":779,\"height\":520,\"caption\":\"Petstar\"},\"image\":{\"@id\":\"https:\/\/petproducts.com.cn\/#\/schema\/logo\/image\/\"}}]}<\/script>\n<!-- \/ Yoast SEO plugin. -->","yoast_head_json":{"title":"Fornecedor de tapetes de peluche para animais de estima\u00e7\u00e3o | Fabricante de camas para animais de estima\u00e7\u00e3o - Petstar","description":"Explore o fornecedor de tapete de pel\u00facia para animais de estima\u00e7\u00e3o do melhor fornecedor de produtos para animais de estima\u00e7\u00e3o. Petstar \u00e9 um fabricante global de produtos para animais de estima\u00e7\u00e3o. A sua solu\u00e7\u00e3o de neg\u00f3cio ideal com Petstar.","robots":{"index":"index","follow":"follow","max-snippet":"max-snippet:-1","max-image-preview":"max-image-preview:large","max-video-preview":"max-video-preview:-1"},"canonical":"https:\/\/petproducts.com.cn\/pt\/produto\/pet-plush-mat-supplier-recycled-material-soft-dog-mat\/","og_locale":"pt_PT","og_type":"article","og_title":"Pet Plush Mat Supplier | Pet Beds Manufacturer - Petstar","og_description":"Explore Pet Plush Mat Supplier from the best pet products supplier. Petstar is a global pet products manufacturer. Your ideal business solution with Petstar.","og_url":"https:\/\/petproducts.com.cn\/pt\/produto\/pet-plush-mat-supplier-recycled-material-soft-dog-mat\/","og_site_name":"Petstar","article_modified_time":"2025-05-15T09:30:11+00:00","og_image":[{"width":1000,"height":1000,"url":"https:\/\/petproducts.com.cn\/wp-content\/uploads\/2025\/05\/pet-plush-mat-supplier.webp","type":"image\/webp"}],"twitter_card":"summary_large_image","twitter_misc":{"Tempo estimado de leitura":"1 minuto"},"schema":{"@context":"https:\/\/schema.org","@graph":[{"@type":"WebPage","@id":"https:\/\/petproducts.com.cn\/product\/pet-plush-mat-supplier-recycled-material-soft-dog-mat\/","url":"https:\/\/petproducts.com.cn\/product\/pet-plush-mat-supplier-recycled-material-soft-dog-mat\/","name":"Fornecedor de tapetes de peluche para animais de estima\u00e7\u00e3o | Fabricante de camas para animais de estima\u00e7\u00e3o - Petstar","isPartOf":{"@id":"https:\/\/petproducts.com.cn\/#website"},"primaryImageOfPage":{"@id":"https:\/\/petproducts.com.cn\/product\/pet-plush-mat-supplier-recycled-material-soft-dog-mat\/#primaryimage"},"image":{"@id":"https:\/\/petproducts.com.cn\/product\/pet-plush-mat-supplier-recycled-material-soft-dog-mat\/#primaryimage"},"thumbnailUrl":"https:\/\/petproducts.com.cn\/wp-content\/uploads\/2025\/05\/pet-plush-mat-supplier.webp","datePublished":"2025-05-15T09:21:15+00:00","dateModified":"2025-05-15T09:30:11+00:00","description":"Explore o fornecedor de tapete de pel\u00facia para animais de estima\u00e7\u00e3o do melhor fornecedor de produtos para animais de estima\u00e7\u00e3o. Petstar \u00e9 um fabricante global de produtos para animais de estima\u00e7\u00e3o. A sua solu\u00e7\u00e3o de neg\u00f3cio ideal com Petstar.","breadcrumb":{"@id":"https:\/\/petproducts.com.cn\/product\/pet-plush-mat-supplier-recycled-material-soft-dog-mat\/#breadcrumb"},"inLanguage":"pt-PT","potentialAction":[{"@type":"ReadAction","target":["https:\/\/petproducts.com.cn\/product\/pet-plush-mat-supplier-recycled-material-soft-dog-mat\/"]}]},{"@type":"ImageObject","inLanguage":"pt-PT","@id":"https:\/\/petproducts.com.cn\/product\/pet-plush-mat-supplier-recycled-material-soft-dog-mat\/#primaryimage","url":"https:\/\/petproducts.com.cn\/wp-content\/uploads\/2025\/05\/pet-plush-mat-supplier.webp","contentUrl":"https:\/\/petproducts.com.cn\/wp-content\/uploads\/2025\/05\/pet-plush-mat-supplier.webp","width":1000,"height":1000,"caption":"pet plush mat supplier"},{"@type":"BreadcrumbList","@id":"https:\/\/petproducts.com.cn\/product\/pet-plush-mat-supplier-recycled-material-soft-dog-mat\/#breadcrumb","itemListElement":[{"@type":"ListItem","position":1,"name":"HOME","item":"https:\/\/petproducts.com.cn\/"},{"@type":"ListItem","position":2,"name":"Products","item":"https:\/\/petproducts.com.cn\/shop\/"},{"@type":"ListItem","position":3,"name":"Dog Beds","item":"https:\/\/petproducts.com.cn\/product-category\/dog-beds\/"},{"@type":"ListItem","position":4,"name":"Pet Plush Mat Supplier Recycled Material Soft Dog Mat"}]},{"@type":"WebSite","@id":"https:\/\/petproducts.com.cn\/#website","url":"https:\/\/petproducts.com.cn\/","name":"Petstar","description":"Fabricante l\u00edder de artigos para animais de estima\u00e7\u00e3o e fornecedor de produtos OEM para animais de estima\u00e7\u00e3o","publisher":{"@id":"https:\/\/petproducts.com.cn\/#organization"},"alternateName":"Petstar Pet Supplies","potentialAction":[{"@type":"SearchAction","target":{"@type":"EntryPoint","urlTemplate":"https:\/\/petproducts.com.cn\/?s={search_term_string}"},"query-input":{"@type":"PropertyValueSpecification","valueRequired":true,"valueName":"search_term_string"}}],"inLanguage":"pt-PT"},{"@type":"Organization","@id":"https:\/\/petproducts.com.cn\/#organization","name":"Petstar","url":"https:\/\/petproducts.com.cn\/","logo":{"@type":"ImageObject","inLanguage":"pt-PT","@id":"https:\/\/petproducts.com.cn\/#\/schema\/logo\/image\/","url":"https:\/\/petproducts.com.cn\/wp-content\/uploads\/2020\/02\/petstar-logo.webp","contentUrl":"https:\/\/petproducts.com.cn\/wp-content\/uploads\/2020\/02\/petstar-logo.webp","width":779,"height":520,"caption":"Petstar"},"image":{"@id":"https:\/\/petproducts.com.cn\/#\/schema\/logo\/image\/"}}]}},"_links":{"self":[{"href":"https:\/\/petproducts.com.cn\/pt\/wp-json\/wp\/v2\/product\/33179","targetHints":{"allow":["GET"]}}],"collection":[{"href":"https:\/\/petproducts.com.cn\/pt\/wp-json\/wp\/v2\/product"}],"about":[{"href":"https:\/\/petproducts.com.cn\/pt\/wp-json\/wp\/v2\/types\/product"}],"version-history":[{"count":1,"href":"https:\/\/petproducts.com.cn\/pt\/wp-json\/wp\/v2\/product\/33179\/revisions"}],"predecessor-version":[{"id":33186,"href":"https:\/\/petproducts.com.cn\/pt\/wp-json\/wp\/v2\/product\/33179\/revisions\/33186"}],"wp:featuredmedia":[{"embeddable":true,"href":"https:\/\/petproducts.com.cn\/pt\/wp-json\/wp\/v2\/media\/33184"}],"wp:attachment":[{"href":"https:\/\/petproducts.com.cn\/pt\/wp-json\/wp\/v2\/media?parent=33179"}],"wp:term":[{"taxonomy":"product_brand","embeddable":true,"href":"https:\/\/petproducts.com.cn\/pt\/wp-json\/wp\/v2\/product_brand?post=33179"},{"taxonomy":"product_cat","embeddable":true,"href":"https:\/\/petproducts.com.cn\/pt\/wp-json\/wp\/v2\/product_cat?post=33179"},{"taxonomy":"product_tag","embeddable":true,"href":"https:\/\/petproducts.com.cn\/pt\/wp-json\/wp\/v2\/product_tag?post=33179"}],"curies":[{"name":"wp","href":"https:\/\/api.w.org\/{rel}","templated":true}]}}