{"id":35061,"date":"2025-12-15T01:32:23","date_gmt":"2025-12-15T01:32:23","guid":{"rendered":"https:\/\/petproducts.com.cn\/?post_type=product&#038;p=35061"},"modified":"2025-12-18T09:11:26","modified_gmt":"2025-12-18T09:11:26","slug":"cat-trees-with-hammock-cream-colored-design-adjustable-diy-cat-tree","status":"publish","type":"product","link":"https:\/\/petproducts.com.cn\/pt\/product\/cat-trees-with-hammock-cream-colored-design-adjustable-diy-cat-tree\/","title":{"rendered":"\u00c1rvores para gatos com rede Design em cor creme \u00c1rvore para gatos ajust\u00e1vel"},"content":{"rendered":"<h2>Carater\u00edsticas das \u00c1rvores para gatos com rede<\/h2>\n<ul>\n<li data-start=\"269\" data-end=\"394\">\n<p data-start=\"272\" data-end=\"394\"><strong data-start=\"272\" data-end=\"298\">Design rotativo e ajust\u00e1vel para uma coloca\u00e7\u00e3o flex\u00edvel<\/strong> - A Cat Trees with Hammock permite m\u00faltiplas combina\u00e7\u00f5es de disposi\u00e7\u00e3o, permitindo aos retalhistas apresentar estruturas ajust\u00e1veis que se adaptam a v\u00e1rios ambientes dom\u00e9sticos e aumentar o apelo do consumidor.<\/p>\n<\/li>\n<li data-start=\"395\" data-end=\"499\">\n<p data-start=\"398\" data-end=\"499\"><strong data-start=\"398\" data-end=\"430\">O visual moderno em cor de creme eleva a integra\u00e7\u00e3o dom\u00e9stica<\/strong> - A paleta de creme suave alinha-se com a tend\u00eancia do \u201cestilo moderno cremoso\u201d, tornando o produto f\u00e1cil de posicionar em fotografias de estilo de vida e atrativo para clientes preocupados com a decora\u00e7\u00e3o.<\/p>\n<\/li>\n<li data-start=\"500\" data-end=\"595\">\n<p data-start=\"503\" data-end=\"595\"><strong data-start=\"503\" data-end=\"530\">Esconderijo acolhedor com arranhador em forma de janela<\/strong> - A parte inferior do condom\u00ednio inclui uma superf\u00edcie \u00fanica para co\u00e7ar em forma de janela, aumentando o valor funcional e incentivando o comportamento natural de co\u00e7ar.<\/p>\n<\/li>\n<li data-start=\"596\" data-end=\"682\">\n<p data-start=\"599\" data-end=\"682\"><strong data-start=\"599\" data-end=\"621\">Rede confort\u00e1vel para descansar em seguran\u00e7a<\/strong> - Uma rede macia e suspensa oferece um local de descanso convidativo, apelando aos donos de animais que pretendem carater\u00edsticas centradas no conforto numa \u00e1rvore para gatos com rede de v\u00e1rios n\u00edveis.<\/p>\n<\/li>\n<li><strong data-start=\"599\" data-end=\"621\">Os postes m\u00faltiplos de sisal protegem o mobili\u00e1rio dom\u00e9stico<\/strong> - Equipado com v\u00e1rios postes de arranhar de sisal que ajudam a redirecionar o comportamento de arranhar para longe de sof\u00e1s e tapetes - pontos de venda fortes no retalho.<\/li>\n<li data-start=\"784\" data-end=\"895\" data-is-last-node=\"\">\n<p data-start=\"787\" data-end=\"895\" data-is-last-node=\"\"><strong data-start=\"787\" data-end=\"811\">OEM\/ODM personaliz\u00e1vel para v\u00e1rias necessidades do mercado<\/strong> - Oferecendo op\u00e7\u00f5es flex\u00edveis em termos de cores, materiais, combina\u00e7\u00f5es de texturas e embalagens, ajudando as marcas a adaptarem-se \u00e0s necessidades de branding ou \u00e0s prefer\u00eancias regionais dos consumidores e a alcan\u00e7arem a diferencia\u00e7\u00e3o B2B.<\/p>\n<\/li>\n<\/ul>\n<p style=\"text-align: center;\"><em><strong>Para mais informa\u00e7\u00f5es <a href=\"https:\/\/petproducts.com.cn\/pt\/wholesale-cat-trees\/\">\u00e1rvores de gato<\/a><\/strong><\/em><em><strong>, por favor <a href=\"https:\/\/petproducts.com.cn\/pt\/contactar-nos\/\">Contate-nos<\/a>!<\/strong><\/em><\/p>","protected":false},"excerpt":{"rendered":"<p>Uma \u00e1rvore para gatos de cor creme com rede, com layout ajust\u00e1vel e girat\u00f3rio, estrutura de brincar com v\u00e1rios n\u00edveis, esconderijo aconchegante com placa para arranhar em estilo janela e v\u00e1rios postes de sisal para um design funcional e adequado para m\u00f3veis.<\/p>","protected":false},"featured_media":35067,"template":"","meta":{"_acf_changed":false},"product_brand":[],"product_cat":[71,47],"product_tag":[206],"class_list":{"0":"post-35061","1":"product","2":"type-product","3":"status-publish","4":"has-post-thumbnail","6":"product_cat-cat-supplies","7":"product_cat-cat-trees-furniture","8":"product_tag-cat-trees","10":"first","11":"instock","12":"shipping-taxable","13":"product-type-simple"},"acf":[],"yoast_head":"<!-- This site is optimized with the Yoast SEO plugin v27.1.1 - https:\/\/yoast.com\/product\/yoast-seo-wordpress\/ -->\n<title>Cat Trees with Hammock | Cat Tree Manufacturer - Petstar<\/title>\n<meta name=\"description\" content=\"Explore Cat Trees with Hammock from pet products supplier. Petstar is a global pet supplies manufacturer. Your ideal business solution with Petstar.\" \/>\n<meta name=\"robots\" content=\"index, follow, max-snippet:-1, max-image-preview:large, max-video-preview:-1\" \/>\n<link rel=\"canonical\" href=\"https:\/\/petproducts.com.cn\/pt\/produto\/cat-trees-with-hammock-cream-colored-design-adjustable-diy-cat-tree\/\" \/>\n<meta property=\"og:locale\" content=\"pt_PT\" \/>\n<meta property=\"og:type\" content=\"article\" \/>\n<meta property=\"og:title\" content=\"Cat Trees with Hammock | Cat Tree Manufacturer - Petstar\" \/>\n<meta property=\"og:description\" content=\"Explore Cat Trees with Hammock from pet products supplier. Petstar is a global pet supplies manufacturer. Your ideal business solution with Petstar.\" \/>\n<meta property=\"og:url\" content=\"https:\/\/petproducts.com.cn\/pt\/produto\/cat-trees-with-hammock-cream-colored-design-adjustable-diy-cat-tree\/\" \/>\n<meta property=\"og:site_name\" content=\"Petstar\" \/>\n<meta property=\"article:modified_time\" content=\"2025-12-18T09:11:26+00:00\" \/>\n<meta property=\"og:image\" content=\"https:\/\/petproducts.com.cn\/wp-content\/uploads\/2025\/12\/Cat-Trees-with-Hammock.webp\" \/>\n\t<meta property=\"og:image:width\" content=\"1000\" \/>\n\t<meta property=\"og:image:height\" content=\"1000\" \/>\n\t<meta property=\"og:image:type\" content=\"image\/webp\" \/>\n<meta name=\"twitter:card\" content=\"summary_large_image\" \/>\n<meta name=\"twitter:label1\" content=\"Tempo estimado de leitura\" \/>\n\t<meta name=\"twitter:data1\" content=\"2 minutos\" \/>\n<script type=\"application\/ld+json\" class=\"yoast-schema-graph\">{\"@context\":\"https:\/\/schema.org\",\"@graph\":[{\"@type\":\"WebPage\",\"@id\":\"https:\/\/petproducts.com.cn\/product\/cat-trees-with-hammock-cream-colored-design-adjustable-diy-cat-tree\/\",\"url\":\"https:\/\/petproducts.com.cn\/product\/cat-trees-with-hammock-cream-colored-design-adjustable-diy-cat-tree\/\",\"name\":\"Cat Trees with Hammock | Cat Tree Manufacturer - Petstar\",\"isPartOf\":{\"@id\":\"https:\/\/petproducts.com.cn\/#website\"},\"primaryImageOfPage\":{\"@id\":\"https:\/\/petproducts.com.cn\/product\/cat-trees-with-hammock-cream-colored-design-adjustable-diy-cat-tree\/#primaryimage\"},\"image\":{\"@id\":\"https:\/\/petproducts.com.cn\/product\/cat-trees-with-hammock-cream-colored-design-adjustable-diy-cat-tree\/#primaryimage\"},\"thumbnailUrl\":\"https:\/\/petproducts.com.cn\/wp-content\/uploads\/2025\/12\/Cat-Trees-with-Hammock.webp\",\"datePublished\":\"2025-12-15T01:32:23+00:00\",\"dateModified\":\"2025-12-18T09:11:26+00:00\",\"description\":\"Explore Cat Trees with Hammock from pet products supplier. Petstar is a global pet supplies manufacturer. Your ideal business solution with Petstar.\",\"breadcrumb\":{\"@id\":\"https:\/\/petproducts.com.cn\/product\/cat-trees-with-hammock-cream-colored-design-adjustable-diy-cat-tree\/#breadcrumb\"},\"inLanguage\":\"pt-PT\",\"potentialAction\":[{\"@type\":\"ReadAction\",\"target\":[\"https:\/\/petproducts.com.cn\/product\/cat-trees-with-hammock-cream-colored-design-adjustable-diy-cat-tree\/\"]}]},{\"@type\":\"ImageObject\",\"inLanguage\":\"pt-PT\",\"@id\":\"https:\/\/petproducts.com.cn\/product\/cat-trees-with-hammock-cream-colored-design-adjustable-diy-cat-tree\/#primaryimage\",\"url\":\"https:\/\/petproducts.com.cn\/wp-content\/uploads\/2025\/12\/Cat-Trees-with-Hammock.webp\",\"contentUrl\":\"https:\/\/petproducts.com.cn\/wp-content\/uploads\/2025\/12\/Cat-Trees-with-Hammock.webp\",\"width\":1000,\"height\":1000,\"caption\":\"Cat Trees with Hammock\"},{\"@type\":\"BreadcrumbList\",\"@id\":\"https:\/\/petproducts.com.cn\/product\/cat-trees-with-hammock-cream-colored-design-adjustable-diy-cat-tree\/#breadcrumb\",\"itemListElement\":[{\"@type\":\"ListItem\",\"position\":1,\"name\":\"HOME\",\"item\":\"https:\/\/petproducts.com.cn\/\"},{\"@type\":\"ListItem\",\"position\":2,\"name\":\"Products\",\"item\":\"https:\/\/petproducts.com.cn\/shop\/\"},{\"@type\":\"ListItem\",\"position\":3,\"name\":\"Cat Trees &amp; Furniture\",\"item\":\"https:\/\/petproducts.com.cn\/product-category\/cat-trees-furniture\/\"},{\"@type\":\"ListItem\",\"position\":4,\"name\":\"Cat Trees with Hammock Cream-Colored Design Adjustable Cat Tree\"}]},{\"@type\":\"WebSite\",\"@id\":\"https:\/\/petproducts.com.cn\/#website\",\"url\":\"https:\/\/petproducts.com.cn\/\",\"name\":\"Petstar\",\"description\":\"Leading Pet Supplies Manufacturer &amp; OEM Pet Products Supplier\",\"publisher\":{\"@id\":\"https:\/\/petproducts.com.cn\/#organization\"},\"alternateName\":\"Petstar Pet Supplies\",\"potentialAction\":[{\"@type\":\"SearchAction\",\"target\":{\"@type\":\"EntryPoint\",\"urlTemplate\":\"https:\/\/petproducts.com.cn\/?s={search_term_string}\"},\"query-input\":{\"@type\":\"PropertyValueSpecification\",\"valueRequired\":true,\"valueName\":\"search_term_string\"}}],\"inLanguage\":\"pt-PT\"},{\"@type\":\"Organization\",\"@id\":\"https:\/\/petproducts.com.cn\/#organization\",\"name\":\"Petstar\",\"url\":\"https:\/\/petproducts.com.cn\/\",\"logo\":{\"@type\":\"ImageObject\",\"inLanguage\":\"pt-PT\",\"@id\":\"https:\/\/petproducts.com.cn\/#\/schema\/logo\/image\/\",\"url\":\"https:\/\/petproducts.com.cn\/wp-content\/uploads\/2020\/02\/petstar-logo.webp\",\"contentUrl\":\"https:\/\/petproducts.com.cn\/wp-content\/uploads\/2020\/02\/petstar-logo.webp\",\"width\":779,\"height\":520,\"caption\":\"Petstar\"},\"image\":{\"@id\":\"https:\/\/petproducts.com.cn\/#\/schema\/logo\/image\/\"}}]}<\/script>\n<!-- \/ Yoast SEO plugin. -->","yoast_head_json":{"title":"\u00c1rvores para gatos com rede | Fabricante de \u00e1rvores para gatos - Petstar","description":"Explore \u00c1rvores para gatos com rede do fornecedor de produtos para animais de estima\u00e7\u00e3o. Petstar \u00e9 um fabricante global de produtos para animais de estima\u00e7\u00e3o. A sua solu\u00e7\u00e3o de neg\u00f3cio ideal com Petstar.","robots":{"index":"index","follow":"follow","max-snippet":"max-snippet:-1","max-image-preview":"max-image-preview:large","max-video-preview":"max-video-preview:-1"},"canonical":"https:\/\/petproducts.com.cn\/pt\/produto\/cat-trees-with-hammock-cream-colored-design-adjustable-diy-cat-tree\/","og_locale":"pt_PT","og_type":"article","og_title":"Cat Trees with Hammock | Cat Tree Manufacturer - Petstar","og_description":"Explore Cat Trees with Hammock from pet products supplier. Petstar is a global pet supplies manufacturer. Your ideal business solution with Petstar.","og_url":"https:\/\/petproducts.com.cn\/pt\/produto\/cat-trees-with-hammock-cream-colored-design-adjustable-diy-cat-tree\/","og_site_name":"Petstar","article_modified_time":"2025-12-18T09:11:26+00:00","og_image":[{"width":1000,"height":1000,"url":"https:\/\/petproducts.com.cn\/wp-content\/uploads\/2025\/12\/Cat-Trees-with-Hammock.webp","type":"image\/webp"}],"twitter_card":"summary_large_image","twitter_misc":{"Tempo estimado de leitura":"2 minutos"},"schema":{"@context":"https:\/\/schema.org","@graph":[{"@type":"WebPage","@id":"https:\/\/petproducts.com.cn\/product\/cat-trees-with-hammock-cream-colored-design-adjustable-diy-cat-tree\/","url":"https:\/\/petproducts.com.cn\/product\/cat-trees-with-hammock-cream-colored-design-adjustable-diy-cat-tree\/","name":"\u00c1rvores para gatos com rede | Fabricante de \u00e1rvores para gatos - Petstar","isPartOf":{"@id":"https:\/\/petproducts.com.cn\/#website"},"primaryImageOfPage":{"@id":"https:\/\/petproducts.com.cn\/product\/cat-trees-with-hammock-cream-colored-design-adjustable-diy-cat-tree\/#primaryimage"},"image":{"@id":"https:\/\/petproducts.com.cn\/product\/cat-trees-with-hammock-cream-colored-design-adjustable-diy-cat-tree\/#primaryimage"},"thumbnailUrl":"https:\/\/petproducts.com.cn\/wp-content\/uploads\/2025\/12\/Cat-Trees-with-Hammock.webp","datePublished":"2025-12-15T01:32:23+00:00","dateModified":"2025-12-18T09:11:26+00:00","description":"Explore \u00c1rvores para gatos com rede do fornecedor de produtos para animais de estima\u00e7\u00e3o. Petstar \u00e9 um fabricante global de produtos para animais de estima\u00e7\u00e3o. A sua solu\u00e7\u00e3o de neg\u00f3cio ideal com Petstar.","breadcrumb":{"@id":"https:\/\/petproducts.com.cn\/product\/cat-trees-with-hammock-cream-colored-design-adjustable-diy-cat-tree\/#breadcrumb"},"inLanguage":"pt-PT","potentialAction":[{"@type":"ReadAction","target":["https:\/\/petproducts.com.cn\/product\/cat-trees-with-hammock-cream-colored-design-adjustable-diy-cat-tree\/"]}]},{"@type":"ImageObject","inLanguage":"pt-PT","@id":"https:\/\/petproducts.com.cn\/product\/cat-trees-with-hammock-cream-colored-design-adjustable-diy-cat-tree\/#primaryimage","url":"https:\/\/petproducts.com.cn\/wp-content\/uploads\/2025\/12\/Cat-Trees-with-Hammock.webp","contentUrl":"https:\/\/petproducts.com.cn\/wp-content\/uploads\/2025\/12\/Cat-Trees-with-Hammock.webp","width":1000,"height":1000,"caption":"Cat Trees with Hammock"},{"@type":"BreadcrumbList","@id":"https:\/\/petproducts.com.cn\/product\/cat-trees-with-hammock-cream-colored-design-adjustable-diy-cat-tree\/#breadcrumb","itemListElement":[{"@type":"ListItem","position":1,"name":"HOME","item":"https:\/\/petproducts.com.cn\/"},{"@type":"ListItem","position":2,"name":"Products","item":"https:\/\/petproducts.com.cn\/shop\/"},{"@type":"ListItem","position":3,"name":"Cat Trees &amp; Furniture","item":"https:\/\/petproducts.com.cn\/product-category\/cat-trees-furniture\/"},{"@type":"ListItem","position":4,"name":"Cat Trees with Hammock Cream-Colored Design Adjustable Cat Tree"}]},{"@type":"WebSite","@id":"https:\/\/petproducts.com.cn\/#website","url":"https:\/\/petproducts.com.cn\/","name":"Petstar","description":"Fabricante l\u00edder de artigos para animais de estima\u00e7\u00e3o e fornecedor de produtos OEM para animais de estima\u00e7\u00e3o","publisher":{"@id":"https:\/\/petproducts.com.cn\/#organization"},"alternateName":"Petstar Pet Supplies","potentialAction":[{"@type":"SearchAction","target":{"@type":"EntryPoint","urlTemplate":"https:\/\/petproducts.com.cn\/?s={search_term_string}"},"query-input":{"@type":"PropertyValueSpecification","valueRequired":true,"valueName":"search_term_string"}}],"inLanguage":"pt-PT"},{"@type":"Organization","@id":"https:\/\/petproducts.com.cn\/#organization","name":"Petstar","url":"https:\/\/petproducts.com.cn\/","logo":{"@type":"ImageObject","inLanguage":"pt-PT","@id":"https:\/\/petproducts.com.cn\/#\/schema\/logo\/image\/","url":"https:\/\/petproducts.com.cn\/wp-content\/uploads\/2020\/02\/petstar-logo.webp","contentUrl":"https:\/\/petproducts.com.cn\/wp-content\/uploads\/2020\/02\/petstar-logo.webp","width":779,"height":520,"caption":"Petstar"},"image":{"@id":"https:\/\/petproducts.com.cn\/#\/schema\/logo\/image\/"}}]}},"_links":{"self":[{"href":"https:\/\/petproducts.com.cn\/pt\/wp-json\/wp\/v2\/product\/35061","targetHints":{"allow":["GET"]}}],"collection":[{"href":"https:\/\/petproducts.com.cn\/pt\/wp-json\/wp\/v2\/product"}],"about":[{"href":"https:\/\/petproducts.com.cn\/pt\/wp-json\/wp\/v2\/types\/product"}],"version-history":[{"count":4,"href":"https:\/\/petproducts.com.cn\/pt\/wp-json\/wp\/v2\/product\/35061\/revisions"}],"predecessor-version":[{"id":35206,"href":"https:\/\/petproducts.com.cn\/pt\/wp-json\/wp\/v2\/product\/35061\/revisions\/35206"}],"wp:featuredmedia":[{"embeddable":true,"href":"https:\/\/petproducts.com.cn\/pt\/wp-json\/wp\/v2\/media\/35067"}],"wp:attachment":[{"href":"https:\/\/petproducts.com.cn\/pt\/wp-json\/wp\/v2\/media?parent=35061"}],"wp:term":[{"taxonomy":"product_brand","embeddable":true,"href":"https:\/\/petproducts.com.cn\/pt\/wp-json\/wp\/v2\/product_brand?post=35061"},{"taxonomy":"product_cat","embeddable":true,"href":"https:\/\/petproducts.com.cn\/pt\/wp-json\/wp\/v2\/product_cat?post=35061"},{"taxonomy":"product_tag","embeddable":true,"href":"https:\/\/petproducts.com.cn\/pt\/wp-json\/wp\/v2\/product_tag?post=35061"}],"curies":[{"name":"wp","href":"https:\/\/api.w.org\/{rel}","templated":true}]}}