{"id":35821,"date":"2026-01-20T08:06:07","date_gmt":"2026-01-20T08:06:07","guid":{"rendered":"https:\/\/petproducts.com.cn\/?post_type=product&#038;p=35821"},"modified":"2026-02-04T05:44:29","modified_gmt":"2026-02-04T05:44:29","slug":"dog-cosplay-outfits-fpf-fan-edition-pet-costumes-with-wig","status":"publish","type":"product","link":"https:\/\/petproducts.com.cn\/pt\/product\/dog-cosplay-outfits-fpf-fan-edition-pet-costumes-with-wig\/","title":{"rendered":"Fatos de Cosplay para C\u00e3es FPF Fan Edition Fatos para Animais de Estima\u00e7\u00e3o com Peruca"},"content":{"rendered":"<h2><strong>Carater\u00edsticas dos fatos de cosplay para c\u00e3es<\/strong><\/h2>\n<ul>\n<li data-start=\"366\" data-end=\"564\"><strong data-start=\"366\" data-end=\"404\"> Fatos de Cosplay de C\u00e3o para F\u00e3s<\/strong><br data-start=\"404\" data-end=\"407\" \/>Concebidos como fatos de c\u00e3o da FPF, estes fatos captam a emo\u00e7\u00e3o dos eventos desportivos e criam um forte apelo emocional para promo\u00e7\u00f5es tem\u00e1ticas.<\/li>\n<li data-start=\"566\" data-end=\"762\"><strong data-start=\"566\" data-end=\"606\">Look instant\u00e2neo de mascote e l\u00edder de claque<\/strong><br data-start=\"606\" data-end=\"609\" \/>O estilo divertido de cosplay permite que os animais de estima\u00e7\u00e3o se transformem em mascotes divertidas ou l\u00edderes de claque em segundos, ideal para \u00e9pocas desportivas, festivais e campanhas de f\u00e3s.<\/li>\n<li data-start=\"764\" data-end=\"947\"><strong data-start=\"764\" data-end=\"796\">Fecho de velcro ajust\u00e1vel<\/strong><br data-start=\"796\" data-end=\"799\" \/>Constru\u00eddos com um fecho de velcro dur\u00e1vel, estes fatos para c\u00e3es s\u00e3o totalmente ajust\u00e1veis, garantindo uma adapta\u00e7\u00e3o f\u00e1cil a v\u00e1rios tamanhos de c\u00e3es e tipos de corpo.<\/li>\n<li data-start=\"949\" data-end=\"1135\"><strong data-start=\"949\" data-end=\"989\">Conjunto completo de fantasia com peruca inclu\u00edda<\/strong><br data-start=\"989\" data-end=\"992\" \/>Cada fato de cosplay de c\u00e3o inclui uma peruca leve, proporcionando um visual completo e de grande impacto sem necessitar de acess\u00f3rios adicionais.<\/li>\n<li data-start=\"1137\" data-end=\"1309\"><strong data-start=\"1137\" data-end=\"1168\">F\u00e1cil de usar e remo\u00e7\u00e3o r\u00e1pida<\/strong><br data-start=\"1168\" data-end=\"1171\" \/>A estrutura simples permite uma coloca\u00e7\u00e3o e remo\u00e7\u00e3o r\u00e1pidas, melhorando a experi\u00eancia do utilizador final e reduzindo as queixas ou devolu\u00e7\u00f5es para os vendedores B2B.<\/li>\n<li data-start=\"1311\" data-end=\"1505\"><strong data-start=\"1311\" data-end=\"1351\">Design leve e adequado para animais de estima\u00e7\u00e3o<\/strong><br data-start=\"1351\" data-end=\"1354\" \/>Concebidos para proporcionar conforto durante a utiliza\u00e7\u00e3o a curto prazo, estes cosplays para c\u00e3es apoiam sess\u00f5es fotogr\u00e1ficas, eventos de f\u00e3s, exposi\u00e7\u00f5es de retalho e cria\u00e7\u00e3o de conte\u00fados para as redes sociais.<\/li>\n<\/ul>\n<p style=\"text-align: center;\"><em><strong>Para mais informa\u00e7\u00f5es <a href=\"https:\/\/petproducts.com.cn\/pt\/wholesale-dog-clothes\/\">roupas para c\u00e3es<\/a>,<\/strong><\/em><em><strong>\u00a0por favor <a href=\"https:\/\/petproducts.com.cn\/pt\/contactar-nos\/\">Contate-nos<\/a>!<\/strong><\/em><\/p>","protected":false},"excerpt":{"rendered":"<p>Estes fatos de cosplay para c\u00e3es apresentam um design de edi\u00e7\u00e3o de f\u00e3 da FPF com uma peruca a condizer e velcro ajust\u00e1vel, transformando os animais de estima\u00e7\u00e3o em mascotes ou l\u00edderes de claque instant\u00e2neas.<\/p>","protected":false},"featured_media":35825,"template":"","meta":{"_acf_changed":false},"product_brand":[],"product_cat":[49,72],"product_tag":[291,267],"class_list":{"0":"post-35821","1":"product","2":"type-product","3":"status-publish","4":"has-post-thumbnail","6":"product_cat-dog-apparel-accessories","7":"product_cat-dog-supplies","8":"product_tag-2026-world-cup-series","9":"product_tag-pet-costumes","11":"first","12":"instock","13":"shipping-taxable","14":"product-type-simple"},"acf":[],"yoast_head":"<!-- This site is optimized with the Yoast SEO plugin v27.1.1 - https:\/\/yoast.com\/product\/yoast-seo-wordpress\/ -->\n<title>Dog Cosplay Outfits | Dog Cat Clothes Manufacturer - Petstar<\/title>\n<meta name=\"description\" content=\"Explore Dog Cosplay Outfits from the best pet products supplier. Petstar is a global pet product manufacturer. Your ideal business solution with Petstar.\" \/>\n<meta name=\"robots\" content=\"index, follow, max-snippet:-1, max-image-preview:large, max-video-preview:-1\" \/>\n<link rel=\"canonical\" href=\"https:\/\/petproducts.com.cn\/pt\/produto\/dog-cosplay-outfits-fpf-fan-edition-pet-costumes-with-wig\/\" \/>\n<meta property=\"og:locale\" content=\"pt_PT\" \/>\n<meta property=\"og:type\" content=\"article\" \/>\n<meta property=\"og:title\" content=\"Dog Cosplay Outfits | Dog Cat Clothes Manufacturer - Petstar\" \/>\n<meta property=\"og:description\" content=\"Explore Dog Cosplay Outfits from the best pet products supplier. Petstar is a global pet product manufacturer. Your ideal business solution with Petstar.\" \/>\n<meta property=\"og:url\" content=\"https:\/\/petproducts.com.cn\/pt\/produto\/dog-cosplay-outfits-fpf-fan-edition-pet-costumes-with-wig\/\" \/>\n<meta property=\"og:site_name\" content=\"Petstar\" \/>\n<meta property=\"article:modified_time\" content=\"2026-02-04T05:44:29+00:00\" \/>\n<meta property=\"og:image\" content=\"https:\/\/petproducts.com.cn\/wp-content\/uploads\/2026\/01\/dog-cosplay-outfits-supplier.webp\" \/>\n\t<meta property=\"og:image:width\" content=\"1000\" \/>\n\t<meta property=\"og:image:height\" content=\"1000\" \/>\n\t<meta property=\"og:image:type\" content=\"image\/webp\" \/>\n<meta name=\"twitter:card\" content=\"summary_large_image\" \/>\n<meta name=\"twitter:label1\" content=\"Tempo estimado de leitura\" \/>\n\t<meta name=\"twitter:data1\" content=\"1 minuto\" \/>\n<script type=\"application\/ld+json\" class=\"yoast-schema-graph\">{\"@context\":\"https:\/\/schema.org\",\"@graph\":[{\"@type\":\"WebPage\",\"@id\":\"https:\/\/petproducts.com.cn\/product\/dog-cosplay-outfits-fpf-fan-edition-pet-costumes-with-wig\/\",\"url\":\"https:\/\/petproducts.com.cn\/product\/dog-cosplay-outfits-fpf-fan-edition-pet-costumes-with-wig\/\",\"name\":\"Dog Cosplay Outfits | Dog Cat Clothes Manufacturer - Petstar\",\"isPartOf\":{\"@id\":\"https:\/\/petproducts.com.cn\/#website\"},\"primaryImageOfPage\":{\"@id\":\"https:\/\/petproducts.com.cn\/product\/dog-cosplay-outfits-fpf-fan-edition-pet-costumes-with-wig\/#primaryimage\"},\"image\":{\"@id\":\"https:\/\/petproducts.com.cn\/product\/dog-cosplay-outfits-fpf-fan-edition-pet-costumes-with-wig\/#primaryimage\"},\"thumbnailUrl\":\"https:\/\/petproducts.com.cn\/wp-content\/uploads\/2026\/01\/dog-cosplay-outfits-supplier.webp\",\"datePublished\":\"2026-01-20T08:06:07+00:00\",\"dateModified\":\"2026-02-04T05:44:29+00:00\",\"description\":\"Explore Dog Cosplay Outfits from the best pet products supplier. Petstar is a global pet product manufacturer. Your ideal business solution with Petstar.\",\"breadcrumb\":{\"@id\":\"https:\/\/petproducts.com.cn\/product\/dog-cosplay-outfits-fpf-fan-edition-pet-costumes-with-wig\/#breadcrumb\"},\"inLanguage\":\"pt-PT\",\"potentialAction\":[{\"@type\":\"ReadAction\",\"target\":[\"https:\/\/petproducts.com.cn\/product\/dog-cosplay-outfits-fpf-fan-edition-pet-costumes-with-wig\/\"]}]},{\"@type\":\"ImageObject\",\"inLanguage\":\"pt-PT\",\"@id\":\"https:\/\/petproducts.com.cn\/product\/dog-cosplay-outfits-fpf-fan-edition-pet-costumes-with-wig\/#primaryimage\",\"url\":\"https:\/\/petproducts.com.cn\/wp-content\/uploads\/2026\/01\/dog-cosplay-outfits-supplier.webp\",\"contentUrl\":\"https:\/\/petproducts.com.cn\/wp-content\/uploads\/2026\/01\/dog-cosplay-outfits-supplier.webp\",\"width\":1000,\"height\":1000,\"caption\":\"dog cosplay outfits supplier\"},{\"@type\":\"BreadcrumbList\",\"@id\":\"https:\/\/petproducts.com.cn\/product\/dog-cosplay-outfits-fpf-fan-edition-pet-costumes-with-wig\/#breadcrumb\",\"itemListElement\":[{\"@type\":\"ListItem\",\"position\":1,\"name\":\"HOME\",\"item\":\"https:\/\/petproducts.com.cn\/\"},{\"@type\":\"ListItem\",\"position\":2,\"name\":\"Products\",\"item\":\"https:\/\/petproducts.com.cn\/shop\/\"},{\"@type\":\"ListItem\",\"position\":3,\"name\":\"Dog Apparel &amp; Accessories\",\"item\":\"https:\/\/petproducts.com.cn\/product-category\/dog-apparel-accessories\/\"},{\"@type\":\"ListItem\",\"position\":4,\"name\":\"Dog Cosplay Outfits FPF Fan Edition Pet Costumes with Wig\"}]},{\"@type\":\"WebSite\",\"@id\":\"https:\/\/petproducts.com.cn\/#website\",\"url\":\"https:\/\/petproducts.com.cn\/\",\"name\":\"Petstar\",\"description\":\"Leading Pet Supplies Manufacturer &amp; OEM Pet Products Supplier\",\"publisher\":{\"@id\":\"https:\/\/petproducts.com.cn\/#organization\"},\"alternateName\":\"Petstar Pet Supplies\",\"potentialAction\":[{\"@type\":\"SearchAction\",\"target\":{\"@type\":\"EntryPoint\",\"urlTemplate\":\"https:\/\/petproducts.com.cn\/?s={search_term_string}\"},\"query-input\":{\"@type\":\"PropertyValueSpecification\",\"valueRequired\":true,\"valueName\":\"search_term_string\"}}],\"inLanguage\":\"pt-PT\"},{\"@type\":\"Organization\",\"@id\":\"https:\/\/petproducts.com.cn\/#organization\",\"name\":\"Petstar\",\"url\":\"https:\/\/petproducts.com.cn\/\",\"logo\":{\"@type\":\"ImageObject\",\"inLanguage\":\"pt-PT\",\"@id\":\"https:\/\/petproducts.com.cn\/#\/schema\/logo\/image\/\",\"url\":\"https:\/\/petproducts.com.cn\/wp-content\/uploads\/2020\/02\/petstar-logo.webp\",\"contentUrl\":\"https:\/\/petproducts.com.cn\/wp-content\/uploads\/2020\/02\/petstar-logo.webp\",\"width\":779,\"height\":520,\"caption\":\"Petstar\"},\"image\":{\"@id\":\"https:\/\/petproducts.com.cn\/#\/schema\/logo\/image\/\"}}]}<\/script>\n<!-- \/ Yoast SEO plugin. -->","yoast_head_json":{"title":"Roupas para c\u00e3es Cosplay | Roupas para c\u00e3es e gatos Fabricante - Petstar","description":"Explore Dog Cosplay Outfits do melhor fornecedor de produtos para animais de estima\u00e7\u00e3o. Petstar \u00e9 um fabricante global de produtos para animais de estima\u00e7\u00e3o. A sua solu\u00e7\u00e3o de neg\u00f3cio ideal com Petstar.","robots":{"index":"index","follow":"follow","max-snippet":"max-snippet:-1","max-image-preview":"max-image-preview:large","max-video-preview":"max-video-preview:-1"},"canonical":"https:\/\/petproducts.com.cn\/pt\/produto\/dog-cosplay-outfits-fpf-fan-edition-pet-costumes-with-wig\/","og_locale":"pt_PT","og_type":"article","og_title":"Dog Cosplay Outfits | Dog Cat Clothes Manufacturer - Petstar","og_description":"Explore Dog Cosplay Outfits from the best pet products supplier. Petstar is a global pet product manufacturer. Your ideal business solution with Petstar.","og_url":"https:\/\/petproducts.com.cn\/pt\/produto\/dog-cosplay-outfits-fpf-fan-edition-pet-costumes-with-wig\/","og_site_name":"Petstar","article_modified_time":"2026-02-04T05:44:29+00:00","og_image":[{"width":1000,"height":1000,"url":"https:\/\/petproducts.com.cn\/wp-content\/uploads\/2026\/01\/dog-cosplay-outfits-supplier.webp","type":"image\/webp"}],"twitter_card":"summary_large_image","twitter_misc":{"Tempo estimado de leitura":"1 minuto"},"schema":{"@context":"https:\/\/schema.org","@graph":[{"@type":"WebPage","@id":"https:\/\/petproducts.com.cn\/product\/dog-cosplay-outfits-fpf-fan-edition-pet-costumes-with-wig\/","url":"https:\/\/petproducts.com.cn\/product\/dog-cosplay-outfits-fpf-fan-edition-pet-costumes-with-wig\/","name":"Roupas para c\u00e3es Cosplay | Roupas para c\u00e3es e gatos Fabricante - Petstar","isPartOf":{"@id":"https:\/\/petproducts.com.cn\/#website"},"primaryImageOfPage":{"@id":"https:\/\/petproducts.com.cn\/product\/dog-cosplay-outfits-fpf-fan-edition-pet-costumes-with-wig\/#primaryimage"},"image":{"@id":"https:\/\/petproducts.com.cn\/product\/dog-cosplay-outfits-fpf-fan-edition-pet-costumes-with-wig\/#primaryimage"},"thumbnailUrl":"https:\/\/petproducts.com.cn\/wp-content\/uploads\/2026\/01\/dog-cosplay-outfits-supplier.webp","datePublished":"2026-01-20T08:06:07+00:00","dateModified":"2026-02-04T05:44:29+00:00","description":"Explore Dog Cosplay Outfits do melhor fornecedor de produtos para animais de estima\u00e7\u00e3o. Petstar \u00e9 um fabricante global de produtos para animais de estima\u00e7\u00e3o. A sua solu\u00e7\u00e3o de neg\u00f3cio ideal com Petstar.","breadcrumb":{"@id":"https:\/\/petproducts.com.cn\/product\/dog-cosplay-outfits-fpf-fan-edition-pet-costumes-with-wig\/#breadcrumb"},"inLanguage":"pt-PT","potentialAction":[{"@type":"ReadAction","target":["https:\/\/petproducts.com.cn\/product\/dog-cosplay-outfits-fpf-fan-edition-pet-costumes-with-wig\/"]}]},{"@type":"ImageObject","inLanguage":"pt-PT","@id":"https:\/\/petproducts.com.cn\/product\/dog-cosplay-outfits-fpf-fan-edition-pet-costumes-with-wig\/#primaryimage","url":"https:\/\/petproducts.com.cn\/wp-content\/uploads\/2026\/01\/dog-cosplay-outfits-supplier.webp","contentUrl":"https:\/\/petproducts.com.cn\/wp-content\/uploads\/2026\/01\/dog-cosplay-outfits-supplier.webp","width":1000,"height":1000,"caption":"dog cosplay outfits supplier"},{"@type":"BreadcrumbList","@id":"https:\/\/petproducts.com.cn\/product\/dog-cosplay-outfits-fpf-fan-edition-pet-costumes-with-wig\/#breadcrumb","itemListElement":[{"@type":"ListItem","position":1,"name":"HOME","item":"https:\/\/petproducts.com.cn\/"},{"@type":"ListItem","position":2,"name":"Products","item":"https:\/\/petproducts.com.cn\/shop\/"},{"@type":"ListItem","position":3,"name":"Dog Apparel &amp; Accessories","item":"https:\/\/petproducts.com.cn\/product-category\/dog-apparel-accessories\/"},{"@type":"ListItem","position":4,"name":"Dog Cosplay Outfits FPF Fan Edition Pet Costumes with Wig"}]},{"@type":"WebSite","@id":"https:\/\/petproducts.com.cn\/#website","url":"https:\/\/petproducts.com.cn\/","name":"Petstar","description":"Fabricante l\u00edder de artigos para animais de estima\u00e7\u00e3o e fornecedor de produtos OEM para animais de estima\u00e7\u00e3o","publisher":{"@id":"https:\/\/petproducts.com.cn\/#organization"},"alternateName":"Petstar Pet Supplies","potentialAction":[{"@type":"SearchAction","target":{"@type":"EntryPoint","urlTemplate":"https:\/\/petproducts.com.cn\/?s={search_term_string}"},"query-input":{"@type":"PropertyValueSpecification","valueRequired":true,"valueName":"search_term_string"}}],"inLanguage":"pt-PT"},{"@type":"Organization","@id":"https:\/\/petproducts.com.cn\/#organization","name":"Petstar","url":"https:\/\/petproducts.com.cn\/","logo":{"@type":"ImageObject","inLanguage":"pt-PT","@id":"https:\/\/petproducts.com.cn\/#\/schema\/logo\/image\/","url":"https:\/\/petproducts.com.cn\/wp-content\/uploads\/2020\/02\/petstar-logo.webp","contentUrl":"https:\/\/petproducts.com.cn\/wp-content\/uploads\/2020\/02\/petstar-logo.webp","width":779,"height":520,"caption":"Petstar"},"image":{"@id":"https:\/\/petproducts.com.cn\/#\/schema\/logo\/image\/"}}]}},"_links":{"self":[{"href":"https:\/\/petproducts.com.cn\/pt\/wp-json\/wp\/v2\/product\/35821","targetHints":{"allow":["GET"]}}],"collection":[{"href":"https:\/\/petproducts.com.cn\/pt\/wp-json\/wp\/v2\/product"}],"about":[{"href":"https:\/\/petproducts.com.cn\/pt\/wp-json\/wp\/v2\/types\/product"}],"version-history":[{"count":1,"href":"https:\/\/petproducts.com.cn\/pt\/wp-json\/wp\/v2\/product\/35821\/revisions"}],"predecessor-version":[{"id":35828,"href":"https:\/\/petproducts.com.cn\/pt\/wp-json\/wp\/v2\/product\/35821\/revisions\/35828"}],"wp:featuredmedia":[{"embeddable":true,"href":"https:\/\/petproducts.com.cn\/pt\/wp-json\/wp\/v2\/media\/35825"}],"wp:attachment":[{"href":"https:\/\/petproducts.com.cn\/pt\/wp-json\/wp\/v2\/media?parent=35821"}],"wp:term":[{"taxonomy":"product_brand","embeddable":true,"href":"https:\/\/petproducts.com.cn\/pt\/wp-json\/wp\/v2\/product_brand?post=35821"},{"taxonomy":"product_cat","embeddable":true,"href":"https:\/\/petproducts.com.cn\/pt\/wp-json\/wp\/v2\/product_cat?post=35821"},{"taxonomy":"product_tag","embeddable":true,"href":"https:\/\/petproducts.com.cn\/pt\/wp-json\/wp\/v2\/product_tag?post=35821"}],"curies":[{"name":"wp","href":"https:\/\/api.w.org\/{rel}","templated":true}]}}