{"id":8779,"date":"2023-09-11T06:03:44","date_gmt":"2023-09-11T06:03:44","guid":{"rendered":"https:\/\/petproducts.com.cn\/?post_type=product&#038;p=8779"},"modified":"2023-09-11T06:28:43","modified_gmt":"2023-09-11T06:28:43","slug":"fashion-pet-beds-soft-comfortable-dog-bed","status":"publish","type":"product","link":"https:\/\/petproducts.com.cn\/pt\/product\/fashion-pet-beds-soft-comfortable-dog-bed\/","title":{"rendered":"Camas para animais de estima\u00e7\u00e3o da moda Cama para c\u00e3es macia e confort\u00e1vel"},"content":{"rendered":"<h2>Carater\u00edsticas das camas para animais de estima\u00e7\u00e3o da moda Cama para c\u00e3es macia e confort\u00e1vel<\/h2>\n<ol>\n<li><strong>Tecido de poli\u00e9ster de qualidade superior<\/strong>: As nossas camas de moda para animais de estima\u00e7\u00e3o s\u00e3o feitas de tecido de poli\u00e9ster de alta qualidade, garantindo durabilidade e f\u00e1cil manuten\u00e7\u00e3o. O tecido n\u00e3o \u00e9 apenas macio ao toque, mas tamb\u00e9m resistente ao desgaste, o que o torna perfeito mesmo para os c\u00e3es mais activos.<\/li>\n<li><strong>Eleg\u00e2ncia estampada em ganga<\/strong>: O estampado de ganga d\u00e1 um toque de sofistica\u00e7\u00e3o intemporal ao espa\u00e7o do seu animal de estima\u00e7\u00e3o. Este padr\u00e3o cl\u00e1ssico complementa uma variedade de estilos de interiores, garantindo que a cama do seu animal de estima\u00e7\u00e3o se enquadra perfeitamente na decora\u00e7\u00e3o da sua casa.<\/li>\n<li><strong>Desenho retangular<\/strong>: A nossa confort\u00e1vel cama para c\u00e3es apresenta uma forma retangular espa\u00e7osa, proporcionando um amplo espa\u00e7o para o seu animal de estima\u00e7\u00e3o se esticar ou enrolar \u00e0 vontade. Este design \u00e9 perfeito para animais de estima\u00e7\u00e3o de todos os tamanhos e prefer\u00eancias de sono.<\/li>\n<li><strong>Fundo antiderrapante<\/strong>: A seguran\u00e7a \u00e9 primordial, e \u00e9 por isso que a nossa cama macia para c\u00e3es vem equipada com um fundo anti-derrapante. Pode coloc\u00e1-la em qualquer superf\u00edcie com toda a confian\u00e7a, sabendo que se manter\u00e1 firme no seu lugar.<\/li>\n<\/ol>","protected":false},"excerpt":{"rendered":"<p>Somos fabricantes de camas para animais de estima\u00e7\u00e3o com mais de 20 anos de experi\u00eancia. Oferecemos op\u00e7\u00f5es de personaliza\u00e7\u00e3o de cor, tamanho, tecido, padr\u00e3o, logotipo e outros recursos.<\/p>","protected":false},"featured_media":8800,"template":"","meta":{"_acf_changed":false},"product_brand":[],"product_cat":[57,72],"product_tag":[75],"class_list":{"0":"post-8779","1":"product","2":"type-product","3":"status-publish","4":"has-post-thumbnail","6":"product_cat-dog-beds","7":"product_cat-dog-supplies","8":"product_tag-dog-beds","10":"first","11":"instock","12":"shipping-taxable","13":"product-type-simple"},"acf":[],"yoast_head":"<!-- This site is optimized with the Yoast SEO plugin v27.1.1 - https:\/\/yoast.com\/product\/yoast-seo-wordpress\/ -->\n<title>Fashion Pet Beds Soft Comfortable Dog Bed - Petstar<\/title>\n<meta name=\"description\" content=\"Explore Fashion Pet Beds- Mass Production, Customization, and Design Options Available.Tianyuan Pet is a leading global one-stop pet bed supplier.\" \/>\n<meta name=\"robots\" content=\"index, follow, max-snippet:-1, max-image-preview:large, max-video-preview:-1\" \/>\n<link rel=\"canonical\" href=\"https:\/\/petproducts.com.cn\/pt\/produto\/fashion-pet-beds-soft-comfortable-dog-bed\/\" \/>\n<meta property=\"og:locale\" content=\"pt_PT\" \/>\n<meta property=\"og:type\" content=\"article\" \/>\n<meta property=\"og:title\" content=\"Fashion Pet Beds Soft Comfortable Dog Bed - Petstar\" \/>\n<meta property=\"og:description\" content=\"Explore Fashion Pet Beds- Mass Production, Customization, and Design Options Available.Tianyuan Pet is a leading global one-stop pet bed supplier.\" \/>\n<meta property=\"og:url\" content=\"https:\/\/petproducts.com.cn\/pt\/produto\/fashion-pet-beds-soft-comfortable-dog-bed\/\" \/>\n<meta property=\"og:site_name\" content=\"Petstar\" \/>\n<meta property=\"article:modified_time\" content=\"2023-09-11T06:28:43+00:00\" \/>\n<meta property=\"og:image\" content=\"https:\/\/petproducts.com.cn\/wp-content\/uploads\/2023\/09\/YF202207035-3_\u7ed3\u679c.webp\" \/>\n\t<meta property=\"og:image:width\" content=\"800\" \/>\n\t<meta property=\"og:image:height\" content=\"800\" \/>\n\t<meta property=\"og:image:type\" content=\"image\/webp\" \/>\n<meta name=\"twitter:card\" content=\"summary_large_image\" \/>\n<meta name=\"twitter:label1\" content=\"Tempo estimado de leitura\" \/>\n\t<meta name=\"twitter:data1\" content=\"1 minuto\" \/>\n<script type=\"application\/ld+json\" class=\"yoast-schema-graph\">{\"@context\":\"https:\/\/schema.org\",\"@graph\":[{\"@type\":\"WebPage\",\"@id\":\"https:\/\/petproducts.com.cn\/product\/fashion-pet-beds-soft-comfortable-dog-bed\/\",\"url\":\"https:\/\/petproducts.com.cn\/product\/fashion-pet-beds-soft-comfortable-dog-bed\/\",\"name\":\"Fashion Pet Beds Soft Comfortable Dog Bed - Petstar\",\"isPartOf\":{\"@id\":\"https:\/\/petproducts.com.cn\/#website\"},\"primaryImageOfPage\":{\"@id\":\"https:\/\/petproducts.com.cn\/product\/fashion-pet-beds-soft-comfortable-dog-bed\/#primaryimage\"},\"image\":{\"@id\":\"https:\/\/petproducts.com.cn\/product\/fashion-pet-beds-soft-comfortable-dog-bed\/#primaryimage\"},\"thumbnailUrl\":\"https:\/\/petproducts.com.cn\/wp-content\/uploads\/2023\/09\/YF202207035-3_\u7ed3\u679c.webp\",\"datePublished\":\"2023-09-11T06:03:44+00:00\",\"dateModified\":\"2023-09-11T06:28:43+00:00\",\"description\":\"Explore Fashion Pet Beds- Mass Production, Customization, and Design Options Available.Tianyuan Pet is a leading global one-stop pet bed supplier.\",\"breadcrumb\":{\"@id\":\"https:\/\/petproducts.com.cn\/product\/fashion-pet-beds-soft-comfortable-dog-bed\/#breadcrumb\"},\"inLanguage\":\"pt-PT\",\"potentialAction\":[{\"@type\":\"ReadAction\",\"target\":[\"https:\/\/petproducts.com.cn\/product\/fashion-pet-beds-soft-comfortable-dog-bed\/\"]}]},{\"@type\":\"ImageObject\",\"inLanguage\":\"pt-PT\",\"@id\":\"https:\/\/petproducts.com.cn\/product\/fashion-pet-beds-soft-comfortable-dog-bed\/#primaryimage\",\"url\":\"https:\/\/petproducts.com.cn\/wp-content\/uploads\/2023\/09\/YF202207035-3_\u7ed3\u679c.webp\",\"contentUrl\":\"https:\/\/petproducts.com.cn\/wp-content\/uploads\/2023\/09\/YF202207035-3_\u7ed3\u679c.webp\",\"width\":800,\"height\":800,\"caption\":\"soft dog bed\"},{\"@type\":\"BreadcrumbList\",\"@id\":\"https:\/\/petproducts.com.cn\/product\/fashion-pet-beds-soft-comfortable-dog-bed\/#breadcrumb\",\"itemListElement\":[{\"@type\":\"ListItem\",\"position\":1,\"name\":\"HOME\",\"item\":\"https:\/\/petproducts.com.cn\/\"},{\"@type\":\"ListItem\",\"position\":2,\"name\":\"Products\",\"item\":\"https:\/\/petproducts.com.cn\/shop\/\"},{\"@type\":\"ListItem\",\"position\":3,\"name\":\"Dog Beds\",\"item\":\"https:\/\/petproducts.com.cn\/product-category\/dog-beds\/\"},{\"@type\":\"ListItem\",\"position\":4,\"name\":\"Fashion Pet Beds Soft Comfortable Dog Bed\"}]},{\"@type\":\"WebSite\",\"@id\":\"https:\/\/petproducts.com.cn\/#website\",\"url\":\"https:\/\/petproducts.com.cn\/\",\"name\":\"Petstar\",\"description\":\"Leading Pet Supplies Manufacturer &amp; OEM Pet Products Supplier\",\"publisher\":{\"@id\":\"https:\/\/petproducts.com.cn\/#organization\"},\"alternateName\":\"Petstar Pet Supplies\",\"potentialAction\":[{\"@type\":\"SearchAction\",\"target\":{\"@type\":\"EntryPoint\",\"urlTemplate\":\"https:\/\/petproducts.com.cn\/?s={search_term_string}\"},\"query-input\":{\"@type\":\"PropertyValueSpecification\",\"valueRequired\":true,\"valueName\":\"search_term_string\"}}],\"inLanguage\":\"pt-PT\"},{\"@type\":\"Organization\",\"@id\":\"https:\/\/petproducts.com.cn\/#organization\",\"name\":\"Petstar\",\"url\":\"https:\/\/petproducts.com.cn\/\",\"logo\":{\"@type\":\"ImageObject\",\"inLanguage\":\"pt-PT\",\"@id\":\"https:\/\/petproducts.com.cn\/#\/schema\/logo\/image\/\",\"url\":\"https:\/\/petproducts.com.cn\/wp-content\/uploads\/2020\/02\/petstar-logo.webp\",\"contentUrl\":\"https:\/\/petproducts.com.cn\/wp-content\/uploads\/2020\/02\/petstar-logo.webp\",\"width\":779,\"height\":520,\"caption\":\"Petstar\"},\"image\":{\"@id\":\"https:\/\/petproducts.com.cn\/#\/schema\/logo\/image\/\"}}]}<\/script>\n<!-- \/ Yoast SEO plugin. -->","yoast_head_json":{"title":"Camas para animais de estima\u00e7\u00e3o da moda Cama para c\u00e3es macia e confort\u00e1vel - Petstar","description":"Explore as camas para animais de estima\u00e7\u00e3o da moda - Produ\u00e7\u00e3o em massa, personaliza\u00e7\u00e3o e op\u00e7\u00f5es de design dispon\u00edveis.","robots":{"index":"index","follow":"follow","max-snippet":"max-snippet:-1","max-image-preview":"max-image-preview:large","max-video-preview":"max-video-preview:-1"},"canonical":"https:\/\/petproducts.com.cn\/pt\/produto\/fashion-pet-beds-soft-comfortable-dog-bed\/","og_locale":"pt_PT","og_type":"article","og_title":"Fashion Pet Beds Soft Comfortable Dog Bed - Petstar","og_description":"Explore Fashion Pet Beds- Mass Production, Customization, and Design Options Available.Tianyuan Pet is a leading global one-stop pet bed supplier.","og_url":"https:\/\/petproducts.com.cn\/pt\/produto\/fashion-pet-beds-soft-comfortable-dog-bed\/","og_site_name":"Petstar","article_modified_time":"2023-09-11T06:28:43+00:00","og_image":[{"width":800,"height":800,"url":"https:\/\/petproducts.com.cn\/wp-content\/uploads\/2023\/09\/YF202207035-3_\u7ed3\u679c.webp","type":"image\/webp"}],"twitter_card":"summary_large_image","twitter_misc":{"Tempo estimado de leitura":"1 minuto"},"schema":{"@context":"https:\/\/schema.org","@graph":[{"@type":"WebPage","@id":"https:\/\/petproducts.com.cn\/product\/fashion-pet-beds-soft-comfortable-dog-bed\/","url":"https:\/\/petproducts.com.cn\/product\/fashion-pet-beds-soft-comfortable-dog-bed\/","name":"Camas para animais de estima\u00e7\u00e3o da moda Cama para c\u00e3es macia e confort\u00e1vel - Petstar","isPartOf":{"@id":"https:\/\/petproducts.com.cn\/#website"},"primaryImageOfPage":{"@id":"https:\/\/petproducts.com.cn\/product\/fashion-pet-beds-soft-comfortable-dog-bed\/#primaryimage"},"image":{"@id":"https:\/\/petproducts.com.cn\/product\/fashion-pet-beds-soft-comfortable-dog-bed\/#primaryimage"},"thumbnailUrl":"https:\/\/petproducts.com.cn\/wp-content\/uploads\/2023\/09\/YF202207035-3_\u7ed3\u679c.webp","datePublished":"2023-09-11T06:03:44+00:00","dateModified":"2023-09-11T06:28:43+00:00","description":"Explore as camas para animais de estima\u00e7\u00e3o da moda - Produ\u00e7\u00e3o em massa, personaliza\u00e7\u00e3o e op\u00e7\u00f5es de design dispon\u00edveis.","breadcrumb":{"@id":"https:\/\/petproducts.com.cn\/product\/fashion-pet-beds-soft-comfortable-dog-bed\/#breadcrumb"},"inLanguage":"pt-PT","potentialAction":[{"@type":"ReadAction","target":["https:\/\/petproducts.com.cn\/product\/fashion-pet-beds-soft-comfortable-dog-bed\/"]}]},{"@type":"ImageObject","inLanguage":"pt-PT","@id":"https:\/\/petproducts.com.cn\/product\/fashion-pet-beds-soft-comfortable-dog-bed\/#primaryimage","url":"https:\/\/petproducts.com.cn\/wp-content\/uploads\/2023\/09\/YF202207035-3_\u7ed3\u679c.webp","contentUrl":"https:\/\/petproducts.com.cn\/wp-content\/uploads\/2023\/09\/YF202207035-3_\u7ed3\u679c.webp","width":800,"height":800,"caption":"soft dog bed"},{"@type":"BreadcrumbList","@id":"https:\/\/petproducts.com.cn\/product\/fashion-pet-beds-soft-comfortable-dog-bed\/#breadcrumb","itemListElement":[{"@type":"ListItem","position":1,"name":"HOME","item":"https:\/\/petproducts.com.cn\/"},{"@type":"ListItem","position":2,"name":"Products","item":"https:\/\/petproducts.com.cn\/shop\/"},{"@type":"ListItem","position":3,"name":"Dog Beds","item":"https:\/\/petproducts.com.cn\/product-category\/dog-beds\/"},{"@type":"ListItem","position":4,"name":"Fashion Pet Beds Soft Comfortable Dog Bed"}]},{"@type":"WebSite","@id":"https:\/\/petproducts.com.cn\/#website","url":"https:\/\/petproducts.com.cn\/","name":"Petstar","description":"Fabricante l\u00edder de artigos para animais de estima\u00e7\u00e3o e fornecedor de produtos OEM para animais de estima\u00e7\u00e3o","publisher":{"@id":"https:\/\/petproducts.com.cn\/#organization"},"alternateName":"Petstar Pet Supplies","potentialAction":[{"@type":"SearchAction","target":{"@type":"EntryPoint","urlTemplate":"https:\/\/petproducts.com.cn\/?s={search_term_string}"},"query-input":{"@type":"PropertyValueSpecification","valueRequired":true,"valueName":"search_term_string"}}],"inLanguage":"pt-PT"},{"@type":"Organization","@id":"https:\/\/petproducts.com.cn\/#organization","name":"Petstar","url":"https:\/\/petproducts.com.cn\/","logo":{"@type":"ImageObject","inLanguage":"pt-PT","@id":"https:\/\/petproducts.com.cn\/#\/schema\/logo\/image\/","url":"https:\/\/petproducts.com.cn\/wp-content\/uploads\/2020\/02\/petstar-logo.webp","contentUrl":"https:\/\/petproducts.com.cn\/wp-content\/uploads\/2020\/02\/petstar-logo.webp","width":779,"height":520,"caption":"Petstar"},"image":{"@id":"https:\/\/petproducts.com.cn\/#\/schema\/logo\/image\/"}}]}},"_links":{"self":[{"href":"https:\/\/petproducts.com.cn\/pt\/wp-json\/wp\/v2\/product\/8779","targetHints":{"allow":["GET"]}}],"collection":[{"href":"https:\/\/petproducts.com.cn\/pt\/wp-json\/wp\/v2\/product"}],"about":[{"href":"https:\/\/petproducts.com.cn\/pt\/wp-json\/wp\/v2\/types\/product"}],"version-history":[{"count":1,"href":"https:\/\/petproducts.com.cn\/pt\/wp-json\/wp\/v2\/product\/8779\/revisions"}],"predecessor-version":[{"id":8815,"href":"https:\/\/petproducts.com.cn\/pt\/wp-json\/wp\/v2\/product\/8779\/revisions\/8815"}],"wp:featuredmedia":[{"embeddable":true,"href":"https:\/\/petproducts.com.cn\/pt\/wp-json\/wp\/v2\/media\/8800"}],"wp:attachment":[{"href":"https:\/\/petproducts.com.cn\/pt\/wp-json\/wp\/v2\/media?parent=8779"}],"wp:term":[{"taxonomy":"product_brand","embeddable":true,"href":"https:\/\/petproducts.com.cn\/pt\/wp-json\/wp\/v2\/product_brand?post=8779"},{"taxonomy":"product_cat","embeddable":true,"href":"https:\/\/petproducts.com.cn\/pt\/wp-json\/wp\/v2\/product_cat?post=8779"},{"taxonomy":"product_tag","embeddable":true,"href":"https:\/\/petproducts.com.cn\/pt\/wp-json\/wp\/v2\/product_tag?post=8779"}],"curies":[{"name":"wp","href":"https:\/\/api.w.org\/{rel}","templated":true}]}}