{"id":8804,"date":"2023-09-11T06:20:05","date_gmt":"2023-09-11T06:20:05","guid":{"rendered":"https:\/\/petproducts.com.cn\/?post_type=product&#038;p=8804"},"modified":"2025-02-20T05:19:36","modified_gmt":"2025-02-20T05:19:36","slug":"cat-carrot-tunnel-toy-scratcher-tent-manufacturer","status":"publish","type":"product","link":"https:\/\/petproducts.com.cn\/pt\/product\/cat-carrot-tunnel-toy-scratcher-tent-manufacturer\/","title":{"rendered":"Fabricante de barraca arranhadora de brinquedos para t\u00fanel de cenoura para gatos"},"content":{"rendered":"<h2>Brinquedo para t\u00fanel de gato com cenoura por atacado - Fabricante de tenda de arranhar<\/h2>\n<p>Procura um brinquedo \u00fanico e divertido para gatos? Petstar \u00e9 um fabricante l\u00edder de produtos para animais de estima\u00e7\u00e3o por atacado, e estamos orgulhosos de oferecer a cama de tenda de brinquedo de t\u00fanel de gato. Com o seu ador\u00e1vel design de cenoura e carater\u00edsticas interactivas, este brinquedo ser\u00e1 certamente um sucesso tanto para os gatos como para os seus donos.<\/p>\n<p>1. design de t\u00fanel de cenoura para gatos: A nossa cama para gatos com t\u00fanel apresenta uma cor laranja vibrante e um design divertido em forma de cenoura. O design do t\u00fanel proporciona um espa\u00e7o estimulante e envolvente para os gatos explorarem, brincarem e fazerem exerc\u00edcio. O aspeto bonito da cenoura acrescenta um toque de capricho a qualquer cole\u00e7\u00e3o de brinquedos para gatos.<\/p>\n<p>2. leve e dobr\u00e1vel: Compreendemos a import\u00e2ncia da conveni\u00eancia tanto para as empresas como para os donos de animais de estima\u00e7\u00e3o. O t\u00fanel para gatos com cenouras \u00e9 leve e f\u00e1cil de transportar, o que o torna ideal para retalhistas online, lojas de animais e grossistas. Al\u00e9m disso, pode ser facilmente dobrado e guardado quando n\u00e3o est\u00e1 a ser utilizado, poupando espa\u00e7o e permitindo uma arruma\u00e7\u00e3o sem complica\u00e7\u00f5es.<\/p>\n<p>3. t\u00fanel de cenoura para gatos dur\u00e1vel e seguro : Feito de materiais de alta qualidade, nosso brinquedo garante durabilidade por horas de jogo, proporcionando uma constru\u00e7\u00e3o n\u00e3o t\u00f3xica que prioriza a seguran\u00e7a do gato e a paz de esp\u00edrito do propriet\u00e1rio.<\/p>\n<p>4. servi\u00e7os de personaliza\u00e7\u00e3o por atacado: No Petstar, oferecemos personaliza\u00e7\u00e3o por atacado para atender \u00e0s suas necessidades de neg\u00f3cios. Adicione seu logotipo ou personalize cores para criar brinquedos de t\u00fanel de cenoura para gatos personalizados que se alinham com a imagem da sua marca. Destaque-se dos concorrentes com produtos personalizados.<\/p>\n<p>5. promover o exerc\u00edcio e a divers\u00e3o: O Cat Carrot Tunnel Toy n\u00e3o s\u00f3 entret\u00e9m os gatos, mas tamb\u00e9m incentiva a atividade f\u00edsica e a estimula\u00e7\u00e3o mental. Os gatos podem correr pelo t\u00fanel, atacar a cenoura ou simplesmente relaxar no interior. \u00c9 um brinquedo vers\u00e1til que promove o exerc\u00edcio e proporciona horas intermin\u00e1veis de entretenimento.<\/p>\n<p>Escolha Petstar como seu parceiro de confian\u00e7a para brinquedos de alta qualidade para gatos. O nosso brinquedo para gatos com t\u00fanel de cenouras combina durabilidade, criatividade e interatividade para proporcionar uma experi\u00eancia de brincadeira \u00fanica. Entre em contato conosco agora e vamos tornar o tempo de brincadeira dos gatos uma aventura deliciosa!<\/p>","protected":false},"excerpt":{"rendered":"<p>N\u00f3s somos fabricante de brinquedos de t\u00fanel para gatos com mais de 20 anos de experi\u00eancia. Oferecemos op\u00e7\u00f5es de personaliza\u00e7\u00e3o para cor, tamanho, tecido, padr\u00e3o, log\u00f3tipo e outras carater\u00edsticas.<\/p>","protected":false},"featured_media":8810,"template":"","meta":{"_acf_changed":false},"product_brand":[],"product_cat":[71,81],"product_tag":[288],"class_list":{"0":"post-8804","1":"product","2":"type-product","3":"status-publish","4":"has-post-thumbnail","6":"product_cat-cat-supplies","7":"product_cat-cat-toys","8":"product_tag-cat-tunnel-toys","10":"first","11":"instock","12":"shipping-taxable","13":"product-type-simple"},"acf":[],"yoast_head":"<!-- This site is optimized with the Yoast SEO plugin v27.1.1 - https:\/\/yoast.com\/product\/yoast-seo-wordpress\/ -->\n<title>Cat Carrot Tunnel Toy Scratcher Tent Manufacturer - Petstar<\/title>\n<meta name=\"description\" content=\"cat tunnel toy manufaturer,we have over 20 years of manufacturing experience in the pet products,more than 8,000 pet accessories in various range\" \/>\n<meta name=\"robots\" content=\"index, follow, max-snippet:-1, max-image-preview:large, max-video-preview:-1\" \/>\n<link rel=\"canonical\" href=\"https:\/\/petproducts.com.cn\/pt\/produto\/cat-carrot-tunnel-toy-scratcher-tent-manufacturer\/\" \/>\n<meta property=\"og:locale\" content=\"pt_PT\" \/>\n<meta property=\"og:type\" content=\"article\" \/>\n<meta property=\"og:title\" content=\"Cat Carrot Tunnel Toy Scratcher Tent Manufacturer - Petstar\" \/>\n<meta property=\"og:description\" content=\"cat tunnel toy manufaturer,we have over 20 years of manufacturing experience in the pet products,more than 8,000 pet accessories in various range\" \/>\n<meta property=\"og:url\" content=\"https:\/\/petproducts.com.cn\/pt\/produto\/cat-carrot-tunnel-toy-scratcher-tent-manufacturer\/\" \/>\n<meta property=\"og:site_name\" content=\"Petstar\" \/>\n<meta property=\"article:modified_time\" content=\"2025-02-20T05:19:36+00:00\" \/>\n<meta property=\"og:image\" content=\"https:\/\/petproducts.com.cn\/wp-content\/uploads\/2023\/09\/YT123113-6.webp\" \/>\n\t<meta property=\"og:image:width\" content=\"1000\" \/>\n\t<meta property=\"og:image:height\" content=\"1000\" \/>\n\t<meta property=\"og:image:type\" content=\"image\/webp\" \/>\n<meta name=\"twitter:card\" content=\"summary_large_image\" \/>\n<meta name=\"twitter:label1\" content=\"Tempo estimado de leitura\" \/>\n\t<meta name=\"twitter:data1\" content=\"2 minutos\" \/>\n<script type=\"application\/ld+json\" class=\"yoast-schema-graph\">{\"@context\":\"https:\/\/schema.org\",\"@graph\":[{\"@type\":\"WebPage\",\"@id\":\"https:\/\/petproducts.com.cn\/product\/cat-carrot-tunnel-toy-scratcher-tent-manufacturer\/\",\"url\":\"https:\/\/petproducts.com.cn\/product\/cat-carrot-tunnel-toy-scratcher-tent-manufacturer\/\",\"name\":\"Cat Carrot Tunnel Toy Scratcher Tent Manufacturer - Petstar\",\"isPartOf\":{\"@id\":\"https:\/\/petproducts.com.cn\/#website\"},\"primaryImageOfPage\":{\"@id\":\"https:\/\/petproducts.com.cn\/product\/cat-carrot-tunnel-toy-scratcher-tent-manufacturer\/#primaryimage\"},\"image\":{\"@id\":\"https:\/\/petproducts.com.cn\/product\/cat-carrot-tunnel-toy-scratcher-tent-manufacturer\/#primaryimage\"},\"thumbnailUrl\":\"https:\/\/petproducts.com.cn\/wp-content\/uploads\/2023\/09\/YT123113-6.webp\",\"datePublished\":\"2023-09-11T06:20:05+00:00\",\"dateModified\":\"2025-02-20T05:19:36+00:00\",\"description\":\"cat tunnel toy manufaturer,we have over 20 years of manufacturing experience in the pet products,more than 8,000 pet accessories in various range\",\"breadcrumb\":{\"@id\":\"https:\/\/petproducts.com.cn\/product\/cat-carrot-tunnel-toy-scratcher-tent-manufacturer\/#breadcrumb\"},\"inLanguage\":\"pt-PT\",\"potentialAction\":[{\"@type\":\"ReadAction\",\"target\":[\"https:\/\/petproducts.com.cn\/product\/cat-carrot-tunnel-toy-scratcher-tent-manufacturer\/\"]}]},{\"@type\":\"ImageObject\",\"inLanguage\":\"pt-PT\",\"@id\":\"https:\/\/petproducts.com.cn\/product\/cat-carrot-tunnel-toy-scratcher-tent-manufacturer\/#primaryimage\",\"url\":\"https:\/\/petproducts.com.cn\/wp-content\/uploads\/2023\/09\/YT123113-6.webp\",\"contentUrl\":\"https:\/\/petproducts.com.cn\/wp-content\/uploads\/2023\/09\/YT123113-6.webp\",\"width\":1000,\"height\":1000,\"caption\":\"cat tunnel toy\"},{\"@type\":\"BreadcrumbList\",\"@id\":\"https:\/\/petproducts.com.cn\/product\/cat-carrot-tunnel-toy-scratcher-tent-manufacturer\/#breadcrumb\",\"itemListElement\":[{\"@type\":\"ListItem\",\"position\":1,\"name\":\"HOME\",\"item\":\"https:\/\/petproducts.com.cn\/\"},{\"@type\":\"ListItem\",\"position\":2,\"name\":\"Products\",\"item\":\"https:\/\/petproducts.com.cn\/shop\/\"},{\"@type\":\"ListItem\",\"position\":3,\"name\":\"Cat Supplies\",\"item\":\"https:\/\/petproducts.com.cn\/product-category\/cat-supplies\/\"},{\"@type\":\"ListItem\",\"position\":4,\"name\":\"Cat Carrot Tunnel Toy Scratcher Tent Manufacturer\"}]},{\"@type\":\"WebSite\",\"@id\":\"https:\/\/petproducts.com.cn\/#website\",\"url\":\"https:\/\/petproducts.com.cn\/\",\"name\":\"Petstar\",\"description\":\"Leading Pet Supplies Manufacturer &amp; OEM Pet Products Supplier\",\"publisher\":{\"@id\":\"https:\/\/petproducts.com.cn\/#organization\"},\"alternateName\":\"Petstar Pet Supplies\",\"potentialAction\":[{\"@type\":\"SearchAction\",\"target\":{\"@type\":\"EntryPoint\",\"urlTemplate\":\"https:\/\/petproducts.com.cn\/?s={search_term_string}\"},\"query-input\":{\"@type\":\"PropertyValueSpecification\",\"valueRequired\":true,\"valueName\":\"search_term_string\"}}],\"inLanguage\":\"pt-PT\"},{\"@type\":\"Organization\",\"@id\":\"https:\/\/petproducts.com.cn\/#organization\",\"name\":\"Petstar\",\"url\":\"https:\/\/petproducts.com.cn\/\",\"logo\":{\"@type\":\"ImageObject\",\"inLanguage\":\"pt-PT\",\"@id\":\"https:\/\/petproducts.com.cn\/#\/schema\/logo\/image\/\",\"url\":\"https:\/\/petproducts.com.cn\/wp-content\/uploads\/2020\/02\/petstar-logo.webp\",\"contentUrl\":\"https:\/\/petproducts.com.cn\/wp-content\/uploads\/2020\/02\/petstar-logo.webp\",\"width\":779,\"height\":520,\"caption\":\"Petstar\"},\"image\":{\"@id\":\"https:\/\/petproducts.com.cn\/#\/schema\/logo\/image\/\"}}]}<\/script>\n<!-- \/ Yoast SEO plugin. -->","yoast_head_json":{"title":"Tenda para gatos T\u00fanel de Cenouras Brinquedo Arranhador Fabricante - Petstar","description":"Fabricante de brinquedos de t\u00fanel para gatos, temos mais de 20 anos de experi\u00eancia no fabrico de produtos para animais de estima\u00e7\u00e3o, mais de 8.000 acess\u00f3rios para animais de estima\u00e7\u00e3o em v\u00e1rias gamas","robots":{"index":"index","follow":"follow","max-snippet":"max-snippet:-1","max-image-preview":"max-image-preview:large","max-video-preview":"max-video-preview:-1"},"canonical":"https:\/\/petproducts.com.cn\/pt\/produto\/cat-carrot-tunnel-toy-scratcher-tent-manufacturer\/","og_locale":"pt_PT","og_type":"article","og_title":"Cat Carrot Tunnel Toy Scratcher Tent Manufacturer - Petstar","og_description":"cat tunnel toy manufaturer,we have over 20 years of manufacturing experience in the pet products,more than 8,000 pet accessories in various range","og_url":"https:\/\/petproducts.com.cn\/pt\/produto\/cat-carrot-tunnel-toy-scratcher-tent-manufacturer\/","og_site_name":"Petstar","article_modified_time":"2025-02-20T05:19:36+00:00","og_image":[{"width":1000,"height":1000,"url":"https:\/\/petproducts.com.cn\/wp-content\/uploads\/2023\/09\/YT123113-6.webp","type":"image\/webp"}],"twitter_card":"summary_large_image","twitter_misc":{"Tempo estimado de leitura":"2 minutos"},"schema":{"@context":"https:\/\/schema.org","@graph":[{"@type":"WebPage","@id":"https:\/\/petproducts.com.cn\/product\/cat-carrot-tunnel-toy-scratcher-tent-manufacturer\/","url":"https:\/\/petproducts.com.cn\/product\/cat-carrot-tunnel-toy-scratcher-tent-manufacturer\/","name":"Tenda para gatos T\u00fanel de Cenouras Brinquedo Arranhador Fabricante - Petstar","isPartOf":{"@id":"https:\/\/petproducts.com.cn\/#website"},"primaryImageOfPage":{"@id":"https:\/\/petproducts.com.cn\/product\/cat-carrot-tunnel-toy-scratcher-tent-manufacturer\/#primaryimage"},"image":{"@id":"https:\/\/petproducts.com.cn\/product\/cat-carrot-tunnel-toy-scratcher-tent-manufacturer\/#primaryimage"},"thumbnailUrl":"https:\/\/petproducts.com.cn\/wp-content\/uploads\/2023\/09\/YT123113-6.webp","datePublished":"2023-09-11T06:20:05+00:00","dateModified":"2025-02-20T05:19:36+00:00","description":"Fabricante de brinquedos de t\u00fanel para gatos, temos mais de 20 anos de experi\u00eancia no fabrico de produtos para animais de estima\u00e7\u00e3o, mais de 8.000 acess\u00f3rios para animais de estima\u00e7\u00e3o em v\u00e1rias gamas","breadcrumb":{"@id":"https:\/\/petproducts.com.cn\/product\/cat-carrot-tunnel-toy-scratcher-tent-manufacturer\/#breadcrumb"},"inLanguage":"pt-PT","potentialAction":[{"@type":"ReadAction","target":["https:\/\/petproducts.com.cn\/product\/cat-carrot-tunnel-toy-scratcher-tent-manufacturer\/"]}]},{"@type":"ImageObject","inLanguage":"pt-PT","@id":"https:\/\/petproducts.com.cn\/product\/cat-carrot-tunnel-toy-scratcher-tent-manufacturer\/#primaryimage","url":"https:\/\/petproducts.com.cn\/wp-content\/uploads\/2023\/09\/YT123113-6.webp","contentUrl":"https:\/\/petproducts.com.cn\/wp-content\/uploads\/2023\/09\/YT123113-6.webp","width":1000,"height":1000,"caption":"cat tunnel toy"},{"@type":"BreadcrumbList","@id":"https:\/\/petproducts.com.cn\/product\/cat-carrot-tunnel-toy-scratcher-tent-manufacturer\/#breadcrumb","itemListElement":[{"@type":"ListItem","position":1,"name":"HOME","item":"https:\/\/petproducts.com.cn\/"},{"@type":"ListItem","position":2,"name":"Products","item":"https:\/\/petproducts.com.cn\/shop\/"},{"@type":"ListItem","position":3,"name":"Cat Supplies","item":"https:\/\/petproducts.com.cn\/product-category\/cat-supplies\/"},{"@type":"ListItem","position":4,"name":"Cat Carrot Tunnel Toy Scratcher Tent Manufacturer"}]},{"@type":"WebSite","@id":"https:\/\/petproducts.com.cn\/#website","url":"https:\/\/petproducts.com.cn\/","name":"Petstar","description":"Fabricante l\u00edder de artigos para animais de estima\u00e7\u00e3o e fornecedor de produtos OEM para animais de estima\u00e7\u00e3o","publisher":{"@id":"https:\/\/petproducts.com.cn\/#organization"},"alternateName":"Petstar Pet Supplies","potentialAction":[{"@type":"SearchAction","target":{"@type":"EntryPoint","urlTemplate":"https:\/\/petproducts.com.cn\/?s={search_term_string}"},"query-input":{"@type":"PropertyValueSpecification","valueRequired":true,"valueName":"search_term_string"}}],"inLanguage":"pt-PT"},{"@type":"Organization","@id":"https:\/\/petproducts.com.cn\/#organization","name":"Petstar","url":"https:\/\/petproducts.com.cn\/","logo":{"@type":"ImageObject","inLanguage":"pt-PT","@id":"https:\/\/petproducts.com.cn\/#\/schema\/logo\/image\/","url":"https:\/\/petproducts.com.cn\/wp-content\/uploads\/2020\/02\/petstar-logo.webp","contentUrl":"https:\/\/petproducts.com.cn\/wp-content\/uploads\/2020\/02\/petstar-logo.webp","width":779,"height":520,"caption":"Petstar"},"image":{"@id":"https:\/\/petproducts.com.cn\/#\/schema\/logo\/image\/"}}]}},"_links":{"self":[{"href":"https:\/\/petproducts.com.cn\/pt\/wp-json\/wp\/v2\/product\/8804","targetHints":{"allow":["GET"]}}],"collection":[{"href":"https:\/\/petproducts.com.cn\/pt\/wp-json\/wp\/v2\/product"}],"about":[{"href":"https:\/\/petproducts.com.cn\/pt\/wp-json\/wp\/v2\/types\/product"}],"version-history":[{"count":2,"href":"https:\/\/petproducts.com.cn\/pt\/wp-json\/wp\/v2\/product\/8804\/revisions"}],"predecessor-version":[{"id":11802,"href":"https:\/\/petproducts.com.cn\/pt\/wp-json\/wp\/v2\/product\/8804\/revisions\/11802"}],"wp:featuredmedia":[{"embeddable":true,"href":"https:\/\/petproducts.com.cn\/pt\/wp-json\/wp\/v2\/media\/8810"}],"wp:attachment":[{"href":"https:\/\/petproducts.com.cn\/pt\/wp-json\/wp\/v2\/media?parent=8804"}],"wp:term":[{"taxonomy":"product_brand","embeddable":true,"href":"https:\/\/petproducts.com.cn\/pt\/wp-json\/wp\/v2\/product_brand?post=8804"},{"taxonomy":"product_cat","embeddable":true,"href":"https:\/\/petproducts.com.cn\/pt\/wp-json\/wp\/v2\/product_cat?post=8804"},{"taxonomy":"product_tag","embeddable":true,"href":"https:\/\/petproducts.com.cn\/pt\/wp-json\/wp\/v2\/product_tag?post=8804"}],"curies":[{"name":"wp","href":"https:\/\/api.w.org\/{rel}","templated":true}]}}