{"id":8831,"date":"2023-09-11T06:33:48","date_gmt":"2023-09-11T06:33:48","guid":{"rendered":"https:\/\/petproducts.com.cn\/?post_type=product&#038;p=8831"},"modified":"2023-09-11T06:54:03","modified_gmt":"2023-09-11T06:54:03","slug":"memory-form-dog-bed-pet-sofa-bed-for-dogs","status":"publish","type":"product","link":"https:\/\/petproducts.com.cn\/pt\/product\/memory-form-dog-bed-pet-sofa-bed-for-dogs\/","title":{"rendered":"Cama de cachorro em forma de mem\u00f3ria Sof\u00e1-cama para animais de estima\u00e7\u00e3o para c\u00e3es"},"content":{"rendered":"<h2>Carater\u00edsticas da cama para c\u00e3es em forma de mem\u00f3ria Sof\u00e1-cama para c\u00e3es<\/h2>\n<ol>\n<li><strong>Conforto inigual\u00e1vel<\/strong>: Fabricada com espuma viscoel\u00e1stica de alta qualidade, esta cama viscoel\u00e1stica para c\u00e3es proporciona um apoio excecional e garante ao seu animal de estima\u00e7\u00e3o uma noite de sono tranquila. Diga adeus \u00e0s noites agitadas e ol\u00e1 aos animais de estima\u00e7\u00e3o bem descansados e felizes.<\/li>\n<li><strong>Tecido de poli\u00e9ster de qualidade superior<\/strong>: A cobertura em tecido de poli\u00e9ster macio e duradouro n\u00e3o s\u00f3 \u00e9 agrad\u00e1vel ao tato como tamb\u00e9m \u00e9 f\u00e1cil de limpar. Suporta o desgaste da utiliza\u00e7\u00e3o quotidiana, mantendo o seu toque de pel\u00facia.<\/li>\n<li><strong>Eleg\u00e2ncia estampada em ganga<\/strong>: O design impresso em ganga acrescenta um toque de sofistica\u00e7\u00e3o \u00e0 decora\u00e7\u00e3o da sua casa, tornando este sof\u00e1-cama para animais de estima\u00e7\u00e3o uma adi\u00e7\u00e3o atraente a qualquer divis\u00e3o. Seu animal de estima\u00e7\u00e3o vai adorar relaxar com estilo!<\/li>\n<li><strong>Design de sof\u00e1s<\/strong>: O nosso sof\u00e1-cama para animais de estima\u00e7\u00e3o foi concebido a pensar no conforto do seu c\u00e3o. A estrutura em forma de sof\u00e1 proporciona uma sensa\u00e7\u00e3o de seguran\u00e7a e incentiva o seu amigo peludo a relaxar, seja na hora da sesta ou na hora de dormir.<\/li>\n<li><strong>Fundo antiderrapante<\/strong>: Compreendemos a import\u00e2ncia da seguran\u00e7a, e \u00e9 por isso que esta cama para c\u00e3es tem um fundo antiderrapante. Mant\u00e9m-se no lugar, mesmo nos momentos de brincadeira, garantindo a seguran\u00e7a do seu animal.<\/li>\n<\/ol>","protected":false},"excerpt":{"rendered":"<p>Somos fabricantes de camas para animais de estima\u00e7\u00e3o com mais de 20 anos de experi\u00eancia. Oferecemos op\u00e7\u00f5es de personaliza\u00e7\u00e3o de cor, tamanho, tecido, padr\u00e3o, logotipo e outros recursos.<\/p>","protected":false},"featured_media":8862,"template":"","meta":{"_acf_changed":false},"product_brand":[],"product_cat":[57,72],"product_tag":[75],"class_list":{"0":"post-8831","1":"product","2":"type-product","3":"status-publish","4":"has-post-thumbnail","6":"product_cat-dog-beds","7":"product_cat-dog-supplies","8":"product_tag-dog-beds","10":"first","11":"instock","12":"shipping-taxable","13":"product-type-simple"},"acf":[],"yoast_head":"<!-- This site is optimized with the Yoast SEO plugin v27.1.1 - https:\/\/yoast.com\/product\/yoast-seo-wordpress\/ -->\n<title>Memory Form Dog Bed Pet Sofa Bed For Dogs - Petstar<\/title>\n<meta name=\"description\" content=\"Explore Memory Form Dog Bed- Mass Production, Customization, and Design Options Available.Tianyuan Pet is a leading global one-stop pet bed supplier.\" \/>\n<meta name=\"robots\" content=\"index, follow, max-snippet:-1, max-image-preview:large, max-video-preview:-1\" \/>\n<link rel=\"canonical\" href=\"https:\/\/petproducts.com.cn\/pt\/produto\/memory-form-dog-bed-pet-sofa-bed-for-dogs\/\" \/>\n<meta property=\"og:locale\" content=\"pt_PT\" \/>\n<meta property=\"og:type\" content=\"article\" \/>\n<meta property=\"og:title\" content=\"Memory Form Dog Bed Pet Sofa Bed For Dogs - Petstar\" \/>\n<meta property=\"og:description\" content=\"Explore Memory Form Dog Bed- Mass Production, Customization, and Design Options Available.Tianyuan Pet is a leading global one-stop pet bed supplier.\" \/>\n<meta property=\"og:url\" content=\"https:\/\/petproducts.com.cn\/pt\/produto\/memory-form-dog-bed-pet-sofa-bed-for-dogs\/\" \/>\n<meta property=\"og:site_name\" content=\"Petstar\" \/>\n<meta property=\"article:modified_time\" content=\"2023-09-11T06:54:03+00:00\" \/>\n<meta property=\"og:image\" content=\"https:\/\/petproducts.com.cn\/wp-content\/uploads\/2023\/09\/pet-sofa-bed-for-dogs-1.webp\" \/>\n\t<meta property=\"og:image:width\" content=\"800\" \/>\n\t<meta property=\"og:image:height\" content=\"800\" \/>\n\t<meta property=\"og:image:type\" content=\"image\/webp\" \/>\n<meta name=\"twitter:card\" content=\"summary_large_image\" \/>\n<meta name=\"twitter:label1\" content=\"Tempo estimado de leitura\" \/>\n\t<meta name=\"twitter:data1\" content=\"1 minuto\" \/>\n<script type=\"application\/ld+json\" class=\"yoast-schema-graph\">{\"@context\":\"https:\/\/schema.org\",\"@graph\":[{\"@type\":\"WebPage\",\"@id\":\"https:\/\/petproducts.com.cn\/product\/memory-form-dog-bed-pet-sofa-bed-for-dogs\/\",\"url\":\"https:\/\/petproducts.com.cn\/product\/memory-form-dog-bed-pet-sofa-bed-for-dogs\/\",\"name\":\"Memory Form Dog Bed Pet Sofa Bed For Dogs - Petstar\",\"isPartOf\":{\"@id\":\"https:\/\/petproducts.com.cn\/#website\"},\"primaryImageOfPage\":{\"@id\":\"https:\/\/petproducts.com.cn\/product\/memory-form-dog-bed-pet-sofa-bed-for-dogs\/#primaryimage\"},\"image\":{\"@id\":\"https:\/\/petproducts.com.cn\/product\/memory-form-dog-bed-pet-sofa-bed-for-dogs\/#primaryimage\"},\"thumbnailUrl\":\"https:\/\/petproducts.com.cn\/wp-content\/uploads\/2023\/09\/pet-sofa-bed-for-dogs-1.webp\",\"datePublished\":\"2023-09-11T06:33:48+00:00\",\"dateModified\":\"2023-09-11T06:54:03+00:00\",\"description\":\"Explore Memory Form Dog Bed- Mass Production, Customization, and Design Options Available.Tianyuan Pet is a leading global one-stop pet bed supplier.\",\"breadcrumb\":{\"@id\":\"https:\/\/petproducts.com.cn\/product\/memory-form-dog-bed-pet-sofa-bed-for-dogs\/#breadcrumb\"},\"inLanguage\":\"pt-PT\",\"potentialAction\":[{\"@type\":\"ReadAction\",\"target\":[\"https:\/\/petproducts.com.cn\/product\/memory-form-dog-bed-pet-sofa-bed-for-dogs\/\"]}]},{\"@type\":\"ImageObject\",\"inLanguage\":\"pt-PT\",\"@id\":\"https:\/\/petproducts.com.cn\/product\/memory-form-dog-bed-pet-sofa-bed-for-dogs\/#primaryimage\",\"url\":\"https:\/\/petproducts.com.cn\/wp-content\/uploads\/2023\/09\/pet-sofa-bed-for-dogs-1.webp\",\"contentUrl\":\"https:\/\/petproducts.com.cn\/wp-content\/uploads\/2023\/09\/pet-sofa-bed-for-dogs-1.webp\",\"width\":800,\"height\":800,\"caption\":\"Memory Form Dog Bed Pet\"},{\"@type\":\"BreadcrumbList\",\"@id\":\"https:\/\/petproducts.com.cn\/product\/memory-form-dog-bed-pet-sofa-bed-for-dogs\/#breadcrumb\",\"itemListElement\":[{\"@type\":\"ListItem\",\"position\":1,\"name\":\"HOME\",\"item\":\"https:\/\/petproducts.com.cn\/\"},{\"@type\":\"ListItem\",\"position\":2,\"name\":\"Products\",\"item\":\"https:\/\/petproducts.com.cn\/shop\/\"},{\"@type\":\"ListItem\",\"position\":3,\"name\":\"Dog Beds\",\"item\":\"https:\/\/petproducts.com.cn\/product-category\/dog-beds\/\"},{\"@type\":\"ListItem\",\"position\":4,\"name\":\"Memory Form Dog Bed Pet Sofa Bed For Dogs\"}]},{\"@type\":\"WebSite\",\"@id\":\"https:\/\/petproducts.com.cn\/#website\",\"url\":\"https:\/\/petproducts.com.cn\/\",\"name\":\"Petstar\",\"description\":\"Leading Pet Supplies Manufacturer &amp; OEM Pet Products Supplier\",\"publisher\":{\"@id\":\"https:\/\/petproducts.com.cn\/#organization\"},\"alternateName\":\"Petstar Pet Supplies\",\"potentialAction\":[{\"@type\":\"SearchAction\",\"target\":{\"@type\":\"EntryPoint\",\"urlTemplate\":\"https:\/\/petproducts.com.cn\/?s={search_term_string}\"},\"query-input\":{\"@type\":\"PropertyValueSpecification\",\"valueRequired\":true,\"valueName\":\"search_term_string\"}}],\"inLanguage\":\"pt-PT\"},{\"@type\":\"Organization\",\"@id\":\"https:\/\/petproducts.com.cn\/#organization\",\"name\":\"Petstar\",\"url\":\"https:\/\/petproducts.com.cn\/\",\"logo\":{\"@type\":\"ImageObject\",\"inLanguage\":\"pt-PT\",\"@id\":\"https:\/\/petproducts.com.cn\/#\/schema\/logo\/image\/\",\"url\":\"https:\/\/petproducts.com.cn\/wp-content\/uploads\/2020\/02\/petstar-logo.webp\",\"contentUrl\":\"https:\/\/petproducts.com.cn\/wp-content\/uploads\/2020\/02\/petstar-logo.webp\",\"width\":779,\"height\":520,\"caption\":\"Petstar\"},\"image\":{\"@id\":\"https:\/\/petproducts.com.cn\/#\/schema\/logo\/image\/\"}}]}<\/script>\n<!-- \/ Yoast SEO plugin. -->","yoast_head_json":{"title":"Cama para c\u00e3es em forma de mem\u00f3ria Sof\u00e1-cama para c\u00e3es - Petstar","description":"Explore Cama de cachorro com forma de mem\u00f3ria - Produ\u00e7\u00e3o em massa, personaliza\u00e7\u00e3o e op\u00e7\u00f5es de design dispon\u00edveis.Tianyuan Pet \u00e9 um fornecedor l\u00edder global de cama para animais de estima\u00e7\u00e3o.","robots":{"index":"index","follow":"follow","max-snippet":"max-snippet:-1","max-image-preview":"max-image-preview:large","max-video-preview":"max-video-preview:-1"},"canonical":"https:\/\/petproducts.com.cn\/pt\/produto\/memory-form-dog-bed-pet-sofa-bed-for-dogs\/","og_locale":"pt_PT","og_type":"article","og_title":"Memory Form Dog Bed Pet Sofa Bed For Dogs - Petstar","og_description":"Explore Memory Form Dog Bed- Mass Production, Customization, and Design Options Available.Tianyuan Pet is a leading global one-stop pet bed supplier.","og_url":"https:\/\/petproducts.com.cn\/pt\/produto\/memory-form-dog-bed-pet-sofa-bed-for-dogs\/","og_site_name":"Petstar","article_modified_time":"2023-09-11T06:54:03+00:00","og_image":[{"width":800,"height":800,"url":"https:\/\/petproducts.com.cn\/wp-content\/uploads\/2023\/09\/pet-sofa-bed-for-dogs-1.webp","type":"image\/webp"}],"twitter_card":"summary_large_image","twitter_misc":{"Tempo estimado de leitura":"1 minuto"},"schema":{"@context":"https:\/\/schema.org","@graph":[{"@type":"WebPage","@id":"https:\/\/petproducts.com.cn\/product\/memory-form-dog-bed-pet-sofa-bed-for-dogs\/","url":"https:\/\/petproducts.com.cn\/product\/memory-form-dog-bed-pet-sofa-bed-for-dogs\/","name":"Cama para c\u00e3es em forma de mem\u00f3ria Sof\u00e1-cama para c\u00e3es - Petstar","isPartOf":{"@id":"https:\/\/petproducts.com.cn\/#website"},"primaryImageOfPage":{"@id":"https:\/\/petproducts.com.cn\/product\/memory-form-dog-bed-pet-sofa-bed-for-dogs\/#primaryimage"},"image":{"@id":"https:\/\/petproducts.com.cn\/product\/memory-form-dog-bed-pet-sofa-bed-for-dogs\/#primaryimage"},"thumbnailUrl":"https:\/\/petproducts.com.cn\/wp-content\/uploads\/2023\/09\/pet-sofa-bed-for-dogs-1.webp","datePublished":"2023-09-11T06:33:48+00:00","dateModified":"2023-09-11T06:54:03+00:00","description":"Explore Cama de cachorro com forma de mem\u00f3ria - Produ\u00e7\u00e3o em massa, personaliza\u00e7\u00e3o e op\u00e7\u00f5es de design dispon\u00edveis.Tianyuan Pet \u00e9 um fornecedor l\u00edder global de cama para animais de estima\u00e7\u00e3o.","breadcrumb":{"@id":"https:\/\/petproducts.com.cn\/product\/memory-form-dog-bed-pet-sofa-bed-for-dogs\/#breadcrumb"},"inLanguage":"pt-PT","potentialAction":[{"@type":"ReadAction","target":["https:\/\/petproducts.com.cn\/product\/memory-form-dog-bed-pet-sofa-bed-for-dogs\/"]}]},{"@type":"ImageObject","inLanguage":"pt-PT","@id":"https:\/\/petproducts.com.cn\/product\/memory-form-dog-bed-pet-sofa-bed-for-dogs\/#primaryimage","url":"https:\/\/petproducts.com.cn\/wp-content\/uploads\/2023\/09\/pet-sofa-bed-for-dogs-1.webp","contentUrl":"https:\/\/petproducts.com.cn\/wp-content\/uploads\/2023\/09\/pet-sofa-bed-for-dogs-1.webp","width":800,"height":800,"caption":"Memory Form Dog Bed Pet"},{"@type":"BreadcrumbList","@id":"https:\/\/petproducts.com.cn\/product\/memory-form-dog-bed-pet-sofa-bed-for-dogs\/#breadcrumb","itemListElement":[{"@type":"ListItem","position":1,"name":"HOME","item":"https:\/\/petproducts.com.cn\/"},{"@type":"ListItem","position":2,"name":"Products","item":"https:\/\/petproducts.com.cn\/shop\/"},{"@type":"ListItem","position":3,"name":"Dog Beds","item":"https:\/\/petproducts.com.cn\/product-category\/dog-beds\/"},{"@type":"ListItem","position":4,"name":"Memory Form Dog Bed Pet Sofa Bed For Dogs"}]},{"@type":"WebSite","@id":"https:\/\/petproducts.com.cn\/#website","url":"https:\/\/petproducts.com.cn\/","name":"Petstar","description":"Fabricante l\u00edder de artigos para animais de estima\u00e7\u00e3o e fornecedor de produtos OEM para animais de estima\u00e7\u00e3o","publisher":{"@id":"https:\/\/petproducts.com.cn\/#organization"},"alternateName":"Petstar Pet Supplies","potentialAction":[{"@type":"SearchAction","target":{"@type":"EntryPoint","urlTemplate":"https:\/\/petproducts.com.cn\/?s={search_term_string}"},"query-input":{"@type":"PropertyValueSpecification","valueRequired":true,"valueName":"search_term_string"}}],"inLanguage":"pt-PT"},{"@type":"Organization","@id":"https:\/\/petproducts.com.cn\/#organization","name":"Petstar","url":"https:\/\/petproducts.com.cn\/","logo":{"@type":"ImageObject","inLanguage":"pt-PT","@id":"https:\/\/petproducts.com.cn\/#\/schema\/logo\/image\/","url":"https:\/\/petproducts.com.cn\/wp-content\/uploads\/2020\/02\/petstar-logo.webp","contentUrl":"https:\/\/petproducts.com.cn\/wp-content\/uploads\/2020\/02\/petstar-logo.webp","width":779,"height":520,"caption":"Petstar"},"image":{"@id":"https:\/\/petproducts.com.cn\/#\/schema\/logo\/image\/"}}]}},"_links":{"self":[{"href":"https:\/\/petproducts.com.cn\/pt\/wp-json\/wp\/v2\/product\/8831","targetHints":{"allow":["GET"]}}],"collection":[{"href":"https:\/\/petproducts.com.cn\/pt\/wp-json\/wp\/v2\/product"}],"about":[{"href":"https:\/\/petproducts.com.cn\/pt\/wp-json\/wp\/v2\/types\/product"}],"version-history":[{"count":3,"href":"https:\/\/petproducts.com.cn\/pt\/wp-json\/wp\/v2\/product\/8831\/revisions"}],"predecessor-version":[{"id":8870,"href":"https:\/\/petproducts.com.cn\/pt\/wp-json\/wp\/v2\/product\/8831\/revisions\/8870"}],"wp:featuredmedia":[{"embeddable":true,"href":"https:\/\/petproducts.com.cn\/pt\/wp-json\/wp\/v2\/media\/8862"}],"wp:attachment":[{"href":"https:\/\/petproducts.com.cn\/pt\/wp-json\/wp\/v2\/media?parent=8831"}],"wp:term":[{"taxonomy":"product_brand","embeddable":true,"href":"https:\/\/petproducts.com.cn\/pt\/wp-json\/wp\/v2\/product_brand?post=8831"},{"taxonomy":"product_cat","embeddable":true,"href":"https:\/\/petproducts.com.cn\/pt\/wp-json\/wp\/v2\/product_cat?post=8831"},{"taxonomy":"product_tag","embeddable":true,"href":"https:\/\/petproducts.com.cn\/pt\/wp-json\/wp\/v2\/product_tag?post=8831"}],"curies":[{"name":"wp","href":"https:\/\/api.w.org\/{rel}","templated":true}]}}