{"id":8833,"date":"2023-09-11T06:34:42","date_gmt":"2023-09-11T06:34:42","guid":{"rendered":"https:\/\/petproducts.com.cn\/?post_type=product&#038;p=8833"},"modified":"2025-02-20T05:19:28","modified_gmt":"2025-02-20T05:19:28","slug":"carrot-cat-toys-tunnel-cute-tube-tunnel-toys-balls","status":"publish","type":"product","link":"https:\/\/petproducts.com.cn\/pt\/product\/carrot-cat-toys-tunnel-cute-tube-tunnel-toys-balls\/","title":{"rendered":"Cenoura gato brinquedos t\u00fanel bonito tubo t\u00fanel brinquedos bolas"},"content":{"rendered":"<h2>Brinquedo para t\u00fanel de cenoura para gatos por atacado - T\u00fanel de tubo bonito com bolas de brinquedo<\/h2>\n<p>Procurando um brinquedo ador\u00e1vel e envolvente para gatos? Petstar oferece Brinquedos T\u00fanel para Gatos por atacado com um bonito desenho de cenoura. O nosso brinquedo de t\u00fanel para gatos com cenoura n\u00e3o \u00e9 apenas visualmente atraente, mas tamb\u00e9m proporciona uma experi\u00eancia de jogo estimulante e interactiva para amigos felinos de todas as idades.<\/p>\n<p>1. design bonito da cenoura: O nosso brinquedo de t\u00fanel para gatos com cenoura tem uma cor laranja ador\u00e1vel e um design encantador em forma de cenoura. O aspeto l\u00fadico da cenoura acrescenta um toque de fofura a qualquer cole\u00e7\u00e3o de brinquedos para gatos, tornando-o uma escolha irresist\u00edvel tanto para os gatos como para os seus donos.<\/p>\n<p>2. leve e dobr\u00e1vel: A conveni\u00eancia \u00e9 fundamental, especialmente para empresas e donos de animais de estima\u00e7\u00e3o. O nosso brinquedo de t\u00fanel para gatos com cenoura \u00e9 leve e f\u00e1cil de transportar, o que o torna perfeito para retalhistas online, lojas de animais e grossistas. Tamb\u00e9m pode ser dobrado e guardado sem esfor\u00e7o quando n\u00e3o est\u00e1 a ser utilizado, poupando espa\u00e7o e permitindo uma arruma\u00e7\u00e3o sem complica\u00e7\u00f5es.<\/p>\n<p>3. bolas de brinquedos interactivos: Compreendemos a import\u00e2ncia de manter os gatos envolvidos e entretidos. \u00c9 por isso que o nosso brinquedo de t\u00fanel para gatos com cenoura vem com bolas de brinquedo anexadas. Estas bolas de brinquedo rolam e tilintam, proporcionando divers\u00e3o e emo\u00e7\u00e3o adicionais aos companheiros peludos dos seus clientes.<\/p>\n<p>4. dur\u00e1vel e seguro: A seguran\u00e7a e o bem-estar dos gatos s\u00e3o as nossas principais prioridades. O nosso brinquedo t\u00fanel para gatos com cenoura \u00e9 feito de materiais de alta qualidade que s\u00e3o dur\u00e1veis e seguros para animais de estima\u00e7\u00e3o. A constru\u00e7\u00e3o em tecido garante um tempo de jogo duradouro, enquanto os materiais n\u00e3o t\u00f3xicos d\u00e3o paz de esp\u00edrito aos donos de gatos.<\/p>\n<p>5. servi\u00e7os de personaliza\u00e7\u00e3o por atacado: No Petstar, oferecemos servi\u00e7os de personaliza\u00e7\u00e3o por atacado para atender \u00e0s necessidades exclusivas do seu neg\u00f3cio. Se voc\u00ea deseja adicionar o logotipo da sua empresa ou personalizar o esquema de cores, podemos ajud\u00e1-lo a criar brinquedos de t\u00fanel de gato de cenoura personalizados que se alinham com a imagem da sua marca. Destaque-se da concorr\u00eancia com produtos personalizados.<\/p>\n<p>Escolha Petstar como seu parceiro de confian\u00e7a para brinquedos de alta qualidade para gatos. O nosso brinquedo de t\u00fanel para gatos Carrot \u00e9 leve, dobr\u00e1vel e foi concebido para proporcionar divers\u00e3o e exerc\u00edcio. Entre em contacto connosco agora e vamos fazer do tempo de brincar uma aventura deliciosa para os gatos de todo o mundo!<\/p>","protected":false},"excerpt":{"rendered":"<p>N\u00f3s somos um fabricante de t\u00fanel de brinquedos para gatos com mais de 20 anos de experi\u00eancia. Oferecemos op\u00e7\u00f5es de personaliza\u00e7\u00e3o para cor, tamanho, tecido, padr\u00e3o, logotipo e outras carater\u00edsticas.<\/p>","protected":false},"featured_media":8839,"template":"","meta":{"_acf_changed":false},"product_brand":[],"product_cat":[71,81],"product_tag":[288],"class_list":{"0":"post-8833","1":"product","2":"type-product","3":"status-publish","4":"has-post-thumbnail","6":"product_cat-cat-supplies","7":"product_cat-cat-toys","8":"product_tag-cat-tunnel-toys","10":"first","11":"instock","12":"shipping-taxable","13":"product-type-simple"},"acf":[],"yoast_head":"<!-- This site is optimized with the Yoast SEO plugin v27.1.1 - https:\/\/yoast.com\/product\/yoast-seo-wordpress\/ -->\n<title>Carrot Cat Toys Tunnel Cute Tube Tunnel Toys Balls - Petstar<\/title>\n<meta name=\"description\" content=\"cat toys tunnel manufaturer,we have over 20 years of manufacturing experience in the pet products,more than 8,000 pet accessories in various rang\" \/>\n<meta name=\"robots\" content=\"index, follow, max-snippet:-1, max-image-preview:large, max-video-preview:-1\" \/>\n<link rel=\"canonical\" href=\"https:\/\/petproducts.com.cn\/pt\/produto\/carrot-cat-toys-tunnel-cute-tube-tunnel-toys-balls\/\" \/>\n<meta property=\"og:locale\" content=\"pt_PT\" \/>\n<meta property=\"og:type\" content=\"article\" \/>\n<meta property=\"og:title\" content=\"Carrot Cat Toys Tunnel Cute Tube Tunnel Toys Balls - Petstar\" \/>\n<meta property=\"og:description\" content=\"cat toys tunnel manufaturer,we have over 20 years of manufacturing experience in the pet products,more than 8,000 pet accessories in various rang\" \/>\n<meta property=\"og:url\" content=\"https:\/\/petproducts.com.cn\/pt\/produto\/carrot-cat-toys-tunnel-cute-tube-tunnel-toys-balls\/\" \/>\n<meta property=\"og:site_name\" content=\"Petstar\" \/>\n<meta property=\"article:modified_time\" content=\"2025-02-20T05:19:28+00:00\" \/>\n<meta property=\"og:image\" content=\"https:\/\/petproducts.com.cn\/wp-content\/uploads\/2023\/09\/YT123112-6.webp\" \/>\n\t<meta property=\"og:image:width\" content=\"1000\" \/>\n\t<meta property=\"og:image:height\" content=\"1000\" \/>\n\t<meta property=\"og:image:type\" content=\"image\/webp\" \/>\n<meta name=\"twitter:card\" content=\"summary_large_image\" \/>\n<meta name=\"twitter:label1\" content=\"Tempo estimado de leitura\" \/>\n\t<meta name=\"twitter:data1\" content=\"2 minutos\" \/>\n<script type=\"application\/ld+json\" class=\"yoast-schema-graph\">{\"@context\":\"https:\/\/schema.org\",\"@graph\":[{\"@type\":\"WebPage\",\"@id\":\"https:\/\/petproducts.com.cn\/product\/carrot-cat-toys-tunnel-cute-tube-tunnel-toys-balls\/\",\"url\":\"https:\/\/petproducts.com.cn\/product\/carrot-cat-toys-tunnel-cute-tube-tunnel-toys-balls\/\",\"name\":\"Carrot Cat Toys Tunnel Cute Tube Tunnel Toys Balls - Petstar\",\"isPartOf\":{\"@id\":\"https:\/\/petproducts.com.cn\/#website\"},\"primaryImageOfPage\":{\"@id\":\"https:\/\/petproducts.com.cn\/product\/carrot-cat-toys-tunnel-cute-tube-tunnel-toys-balls\/#primaryimage\"},\"image\":{\"@id\":\"https:\/\/petproducts.com.cn\/product\/carrot-cat-toys-tunnel-cute-tube-tunnel-toys-balls\/#primaryimage\"},\"thumbnailUrl\":\"https:\/\/petproducts.com.cn\/wp-content\/uploads\/2023\/09\/YT123112-6.webp\",\"datePublished\":\"2023-09-11T06:34:42+00:00\",\"dateModified\":\"2025-02-20T05:19:28+00:00\",\"description\":\"cat toys tunnel manufaturer,we have over 20 years of manufacturing experience in the pet products,more than 8,000 pet accessories in various rang\",\"breadcrumb\":{\"@id\":\"https:\/\/petproducts.com.cn\/product\/carrot-cat-toys-tunnel-cute-tube-tunnel-toys-balls\/#breadcrumb\"},\"inLanguage\":\"pt-PT\",\"potentialAction\":[{\"@type\":\"ReadAction\",\"target\":[\"https:\/\/petproducts.com.cn\/product\/carrot-cat-toys-tunnel-cute-tube-tunnel-toys-balls\/\"]}]},{\"@type\":\"ImageObject\",\"inLanguage\":\"pt-PT\",\"@id\":\"https:\/\/petproducts.com.cn\/product\/carrot-cat-toys-tunnel-cute-tube-tunnel-toys-balls\/#primaryimage\",\"url\":\"https:\/\/petproducts.com.cn\/wp-content\/uploads\/2023\/09\/YT123112-6.webp\",\"contentUrl\":\"https:\/\/petproducts.com.cn\/wp-content\/uploads\/2023\/09\/YT123112-6.webp\",\"width\":1000,\"height\":1000,\"caption\":\"cat toys tunnel\"},{\"@type\":\"BreadcrumbList\",\"@id\":\"https:\/\/petproducts.com.cn\/product\/carrot-cat-toys-tunnel-cute-tube-tunnel-toys-balls\/#breadcrumb\",\"itemListElement\":[{\"@type\":\"ListItem\",\"position\":1,\"name\":\"HOME\",\"item\":\"https:\/\/petproducts.com.cn\/\"},{\"@type\":\"ListItem\",\"position\":2,\"name\":\"Products\",\"item\":\"https:\/\/petproducts.com.cn\/shop\/\"},{\"@type\":\"ListItem\",\"position\":3,\"name\":\"Cat Supplies\",\"item\":\"https:\/\/petproducts.com.cn\/product-category\/cat-supplies\/\"},{\"@type\":\"ListItem\",\"position\":4,\"name\":\"Carrot Cat Toys Tunnel Cute Tube Tunnel Toys Balls\"}]},{\"@type\":\"WebSite\",\"@id\":\"https:\/\/petproducts.com.cn\/#website\",\"url\":\"https:\/\/petproducts.com.cn\/\",\"name\":\"Petstar\",\"description\":\"Leading Pet Supplies Manufacturer &amp; OEM Pet Products Supplier\",\"publisher\":{\"@id\":\"https:\/\/petproducts.com.cn\/#organization\"},\"alternateName\":\"Petstar Pet Supplies\",\"potentialAction\":[{\"@type\":\"SearchAction\",\"target\":{\"@type\":\"EntryPoint\",\"urlTemplate\":\"https:\/\/petproducts.com.cn\/?s={search_term_string}\"},\"query-input\":{\"@type\":\"PropertyValueSpecification\",\"valueRequired\":true,\"valueName\":\"search_term_string\"}}],\"inLanguage\":\"pt-PT\"},{\"@type\":\"Organization\",\"@id\":\"https:\/\/petproducts.com.cn\/#organization\",\"name\":\"Petstar\",\"url\":\"https:\/\/petproducts.com.cn\/\",\"logo\":{\"@type\":\"ImageObject\",\"inLanguage\":\"pt-PT\",\"@id\":\"https:\/\/petproducts.com.cn\/#\/schema\/logo\/image\/\",\"url\":\"https:\/\/petproducts.com.cn\/wp-content\/uploads\/2020\/02\/petstar-logo.webp\",\"contentUrl\":\"https:\/\/petproducts.com.cn\/wp-content\/uploads\/2020\/02\/petstar-logo.webp\",\"width\":779,\"height\":520,\"caption\":\"Petstar\"},\"image\":{\"@id\":\"https:\/\/petproducts.com.cn\/#\/schema\/logo\/image\/\"}}]}<\/script>\n<!-- \/ Yoast SEO plugin. -->","yoast_head_json":{"title":"Cenoura Brinquedos para gatos T\u00fanel Fofo Tubo T\u00fanel Brinquedos Bolas - Petstar","description":"Fabricante de t\u00faneis de brinquedos para gatos, temos mais de 20 anos de experi\u00eancia no fabrico de produtos para animais de estima\u00e7\u00e3o, mais de 8.000 acess\u00f3rios para animais de estima\u00e7\u00e3o em v\u00e1rias gamas","robots":{"index":"index","follow":"follow","max-snippet":"max-snippet:-1","max-image-preview":"max-image-preview:large","max-video-preview":"max-video-preview:-1"},"canonical":"https:\/\/petproducts.com.cn\/pt\/produto\/carrot-cat-toys-tunnel-cute-tube-tunnel-toys-balls\/","og_locale":"pt_PT","og_type":"article","og_title":"Carrot Cat Toys Tunnel Cute Tube Tunnel Toys Balls - Petstar","og_description":"cat toys tunnel manufaturer,we have over 20 years of manufacturing experience in the pet products,more than 8,000 pet accessories in various rang","og_url":"https:\/\/petproducts.com.cn\/pt\/produto\/carrot-cat-toys-tunnel-cute-tube-tunnel-toys-balls\/","og_site_name":"Petstar","article_modified_time":"2025-02-20T05:19:28+00:00","og_image":[{"width":1000,"height":1000,"url":"https:\/\/petproducts.com.cn\/wp-content\/uploads\/2023\/09\/YT123112-6.webp","type":"image\/webp"}],"twitter_card":"summary_large_image","twitter_misc":{"Tempo estimado de leitura":"2 minutos"},"schema":{"@context":"https:\/\/schema.org","@graph":[{"@type":"WebPage","@id":"https:\/\/petproducts.com.cn\/product\/carrot-cat-toys-tunnel-cute-tube-tunnel-toys-balls\/","url":"https:\/\/petproducts.com.cn\/product\/carrot-cat-toys-tunnel-cute-tube-tunnel-toys-balls\/","name":"Cenoura Brinquedos para gatos T\u00fanel Fofo Tubo T\u00fanel Brinquedos Bolas - Petstar","isPartOf":{"@id":"https:\/\/petproducts.com.cn\/#website"},"primaryImageOfPage":{"@id":"https:\/\/petproducts.com.cn\/product\/carrot-cat-toys-tunnel-cute-tube-tunnel-toys-balls\/#primaryimage"},"image":{"@id":"https:\/\/petproducts.com.cn\/product\/carrot-cat-toys-tunnel-cute-tube-tunnel-toys-balls\/#primaryimage"},"thumbnailUrl":"https:\/\/petproducts.com.cn\/wp-content\/uploads\/2023\/09\/YT123112-6.webp","datePublished":"2023-09-11T06:34:42+00:00","dateModified":"2025-02-20T05:19:28+00:00","description":"Fabricante de t\u00faneis de brinquedos para gatos, temos mais de 20 anos de experi\u00eancia no fabrico de produtos para animais de estima\u00e7\u00e3o, mais de 8.000 acess\u00f3rios para animais de estima\u00e7\u00e3o em v\u00e1rias gamas","breadcrumb":{"@id":"https:\/\/petproducts.com.cn\/product\/carrot-cat-toys-tunnel-cute-tube-tunnel-toys-balls\/#breadcrumb"},"inLanguage":"pt-PT","potentialAction":[{"@type":"ReadAction","target":["https:\/\/petproducts.com.cn\/product\/carrot-cat-toys-tunnel-cute-tube-tunnel-toys-balls\/"]}]},{"@type":"ImageObject","inLanguage":"pt-PT","@id":"https:\/\/petproducts.com.cn\/product\/carrot-cat-toys-tunnel-cute-tube-tunnel-toys-balls\/#primaryimage","url":"https:\/\/petproducts.com.cn\/wp-content\/uploads\/2023\/09\/YT123112-6.webp","contentUrl":"https:\/\/petproducts.com.cn\/wp-content\/uploads\/2023\/09\/YT123112-6.webp","width":1000,"height":1000,"caption":"cat toys tunnel"},{"@type":"BreadcrumbList","@id":"https:\/\/petproducts.com.cn\/product\/carrot-cat-toys-tunnel-cute-tube-tunnel-toys-balls\/#breadcrumb","itemListElement":[{"@type":"ListItem","position":1,"name":"HOME","item":"https:\/\/petproducts.com.cn\/"},{"@type":"ListItem","position":2,"name":"Products","item":"https:\/\/petproducts.com.cn\/shop\/"},{"@type":"ListItem","position":3,"name":"Cat Supplies","item":"https:\/\/petproducts.com.cn\/product-category\/cat-supplies\/"},{"@type":"ListItem","position":4,"name":"Carrot Cat Toys Tunnel Cute Tube Tunnel Toys Balls"}]},{"@type":"WebSite","@id":"https:\/\/petproducts.com.cn\/#website","url":"https:\/\/petproducts.com.cn\/","name":"Petstar","description":"Fabricante l\u00edder de artigos para animais de estima\u00e7\u00e3o e fornecedor de produtos OEM para animais de estima\u00e7\u00e3o","publisher":{"@id":"https:\/\/petproducts.com.cn\/#organization"},"alternateName":"Petstar Pet Supplies","potentialAction":[{"@type":"SearchAction","target":{"@type":"EntryPoint","urlTemplate":"https:\/\/petproducts.com.cn\/?s={search_term_string}"},"query-input":{"@type":"PropertyValueSpecification","valueRequired":true,"valueName":"search_term_string"}}],"inLanguage":"pt-PT"},{"@type":"Organization","@id":"https:\/\/petproducts.com.cn\/#organization","name":"Petstar","url":"https:\/\/petproducts.com.cn\/","logo":{"@type":"ImageObject","inLanguage":"pt-PT","@id":"https:\/\/petproducts.com.cn\/#\/schema\/logo\/image\/","url":"https:\/\/petproducts.com.cn\/wp-content\/uploads\/2020\/02\/petstar-logo.webp","contentUrl":"https:\/\/petproducts.com.cn\/wp-content\/uploads\/2020\/02\/petstar-logo.webp","width":779,"height":520,"caption":"Petstar"},"image":{"@id":"https:\/\/petproducts.com.cn\/#\/schema\/logo\/image\/"}}]}},"_links":{"self":[{"href":"https:\/\/petproducts.com.cn\/pt\/wp-json\/wp\/v2\/product\/8833","targetHints":{"allow":["GET"]}}],"collection":[{"href":"https:\/\/petproducts.com.cn\/pt\/wp-json\/wp\/v2\/product"}],"about":[{"href":"https:\/\/petproducts.com.cn\/pt\/wp-json\/wp\/v2\/types\/product"}],"version-history":[{"count":3,"href":"https:\/\/petproducts.com.cn\/pt\/wp-json\/wp\/v2\/product\/8833\/revisions"}],"predecessor-version":[{"id":11801,"href":"https:\/\/petproducts.com.cn\/pt\/wp-json\/wp\/v2\/product\/8833\/revisions\/11801"}],"wp:featuredmedia":[{"embeddable":true,"href":"https:\/\/petproducts.com.cn\/pt\/wp-json\/wp\/v2\/media\/8839"}],"wp:attachment":[{"href":"https:\/\/petproducts.com.cn\/pt\/wp-json\/wp\/v2\/media?parent=8833"}],"wp:term":[{"taxonomy":"product_brand","embeddable":true,"href":"https:\/\/petproducts.com.cn\/pt\/wp-json\/wp\/v2\/product_brand?post=8833"},{"taxonomy":"product_cat","embeddable":true,"href":"https:\/\/petproducts.com.cn\/pt\/wp-json\/wp\/v2\/product_cat?post=8833"},{"taxonomy":"product_tag","embeddable":true,"href":"https:\/\/petproducts.com.cn\/pt\/wp-json\/wp\/v2\/product_tag?post=8833"}],"curies":[{"name":"wp","href":"https:\/\/api.w.org\/{rel}","templated":true}]}}