{"id":8860,"date":"2023-09-11T06:48:42","date_gmt":"2023-09-11T06:48:42","guid":{"rendered":"https:\/\/petproducts.com.cn\/?post_type=product&#038;p=8860"},"modified":"2023-09-22T03:04:41","modified_gmt":"2023-09-22T03:04:41","slug":"odm-cat-scratcher-toy-corrugated-cardboard-ball-track-toy","status":"publish","type":"product","link":"https:\/\/petproducts.com.cn\/pt\/product\/odm-cat-scratcher-toy-corrugated-cardboard-ball-track-toy\/","title":{"rendered":"Brinquedo arranhador de gato ODM brinquedo de pista de bola de papel\u00e3o ondulado"},"content":{"rendered":"<h2>Atacado ODM Brinquedo arranhador para gatos com pista de bola<\/h2>\n<p>Procura um brinquedo ecol\u00f3gico e divertido para gatos? Petstar oferece um brinquedo de arranhador para gatos ODM (Original Design Manufacturer) por atacado, feito de papel\u00e3o ondulado. O nosso design inovador inclui uma pista de bolas para proporcionar divers\u00e3o sem fim aos amigos felinos.<\/p>\n<p>1.Materiais amigos do ambiente: Na Petstar, damos prioridade \u00e0 sustentabilidade. O nosso brinquedo de cart\u00e3o canelado para gatos \u00e9 feito de cart\u00e3o canelado de alta qualidade, que n\u00e3o s\u00f3 \u00e9 dur\u00e1vel como tamb\u00e9m amigo do ambiente. Este material \u00e9 seguro para os gatos e pode resistir aos seus instintos de arranhar, garantindo um entretenimento duradouro.<\/p>\n<p>2. pista de bolas interactiva: Levando o tempo de brincadeira para o pr\u00f3ximo n\u00edvel, o nosso brinquedo arranhador para gatos possui uma pista de bola incorporada. Acrescente um elemento envolvente para os seus companheiros peludos, pois eles v\u00e3o adorar perseguir e bater a bola inclu\u00edda ao longo da pista. Isto estimula os seus instintos naturais, mantendo-os activos e entretidos durante horas.<\/p>\n<p>3. design dur\u00e1vel e funcional: A constru\u00e7\u00e3o em cart\u00e3o ondulado do nosso brinquedo arranhador para gatos foi especificamente concebida para resistir a arranh\u00f5es vigorosos, tornando-o uma op\u00e7\u00e3o duradoura para os donos de gatos. Para al\u00e9m de proporcionar entretenimento, a superf\u00edcie de arranhar ajuda os gatos a manter as garras saud\u00e1veis, redireccionando o seu comportamento de arranhar para longe da mob\u00edlia e dos tapetes.<\/p>\n<p>4. servi\u00e7os de personaliza\u00e7\u00e3o por atacado: Petstar oferece servi\u00e7os de personaliza\u00e7\u00e3o por atacado para atender \u00e0s necessidades espec\u00edficas do seu neg\u00f3cio. Quer pretenda adicionar o log\u00f3tipo da sua empresa, personalizar o tamanho ou a cor, ou incluir carater\u00edsticas adicionais, podemos ajud\u00e1-lo a criar uma linha de produtos personalizada que diferencie a sua marca.<\/p>\n<p>Escolha Petstar como seu parceiro de confian\u00e7a para brinquedos de arranhar gatos de alta qualidade. Nossos brinquedos para gatos de papel\u00e3o ondulado combinam durabilidade, funcionalidade e sustentabilidade para proporcionar uma experi\u00eancia satisfat\u00f3ria de arranhar para gatos. Entre em contato conosco hoje para discutir oportunidades de atacado e encantar os donos de gatos com brinquedos personalizados para gatos.<\/p>","protected":false},"excerpt":{"rendered":"<p>N\u00f3s somos um fabricante de cart\u00e3o de brinquedo arranhador para gatos com mais de 20 anos de experi\u00eancia. Oferecemos op\u00e7\u00f5es de personaliza\u00e7\u00e3o para cor, tamanho, tecido, padr\u00e3o, log\u00f3tipo e outras carater\u00edsticas.<\/p>","protected":false},"featured_media":8921,"template":"","meta":{"_acf_changed":false},"product_brand":[],"product_cat":[71,81],"product_tag":[86],"class_list":{"0":"post-8860","1":"product","2":"type-product","3":"status-publish","4":"has-post-thumbnail","6":"product_cat-cat-supplies","7":"product_cat-cat-toys","8":"product_tag-cat-toys","10":"first","11":"instock","12":"shipping-taxable","13":"product-type-simple"},"acf":[],"yoast_head":"<!-- This site is optimized with the Yoast SEO plugin v27.1.1 - https:\/\/yoast.com\/product\/yoast-seo-wordpress\/ -->\n<title>ODM cat scratcher toy corrugated cardboard ball track toy - Petstar<\/title>\n<meta name=\"description\" content=\"cat scratcher toy manufaturer,we have over 20 years of manufacturing experience in the pet products,more than 8,000 pet accessories in various range\" \/>\n<meta name=\"robots\" content=\"index, follow, max-snippet:-1, max-image-preview:large, max-video-preview:-1\" \/>\n<link rel=\"canonical\" href=\"https:\/\/petproducts.com.cn\/pt\/produto\/odm-cat-scratcher-toy-corrugated-cardboard-ball-track-toy\/\" \/>\n<meta property=\"og:locale\" content=\"pt_PT\" \/>\n<meta property=\"og:type\" content=\"article\" \/>\n<meta property=\"og:title\" content=\"ODM cat scratcher toy corrugated cardboard ball track toy - Petstar\" \/>\n<meta property=\"og:description\" content=\"cat scratcher toy manufaturer,we have over 20 years of manufacturing experience in the pet products,more than 8,000 pet accessories in various range\" \/>\n<meta property=\"og:url\" content=\"https:\/\/petproducts.com.cn\/pt\/produto\/odm-cat-scratcher-toy-corrugated-cardboard-ball-track-toy\/\" \/>\n<meta property=\"og:site_name\" content=\"Petstar\" \/>\n<meta property=\"article:modified_time\" content=\"2023-09-22T03:04:41+00:00\" \/>\n<meta property=\"og:image\" content=\"https:\/\/petproducts.com.cn\/wp-content\/uploads\/2023\/09\/YT123105-2.webp\" \/>\n\t<meta property=\"og:image:width\" content=\"1000\" \/>\n\t<meta property=\"og:image:height\" content=\"1000\" \/>\n\t<meta property=\"og:image:type\" content=\"image\/webp\" \/>\n<meta name=\"twitter:card\" content=\"summary_large_image\" \/>\n<meta name=\"twitter:label1\" content=\"Tempo estimado de leitura\" \/>\n\t<meta name=\"twitter:data1\" content=\"2 minutos\" \/>\n<script type=\"application\/ld+json\" class=\"yoast-schema-graph\">{\"@context\":\"https:\/\/schema.org\",\"@graph\":[{\"@type\":\"WebPage\",\"@id\":\"https:\/\/petproducts.com.cn\/product\/odm-cat-scratcher-toy-corrugated-cardboard-ball-track-toy\/\",\"url\":\"https:\/\/petproducts.com.cn\/product\/odm-cat-scratcher-toy-corrugated-cardboard-ball-track-toy\/\",\"name\":\"ODM cat scratcher toy corrugated cardboard ball track toy - Petstar\",\"isPartOf\":{\"@id\":\"https:\/\/petproducts.com.cn\/#website\"},\"primaryImageOfPage\":{\"@id\":\"https:\/\/petproducts.com.cn\/product\/odm-cat-scratcher-toy-corrugated-cardboard-ball-track-toy\/#primaryimage\"},\"image\":{\"@id\":\"https:\/\/petproducts.com.cn\/product\/odm-cat-scratcher-toy-corrugated-cardboard-ball-track-toy\/#primaryimage\"},\"thumbnailUrl\":\"https:\/\/petproducts.com.cn\/wp-content\/uploads\/2023\/09\/YT123105-2.webp\",\"datePublished\":\"2023-09-11T06:48:42+00:00\",\"dateModified\":\"2023-09-22T03:04:41+00:00\",\"description\":\"cat scratcher toy manufaturer,we have over 20 years of manufacturing experience in the pet products,more than 8,000 pet accessories in various range\",\"breadcrumb\":{\"@id\":\"https:\/\/petproducts.com.cn\/product\/odm-cat-scratcher-toy-corrugated-cardboard-ball-track-toy\/#breadcrumb\"},\"inLanguage\":\"pt-PT\",\"potentialAction\":[{\"@type\":\"ReadAction\",\"target\":[\"https:\/\/petproducts.com.cn\/product\/odm-cat-scratcher-toy-corrugated-cardboard-ball-track-toy\/\"]}]},{\"@type\":\"ImageObject\",\"inLanguage\":\"pt-PT\",\"@id\":\"https:\/\/petproducts.com.cn\/product\/odm-cat-scratcher-toy-corrugated-cardboard-ball-track-toy\/#primaryimage\",\"url\":\"https:\/\/petproducts.com.cn\/wp-content\/uploads\/2023\/09\/YT123105-2.webp\",\"contentUrl\":\"https:\/\/petproducts.com.cn\/wp-content\/uploads\/2023\/09\/YT123105-2.webp\",\"width\":1000,\"height\":1000,\"caption\":\"cat scratcher toy\"},{\"@type\":\"BreadcrumbList\",\"@id\":\"https:\/\/petproducts.com.cn\/product\/odm-cat-scratcher-toy-corrugated-cardboard-ball-track-toy\/#breadcrumb\",\"itemListElement\":[{\"@type\":\"ListItem\",\"position\":1,\"name\":\"HOME\",\"item\":\"https:\/\/petproducts.com.cn\/\"},{\"@type\":\"ListItem\",\"position\":2,\"name\":\"Products\",\"item\":\"https:\/\/petproducts.com.cn\/shop\/\"},{\"@type\":\"ListItem\",\"position\":3,\"name\":\"Cat Supplies\",\"item\":\"https:\/\/petproducts.com.cn\/product-category\/cat-supplies\/\"},{\"@type\":\"ListItem\",\"position\":4,\"name\":\"ODM cat scratcher toy corrugated cardboard ball track toy\"}]},{\"@type\":\"WebSite\",\"@id\":\"https:\/\/petproducts.com.cn\/#website\",\"url\":\"https:\/\/petproducts.com.cn\/\",\"name\":\"Petstar\",\"description\":\"Leading Pet Supplies Manufacturer &amp; OEM Pet Products Supplier\",\"publisher\":{\"@id\":\"https:\/\/petproducts.com.cn\/#organization\"},\"alternateName\":\"Petstar Pet Supplies\",\"potentialAction\":[{\"@type\":\"SearchAction\",\"target\":{\"@type\":\"EntryPoint\",\"urlTemplate\":\"https:\/\/petproducts.com.cn\/?s={search_term_string}\"},\"query-input\":{\"@type\":\"PropertyValueSpecification\",\"valueRequired\":true,\"valueName\":\"search_term_string\"}}],\"inLanguage\":\"pt-PT\"},{\"@type\":\"Organization\",\"@id\":\"https:\/\/petproducts.com.cn\/#organization\",\"name\":\"Petstar\",\"url\":\"https:\/\/petproducts.com.cn\/\",\"logo\":{\"@type\":\"ImageObject\",\"inLanguage\":\"pt-PT\",\"@id\":\"https:\/\/petproducts.com.cn\/#\/schema\/logo\/image\/\",\"url\":\"https:\/\/petproducts.com.cn\/wp-content\/uploads\/2020\/02\/petstar-logo.webp\",\"contentUrl\":\"https:\/\/petproducts.com.cn\/wp-content\/uploads\/2020\/02\/petstar-logo.webp\",\"width\":779,\"height\":520,\"caption\":\"Petstar\"},\"image\":{\"@id\":\"https:\/\/petproducts.com.cn\/#\/schema\/logo\/image\/\"}}]}<\/script>\n<!-- \/ Yoast SEO plugin. -->","yoast_head_json":{"title":"ODM brinquedo para arranhar gatos brinquedo de pista de bolas de cart\u00e3o canelado - Petstar","description":"Fabricante de brinquedos de arranhador para gatos, temos mais de 20 anos de experi\u00eancia no fabrico de produtos para animais de estima\u00e7\u00e3o, mais de 8.000 acess\u00f3rios para animais de estima\u00e7\u00e3o em v\u00e1rias gamas","robots":{"index":"index","follow":"follow","max-snippet":"max-snippet:-1","max-image-preview":"max-image-preview:large","max-video-preview":"max-video-preview:-1"},"canonical":"https:\/\/petproducts.com.cn\/pt\/produto\/odm-cat-scratcher-toy-corrugated-cardboard-ball-track-toy\/","og_locale":"pt_PT","og_type":"article","og_title":"ODM cat scratcher toy corrugated cardboard ball track toy - Petstar","og_description":"cat scratcher toy manufaturer,we have over 20 years of manufacturing experience in the pet products,more than 8,000 pet accessories in various range","og_url":"https:\/\/petproducts.com.cn\/pt\/produto\/odm-cat-scratcher-toy-corrugated-cardboard-ball-track-toy\/","og_site_name":"Petstar","article_modified_time":"2023-09-22T03:04:41+00:00","og_image":[{"width":1000,"height":1000,"url":"https:\/\/petproducts.com.cn\/wp-content\/uploads\/2023\/09\/YT123105-2.webp","type":"image\/webp"}],"twitter_card":"summary_large_image","twitter_misc":{"Tempo estimado de leitura":"2 minutos"},"schema":{"@context":"https:\/\/schema.org","@graph":[{"@type":"WebPage","@id":"https:\/\/petproducts.com.cn\/product\/odm-cat-scratcher-toy-corrugated-cardboard-ball-track-toy\/","url":"https:\/\/petproducts.com.cn\/product\/odm-cat-scratcher-toy-corrugated-cardboard-ball-track-toy\/","name":"ODM brinquedo para arranhar gatos brinquedo de pista de bolas de cart\u00e3o canelado - Petstar","isPartOf":{"@id":"https:\/\/petproducts.com.cn\/#website"},"primaryImageOfPage":{"@id":"https:\/\/petproducts.com.cn\/product\/odm-cat-scratcher-toy-corrugated-cardboard-ball-track-toy\/#primaryimage"},"image":{"@id":"https:\/\/petproducts.com.cn\/product\/odm-cat-scratcher-toy-corrugated-cardboard-ball-track-toy\/#primaryimage"},"thumbnailUrl":"https:\/\/petproducts.com.cn\/wp-content\/uploads\/2023\/09\/YT123105-2.webp","datePublished":"2023-09-11T06:48:42+00:00","dateModified":"2023-09-22T03:04:41+00:00","description":"Fabricante de brinquedos de arranhador para gatos, temos mais de 20 anos de experi\u00eancia no fabrico de produtos para animais de estima\u00e7\u00e3o, mais de 8.000 acess\u00f3rios para animais de estima\u00e7\u00e3o em v\u00e1rias gamas","breadcrumb":{"@id":"https:\/\/petproducts.com.cn\/product\/odm-cat-scratcher-toy-corrugated-cardboard-ball-track-toy\/#breadcrumb"},"inLanguage":"pt-PT","potentialAction":[{"@type":"ReadAction","target":["https:\/\/petproducts.com.cn\/product\/odm-cat-scratcher-toy-corrugated-cardboard-ball-track-toy\/"]}]},{"@type":"ImageObject","inLanguage":"pt-PT","@id":"https:\/\/petproducts.com.cn\/product\/odm-cat-scratcher-toy-corrugated-cardboard-ball-track-toy\/#primaryimage","url":"https:\/\/petproducts.com.cn\/wp-content\/uploads\/2023\/09\/YT123105-2.webp","contentUrl":"https:\/\/petproducts.com.cn\/wp-content\/uploads\/2023\/09\/YT123105-2.webp","width":1000,"height":1000,"caption":"cat scratcher toy"},{"@type":"BreadcrumbList","@id":"https:\/\/petproducts.com.cn\/product\/odm-cat-scratcher-toy-corrugated-cardboard-ball-track-toy\/#breadcrumb","itemListElement":[{"@type":"ListItem","position":1,"name":"HOME","item":"https:\/\/petproducts.com.cn\/"},{"@type":"ListItem","position":2,"name":"Products","item":"https:\/\/petproducts.com.cn\/shop\/"},{"@type":"ListItem","position":3,"name":"Cat Supplies","item":"https:\/\/petproducts.com.cn\/product-category\/cat-supplies\/"},{"@type":"ListItem","position":4,"name":"ODM cat scratcher toy corrugated cardboard ball track toy"}]},{"@type":"WebSite","@id":"https:\/\/petproducts.com.cn\/#website","url":"https:\/\/petproducts.com.cn\/","name":"Petstar","description":"Fabricante l\u00edder de artigos para animais de estima\u00e7\u00e3o e fornecedor de produtos OEM para animais de estima\u00e7\u00e3o","publisher":{"@id":"https:\/\/petproducts.com.cn\/#organization"},"alternateName":"Petstar Pet Supplies","potentialAction":[{"@type":"SearchAction","target":{"@type":"EntryPoint","urlTemplate":"https:\/\/petproducts.com.cn\/?s={search_term_string}"},"query-input":{"@type":"PropertyValueSpecification","valueRequired":true,"valueName":"search_term_string"}}],"inLanguage":"pt-PT"},{"@type":"Organization","@id":"https:\/\/petproducts.com.cn\/#organization","name":"Petstar","url":"https:\/\/petproducts.com.cn\/","logo":{"@type":"ImageObject","inLanguage":"pt-PT","@id":"https:\/\/petproducts.com.cn\/#\/schema\/logo\/image\/","url":"https:\/\/petproducts.com.cn\/wp-content\/uploads\/2020\/02\/petstar-logo.webp","contentUrl":"https:\/\/petproducts.com.cn\/wp-content\/uploads\/2020\/02\/petstar-logo.webp","width":779,"height":520,"caption":"Petstar"},"image":{"@id":"https:\/\/petproducts.com.cn\/#\/schema\/logo\/image\/"}}]}},"_links":{"self":[{"href":"https:\/\/petproducts.com.cn\/pt\/wp-json\/wp\/v2\/product\/8860","targetHints":{"allow":["GET"]}}],"collection":[{"href":"https:\/\/petproducts.com.cn\/pt\/wp-json\/wp\/v2\/product"}],"about":[{"href":"https:\/\/petproducts.com.cn\/pt\/wp-json\/wp\/v2\/types\/product"}],"version-history":[{"count":5,"href":"https:\/\/petproducts.com.cn\/pt\/wp-json\/wp\/v2\/product\/8860\/revisions"}],"predecessor-version":[{"id":11794,"href":"https:\/\/petproducts.com.cn\/pt\/wp-json\/wp\/v2\/product\/8860\/revisions\/11794"}],"wp:featuredmedia":[{"embeddable":true,"href":"https:\/\/petproducts.com.cn\/pt\/wp-json\/wp\/v2\/media\/8921"}],"wp:attachment":[{"href":"https:\/\/petproducts.com.cn\/pt\/wp-json\/wp\/v2\/media?parent=8860"}],"wp:term":[{"taxonomy":"product_brand","embeddable":true,"href":"https:\/\/petproducts.com.cn\/pt\/wp-json\/wp\/v2\/product_brand?post=8860"},{"taxonomy":"product_cat","embeddable":true,"href":"https:\/\/petproducts.com.cn\/pt\/wp-json\/wp\/v2\/product_cat?post=8860"},{"taxonomy":"product_tag","embeddable":true,"href":"https:\/\/petproducts.com.cn\/pt\/wp-json\/wp\/v2\/product_tag?post=8860"}],"curies":[{"name":"wp","href":"https:\/\/api.w.org\/{rel}","templated":true}]}}