{"id":8907,"date":"2023-09-11T07:14:03","date_gmt":"2023-09-11T07:14:03","guid":{"rendered":"https:\/\/petproducts.com.cn\/?post_type=product&#038;p=8907"},"modified":"2023-10-14T12:58:26","modified_gmt":"2023-10-14T12:58:26","slug":"pet-cave-cat-bed-2-in-1-soft-cat-house-bed","status":"publish","type":"product","link":"https:\/\/petproducts.com.cn\/pt\/product\/pet-cave-cat-bed-2-in-1-soft-cat-house-bed\/","title":{"rendered":"Cama para gato Pet Cave 2 em 1 cama macia para gato"},"content":{"rendered":"<h2>Carater\u00edsticas da cama para gatos Pet Cave 2 em 1 cama macia para gatos<\/h2>\n<ol>\n<li><strong>Tecido de poli\u00e9ster de qualidade superior<\/strong>: Fabricada com tecido de poli\u00e9ster de alta qualidade, esta cama de gato para caverna de animais de estima\u00e7\u00e3o garante um retiro de pel\u00facia e aconchegante para o seu gato. O material luxuoso \u00e9 suave para o pelo do seu gato, proporcionando um local de descanso suave e confort\u00e1vel.<\/li>\n<li><strong>Estampado de ganga encantador<\/strong>: O design estampado em ganga d\u00e1 um toque de estilo \u00e0 decora\u00e7\u00e3o da sua casa, ao mesmo tempo que complementa o encanto natural do seu gato. \u00c9 a combina\u00e7\u00e3o perfeita de est\u00e9tica e funcionalidade.<\/li>\n<li><strong>Versatilidade 2 em 1<\/strong>: Esta cama para gatos oferece o melhor de dois mundos. Utilize-a como uma confort\u00e1vel cama para gatos para o seu animal de estima\u00e7\u00e3o se aconchegar, ou dobre-a numa forma de caverna acolhedora para maior privacidade e calor. \u00c9 o esconderijo perfeito para o seu amigo peludo.<\/li>\n<li><strong>Dobr\u00e1vel e transform\u00e1vel<\/strong>: Gra\u00e7as ao seu design \u00fanico, esta cama para gatos \u00e9 facilmente dobr\u00e1vel e transform\u00e1vel. Pode alterar a sua forma de acordo com as prefer\u00eancias do seu gato, oferecendo-lhe infinitas possibilidades de relaxar com estilo.<\/li>\n<li><strong>Fundo antiderrapante<\/strong>: A seguran\u00e7a \u00e9 uma prioridade m\u00e1xima. A cama para gatos tem um fundo antiderrapante, garantindo estabilidade mesmo durante os momentos de brincadeira do seu gato.<\/li>\n<\/ol>","protected":false},"excerpt":{"rendered":"<p>N\u00f3s somos um fabricante de camas para gatos com mais de 20 anos de experi\u00eancia. Oferecemos op\u00e7\u00f5es de personaliza\u00e7\u00e3o para cor, tamanho, tecido, padr\u00e3o, log\u00f3tipo e outras carater\u00edsticas.<\/p>","protected":false},"featured_media":8913,"template":"","meta":{"_acf_changed":false},"product_brand":[],"product_cat":[58,105,71],"product_tag":[74],"class_list":{"0":"post-8907","1":"product","2":"type-product","3":"status-publish","4":"has-post-thumbnail","6":"product_cat-cat-beds","7":"product_cat-cat-cave-wholesale","8":"product_cat-cat-supplies","9":"product_tag-cat-beds","11":"first","12":"instock","13":"shipping-taxable","14":"product-type-simple"},"acf":[],"yoast_head":"<!-- This site is optimized with the Yoast SEO plugin v27.1.1 - https:\/\/yoast.com\/product\/yoast-seo-wordpress\/ -->\n<title>Pet Cave Cat Bed 2 In 1 Soft Cat House Bed - Petstar<\/title>\n<meta name=\"description\" content=\"Explore Pet Cave Cat Bed - Mass Production, Customization, and Design Options Available.Tianyuan Pet is a leading global one-stop cat bed supplier.\" \/>\n<meta name=\"robots\" content=\"index, follow, max-snippet:-1, max-image-preview:large, max-video-preview:-1\" \/>\n<link rel=\"canonical\" href=\"https:\/\/petproducts.com.cn\/pt\/produto\/pet-cave-cat-bed-2-in-1-soft-cat-house-bed\/\" \/>\n<meta property=\"og:locale\" content=\"pt_PT\" \/>\n<meta property=\"og:type\" content=\"article\" \/>\n<meta property=\"og:title\" content=\"Pet Cave Cat Bed 2 In 1 Soft Cat House Bed - Petstar\" \/>\n<meta property=\"og:description\" content=\"Explore Pet Cave Cat Bed - Mass Production, Customization, and Design Options Available.Tianyuan Pet is a leading global one-stop cat bed supplier.\" \/>\n<meta property=\"og:url\" content=\"https:\/\/petproducts.com.cn\/pt\/produto\/pet-cave-cat-bed-2-in-1-soft-cat-house-bed\/\" \/>\n<meta property=\"og:site_name\" content=\"Petstar\" \/>\n<meta property=\"article:modified_time\" content=\"2023-10-14T12:58:26+00:00\" \/>\n<meta property=\"og:image\" content=\"https:\/\/petproducts.com.cn\/wp-content\/uploads\/2023\/09\/YF202207038-2_\u7ed3\u679c.webp\" \/>\n\t<meta property=\"og:image:width\" content=\"800\" \/>\n\t<meta property=\"og:image:height\" content=\"800\" \/>\n\t<meta property=\"og:image:type\" content=\"image\/webp\" \/>\n<meta name=\"twitter:card\" content=\"summary_large_image\" \/>\n<meta name=\"twitter:label1\" content=\"Tempo estimado de leitura\" \/>\n\t<meta name=\"twitter:data1\" content=\"1 minuto\" \/>\n<script type=\"application\/ld+json\" class=\"yoast-schema-graph\">{\"@context\":\"https:\/\/schema.org\",\"@graph\":[{\"@type\":\"WebPage\",\"@id\":\"https:\/\/petproducts.com.cn\/product\/pet-cave-cat-bed-2-in-1-soft-cat-house-bed\/\",\"url\":\"https:\/\/petproducts.com.cn\/product\/pet-cave-cat-bed-2-in-1-soft-cat-house-bed\/\",\"name\":\"Pet Cave Cat Bed 2 In 1 Soft Cat House Bed - Petstar\",\"isPartOf\":{\"@id\":\"https:\/\/petproducts.com.cn\/#website\"},\"primaryImageOfPage\":{\"@id\":\"https:\/\/petproducts.com.cn\/product\/pet-cave-cat-bed-2-in-1-soft-cat-house-bed\/#primaryimage\"},\"image\":{\"@id\":\"https:\/\/petproducts.com.cn\/product\/pet-cave-cat-bed-2-in-1-soft-cat-house-bed\/#primaryimage\"},\"thumbnailUrl\":\"https:\/\/petproducts.com.cn\/wp-content\/uploads\/2023\/09\/YF202207038-2_\u7ed3\u679c.webp\",\"datePublished\":\"2023-09-11T07:14:03+00:00\",\"dateModified\":\"2023-10-14T12:58:26+00:00\",\"description\":\"Explore Pet Cave Cat Bed - Mass Production, Customization, and Design Options Available.Tianyuan Pet is a leading global one-stop cat bed supplier.\",\"breadcrumb\":{\"@id\":\"https:\/\/petproducts.com.cn\/product\/pet-cave-cat-bed-2-in-1-soft-cat-house-bed\/#breadcrumb\"},\"inLanguage\":\"pt-PT\",\"potentialAction\":[{\"@type\":\"ReadAction\",\"target\":[\"https:\/\/petproducts.com.cn\/product\/pet-cave-cat-bed-2-in-1-soft-cat-house-bed\/\"]}]},{\"@type\":\"ImageObject\",\"inLanguage\":\"pt-PT\",\"@id\":\"https:\/\/petproducts.com.cn\/product\/pet-cave-cat-bed-2-in-1-soft-cat-house-bed\/#primaryimage\",\"url\":\"https:\/\/petproducts.com.cn\/wp-content\/uploads\/2023\/09\/YF202207038-2_\u7ed3\u679c.webp\",\"contentUrl\":\"https:\/\/petproducts.com.cn\/wp-content\/uploads\/2023\/09\/YF202207038-2_\u7ed3\u679c.webp\",\"width\":800,\"height\":800,\"caption\":\"pet cave cat bed\"},{\"@type\":\"BreadcrumbList\",\"@id\":\"https:\/\/petproducts.com.cn\/product\/pet-cave-cat-bed-2-in-1-soft-cat-house-bed\/#breadcrumb\",\"itemListElement\":[{\"@type\":\"ListItem\",\"position\":1,\"name\":\"HOME\",\"item\":\"https:\/\/petproducts.com.cn\/\"},{\"@type\":\"ListItem\",\"position\":2,\"name\":\"Products\",\"item\":\"https:\/\/petproducts.com.cn\/shop\/\"},{\"@type\":\"ListItem\",\"position\":3,\"name\":\"Cat Beds\",\"item\":\"https:\/\/petproducts.com.cn\/product-category\/cat-beds\/\"},{\"@type\":\"ListItem\",\"position\":4,\"name\":\"Pet Cave Cat Bed 2 In 1 Soft Cat House Bed\"}]},{\"@type\":\"WebSite\",\"@id\":\"https:\/\/petproducts.com.cn\/#website\",\"url\":\"https:\/\/petproducts.com.cn\/\",\"name\":\"Petstar\",\"description\":\"Leading Pet Supplies Manufacturer &amp; OEM Pet Products Supplier\",\"publisher\":{\"@id\":\"https:\/\/petproducts.com.cn\/#organization\"},\"alternateName\":\"Petstar Pet Supplies\",\"potentialAction\":[{\"@type\":\"SearchAction\",\"target\":{\"@type\":\"EntryPoint\",\"urlTemplate\":\"https:\/\/petproducts.com.cn\/?s={search_term_string}\"},\"query-input\":{\"@type\":\"PropertyValueSpecification\",\"valueRequired\":true,\"valueName\":\"search_term_string\"}}],\"inLanguage\":\"pt-PT\"},{\"@type\":\"Organization\",\"@id\":\"https:\/\/petproducts.com.cn\/#organization\",\"name\":\"Petstar\",\"url\":\"https:\/\/petproducts.com.cn\/\",\"logo\":{\"@type\":\"ImageObject\",\"inLanguage\":\"pt-PT\",\"@id\":\"https:\/\/petproducts.com.cn\/#\/schema\/logo\/image\/\",\"url\":\"https:\/\/petproducts.com.cn\/wp-content\/uploads\/2020\/02\/petstar-logo.webp\",\"contentUrl\":\"https:\/\/petproducts.com.cn\/wp-content\/uploads\/2020\/02\/petstar-logo.webp\",\"width\":779,\"height\":520,\"caption\":\"Petstar\"},\"image\":{\"@id\":\"https:\/\/petproducts.com.cn\/#\/schema\/logo\/image\/\"}}]}<\/script>\n<!-- \/ Yoast SEO plugin. -->","yoast_head_json":{"title":"Cama para gatos 2 em 1 macia para gatos - Petstar","description":"Explore Pet Cave Cat Bed - Produ\u00e7\u00e3o em massa, personaliza\u00e7\u00e3o e op\u00e7\u00f5es de design dispon\u00edveis.Tianyuan Pet \u00e9 um fornecedor l\u00edder global de cama de gato one-stop.","robots":{"index":"index","follow":"follow","max-snippet":"max-snippet:-1","max-image-preview":"max-image-preview:large","max-video-preview":"max-video-preview:-1"},"canonical":"https:\/\/petproducts.com.cn\/pt\/produto\/pet-cave-cat-bed-2-in-1-soft-cat-house-bed\/","og_locale":"pt_PT","og_type":"article","og_title":"Pet Cave Cat Bed 2 In 1 Soft Cat House Bed - Petstar","og_description":"Explore Pet Cave Cat Bed - Mass Production, Customization, and Design Options Available.Tianyuan Pet is a leading global one-stop cat bed supplier.","og_url":"https:\/\/petproducts.com.cn\/pt\/produto\/pet-cave-cat-bed-2-in-1-soft-cat-house-bed\/","og_site_name":"Petstar","article_modified_time":"2023-10-14T12:58:26+00:00","og_image":[{"width":800,"height":800,"url":"https:\/\/petproducts.com.cn\/wp-content\/uploads\/2023\/09\/YF202207038-2_\u7ed3\u679c.webp","type":"image\/webp"}],"twitter_card":"summary_large_image","twitter_misc":{"Tempo estimado de leitura":"1 minuto"},"schema":{"@context":"https:\/\/schema.org","@graph":[{"@type":"WebPage","@id":"https:\/\/petproducts.com.cn\/product\/pet-cave-cat-bed-2-in-1-soft-cat-house-bed\/","url":"https:\/\/petproducts.com.cn\/product\/pet-cave-cat-bed-2-in-1-soft-cat-house-bed\/","name":"Cama para gatos 2 em 1 macia para gatos - Petstar","isPartOf":{"@id":"https:\/\/petproducts.com.cn\/#website"},"primaryImageOfPage":{"@id":"https:\/\/petproducts.com.cn\/product\/pet-cave-cat-bed-2-in-1-soft-cat-house-bed\/#primaryimage"},"image":{"@id":"https:\/\/petproducts.com.cn\/product\/pet-cave-cat-bed-2-in-1-soft-cat-house-bed\/#primaryimage"},"thumbnailUrl":"https:\/\/petproducts.com.cn\/wp-content\/uploads\/2023\/09\/YF202207038-2_\u7ed3\u679c.webp","datePublished":"2023-09-11T07:14:03+00:00","dateModified":"2023-10-14T12:58:26+00:00","description":"Explore Pet Cave Cat Bed - Produ\u00e7\u00e3o em massa, personaliza\u00e7\u00e3o e op\u00e7\u00f5es de design dispon\u00edveis.Tianyuan Pet \u00e9 um fornecedor l\u00edder global de cama de gato one-stop.","breadcrumb":{"@id":"https:\/\/petproducts.com.cn\/product\/pet-cave-cat-bed-2-in-1-soft-cat-house-bed\/#breadcrumb"},"inLanguage":"pt-PT","potentialAction":[{"@type":"ReadAction","target":["https:\/\/petproducts.com.cn\/product\/pet-cave-cat-bed-2-in-1-soft-cat-house-bed\/"]}]},{"@type":"ImageObject","inLanguage":"pt-PT","@id":"https:\/\/petproducts.com.cn\/product\/pet-cave-cat-bed-2-in-1-soft-cat-house-bed\/#primaryimage","url":"https:\/\/petproducts.com.cn\/wp-content\/uploads\/2023\/09\/YF202207038-2_\u7ed3\u679c.webp","contentUrl":"https:\/\/petproducts.com.cn\/wp-content\/uploads\/2023\/09\/YF202207038-2_\u7ed3\u679c.webp","width":800,"height":800,"caption":"pet cave cat bed"},{"@type":"BreadcrumbList","@id":"https:\/\/petproducts.com.cn\/product\/pet-cave-cat-bed-2-in-1-soft-cat-house-bed\/#breadcrumb","itemListElement":[{"@type":"ListItem","position":1,"name":"HOME","item":"https:\/\/petproducts.com.cn\/"},{"@type":"ListItem","position":2,"name":"Products","item":"https:\/\/petproducts.com.cn\/shop\/"},{"@type":"ListItem","position":3,"name":"Cat Beds","item":"https:\/\/petproducts.com.cn\/product-category\/cat-beds\/"},{"@type":"ListItem","position":4,"name":"Pet Cave Cat Bed 2 In 1 Soft Cat House Bed"}]},{"@type":"WebSite","@id":"https:\/\/petproducts.com.cn\/#website","url":"https:\/\/petproducts.com.cn\/","name":"Petstar","description":"Fabricante l\u00edder de artigos para animais de estima\u00e7\u00e3o e fornecedor de produtos OEM para animais de estima\u00e7\u00e3o","publisher":{"@id":"https:\/\/petproducts.com.cn\/#organization"},"alternateName":"Petstar Pet Supplies","potentialAction":[{"@type":"SearchAction","target":{"@type":"EntryPoint","urlTemplate":"https:\/\/petproducts.com.cn\/?s={search_term_string}"},"query-input":{"@type":"PropertyValueSpecification","valueRequired":true,"valueName":"search_term_string"}}],"inLanguage":"pt-PT"},{"@type":"Organization","@id":"https:\/\/petproducts.com.cn\/#organization","name":"Petstar","url":"https:\/\/petproducts.com.cn\/","logo":{"@type":"ImageObject","inLanguage":"pt-PT","@id":"https:\/\/petproducts.com.cn\/#\/schema\/logo\/image\/","url":"https:\/\/petproducts.com.cn\/wp-content\/uploads\/2020\/02\/petstar-logo.webp","contentUrl":"https:\/\/petproducts.com.cn\/wp-content\/uploads\/2020\/02\/petstar-logo.webp","width":779,"height":520,"caption":"Petstar"},"image":{"@id":"https:\/\/petproducts.com.cn\/#\/schema\/logo\/image\/"}}]}},"_links":{"self":[{"href":"https:\/\/petproducts.com.cn\/pt\/wp-json\/wp\/v2\/product\/8907","targetHints":{"allow":["GET"]}}],"collection":[{"href":"https:\/\/petproducts.com.cn\/pt\/wp-json\/wp\/v2\/product"}],"about":[{"href":"https:\/\/petproducts.com.cn\/pt\/wp-json\/wp\/v2\/types\/product"}],"version-history":[{"count":2,"href":"https:\/\/petproducts.com.cn\/pt\/wp-json\/wp\/v2\/product\/8907\/revisions"}],"predecessor-version":[{"id":8936,"href":"https:\/\/petproducts.com.cn\/pt\/wp-json\/wp\/v2\/product\/8907\/revisions\/8936"}],"wp:featuredmedia":[{"embeddable":true,"href":"https:\/\/petproducts.com.cn\/pt\/wp-json\/wp\/v2\/media\/8913"}],"wp:attachment":[{"href":"https:\/\/petproducts.com.cn\/pt\/wp-json\/wp\/v2\/media?parent=8907"}],"wp:term":[{"taxonomy":"product_brand","embeddable":true,"href":"https:\/\/petproducts.com.cn\/pt\/wp-json\/wp\/v2\/product_brand?post=8907"},{"taxonomy":"product_cat","embeddable":true,"href":"https:\/\/petproducts.com.cn\/pt\/wp-json\/wp\/v2\/product_cat?post=8907"},{"taxonomy":"product_tag","embeddable":true,"href":"https:\/\/petproducts.com.cn\/pt\/wp-json\/wp\/v2\/product_tag?post=8907"}],"curies":[{"name":"wp","href":"https:\/\/api.w.org\/{rel}","templated":true}]}}