{"id":8912,"date":"2023-09-11T07:24:28","date_gmt":"2023-09-11T07:24:28","guid":{"rendered":"https:\/\/petproducts.com.cn\/?post_type=product&#038;p=8912"},"modified":"2024-10-31T08:55:49","modified_gmt":"2024-10-31T08:55:49","slug":"fancy-dog-apparel-halloween-oem-shark-dog-clothes","status":"publish","type":"product","link":"https:\/\/petproducts.com.cn\/pt\/product\/fancy-dog-apparel-halloween-oem-shark-dog-clothes\/","title":{"rendered":"Roupas de cachorro extravagantes para Halloween OEM Roupas para cachorro tubar\u00e3o"},"content":{"rendered":"<h2><strong>Caracter\u00edsticas das roupas sofisticadas para c\u00e3es<\/strong><\/h2>\n<ol>\n<li><strong>Estilo Shark-Tastic:<\/strong> As nossas roupas elegantes para c\u00e3es trazem um toque de humor e charme ao guarda-roupa do seu animal de estima\u00e7\u00e3o. A cor prateada atraente e o design de tubar\u00e3o criam um visual divertido e memor\u00e1vel.<\/li>\n<li><strong>Pronto para as f\u00e9rias:<\/strong> Estas roupas engra\u00e7adas para c\u00e3es s\u00e3o feitas sob medida para ocasi\u00f5es especiais, como o Halloween. Deixe o seu animal de estima\u00e7\u00e3o ser a alma da festa com este traje divertido e festivo.<\/li>\n<li><strong>F\u00e1cil de usar:<\/strong> Com c\u00f3modos fechos de velcro, estas roupas de Halloween para c\u00e3es s\u00e3o f\u00e1ceis de p\u00f4r e tirar. Acabaram-se as lutas com o seu animal de estima\u00e7\u00e3o durante o tempo de vestir.<\/li>\n<li><strong>Personalizado Conforto:<\/strong> Se \u00e9 grossista, retalhista ou gere um neg\u00f3cio de com\u00e9rcio eletr\u00f3nico, considere adicionar as nossas roupas personalizadas para c\u00e3es ao seu invent\u00e1rio. Elas oferecem uma combina\u00e7\u00e3o divertida de moda e conforto que os donos de animais adoram.<\/li>\n<li><strong>Em resumo<\/strong>, a nossa linha de roupas Fancy Dog Apparel tem como objetivo levar alegria e risadas \u00e0 vida do seu animal de estima\u00e7\u00e3o. Melhore o guarda-roupa do seu animal e ofere\u00e7a solu\u00e7\u00f5es divertidas aos seus clientes. Encomende agora e deixe os seus c\u00e3es mergulharem no mundo da divers\u00e3o e da moda com as nossas roupas com tema de tubar\u00e3o!<\/li>\n<\/ol>\n<p>Em conclus\u00e3o, a nossa cole\u00e7\u00e3o de Roupas Engra\u00e7adas para C\u00e3es oferece uma mistura \u00fanica de estilo e praticidade, garantindo que os seus animais de estima\u00e7\u00e3o sejam o assunto da cidade. Al\u00e9m disso, eleve o guarda-roupa do seu animal de estima\u00e7\u00e3o e ofere\u00e7a cria\u00e7\u00f5es personalizadas para os seus clientes. Ent\u00e3o, porqu\u00ea esperar? Encomende agora e deixe os seus c\u00e3es desfrutarem do conforto e da moda das nossas roupas requintadas!<\/p>","protected":false},"excerpt":{"rendered":"<p>Somos um fabricante de roupas sofisticadas para c\u00e3es com mais de 20 anos de experi\u00eancia. Oferecemos op\u00e7\u00f5es de personaliza\u00e7\u00e3o de cor, tamanho, tecido, padr\u00e3o, log\u00f3tipo e outras caracter\u00edsticas.<\/p>","protected":false},"featured_media":8932,"template":"","meta":{"_acf_changed":false},"product_brand":[],"product_cat":[49,72],"product_tag":[263,267,266],"class_list":{"0":"post-8912","1":"product","2":"type-product","3":"status-publish","4":"has-post-thumbnail","6":"product_cat-dog-apparel-accessories","7":"product_cat-dog-supplies","8":"product_tag-pet-clothes-accessories","9":"product_tag-pet-costumes","10":"product_tag-pet-hats","12":"first","13":"instock","14":"shipping-taxable","15":"product-type-simple"},"acf":[],"yoast_head":"<!-- This site is optimized with the Yoast SEO plugin v27.1.1 - https:\/\/yoast.com\/product\/yoast-seo-wordpress\/ -->\n<title>Fancy Dog Apparel Halloween OEM Shark Dog Clothes - Petstar<\/title>\n<meta name=\"description\" content=\"Explore Petstar Fancy Dog Apparel - Mass Production, Customization, and Design Options Available. We are a leading global one-stop dog clothes supplier.\" \/>\n<meta name=\"robots\" content=\"index, follow, max-snippet:-1, max-image-preview:large, max-video-preview:-1\" \/>\n<link rel=\"canonical\" href=\"https:\/\/petproducts.com.cn\/pt\/produto\/fancy-dog-apparel-halloween-oem-shark-dog-clothes\/\" \/>\n<meta property=\"og:locale\" content=\"pt_PT\" \/>\n<meta property=\"og:type\" content=\"article\" \/>\n<meta property=\"og:title\" content=\"Fancy Dog Apparel Halloween OEM Shark Dog Clothes - Petstar\" \/>\n<meta property=\"og:description\" content=\"Explore Petstar Fancy Dog Apparel - Mass Production, Customization, and Design Options Available. We are a leading global one-stop dog clothes supplier.\" \/>\n<meta property=\"og:url\" content=\"https:\/\/petproducts.com.cn\/pt\/produto\/fancy-dog-apparel-halloween-oem-shark-dog-clothes\/\" \/>\n<meta property=\"og:site_name\" content=\"Petstar\" \/>\n<meta property=\"article:modified_time\" content=\"2024-10-31T08:55:49+00:00\" \/>\n<meta property=\"og:image\" content=\"https:\/\/petproducts.com.cn\/wp-content\/uploads\/2023\/09\/DSC2069-\u62f7\u8d1d_webp.webp\" \/>\n\t<meta property=\"og:image:width\" content=\"1000\" \/>\n\t<meta property=\"og:image:height\" content=\"1000\" \/>\n\t<meta property=\"og:image:type\" content=\"image\/webp\" \/>\n<meta name=\"twitter:card\" content=\"summary_large_image\" \/>\n<meta name=\"twitter:label1\" content=\"Tempo estimado de leitura\" \/>\n\t<meta name=\"twitter:data1\" content=\"1 minuto\" \/>\n<script type=\"application\/ld+json\" class=\"yoast-schema-graph\">{\"@context\":\"https:\/\/schema.org\",\"@graph\":[{\"@type\":\"WebPage\",\"@id\":\"https:\/\/petproducts.com.cn\/product\/fancy-dog-apparel-halloween-oem-shark-dog-clothes\/\",\"url\":\"https:\/\/petproducts.com.cn\/product\/fancy-dog-apparel-halloween-oem-shark-dog-clothes\/\",\"name\":\"Fancy Dog Apparel Halloween OEM Shark Dog Clothes - Petstar\",\"isPartOf\":{\"@id\":\"https:\/\/petproducts.com.cn\/#website\"},\"primaryImageOfPage\":{\"@id\":\"https:\/\/petproducts.com.cn\/product\/fancy-dog-apparel-halloween-oem-shark-dog-clothes\/#primaryimage\"},\"image\":{\"@id\":\"https:\/\/petproducts.com.cn\/product\/fancy-dog-apparel-halloween-oem-shark-dog-clothes\/#primaryimage\"},\"thumbnailUrl\":\"https:\/\/petproducts.com.cn\/wp-content\/uploads\/2023\/09\/DSC2069-\u62f7\u8d1d_webp.webp\",\"datePublished\":\"2023-09-11T07:24:28+00:00\",\"dateModified\":\"2024-10-31T08:55:49+00:00\",\"description\":\"Explore Petstar Fancy Dog Apparel - Mass Production, Customization, and Design Options Available. We are a leading global one-stop dog clothes supplier.\",\"breadcrumb\":{\"@id\":\"https:\/\/petproducts.com.cn\/product\/fancy-dog-apparel-halloween-oem-shark-dog-clothes\/#breadcrumb\"},\"inLanguage\":\"pt-PT\",\"potentialAction\":[{\"@type\":\"ReadAction\",\"target\":[\"https:\/\/petproducts.com.cn\/product\/fancy-dog-apparel-halloween-oem-shark-dog-clothes\/\"]}]},{\"@type\":\"ImageObject\",\"inLanguage\":\"pt-PT\",\"@id\":\"https:\/\/petproducts.com.cn\/product\/fancy-dog-apparel-halloween-oem-shark-dog-clothes\/#primaryimage\",\"url\":\"https:\/\/petproducts.com.cn\/wp-content\/uploads\/2023\/09\/DSC2069-\u62f7\u8d1d_webp.webp\",\"contentUrl\":\"https:\/\/petproducts.com.cn\/wp-content\/uploads\/2023\/09\/DSC2069-\u62f7\u8d1d_webp.webp\",\"width\":1000,\"height\":1000,\"caption\":\"fancy dog apparel\"},{\"@type\":\"BreadcrumbList\",\"@id\":\"https:\/\/petproducts.com.cn\/product\/fancy-dog-apparel-halloween-oem-shark-dog-clothes\/#breadcrumb\",\"itemListElement\":[{\"@type\":\"ListItem\",\"position\":1,\"name\":\"HOME\",\"item\":\"https:\/\/petproducts.com.cn\/\"},{\"@type\":\"ListItem\",\"position\":2,\"name\":\"Products\",\"item\":\"https:\/\/petproducts.com.cn\/shop\/\"},{\"@type\":\"ListItem\",\"position\":3,\"name\":\"Dog Apparel &amp; Accessories\",\"item\":\"https:\/\/petproducts.com.cn\/product-category\/dog-apparel-accessories\/\"},{\"@type\":\"ListItem\",\"position\":4,\"name\":\"Fancy Dog Apparel Halloween OEM Shark Dog Clothes\"}]},{\"@type\":\"WebSite\",\"@id\":\"https:\/\/petproducts.com.cn\/#website\",\"url\":\"https:\/\/petproducts.com.cn\/\",\"name\":\"Petstar\",\"description\":\"Leading Pet Supplies Manufacturer &amp; OEM Pet Products Supplier\",\"publisher\":{\"@id\":\"https:\/\/petproducts.com.cn\/#organization\"},\"alternateName\":\"Petstar Pet Supplies\",\"potentialAction\":[{\"@type\":\"SearchAction\",\"target\":{\"@type\":\"EntryPoint\",\"urlTemplate\":\"https:\/\/petproducts.com.cn\/?s={search_term_string}\"},\"query-input\":{\"@type\":\"PropertyValueSpecification\",\"valueRequired\":true,\"valueName\":\"search_term_string\"}}],\"inLanguage\":\"pt-PT\"},{\"@type\":\"Organization\",\"@id\":\"https:\/\/petproducts.com.cn\/#organization\",\"name\":\"Petstar\",\"url\":\"https:\/\/petproducts.com.cn\/\",\"logo\":{\"@type\":\"ImageObject\",\"inLanguage\":\"pt-PT\",\"@id\":\"https:\/\/petproducts.com.cn\/#\/schema\/logo\/image\/\",\"url\":\"https:\/\/petproducts.com.cn\/wp-content\/uploads\/2020\/02\/petstar-logo.webp\",\"contentUrl\":\"https:\/\/petproducts.com.cn\/wp-content\/uploads\/2020\/02\/petstar-logo.webp\",\"width\":779,\"height\":520,\"caption\":\"Petstar\"},\"image\":{\"@id\":\"https:\/\/petproducts.com.cn\/#\/schema\/logo\/image\/\"}}]}<\/script>\n<!-- \/ Yoast SEO plugin. -->","yoast_head_json":{"title":"Roupas elegantes para c\u00e3es Halloween OEM Roupas para c\u00e3es com tema de tubar\u00e3o - Petstar","description":"Explore a Petstar Fancy Dog Apparel - Produ\u00e7\u00e3o em massa, personaliza\u00e7\u00e3o e op\u00e7\u00f5es de design dispon\u00edveis. Somos um fornecedor l\u00edder global de roupas para c\u00e3es.","robots":{"index":"index","follow":"follow","max-snippet":"max-snippet:-1","max-image-preview":"max-image-preview:large","max-video-preview":"max-video-preview:-1"},"canonical":"https:\/\/petproducts.com.cn\/pt\/produto\/fancy-dog-apparel-halloween-oem-shark-dog-clothes\/","og_locale":"pt_PT","og_type":"article","og_title":"Fancy Dog Apparel Halloween OEM Shark Dog Clothes - Petstar","og_description":"Explore Petstar Fancy Dog Apparel - Mass Production, Customization, and Design Options Available. We are a leading global one-stop dog clothes supplier.","og_url":"https:\/\/petproducts.com.cn\/pt\/produto\/fancy-dog-apparel-halloween-oem-shark-dog-clothes\/","og_site_name":"Petstar","article_modified_time":"2024-10-31T08:55:49+00:00","og_image":[{"width":1000,"height":1000,"url":"https:\/\/petproducts.com.cn\/wp-content\/uploads\/2023\/09\/DSC2069-\u62f7\u8d1d_webp.webp","type":"image\/webp"}],"twitter_card":"summary_large_image","twitter_misc":{"Tempo estimado de leitura":"1 minuto"},"schema":{"@context":"https:\/\/schema.org","@graph":[{"@type":"WebPage","@id":"https:\/\/petproducts.com.cn\/product\/fancy-dog-apparel-halloween-oem-shark-dog-clothes\/","url":"https:\/\/petproducts.com.cn\/product\/fancy-dog-apparel-halloween-oem-shark-dog-clothes\/","name":"Roupas elegantes para c\u00e3es Halloween OEM Roupas para c\u00e3es com tema de tubar\u00e3o - Petstar","isPartOf":{"@id":"https:\/\/petproducts.com.cn\/#website"},"primaryImageOfPage":{"@id":"https:\/\/petproducts.com.cn\/product\/fancy-dog-apparel-halloween-oem-shark-dog-clothes\/#primaryimage"},"image":{"@id":"https:\/\/petproducts.com.cn\/product\/fancy-dog-apparel-halloween-oem-shark-dog-clothes\/#primaryimage"},"thumbnailUrl":"https:\/\/petproducts.com.cn\/wp-content\/uploads\/2023\/09\/DSC2069-\u62f7\u8d1d_webp.webp","datePublished":"2023-09-11T07:24:28+00:00","dateModified":"2024-10-31T08:55:49+00:00","description":"Explore a Petstar Fancy Dog Apparel - Produ\u00e7\u00e3o em massa, personaliza\u00e7\u00e3o e op\u00e7\u00f5es de design dispon\u00edveis. Somos um fornecedor l\u00edder global de roupas para c\u00e3es.","breadcrumb":{"@id":"https:\/\/petproducts.com.cn\/product\/fancy-dog-apparel-halloween-oem-shark-dog-clothes\/#breadcrumb"},"inLanguage":"pt-PT","potentialAction":[{"@type":"ReadAction","target":["https:\/\/petproducts.com.cn\/product\/fancy-dog-apparel-halloween-oem-shark-dog-clothes\/"]}]},{"@type":"ImageObject","inLanguage":"pt-PT","@id":"https:\/\/petproducts.com.cn\/product\/fancy-dog-apparel-halloween-oem-shark-dog-clothes\/#primaryimage","url":"https:\/\/petproducts.com.cn\/wp-content\/uploads\/2023\/09\/DSC2069-\u62f7\u8d1d_webp.webp","contentUrl":"https:\/\/petproducts.com.cn\/wp-content\/uploads\/2023\/09\/DSC2069-\u62f7\u8d1d_webp.webp","width":1000,"height":1000,"caption":"fancy dog apparel"},{"@type":"BreadcrumbList","@id":"https:\/\/petproducts.com.cn\/product\/fancy-dog-apparel-halloween-oem-shark-dog-clothes\/#breadcrumb","itemListElement":[{"@type":"ListItem","position":1,"name":"HOME","item":"https:\/\/petproducts.com.cn\/"},{"@type":"ListItem","position":2,"name":"Products","item":"https:\/\/petproducts.com.cn\/shop\/"},{"@type":"ListItem","position":3,"name":"Dog Apparel &amp; Accessories","item":"https:\/\/petproducts.com.cn\/product-category\/dog-apparel-accessories\/"},{"@type":"ListItem","position":4,"name":"Fancy Dog Apparel Halloween OEM Shark Dog Clothes"}]},{"@type":"WebSite","@id":"https:\/\/petproducts.com.cn\/#website","url":"https:\/\/petproducts.com.cn\/","name":"Petstar","description":"Fabricante l\u00edder de artigos para animais de estima\u00e7\u00e3o e fornecedor de produtos OEM para animais de estima\u00e7\u00e3o","publisher":{"@id":"https:\/\/petproducts.com.cn\/#organization"},"alternateName":"Petstar Pet Supplies","potentialAction":[{"@type":"SearchAction","target":{"@type":"EntryPoint","urlTemplate":"https:\/\/petproducts.com.cn\/?s={search_term_string}"},"query-input":{"@type":"PropertyValueSpecification","valueRequired":true,"valueName":"search_term_string"}}],"inLanguage":"pt-PT"},{"@type":"Organization","@id":"https:\/\/petproducts.com.cn\/#organization","name":"Petstar","url":"https:\/\/petproducts.com.cn\/","logo":{"@type":"ImageObject","inLanguage":"pt-PT","@id":"https:\/\/petproducts.com.cn\/#\/schema\/logo\/image\/","url":"https:\/\/petproducts.com.cn\/wp-content\/uploads\/2020\/02\/petstar-logo.webp","contentUrl":"https:\/\/petproducts.com.cn\/wp-content\/uploads\/2020\/02\/petstar-logo.webp","width":779,"height":520,"caption":"Petstar"},"image":{"@id":"https:\/\/petproducts.com.cn\/#\/schema\/logo\/image\/"}}]}},"_links":{"self":[{"href":"https:\/\/petproducts.com.cn\/pt\/wp-json\/wp\/v2\/product\/8912","targetHints":{"allow":["GET"]}}],"collection":[{"href":"https:\/\/petproducts.com.cn\/pt\/wp-json\/wp\/v2\/product"}],"about":[{"href":"https:\/\/petproducts.com.cn\/pt\/wp-json\/wp\/v2\/types\/product"}],"version-history":[{"count":2,"href":"https:\/\/petproducts.com.cn\/pt\/wp-json\/wp\/v2\/product\/8912\/revisions"}],"predecessor-version":[{"id":11675,"href":"https:\/\/petproducts.com.cn\/pt\/wp-json\/wp\/v2\/product\/8912\/revisions\/11675"}],"wp:featuredmedia":[{"embeddable":true,"href":"https:\/\/petproducts.com.cn\/pt\/wp-json\/wp\/v2\/media\/8932"}],"wp:attachment":[{"href":"https:\/\/petproducts.com.cn\/pt\/wp-json\/wp\/v2\/media?parent=8912"}],"wp:term":[{"taxonomy":"product_brand","embeddable":true,"href":"https:\/\/petproducts.com.cn\/pt\/wp-json\/wp\/v2\/product_brand?post=8912"},{"taxonomy":"product_cat","embeddable":true,"href":"https:\/\/petproducts.com.cn\/pt\/wp-json\/wp\/v2\/product_cat?post=8912"},{"taxonomy":"product_tag","embeddable":true,"href":"https:\/\/petproducts.com.cn\/pt\/wp-json\/wp\/v2\/product_tag?post=8912"}],"curies":[{"name":"wp","href":"https:\/\/api.w.org\/{rel}","templated":true}]}}