{"id":9013,"date":"2023-09-12T05:15:13","date_gmt":"2023-09-12T05:15:13","guid":{"rendered":"https:\/\/petproducts.com.cn\/?post_type=product&#038;p=9013"},"modified":"2023-09-12T05:49:47","modified_gmt":"2023-09-12T05:49:47","slug":"customized-pet-bed-imitation-linen-dog-bed-pillows","status":"publish","type":"product","link":"https:\/\/petproducts.com.cn\/pt\/product\/customized-pet-bed-imitation-linen-dog-bed-pillows\/","title":{"rendered":"Almofadas de cama para c\u00e3es de imita\u00e7\u00e3o de cama para animais de estima\u00e7\u00e3o personalizadas"},"content":{"rendered":"<h2>Features Of Customized Pet Bed Imitation Linen Dog Bed Pillows<\/h2>\n<div class=\"flex-1 overflow-hidden\">\n<div class=\"react-scroll-to-bottom--css-gzdjd-79elbk h-full dark:bg-gray-800\">\n<div class=\"react-scroll-to-bottom--css-gzdjd-1n7m0yu\">\n<div class=\"flex flex-col text-sm dark:bg-gray-800\">\n<div class=\"group w-full text-token-text-primary border-b border-black\/10 dark:border-gray-900\/50 bg-gray-50 dark:bg-[#444654]\" data-testid=\"conversation-turn-3\">\n<div class=\"p-4 justify-center text-base md:gap-6 md:py-6 m-auto\">\n<div class=\"flex flex-1 gap-4 text-base mx-auto md:gap-6 md:max-w-2xl lg:max-w-[38rem] xl:max-w-3xl }\">\n<div class=\"relative flex w-[calc(100%-50px)] flex-col gap-1 md:gap-3 lg:w-[calc(100%-115px)]\">\n<div class=\"flex flex-grow flex-col gap-3 max-w-full\">\n<div class=\"min-h-[20px] flex flex-col items-start gap-3 overflow-x-auto whitespace-pre-wrap break-words\">\n<div class=\"markdown prose w-full break-words dark:prose-invert light\">\n<ol>\n<li><strong>Home Style:<\/strong> Elevate the aesthetic charm of your living space with our Customized Pet Bed. Its home-friendly design seamlessly complements your decor, ensuring that your pet&#8217;s comfort harmonizes with your interior aesthetics. Say goodbye to clashing colors and unsightly pet beds!<\/li>\n<li><strong>Imitation Linen Fabric:<\/strong> Our dog bed boasts a sumptuous imitation linen fabric cover that not only radiates elegance but also offers a luxuriously soft and comfortable surface for your pet to snuggle on. Your furry companion will adore the plush feel, and you&#8217;ll appreciate the durability and ease of cleaning this top-quality material provides.<\/li>\n<li><strong>Zipper Design:<\/strong> Cleaning up after your pet has never been simpler, thanks to our innovative zipper design. With a quick zip, you can effortlessly remove the cover for machine washing, ensuring a fresh and hygienic bed for your beloved companion. No more wrestling with hard-to-remove covers!<\/li>\n<li><strong>Non-Slip Bottom:<\/strong> Safety is paramount to us, which is why we&#8217;ve integrated a non-slip bottom to keep the bed securely in place. Whether your pet is lounging or playing, you can rest assured that the bed won&#8217;t shift or slide around.<\/li>\n<li><strong>Soft Cozy Comfort:<\/strong> Our dog bed pillows are engineered for ultimate comfort. The plush interior creates a cozy haven for your pet, whether they&#8217;re taking a nap or indulging in playful activities. Your pet&#8217;s happiness and contentment are our top priorities, and our bed delivers just that.<\/li>\n<\/ol>\n<\/div>\n<\/div>\n<\/div>\n<\/div>\n<\/div>\n<\/div>\n<\/div>\n<\/div>\n<\/div>\n<\/div>\n<\/div>\n","protected":false},"excerpt":{"rendered":"<p>Somos fabricantes de camas para animais de estima\u00e7\u00e3o com mais de 20 anos de experi\u00eancia. Oferecemos op\u00e7\u00f5es de personaliza\u00e7\u00e3o de cor, tamanho, tecido, padr\u00e3o, logotipo e outros recursos.<\/p>","protected":false},"featured_media":9015,"template":"","meta":{"_acf_changed":false},"product_brand":[],"product_cat":[57,72],"product_tag":[75],"class_list":{"0":"post-9013","1":"product","2":"type-product","3":"status-publish","4":"has-post-thumbnail","6":"product_cat-dog-beds","7":"product_cat-dog-supplies","8":"product_tag-dog-beds","10":"first","11":"instock","12":"shipping-taxable","13":"product-type-simple"},"acf":[],"yoast_head":"<!-- This site is optimized with the Yoast SEO plugin v27.1.1 - https:\/\/yoast.com\/product\/yoast-seo-wordpress\/ -->\n<title>Customized Pet Bed Imitation Linen Dog Bed Pillows - Petstar<\/title>\n<meta name=\"description\" content=\"Explore Customized Pet Bed- Mass Production, Customization, and Design Options Available.Tianyuan Pet is a leading global one-stop pet bed supplier.\" \/>\n<meta name=\"robots\" content=\"index, follow, max-snippet:-1, max-image-preview:large, max-video-preview:-1\" \/>\n<link rel=\"canonical\" href=\"https:\/\/petproducts.com.cn\/pt\/produto\/customized-pet-bed-imitation-linen-dog-bed-pillows\/\" \/>\n<meta property=\"og:locale\" content=\"pt_PT\" \/>\n<meta property=\"og:type\" content=\"article\" \/>\n<meta property=\"og:title\" content=\"Customized Pet Bed Imitation Linen Dog Bed Pillows - Petstar\" \/>\n<meta property=\"og:description\" content=\"Explore Customized Pet Bed- Mass Production, Customization, and Design Options Available.Tianyuan Pet is a leading global one-stop pet bed supplier.\" \/>\n<meta property=\"og:url\" content=\"https:\/\/petproducts.com.cn\/pt\/produto\/customized-pet-bed-imitation-linen-dog-bed-pillows\/\" \/>\n<meta property=\"og:site_name\" content=\"Petstar\" \/>\n<meta property=\"article:modified_time\" content=\"2023-09-12T05:49:47+00:00\" \/>\n<meta property=\"og:image\" content=\"https:\/\/petproducts.com.cn\/wp-content\/uploads\/2023\/09\/YF20220141-1_\u7ed3\u679c.webp\" \/>\n\t<meta property=\"og:image:width\" content=\"1000\" \/>\n\t<meta property=\"og:image:height\" content=\"1000\" \/>\n\t<meta property=\"og:image:type\" content=\"image\/webp\" \/>\n<meta name=\"twitter:card\" content=\"summary_large_image\" \/>\n<meta name=\"twitter:label1\" content=\"Tempo estimado de leitura\" \/>\n\t<meta name=\"twitter:data1\" content=\"2 minutos\" \/>\n<script type=\"application\/ld+json\" class=\"yoast-schema-graph\">{\"@context\":\"https:\/\/schema.org\",\"@graph\":[{\"@type\":\"WebPage\",\"@id\":\"https:\/\/petproducts.com.cn\/product\/customized-pet-bed-imitation-linen-dog-bed-pillows\/\",\"url\":\"https:\/\/petproducts.com.cn\/product\/customized-pet-bed-imitation-linen-dog-bed-pillows\/\",\"name\":\"Customized Pet Bed Imitation Linen Dog Bed Pillows - Petstar\",\"isPartOf\":{\"@id\":\"https:\/\/petproducts.com.cn\/#website\"},\"primaryImageOfPage\":{\"@id\":\"https:\/\/petproducts.com.cn\/product\/customized-pet-bed-imitation-linen-dog-bed-pillows\/#primaryimage\"},\"image\":{\"@id\":\"https:\/\/petproducts.com.cn\/product\/customized-pet-bed-imitation-linen-dog-bed-pillows\/#primaryimage\"},\"thumbnailUrl\":\"https:\/\/petproducts.com.cn\/wp-content\/uploads\/2023\/09\/YF20220141-1_\u7ed3\u679c.webp\",\"datePublished\":\"2023-09-12T05:15:13+00:00\",\"dateModified\":\"2023-09-12T05:49:47+00:00\",\"description\":\"Explore Customized Pet Bed- Mass Production, Customization, and Design Options Available.Tianyuan Pet is a leading global one-stop pet bed supplier.\",\"breadcrumb\":{\"@id\":\"https:\/\/petproducts.com.cn\/product\/customized-pet-bed-imitation-linen-dog-bed-pillows\/#breadcrumb\"},\"inLanguage\":\"pt-PT\",\"potentialAction\":[{\"@type\":\"ReadAction\",\"target\":[\"https:\/\/petproducts.com.cn\/product\/customized-pet-bed-imitation-linen-dog-bed-pillows\/\"]}]},{\"@type\":\"ImageObject\",\"inLanguage\":\"pt-PT\",\"@id\":\"https:\/\/petproducts.com.cn\/product\/customized-pet-bed-imitation-linen-dog-bed-pillows\/#primaryimage\",\"url\":\"https:\/\/petproducts.com.cn\/wp-content\/uploads\/2023\/09\/YF20220141-1_\u7ed3\u679c.webp\",\"contentUrl\":\"https:\/\/petproducts.com.cn\/wp-content\/uploads\/2023\/09\/YF20220141-1_\u7ed3\u679c.webp\",\"width\":1000,\"height\":1000,\"caption\":\"customized pet bed\"},{\"@type\":\"BreadcrumbList\",\"@id\":\"https:\/\/petproducts.com.cn\/product\/customized-pet-bed-imitation-linen-dog-bed-pillows\/#breadcrumb\",\"itemListElement\":[{\"@type\":\"ListItem\",\"position\":1,\"name\":\"HOME\",\"item\":\"https:\/\/petproducts.com.cn\/\"},{\"@type\":\"ListItem\",\"position\":2,\"name\":\"Products\",\"item\":\"https:\/\/petproducts.com.cn\/shop\/\"},{\"@type\":\"ListItem\",\"position\":3,\"name\":\"Dog Beds\",\"item\":\"https:\/\/petproducts.com.cn\/product-category\/dog-beds\/\"},{\"@type\":\"ListItem\",\"position\":4,\"name\":\"Customized Pet Bed Imitation Linen Dog Bed Pillows\"}]},{\"@type\":\"WebSite\",\"@id\":\"https:\/\/petproducts.com.cn\/#website\",\"url\":\"https:\/\/petproducts.com.cn\/\",\"name\":\"Petstar\",\"description\":\"Leading Pet Supplies Manufacturer &amp; OEM Pet Products Supplier\",\"publisher\":{\"@id\":\"https:\/\/petproducts.com.cn\/#organization\"},\"alternateName\":\"Petstar Pet Supplies\",\"potentialAction\":[{\"@type\":\"SearchAction\",\"target\":{\"@type\":\"EntryPoint\",\"urlTemplate\":\"https:\/\/petproducts.com.cn\/?s={search_term_string}\"},\"query-input\":{\"@type\":\"PropertyValueSpecification\",\"valueRequired\":true,\"valueName\":\"search_term_string\"}}],\"inLanguage\":\"pt-PT\"},{\"@type\":\"Organization\",\"@id\":\"https:\/\/petproducts.com.cn\/#organization\",\"name\":\"Petstar\",\"url\":\"https:\/\/petproducts.com.cn\/\",\"logo\":{\"@type\":\"ImageObject\",\"inLanguage\":\"pt-PT\",\"@id\":\"https:\/\/petproducts.com.cn\/#\/schema\/logo\/image\/\",\"url\":\"https:\/\/petproducts.com.cn\/wp-content\/uploads\/2020\/02\/petstar-logo.webp\",\"contentUrl\":\"https:\/\/petproducts.com.cn\/wp-content\/uploads\/2020\/02\/petstar-logo.webp\",\"width\":779,\"height\":520,\"caption\":\"Petstar\"},\"image\":{\"@id\":\"https:\/\/petproducts.com.cn\/#\/schema\/logo\/image\/\"}}]}<\/script>\n<!-- \/ Yoast SEO plugin. -->","yoast_head_json":{"title":"Almofadas personalizadas para cama de animais de estima\u00e7\u00e3o com imita\u00e7\u00e3o de linho para c\u00e3es - Petstar","description":"Explore a cama personalizada para animais de estima\u00e7\u00e3o - Produ\u00e7\u00e3o em massa, personaliza\u00e7\u00e3o e op\u00e7\u00f5es de design dispon\u00edveis.","robots":{"index":"index","follow":"follow","max-snippet":"max-snippet:-1","max-image-preview":"max-image-preview:large","max-video-preview":"max-video-preview:-1"},"canonical":"https:\/\/petproducts.com.cn\/pt\/produto\/customized-pet-bed-imitation-linen-dog-bed-pillows\/","og_locale":"pt_PT","og_type":"article","og_title":"Customized Pet Bed Imitation Linen Dog Bed Pillows - Petstar","og_description":"Explore Customized Pet Bed- Mass Production, Customization, and Design Options Available.Tianyuan Pet is a leading global one-stop pet bed supplier.","og_url":"https:\/\/petproducts.com.cn\/pt\/produto\/customized-pet-bed-imitation-linen-dog-bed-pillows\/","og_site_name":"Petstar","article_modified_time":"2023-09-12T05:49:47+00:00","og_image":[{"width":1000,"height":1000,"url":"https:\/\/petproducts.com.cn\/wp-content\/uploads\/2023\/09\/YF20220141-1_\u7ed3\u679c.webp","type":"image\/webp"}],"twitter_card":"summary_large_image","twitter_misc":{"Tempo estimado de leitura":"2 minutos"},"schema":{"@context":"https:\/\/schema.org","@graph":[{"@type":"WebPage","@id":"https:\/\/petproducts.com.cn\/product\/customized-pet-bed-imitation-linen-dog-bed-pillows\/","url":"https:\/\/petproducts.com.cn\/product\/customized-pet-bed-imitation-linen-dog-bed-pillows\/","name":"Almofadas personalizadas para cama de animais de estima\u00e7\u00e3o com imita\u00e7\u00e3o de linho para c\u00e3es - Petstar","isPartOf":{"@id":"https:\/\/petproducts.com.cn\/#website"},"primaryImageOfPage":{"@id":"https:\/\/petproducts.com.cn\/product\/customized-pet-bed-imitation-linen-dog-bed-pillows\/#primaryimage"},"image":{"@id":"https:\/\/petproducts.com.cn\/product\/customized-pet-bed-imitation-linen-dog-bed-pillows\/#primaryimage"},"thumbnailUrl":"https:\/\/petproducts.com.cn\/wp-content\/uploads\/2023\/09\/YF20220141-1_\u7ed3\u679c.webp","datePublished":"2023-09-12T05:15:13+00:00","dateModified":"2023-09-12T05:49:47+00:00","description":"Explore a cama personalizada para animais de estima\u00e7\u00e3o - Produ\u00e7\u00e3o em massa, personaliza\u00e7\u00e3o e op\u00e7\u00f5es de design dispon\u00edveis.","breadcrumb":{"@id":"https:\/\/petproducts.com.cn\/product\/customized-pet-bed-imitation-linen-dog-bed-pillows\/#breadcrumb"},"inLanguage":"pt-PT","potentialAction":[{"@type":"ReadAction","target":["https:\/\/petproducts.com.cn\/product\/customized-pet-bed-imitation-linen-dog-bed-pillows\/"]}]},{"@type":"ImageObject","inLanguage":"pt-PT","@id":"https:\/\/petproducts.com.cn\/product\/customized-pet-bed-imitation-linen-dog-bed-pillows\/#primaryimage","url":"https:\/\/petproducts.com.cn\/wp-content\/uploads\/2023\/09\/YF20220141-1_\u7ed3\u679c.webp","contentUrl":"https:\/\/petproducts.com.cn\/wp-content\/uploads\/2023\/09\/YF20220141-1_\u7ed3\u679c.webp","width":1000,"height":1000,"caption":"customized pet bed"},{"@type":"BreadcrumbList","@id":"https:\/\/petproducts.com.cn\/product\/customized-pet-bed-imitation-linen-dog-bed-pillows\/#breadcrumb","itemListElement":[{"@type":"ListItem","position":1,"name":"HOME","item":"https:\/\/petproducts.com.cn\/"},{"@type":"ListItem","position":2,"name":"Products","item":"https:\/\/petproducts.com.cn\/shop\/"},{"@type":"ListItem","position":3,"name":"Dog Beds","item":"https:\/\/petproducts.com.cn\/product-category\/dog-beds\/"},{"@type":"ListItem","position":4,"name":"Customized Pet Bed Imitation Linen Dog Bed Pillows"}]},{"@type":"WebSite","@id":"https:\/\/petproducts.com.cn\/#website","url":"https:\/\/petproducts.com.cn\/","name":"Petstar","description":"Fabricante l\u00edder de artigos para animais de estima\u00e7\u00e3o e fornecedor de produtos OEM para animais de estima\u00e7\u00e3o","publisher":{"@id":"https:\/\/petproducts.com.cn\/#organization"},"alternateName":"Petstar Pet Supplies","potentialAction":[{"@type":"SearchAction","target":{"@type":"EntryPoint","urlTemplate":"https:\/\/petproducts.com.cn\/?s={search_term_string}"},"query-input":{"@type":"PropertyValueSpecification","valueRequired":true,"valueName":"search_term_string"}}],"inLanguage":"pt-PT"},{"@type":"Organization","@id":"https:\/\/petproducts.com.cn\/#organization","name":"Petstar","url":"https:\/\/petproducts.com.cn\/","logo":{"@type":"ImageObject","inLanguage":"pt-PT","@id":"https:\/\/petproducts.com.cn\/#\/schema\/logo\/image\/","url":"https:\/\/petproducts.com.cn\/wp-content\/uploads\/2020\/02\/petstar-logo.webp","contentUrl":"https:\/\/petproducts.com.cn\/wp-content\/uploads\/2020\/02\/petstar-logo.webp","width":779,"height":520,"caption":"Petstar"},"image":{"@id":"https:\/\/petproducts.com.cn\/#\/schema\/logo\/image\/"}}]}},"_links":{"self":[{"href":"https:\/\/petproducts.com.cn\/pt\/wp-json\/wp\/v2\/product\/9013","targetHints":{"allow":["GET"]}}],"collection":[{"href":"https:\/\/petproducts.com.cn\/pt\/wp-json\/wp\/v2\/product"}],"about":[{"href":"https:\/\/petproducts.com.cn\/pt\/wp-json\/wp\/v2\/types\/product"}],"version-history":[{"count":1,"href":"https:\/\/petproducts.com.cn\/pt\/wp-json\/wp\/v2\/product\/9013\/revisions"}],"predecessor-version":[{"id":9021,"href":"https:\/\/petproducts.com.cn\/pt\/wp-json\/wp\/v2\/product\/9013\/revisions\/9021"}],"wp:featuredmedia":[{"embeddable":true,"href":"https:\/\/petproducts.com.cn\/pt\/wp-json\/wp\/v2\/media\/9015"}],"wp:attachment":[{"href":"https:\/\/petproducts.com.cn\/pt\/wp-json\/wp\/v2\/media?parent=9013"}],"wp:term":[{"taxonomy":"product_brand","embeddable":true,"href":"https:\/\/petproducts.com.cn\/pt\/wp-json\/wp\/v2\/product_brand?post=9013"},{"taxonomy":"product_cat","embeddable":true,"href":"https:\/\/petproducts.com.cn\/pt\/wp-json\/wp\/v2\/product_cat?post=9013"},{"taxonomy":"product_tag","embeddable":true,"href":"https:\/\/petproducts.com.cn\/pt\/wp-json\/wp\/v2\/product_tag?post=9013"}],"curies":[{"name":"wp","href":"https:\/\/api.w.org\/{rel}","templated":true}]}}