{"id":9031,"date":"2023-09-12T06:00:30","date_gmt":"2023-09-12T06:00:30","guid":{"rendered":"https:\/\/petproducts.com.cn\/?post_type=product&#038;p=9031"},"modified":"2023-09-22T03:04:30","modified_gmt":"2023-09-22T03:04:30","slug":"custom-cardboard-cat-toys-box-nail-scratch-board-for-cats","status":"publish","type":"product","link":"https:\/\/petproducts.com.cn\/pt\/product\/custom-cardboard-cat-toys-box-nail-scratch-board-for-cats\/","title":{"rendered":"O gato feito sob encomenda do cart\u00e3o brinca a placa do risco do prego da caixa para gatos"},"content":{"rendered":"<h2>Caixa de cart\u00e3o personalizada para brinquedos de gato com design de consola de jogos<\/h2>\n<p>Procurando por brinquedos exclusivos e interativos para gatos feitos de materiais ecol\u00f3gicos? A Petstar oferece uma Caixa de Brinquedos para Gatos em Cart\u00e3o Personalizado que inclui um tabuleiro para arranhar unhas com um design de consola de jogos. Este brinquedo inovador proporciona entretenimento e satisfa\u00e7\u00e3o de arranhar para seus amigos felinos.<\/p>\n<p>1. materiais de cart\u00e3o ecol\u00f3gicos: Na Petstar, valorizamos a sustentabilidade. Nossa placa de arranhar gato personalizado \u00e9 feita de papel\u00e3o ondulado de alta qualidade, que n\u00e3o \u00e9 apenas dur\u00e1vel, mas tamb\u00e9m ambientalmente amig\u00e1vel. Este material \u00e9 seguro para gatos e pode suportar os seus instintos de arranhar, garantindo um prazer duradouro.<\/p>\n<p>2. design dur\u00e1vel e funcional: A constru\u00e7\u00e3o em cart\u00e3o canelado da nossa caixa de brinquedos para gatos garante durabilidade e resist\u00eancia contra arranh\u00f5es. A t\u00e1bua de arranhar unhas ajuda os gatos a manter garras saud\u00e1veis e a redirecionar o seu comportamento de arranhar para longe de m\u00f3veis e tapetes. O seu tamanho compacto torna-o adequado para v\u00e1rios espa\u00e7os e pode ser facilmente deslocado ou guardado quando necess\u00e1rio.<\/p>\n<p>3. servi\u00e7os de personaliza\u00e7\u00e3o por atacado: Petstar oferece servi\u00e7os de personaliza\u00e7\u00e3o por atacado para atender \u00e0s necessidades espec\u00edficas do seu neg\u00f3cio. Quer pretenda adicionar o log\u00f3tipo da sua empresa, personalizar o tamanho ou a cor, ou criar um design \u00fanico, podemos ajud\u00e1-lo a criar uma linha de produtos personalizada que se destaque no mercado.<\/p>\n<p>4. ideal para retalhistas e s\u00edtios Web de com\u00e9rcio eletr\u00f3nico: A nossa caixa de cart\u00e3o personalizada para brinquedos para gatos \u00e9 a escolha perfeita para retalhistas, grossistas e empresas em linha que se dedicam aos donos de gatos. A natureza ecol\u00f3gica e interactiva do brinquedo torna-o um produto atrativo para quem procura op\u00e7\u00f5es envolventes e ambientalmente conscientes para os seus companheiros peludos.<\/p>\n<p>Escolha Petstar como seu parceiro de confian\u00e7a para brinquedos para gatos de papel\u00e3o personalizados de alta qualidade. Nossa caixa de brinquedos personalizados para gatos combina durabilidade, funcionalidade e sustentabilidade para proporcionar uma experi\u00eancia de jogo estimulante para os gatos. Entre em contato conosco hoje para discutir oportunidades de atacado e encantar os donos de gatos com brinquedos personalizados para gatos.<\/p>","protected":false},"excerpt":{"rendered":"<p>N\u00f3s somos um fabricante de brinquedos de papel\u00e3o para gatos com mais de 20 anos de experi\u00eancia. Oferecemos op\u00e7\u00f5es de personaliza\u00e7\u00e3o para cor, tamanho, tecido, padr\u00e3o, log\u00f3tipo e outras carater\u00edsticas.<\/p>","protected":false},"featured_media":9038,"template":"","meta":{"_acf_changed":false},"product_brand":[],"product_cat":[71,81],"product_tag":[86],"class_list":{"0":"post-9031","1":"product","2":"type-product","3":"status-publish","4":"has-post-thumbnail","6":"product_cat-cat-supplies","7":"product_cat-cat-toys","8":"product_tag-cat-toys","10":"first","11":"instock","12":"shipping-taxable","13":"product-type-simple"},"acf":[],"yoast_head":"<!-- This site is optimized with the Yoast SEO plugin v27.1.1 - https:\/\/yoast.com\/product\/yoast-seo-wordpress\/ -->\n<title>Custom Cardboard Cat Toys Box Nail Scratch Board For Cats - Petstar<\/title>\n<meta name=\"description\" content=\"cardboard cat toys manufaturer,we have over 20 years of manufacturing experience in the pet products,more than 8,000 pet accessories in various range\" \/>\n<meta name=\"robots\" content=\"index, follow, max-snippet:-1, max-image-preview:large, max-video-preview:-1\" \/>\n<link rel=\"canonical\" href=\"https:\/\/petproducts.com.cn\/pt\/produto\/custom-cardboard-cat-toys-box-nail-scratch-board-for-cats\/\" \/>\n<meta property=\"og:locale\" content=\"pt_PT\" \/>\n<meta property=\"og:type\" content=\"article\" \/>\n<meta property=\"og:title\" content=\"Custom Cardboard Cat Toys Box Nail Scratch Board For Cats - Petstar\" \/>\n<meta property=\"og:description\" content=\"cardboard cat toys manufaturer,we have over 20 years of manufacturing experience in the pet products,more than 8,000 pet accessories in various range\" \/>\n<meta property=\"og:url\" content=\"https:\/\/petproducts.com.cn\/pt\/produto\/custom-cardboard-cat-toys-box-nail-scratch-board-for-cats\/\" \/>\n<meta property=\"og:site_name\" content=\"Petstar\" \/>\n<meta property=\"article:modified_time\" content=\"2023-09-22T03:04:30+00:00\" \/>\n<meta property=\"og:image\" content=\"https:\/\/petproducts.com.cn\/wp-content\/uploads\/2023\/09\/YT121390.webp\" \/>\n\t<meta property=\"og:image:width\" content=\"800\" \/>\n\t<meta property=\"og:image:height\" content=\"800\" \/>\n\t<meta property=\"og:image:type\" content=\"image\/webp\" \/>\n<meta name=\"twitter:card\" content=\"summary_large_image\" \/>\n<meta name=\"twitter:label1\" content=\"Tempo estimado de leitura\" \/>\n\t<meta name=\"twitter:data1\" content=\"2 minutos\" \/>\n<script type=\"application\/ld+json\" class=\"yoast-schema-graph\">{\"@context\":\"https:\/\/schema.org\",\"@graph\":[{\"@type\":\"WebPage\",\"@id\":\"https:\/\/petproducts.com.cn\/product\/custom-cardboard-cat-toys-box-nail-scratch-board-for-cats\/\",\"url\":\"https:\/\/petproducts.com.cn\/product\/custom-cardboard-cat-toys-box-nail-scratch-board-for-cats\/\",\"name\":\"Custom Cardboard Cat Toys Box Nail Scratch Board For Cats - Petstar\",\"isPartOf\":{\"@id\":\"https:\/\/petproducts.com.cn\/#website\"},\"primaryImageOfPage\":{\"@id\":\"https:\/\/petproducts.com.cn\/product\/custom-cardboard-cat-toys-box-nail-scratch-board-for-cats\/#primaryimage\"},\"image\":{\"@id\":\"https:\/\/petproducts.com.cn\/product\/custom-cardboard-cat-toys-box-nail-scratch-board-for-cats\/#primaryimage\"},\"thumbnailUrl\":\"https:\/\/petproducts.com.cn\/wp-content\/uploads\/2023\/09\/YT121390.webp\",\"datePublished\":\"2023-09-12T06:00:30+00:00\",\"dateModified\":\"2023-09-22T03:04:30+00:00\",\"description\":\"cardboard cat toys manufaturer,we have over 20 years of manufacturing experience in the pet products,more than 8,000 pet accessories in various range\",\"breadcrumb\":{\"@id\":\"https:\/\/petproducts.com.cn\/product\/custom-cardboard-cat-toys-box-nail-scratch-board-for-cats\/#breadcrumb\"},\"inLanguage\":\"pt-PT\",\"potentialAction\":[{\"@type\":\"ReadAction\",\"target\":[\"https:\/\/petproducts.com.cn\/product\/custom-cardboard-cat-toys-box-nail-scratch-board-for-cats\/\"]}]},{\"@type\":\"ImageObject\",\"inLanguage\":\"pt-PT\",\"@id\":\"https:\/\/petproducts.com.cn\/product\/custom-cardboard-cat-toys-box-nail-scratch-board-for-cats\/#primaryimage\",\"url\":\"https:\/\/petproducts.com.cn\/wp-content\/uploads\/2023\/09\/YT121390.webp\",\"contentUrl\":\"https:\/\/petproducts.com.cn\/wp-content\/uploads\/2023\/09\/YT121390.webp\",\"width\":800,\"height\":800,\"caption\":\"cardboard cat toys\"},{\"@type\":\"BreadcrumbList\",\"@id\":\"https:\/\/petproducts.com.cn\/product\/custom-cardboard-cat-toys-box-nail-scratch-board-for-cats\/#breadcrumb\",\"itemListElement\":[{\"@type\":\"ListItem\",\"position\":1,\"name\":\"HOME\",\"item\":\"https:\/\/petproducts.com.cn\/\"},{\"@type\":\"ListItem\",\"position\":2,\"name\":\"Products\",\"item\":\"https:\/\/petproducts.com.cn\/shop\/\"},{\"@type\":\"ListItem\",\"position\":3,\"name\":\"Cat Supplies\",\"item\":\"https:\/\/petproducts.com.cn\/product-category\/cat-supplies\/\"},{\"@type\":\"ListItem\",\"position\":4,\"name\":\"Custom Cardboard Cat Toys Box Nail Scratch Board For Cats\"}]},{\"@type\":\"WebSite\",\"@id\":\"https:\/\/petproducts.com.cn\/#website\",\"url\":\"https:\/\/petproducts.com.cn\/\",\"name\":\"Petstar\",\"description\":\"Leading Pet Supplies Manufacturer &amp; OEM Pet Products Supplier\",\"publisher\":{\"@id\":\"https:\/\/petproducts.com.cn\/#organization\"},\"alternateName\":\"Petstar Pet Supplies\",\"potentialAction\":[{\"@type\":\"SearchAction\",\"target\":{\"@type\":\"EntryPoint\",\"urlTemplate\":\"https:\/\/petproducts.com.cn\/?s={search_term_string}\"},\"query-input\":{\"@type\":\"PropertyValueSpecification\",\"valueRequired\":true,\"valueName\":\"search_term_string\"}}],\"inLanguage\":\"pt-PT\"},{\"@type\":\"Organization\",\"@id\":\"https:\/\/petproducts.com.cn\/#organization\",\"name\":\"Petstar\",\"url\":\"https:\/\/petproducts.com.cn\/\",\"logo\":{\"@type\":\"ImageObject\",\"inLanguage\":\"pt-PT\",\"@id\":\"https:\/\/petproducts.com.cn\/#\/schema\/logo\/image\/\",\"url\":\"https:\/\/petproducts.com.cn\/wp-content\/uploads\/2020\/02\/petstar-logo.webp\",\"contentUrl\":\"https:\/\/petproducts.com.cn\/wp-content\/uploads\/2020\/02\/petstar-logo.webp\",\"width\":779,\"height\":520,\"caption\":\"Petstar\"},\"image\":{\"@id\":\"https:\/\/petproducts.com.cn\/#\/schema\/logo\/image\/\"}}]}<\/script>\n<!-- \/ Yoast SEO plugin. -->","yoast_head_json":{"title":"Caixa de brinquedos para gatos em cart\u00e3o personalizado Raspadeira de unhas para gatos - Petstar","description":"Fabricante de brinquedos de papel\u00e3o para gatos, temos mais de 20 anos de experi\u00eancia no fabrico de produtos para animais de estima\u00e7\u00e3o, mais de 8.000 acess\u00f3rios para animais de estima\u00e7\u00e3o em v\u00e1rias gamas","robots":{"index":"index","follow":"follow","max-snippet":"max-snippet:-1","max-image-preview":"max-image-preview:large","max-video-preview":"max-video-preview:-1"},"canonical":"https:\/\/petproducts.com.cn\/pt\/produto\/custom-cardboard-cat-toys-box-nail-scratch-board-for-cats\/","og_locale":"pt_PT","og_type":"article","og_title":"Custom Cardboard Cat Toys Box Nail Scratch Board For Cats - Petstar","og_description":"cardboard cat toys manufaturer,we have over 20 years of manufacturing experience in the pet products,more than 8,000 pet accessories in various range","og_url":"https:\/\/petproducts.com.cn\/pt\/produto\/custom-cardboard-cat-toys-box-nail-scratch-board-for-cats\/","og_site_name":"Petstar","article_modified_time":"2023-09-22T03:04:30+00:00","og_image":[{"width":800,"height":800,"url":"https:\/\/petproducts.com.cn\/wp-content\/uploads\/2023\/09\/YT121390.webp","type":"image\/webp"}],"twitter_card":"summary_large_image","twitter_misc":{"Tempo estimado de leitura":"2 minutos"},"schema":{"@context":"https:\/\/schema.org","@graph":[{"@type":"WebPage","@id":"https:\/\/petproducts.com.cn\/product\/custom-cardboard-cat-toys-box-nail-scratch-board-for-cats\/","url":"https:\/\/petproducts.com.cn\/product\/custom-cardboard-cat-toys-box-nail-scratch-board-for-cats\/","name":"Caixa de brinquedos para gatos em cart\u00e3o personalizado Raspadeira de unhas para gatos - Petstar","isPartOf":{"@id":"https:\/\/petproducts.com.cn\/#website"},"primaryImageOfPage":{"@id":"https:\/\/petproducts.com.cn\/product\/custom-cardboard-cat-toys-box-nail-scratch-board-for-cats\/#primaryimage"},"image":{"@id":"https:\/\/petproducts.com.cn\/product\/custom-cardboard-cat-toys-box-nail-scratch-board-for-cats\/#primaryimage"},"thumbnailUrl":"https:\/\/petproducts.com.cn\/wp-content\/uploads\/2023\/09\/YT121390.webp","datePublished":"2023-09-12T06:00:30+00:00","dateModified":"2023-09-22T03:04:30+00:00","description":"Fabricante de brinquedos de papel\u00e3o para gatos, temos mais de 20 anos de experi\u00eancia no fabrico de produtos para animais de estima\u00e7\u00e3o, mais de 8.000 acess\u00f3rios para animais de estima\u00e7\u00e3o em v\u00e1rias gamas","breadcrumb":{"@id":"https:\/\/petproducts.com.cn\/product\/custom-cardboard-cat-toys-box-nail-scratch-board-for-cats\/#breadcrumb"},"inLanguage":"pt-PT","potentialAction":[{"@type":"ReadAction","target":["https:\/\/petproducts.com.cn\/product\/custom-cardboard-cat-toys-box-nail-scratch-board-for-cats\/"]}]},{"@type":"ImageObject","inLanguage":"pt-PT","@id":"https:\/\/petproducts.com.cn\/product\/custom-cardboard-cat-toys-box-nail-scratch-board-for-cats\/#primaryimage","url":"https:\/\/petproducts.com.cn\/wp-content\/uploads\/2023\/09\/YT121390.webp","contentUrl":"https:\/\/petproducts.com.cn\/wp-content\/uploads\/2023\/09\/YT121390.webp","width":800,"height":800,"caption":"cardboard cat toys"},{"@type":"BreadcrumbList","@id":"https:\/\/petproducts.com.cn\/product\/custom-cardboard-cat-toys-box-nail-scratch-board-for-cats\/#breadcrumb","itemListElement":[{"@type":"ListItem","position":1,"name":"HOME","item":"https:\/\/petproducts.com.cn\/"},{"@type":"ListItem","position":2,"name":"Products","item":"https:\/\/petproducts.com.cn\/shop\/"},{"@type":"ListItem","position":3,"name":"Cat Supplies","item":"https:\/\/petproducts.com.cn\/product-category\/cat-supplies\/"},{"@type":"ListItem","position":4,"name":"Custom Cardboard Cat Toys Box Nail Scratch Board For Cats"}]},{"@type":"WebSite","@id":"https:\/\/petproducts.com.cn\/#website","url":"https:\/\/petproducts.com.cn\/","name":"Petstar","description":"Fabricante l\u00edder de artigos para animais de estima\u00e7\u00e3o e fornecedor de produtos OEM para animais de estima\u00e7\u00e3o","publisher":{"@id":"https:\/\/petproducts.com.cn\/#organization"},"alternateName":"Petstar Pet Supplies","potentialAction":[{"@type":"SearchAction","target":{"@type":"EntryPoint","urlTemplate":"https:\/\/petproducts.com.cn\/?s={search_term_string}"},"query-input":{"@type":"PropertyValueSpecification","valueRequired":true,"valueName":"search_term_string"}}],"inLanguage":"pt-PT"},{"@type":"Organization","@id":"https:\/\/petproducts.com.cn\/#organization","name":"Petstar","url":"https:\/\/petproducts.com.cn\/","logo":{"@type":"ImageObject","inLanguage":"pt-PT","@id":"https:\/\/petproducts.com.cn\/#\/schema\/logo\/image\/","url":"https:\/\/petproducts.com.cn\/wp-content\/uploads\/2020\/02\/petstar-logo.webp","contentUrl":"https:\/\/petproducts.com.cn\/wp-content\/uploads\/2020\/02\/petstar-logo.webp","width":779,"height":520,"caption":"Petstar"},"image":{"@id":"https:\/\/petproducts.com.cn\/#\/schema\/logo\/image\/"}}]}},"_links":{"self":[{"href":"https:\/\/petproducts.com.cn\/pt\/wp-json\/wp\/v2\/product\/9031","targetHints":{"allow":["GET"]}}],"collection":[{"href":"https:\/\/petproducts.com.cn\/pt\/wp-json\/wp\/v2\/product"}],"about":[{"href":"https:\/\/petproducts.com.cn\/pt\/wp-json\/wp\/v2\/types\/product"}],"version-history":[{"count":3,"href":"https:\/\/petproducts.com.cn\/pt\/wp-json\/wp\/v2\/product\/9031\/revisions"}],"predecessor-version":[{"id":11793,"href":"https:\/\/petproducts.com.cn\/pt\/wp-json\/wp\/v2\/product\/9031\/revisions\/11793"}],"wp:featuredmedia":[{"embeddable":true,"href":"https:\/\/petproducts.com.cn\/pt\/wp-json\/wp\/v2\/media\/9038"}],"wp:attachment":[{"href":"https:\/\/petproducts.com.cn\/pt\/wp-json\/wp\/v2\/media?parent=9031"}],"wp:term":[{"taxonomy":"product_brand","embeddable":true,"href":"https:\/\/petproducts.com.cn\/pt\/wp-json\/wp\/v2\/product_brand?post=9031"},{"taxonomy":"product_cat","embeddable":true,"href":"https:\/\/petproducts.com.cn\/pt\/wp-json\/wp\/v2\/product_cat?post=9031"},{"taxonomy":"product_tag","embeddable":true,"href":"https:\/\/petproducts.com.cn\/pt\/wp-json\/wp\/v2\/product_tag?post=9031"}],"curies":[{"name":"wp","href":"https:\/\/api.w.org\/{rel}","templated":true}]}}