{"id":9076,"date":"2023-09-12T06:48:06","date_gmt":"2023-09-12T06:48:06","guid":{"rendered":"https:\/\/petproducts.com.cn\/?post_type=product&#038;p=9076"},"modified":"2023-09-22T03:04:09","modified_gmt":"2023-09-22T03:04:09","slug":"cardboard-diy-cat-toys-nail-scratching-inside-catnip","status":"publish","type":"product","link":"https:\/\/petproducts.com.cn\/pt\/product\/cardboard-diy-cat-toys-nail-scratching-inside-catnip\/","title":{"rendered":"Brinquedos de papel\u00e3o para gatos DIY arranhando as unhas dentro da erva-de-gato"},"content":{"rendered":"<h2>Brinquedos para gatos DIY em cart\u00e3o por grosso<\/h2>\n<p>Procura brinquedos para gatos criativos e personaliz\u00e1veis que os gatos v\u00e3o adorar? Petstar oferece Brinquedos para gatos DIY de papel\u00e3o por atacado que proporcionam uma experi\u00eancia de arranhar as unhas com o b\u00f4nus adicional de catnip dentro. Deixe seus amigos peludos se divertirem sem fim e satisfazer seus instintos de co\u00e7ar com nossas op\u00e7\u00f5es ecol\u00f3gicas e vers\u00e1teis!<\/p>\n<p>1. materiais de cart\u00e3o ecol\u00f3gicos: Na Petstar, damos prioridade \u00e0 sustentabilidade. Nossos brinquedos de papel\u00e3o para gatos DIY s\u00e3o feitos de papel\u00e3o ondulado de alta qualidade, que n\u00e3o \u00e9 apenas seguro para gatos, mas tamb\u00e9m ecologicamente correto. O uso de papel\u00e3o garante durabilidade e minimiza o impacto no meio ambiente.<\/p>\n<p>2. co\u00e7ar as unhas com Catnip dentro: Os nossos brinquedos para gatos DIY apresentam um design \u00fanico em forma de lim\u00e3o que serve de t\u00e1bua para co\u00e7ar as unhas. A superf\u00edcie de cart\u00e3o ondulado proporciona a textura perfeita para os gatos arranharem e manterem as garras saud\u00e1veis. Al\u00e9m disso, inclu\u00edmos erva-dos-gatos no interior do brinquedo para envolver e seduzir ainda mais os gatos durante as brincadeiras.<\/p>\n<p>3. utiliza\u00e7\u00e3o aut\u00f3noma: Para al\u00e9m da personaliza\u00e7\u00e3o, cada t\u00e1bua de arranhar em forma de lim\u00e3o pode ser usada individualmente. Esta versatilidade torna os nossos brinquedos para gatos DIY adequados para v\u00e1rios espa\u00e7os e prefer\u00eancias. Os gatos podem desfrutar da satisfa\u00e7\u00e3o de arranhar e brincar, mesmo que opte por utilizar uma \u00fanica t\u00e1bua em vez de combinar v\u00e1rias pe\u00e7as.<\/p>\n<p>4. servi\u00e7os de personaliza\u00e7\u00e3o por atacado: Petstar oferece servi\u00e7os de personaliza\u00e7\u00e3o por atacado para atender \u00e0s necessidades espec\u00edficas do seu neg\u00f3cio. Quer pretenda adicionar o log\u00f3tipo da sua empresa, personalizar o tamanho ou a forma dos brinquedos, ou criar um design \u00fanico, podemos ajud\u00e1-lo a criar uma linha de produtos personalizada que se destaque no mercado.<\/p>\n<p>Escolha Petstar como seu parceiro de confian\u00e7a para brinquedos para gatos DIY de cart\u00e3o de alta qualidade. Nossos brinquedos para gatos DIY combinam sustentabilidade, satisfa\u00e7\u00e3o em arranhar as unhas e o fasc\u00ednio da erva-dos-gatos para proporcionar uma experi\u00eancia divertida e envolvente para os gatos. Contacte-nos hoje para discutir oportunidades de venda por grosso e deliciar os donos de gatos com brinquedos personaliz\u00e1veis para gatos.<\/p>","protected":false},"excerpt":{"rendered":"<p>N\u00f3s somos um fabricante de brinquedos de papel\u00e3o para gatos com mais de 20 anos de experi\u00eancia. Oferecemos op\u00e7\u00f5es de personaliza\u00e7\u00e3o para cor, tamanho, tecido, padr\u00e3o, log\u00f3tipo e outras carater\u00edsticas.<\/p>","protected":false},"featured_media":9078,"template":"","meta":{"_acf_changed":false},"product_brand":[],"product_cat":[71,81],"product_tag":[86],"class_list":{"0":"post-9076","1":"product","2":"type-product","3":"status-publish","4":"has-post-thumbnail","6":"product_cat-cat-supplies","7":"product_cat-cat-toys","8":"product_tag-cat-toys","10":"first","11":"instock","12":"shipping-taxable","13":"product-type-simple"},"acf":[],"yoast_head":"<!-- This site is optimized with the Yoast SEO plugin v27.1.1 - https:\/\/yoast.com\/product\/yoast-seo-wordpress\/ -->\n<title>Cardboard Diy Cat Toys Nail Scratching Inside Catnip - Petstar<\/title>\n<meta name=\"description\" content=\"cardboard diy cat toys manufaturer,we have over 20 years of manufacturing experience in the pet products,more than 8,000 pet accessories in various rang\" \/>\n<meta name=\"robots\" content=\"index, follow, max-snippet:-1, max-image-preview:large, max-video-preview:-1\" \/>\n<link rel=\"canonical\" href=\"https:\/\/petproducts.com.cn\/pt\/produto\/cardboard-diy-cat-toys-nail-scratching-inside-catnip\/\" \/>\n<meta property=\"og:locale\" content=\"pt_PT\" \/>\n<meta property=\"og:type\" content=\"article\" \/>\n<meta property=\"og:title\" content=\"Cardboard Diy Cat Toys Nail Scratching Inside Catnip - Petstar\" \/>\n<meta property=\"og:description\" content=\"cardboard diy cat toys manufaturer,we have over 20 years of manufacturing experience in the pet products,more than 8,000 pet accessories in various rang\" \/>\n<meta property=\"og:url\" content=\"https:\/\/petproducts.com.cn\/pt\/produto\/cardboard-diy-cat-toys-nail-scratching-inside-catnip\/\" \/>\n<meta property=\"og:site_name\" content=\"Petstar\" \/>\n<meta property=\"article:modified_time\" content=\"2023-09-22T03:04:09+00:00\" \/>\n<meta property=\"og:image\" content=\"https:\/\/petproducts.com.cn\/wp-content\/uploads\/2023\/09\/YT122753-1.webp\" \/>\n\t<meta property=\"og:image:width\" content=\"800\" \/>\n\t<meta property=\"og:image:height\" content=\"800\" \/>\n\t<meta property=\"og:image:type\" content=\"image\/webp\" \/>\n<meta name=\"twitter:card\" content=\"summary_large_image\" \/>\n<meta name=\"twitter:label1\" content=\"Tempo estimado de leitura\" \/>\n\t<meta name=\"twitter:data1\" content=\"2 minutos\" \/>\n<script type=\"application\/ld+json\" class=\"yoast-schema-graph\">{\"@context\":\"https:\/\/schema.org\",\"@graph\":[{\"@type\":\"WebPage\",\"@id\":\"https:\/\/petproducts.com.cn\/product\/cardboard-diy-cat-toys-nail-scratching-inside-catnip\/\",\"url\":\"https:\/\/petproducts.com.cn\/product\/cardboard-diy-cat-toys-nail-scratching-inside-catnip\/\",\"name\":\"Cardboard Diy Cat Toys Nail Scratching Inside Catnip - Petstar\",\"isPartOf\":{\"@id\":\"https:\/\/petproducts.com.cn\/#website\"},\"primaryImageOfPage\":{\"@id\":\"https:\/\/petproducts.com.cn\/product\/cardboard-diy-cat-toys-nail-scratching-inside-catnip\/#primaryimage\"},\"image\":{\"@id\":\"https:\/\/petproducts.com.cn\/product\/cardboard-diy-cat-toys-nail-scratching-inside-catnip\/#primaryimage\"},\"thumbnailUrl\":\"https:\/\/petproducts.com.cn\/wp-content\/uploads\/2023\/09\/YT122753-1.webp\",\"datePublished\":\"2023-09-12T06:48:06+00:00\",\"dateModified\":\"2023-09-22T03:04:09+00:00\",\"description\":\"cardboard diy cat toys manufaturer,we have over 20 years of manufacturing experience in the pet products,more than 8,000 pet accessories in various rang\",\"breadcrumb\":{\"@id\":\"https:\/\/petproducts.com.cn\/product\/cardboard-diy-cat-toys-nail-scratching-inside-catnip\/#breadcrumb\"},\"inLanguage\":\"pt-PT\",\"potentialAction\":[{\"@type\":\"ReadAction\",\"target\":[\"https:\/\/petproducts.com.cn\/product\/cardboard-diy-cat-toys-nail-scratching-inside-catnip\/\"]}]},{\"@type\":\"ImageObject\",\"inLanguage\":\"pt-PT\",\"@id\":\"https:\/\/petproducts.com.cn\/product\/cardboard-diy-cat-toys-nail-scratching-inside-catnip\/#primaryimage\",\"url\":\"https:\/\/petproducts.com.cn\/wp-content\/uploads\/2023\/09\/YT122753-1.webp\",\"contentUrl\":\"https:\/\/petproducts.com.cn\/wp-content\/uploads\/2023\/09\/YT122753-1.webp\",\"width\":800,\"height\":800,\"caption\":\"cardboard diy cat toys\"},{\"@type\":\"BreadcrumbList\",\"@id\":\"https:\/\/petproducts.com.cn\/product\/cardboard-diy-cat-toys-nail-scratching-inside-catnip\/#breadcrumb\",\"itemListElement\":[{\"@type\":\"ListItem\",\"position\":1,\"name\":\"HOME\",\"item\":\"https:\/\/petproducts.com.cn\/\"},{\"@type\":\"ListItem\",\"position\":2,\"name\":\"Products\",\"item\":\"https:\/\/petproducts.com.cn\/shop\/\"},{\"@type\":\"ListItem\",\"position\":3,\"name\":\"Cat Supplies\",\"item\":\"https:\/\/petproducts.com.cn\/product-category\/cat-supplies\/\"},{\"@type\":\"ListItem\",\"position\":4,\"name\":\"Cardboard Diy Cat Toys Nail Scratching Inside Catnip\"}]},{\"@type\":\"WebSite\",\"@id\":\"https:\/\/petproducts.com.cn\/#website\",\"url\":\"https:\/\/petproducts.com.cn\/\",\"name\":\"Petstar\",\"description\":\"Leading Pet Supplies Manufacturer &amp; OEM Pet Products Supplier\",\"publisher\":{\"@id\":\"https:\/\/petproducts.com.cn\/#organization\"},\"alternateName\":\"Petstar Pet Supplies\",\"potentialAction\":[{\"@type\":\"SearchAction\",\"target\":{\"@type\":\"EntryPoint\",\"urlTemplate\":\"https:\/\/petproducts.com.cn\/?s={search_term_string}\"},\"query-input\":{\"@type\":\"PropertyValueSpecification\",\"valueRequired\":true,\"valueName\":\"search_term_string\"}}],\"inLanguage\":\"pt-PT\"},{\"@type\":\"Organization\",\"@id\":\"https:\/\/petproducts.com.cn\/#organization\",\"name\":\"Petstar\",\"url\":\"https:\/\/petproducts.com.cn\/\",\"logo\":{\"@type\":\"ImageObject\",\"inLanguage\":\"pt-PT\",\"@id\":\"https:\/\/petproducts.com.cn\/#\/schema\/logo\/image\/\",\"url\":\"https:\/\/petproducts.com.cn\/wp-content\/uploads\/2020\/02\/petstar-logo.webp\",\"contentUrl\":\"https:\/\/petproducts.com.cn\/wp-content\/uploads\/2020\/02\/petstar-logo.webp\",\"width\":779,\"height\":520,\"caption\":\"Petstar\"},\"image\":{\"@id\":\"https:\/\/petproducts.com.cn\/#\/schema\/logo\/image\/\"}}]}<\/script>\n<!-- \/ Yoast SEO plugin. -->","yoast_head_json":{"title":"Brinquedos de papel\u00e3o para gatos Brinquedos para arranhar as unhas dentro do Catnip - Petstar","description":"Fabricante de brinquedos de papel\u00e3o para gatos, temos mais de 20 anos de experi\u00eancia no fabrico de produtos para animais de estima\u00e7\u00e3o, mais de 8.000 acess\u00f3rios para animais de estima\u00e7\u00e3o em v\u00e1rias gamas","robots":{"index":"index","follow":"follow","max-snippet":"max-snippet:-1","max-image-preview":"max-image-preview:large","max-video-preview":"max-video-preview:-1"},"canonical":"https:\/\/petproducts.com.cn\/pt\/produto\/cardboard-diy-cat-toys-nail-scratching-inside-catnip\/","og_locale":"pt_PT","og_type":"article","og_title":"Cardboard Diy Cat Toys Nail Scratching Inside Catnip - Petstar","og_description":"cardboard diy cat toys manufaturer,we have over 20 years of manufacturing experience in the pet products,more than 8,000 pet accessories in various rang","og_url":"https:\/\/petproducts.com.cn\/pt\/produto\/cardboard-diy-cat-toys-nail-scratching-inside-catnip\/","og_site_name":"Petstar","article_modified_time":"2023-09-22T03:04:09+00:00","og_image":[{"width":800,"height":800,"url":"https:\/\/petproducts.com.cn\/wp-content\/uploads\/2023\/09\/YT122753-1.webp","type":"image\/webp"}],"twitter_card":"summary_large_image","twitter_misc":{"Tempo estimado de leitura":"2 minutos"},"schema":{"@context":"https:\/\/schema.org","@graph":[{"@type":"WebPage","@id":"https:\/\/petproducts.com.cn\/product\/cardboard-diy-cat-toys-nail-scratching-inside-catnip\/","url":"https:\/\/petproducts.com.cn\/product\/cardboard-diy-cat-toys-nail-scratching-inside-catnip\/","name":"Brinquedos de papel\u00e3o para gatos Brinquedos para arranhar as unhas dentro do Catnip - Petstar","isPartOf":{"@id":"https:\/\/petproducts.com.cn\/#website"},"primaryImageOfPage":{"@id":"https:\/\/petproducts.com.cn\/product\/cardboard-diy-cat-toys-nail-scratching-inside-catnip\/#primaryimage"},"image":{"@id":"https:\/\/petproducts.com.cn\/product\/cardboard-diy-cat-toys-nail-scratching-inside-catnip\/#primaryimage"},"thumbnailUrl":"https:\/\/petproducts.com.cn\/wp-content\/uploads\/2023\/09\/YT122753-1.webp","datePublished":"2023-09-12T06:48:06+00:00","dateModified":"2023-09-22T03:04:09+00:00","description":"Fabricante de brinquedos de papel\u00e3o para gatos, temos mais de 20 anos de experi\u00eancia no fabrico de produtos para animais de estima\u00e7\u00e3o, mais de 8.000 acess\u00f3rios para animais de estima\u00e7\u00e3o em v\u00e1rias gamas","breadcrumb":{"@id":"https:\/\/petproducts.com.cn\/product\/cardboard-diy-cat-toys-nail-scratching-inside-catnip\/#breadcrumb"},"inLanguage":"pt-PT","potentialAction":[{"@type":"ReadAction","target":["https:\/\/petproducts.com.cn\/product\/cardboard-diy-cat-toys-nail-scratching-inside-catnip\/"]}]},{"@type":"ImageObject","inLanguage":"pt-PT","@id":"https:\/\/petproducts.com.cn\/product\/cardboard-diy-cat-toys-nail-scratching-inside-catnip\/#primaryimage","url":"https:\/\/petproducts.com.cn\/wp-content\/uploads\/2023\/09\/YT122753-1.webp","contentUrl":"https:\/\/petproducts.com.cn\/wp-content\/uploads\/2023\/09\/YT122753-1.webp","width":800,"height":800,"caption":"cardboard diy cat toys"},{"@type":"BreadcrumbList","@id":"https:\/\/petproducts.com.cn\/product\/cardboard-diy-cat-toys-nail-scratching-inside-catnip\/#breadcrumb","itemListElement":[{"@type":"ListItem","position":1,"name":"HOME","item":"https:\/\/petproducts.com.cn\/"},{"@type":"ListItem","position":2,"name":"Products","item":"https:\/\/petproducts.com.cn\/shop\/"},{"@type":"ListItem","position":3,"name":"Cat Supplies","item":"https:\/\/petproducts.com.cn\/product-category\/cat-supplies\/"},{"@type":"ListItem","position":4,"name":"Cardboard Diy Cat Toys Nail Scratching Inside Catnip"}]},{"@type":"WebSite","@id":"https:\/\/petproducts.com.cn\/#website","url":"https:\/\/petproducts.com.cn\/","name":"Petstar","description":"Fabricante l\u00edder de artigos para animais de estima\u00e7\u00e3o e fornecedor de produtos OEM para animais de estima\u00e7\u00e3o","publisher":{"@id":"https:\/\/petproducts.com.cn\/#organization"},"alternateName":"Petstar Pet Supplies","potentialAction":[{"@type":"SearchAction","target":{"@type":"EntryPoint","urlTemplate":"https:\/\/petproducts.com.cn\/?s={search_term_string}"},"query-input":{"@type":"PropertyValueSpecification","valueRequired":true,"valueName":"search_term_string"}}],"inLanguage":"pt-PT"},{"@type":"Organization","@id":"https:\/\/petproducts.com.cn\/#organization","name":"Petstar","url":"https:\/\/petproducts.com.cn\/","logo":{"@type":"ImageObject","inLanguage":"pt-PT","@id":"https:\/\/petproducts.com.cn\/#\/schema\/logo\/image\/","url":"https:\/\/petproducts.com.cn\/wp-content\/uploads\/2020\/02\/petstar-logo.webp","contentUrl":"https:\/\/petproducts.com.cn\/wp-content\/uploads\/2020\/02\/petstar-logo.webp","width":779,"height":520,"caption":"Petstar"},"image":{"@id":"https:\/\/petproducts.com.cn\/#\/schema\/logo\/image\/"}}]}},"_links":{"self":[{"href":"https:\/\/petproducts.com.cn\/pt\/wp-json\/wp\/v2\/product\/9076","targetHints":{"allow":["GET"]}}],"collection":[{"href":"https:\/\/petproducts.com.cn\/pt\/wp-json\/wp\/v2\/product"}],"about":[{"href":"https:\/\/petproducts.com.cn\/pt\/wp-json\/wp\/v2\/types\/product"}],"version-history":[{"count":3,"href":"https:\/\/petproducts.com.cn\/pt\/wp-json\/wp\/v2\/product\/9076\/revisions"}],"predecessor-version":[{"id":11790,"href":"https:\/\/petproducts.com.cn\/pt\/wp-json\/wp\/v2\/product\/9076\/revisions\/11790"}],"wp:featuredmedia":[{"embeddable":true,"href":"https:\/\/petproducts.com.cn\/pt\/wp-json\/wp\/v2\/media\/9078"}],"wp:attachment":[{"href":"https:\/\/petproducts.com.cn\/pt\/wp-json\/wp\/v2\/media?parent=9076"}],"wp:term":[{"taxonomy":"product_brand","embeddable":true,"href":"https:\/\/petproducts.com.cn\/pt\/wp-json\/wp\/v2\/product_brand?post=9076"},{"taxonomy":"product_cat","embeddable":true,"href":"https:\/\/petproducts.com.cn\/pt\/wp-json\/wp\/v2\/product_cat?post=9076"},{"taxonomy":"product_tag","embeddable":true,"href":"https:\/\/petproducts.com.cn\/pt\/wp-json\/wp\/v2\/product_tag?post=9076"}],"curies":[{"name":"wp","href":"https:\/\/api.w.org\/{rel}","templated":true}]}}