{"id":9113,"date":"2023-09-12T07:26:38","date_gmt":"2023-09-12T07:26:38","guid":{"rendered":"https:\/\/petproducts.com.cn\/?post_type=product&#038;p=9113"},"modified":"2024-10-31T08:54:17","modified_gmt":"2024-10-31T08:54:17","slug":"novelty-dog-clothes-cute-funny-dog-clothes","status":"publish","type":"product","link":"https:\/\/petproducts.com.cn\/pt\/product\/novelty-dog-clothes-cute-funny-dog-clothes\/","title":{"rendered":"Novidade roupas para c\u00e3es roupas fofas e engra\u00e7adas para c\u00e3es"},"content":{"rendered":"<h2><strong>Carater\u00edsticas das roupas inovadoras para c\u00e3es<\/strong><\/h2>\n<ol>\n<li><strong>Festejar com estilo:<\/strong> Roupas de c\u00e3o \u00e0 medida, adornadas com encantadores detalhes em forma de asas azuis numa base de tecido branco.<\/li>\n<li><strong>Vestir-se sem esfor\u00e7o:<\/strong> Os prendedores de velcro convenientes tornam muito f\u00e1cil vestir o seu amigo peludo com estas roupas engra\u00e7adas para c\u00e3es.<\/li>\n<li><strong>Ideal para cachorros:<\/strong> Os retalhistas, grossistas e empresas de com\u00e9rcio eletr\u00f3nico especializadas em produtos para animais de estima\u00e7\u00e3o podem melhorar o seu invent\u00e1rio com estas bonitas roupas para cachorros, uma mistura de estilo e conforto.<\/li>\n<li><strong>Capturar momentos preciosos:<\/strong> Estas roupas bonitas para cachorros far\u00e3o do seu animal de estima\u00e7\u00e3o a estrela de qualquer evento, garantindo mem\u00f3rias inesquec\u00edveis.<\/li>\n<li><strong>Criado para ser dur\u00e1vel:<\/strong> Os materiais de primeira qualidade garantem que as nossas roupas engra\u00e7adas para c\u00e3es resistem \u00e0s brincadeiras do seu animal de estima\u00e7\u00e3o.<\/li>\n<li><strong>Qualidade e conforto:<\/strong> Fabricadas com materiais de primeira qualidade, estas pe\u00e7as de vestu\u00e1rio para c\u00e3es bonitos oferecem estilo e durabilidade, tornando-as perfeitas para os momentos festivos do seu animal de estima\u00e7\u00e3o.<\/li>\n<li><strong> Ideal para disfarces de Halloween para c\u00e3es:<\/strong> Concebido para dar um toque de divers\u00e3o e festividade ao vestu\u00e1rio do seu cachorro. Estas roupas fofas para cachorros apresentam desenhos caprichosos em forma de asa nas costas, tornando-as ideais para ocasi\u00f5es especiais como o Halloween.<\/li>\n<\/ol>\n<p>Em conclus\u00e3o, a nossa cole\u00e7\u00e3o de roupas engra\u00e7adas para c\u00e3es oferece uma mistura \u00fanica de estilo e praticidade, garantindo que os seus animais de estima\u00e7\u00e3o sejam o assunto da cidade. Al\u00e9m disso, eleve o guarda-roupa do seu animal de estima\u00e7\u00e3o e ofere\u00e7a cria\u00e7\u00f5es personalizadas para os seus clientes. Ent\u00e3o, porqu\u00ea esperar? Encomende agora e deixe os seus c\u00e3es desfrutarem do conforto e da moda das nossas roupas requintadas!<\/p>","protected":false},"excerpt":{"rendered":"<p>N\u00f3s somos um fabricante de roupas para c\u00e3es com mais de 20 anos de experi\u00eancia. Oferecemos op\u00e7\u00f5es de personaliza\u00e7\u00e3o para cor, tamanho, tecido, padr\u00e3o, log\u00f3tipo e outras carater\u00edsticas.<\/p>","protected":false},"featured_media":9123,"template":"","meta":{"_acf_changed":false},"product_brand":[],"product_cat":[49,72],"product_tag":[217,267],"class_list":{"0":"post-9113","1":"product","2":"type-product","3":"status-publish","4":"has-post-thumbnail","6":"product_cat-dog-apparel-accessories","7":"product_cat-dog-supplies","8":"product_tag-pet-clothes","9":"product_tag-pet-costumes","11":"first","12":"instock","13":"shipping-taxable","14":"product-type-simple"},"acf":[],"yoast_head":"<!-- This site is optimized with the Yoast SEO plugin v27.1.1 - https:\/\/yoast.com\/product\/yoast-seo-wordpress\/ -->\n<title>Novelty Dog Clothes Cute Funny Dog Clothes - Petstar<\/title>\n<meta name=\"description\" content=\"Explore Petstar Novelty Dog Clothes - Mass Production, Customization, and Design Options Available. We are a leading global one-stop dog clothes supplier.\" \/>\n<meta name=\"robots\" content=\"index, follow, max-snippet:-1, max-image-preview:large, max-video-preview:-1\" \/>\n<link rel=\"canonical\" href=\"https:\/\/petproducts.com.cn\/pt\/produto\/novelty-dog-clothes-cute-funny-dog-clothes\/\" \/>\n<meta property=\"og:locale\" content=\"pt_PT\" \/>\n<meta property=\"og:type\" content=\"article\" \/>\n<meta property=\"og:title\" content=\"Novelty Dog Clothes Cute Funny Dog Clothes - Petstar\" \/>\n<meta property=\"og:description\" content=\"Explore Petstar Novelty Dog Clothes - Mass Production, Customization, and Design Options Available. We are a leading global one-stop dog clothes supplier.\" \/>\n<meta property=\"og:url\" content=\"https:\/\/petproducts.com.cn\/pt\/produto\/novelty-dog-clothes-cute-funny-dog-clothes\/\" \/>\n<meta property=\"og:site_name\" content=\"Petstar\" \/>\n<meta property=\"article:modified_time\" content=\"2024-10-31T08:54:17+00:00\" \/>\n<meta property=\"og:image\" content=\"https:\/\/petproducts.com.cn\/wp-content\/uploads\/2023\/09\/DSC2091\u526f\u672c_webp.webp\" \/>\n\t<meta property=\"og:image:width\" content=\"1000\" \/>\n\t<meta property=\"og:image:height\" content=\"1000\" \/>\n\t<meta property=\"og:image:type\" content=\"image\/webp\" \/>\n<meta name=\"twitter:card\" content=\"summary_large_image\" \/>\n<meta name=\"twitter:label1\" content=\"Tempo estimado de leitura\" \/>\n\t<meta name=\"twitter:data1\" content=\"1 minuto\" \/>\n<script type=\"application\/ld+json\" class=\"yoast-schema-graph\">{\"@context\":\"https:\/\/schema.org\",\"@graph\":[{\"@type\":\"WebPage\",\"@id\":\"https:\/\/petproducts.com.cn\/product\/novelty-dog-clothes-cute-funny-dog-clothes\/\",\"url\":\"https:\/\/petproducts.com.cn\/product\/novelty-dog-clothes-cute-funny-dog-clothes\/\",\"name\":\"Novelty Dog Clothes Cute Funny Dog Clothes - Petstar\",\"isPartOf\":{\"@id\":\"https:\/\/petproducts.com.cn\/#website\"},\"primaryImageOfPage\":{\"@id\":\"https:\/\/petproducts.com.cn\/product\/novelty-dog-clothes-cute-funny-dog-clothes\/#primaryimage\"},\"image\":{\"@id\":\"https:\/\/petproducts.com.cn\/product\/novelty-dog-clothes-cute-funny-dog-clothes\/#primaryimage\"},\"thumbnailUrl\":\"https:\/\/petproducts.com.cn\/wp-content\/uploads\/2023\/09\/DSC2091\u526f\u672c_webp.webp\",\"datePublished\":\"2023-09-12T07:26:38+00:00\",\"dateModified\":\"2024-10-31T08:54:17+00:00\",\"description\":\"Explore Petstar Novelty Dog Clothes - Mass Production, Customization, and Design Options Available. We are a leading global one-stop dog clothes supplier.\",\"breadcrumb\":{\"@id\":\"https:\/\/petproducts.com.cn\/product\/novelty-dog-clothes-cute-funny-dog-clothes\/#breadcrumb\"},\"inLanguage\":\"pt-PT\",\"potentialAction\":[{\"@type\":\"ReadAction\",\"target\":[\"https:\/\/petproducts.com.cn\/product\/novelty-dog-clothes-cute-funny-dog-clothes\/\"]}]},{\"@type\":\"ImageObject\",\"inLanguage\":\"pt-PT\",\"@id\":\"https:\/\/petproducts.com.cn\/product\/novelty-dog-clothes-cute-funny-dog-clothes\/#primaryimage\",\"url\":\"https:\/\/petproducts.com.cn\/wp-content\/uploads\/2023\/09\/DSC2091\u526f\u672c_webp.webp\",\"contentUrl\":\"https:\/\/petproducts.com.cn\/wp-content\/uploads\/2023\/09\/DSC2091\u526f\u672c_webp.webp\",\"width\":1000,\"height\":1000,\"caption\":\"novelty dog clothes\"},{\"@type\":\"BreadcrumbList\",\"@id\":\"https:\/\/petproducts.com.cn\/product\/novelty-dog-clothes-cute-funny-dog-clothes\/#breadcrumb\",\"itemListElement\":[{\"@type\":\"ListItem\",\"position\":1,\"name\":\"HOME\",\"item\":\"https:\/\/petproducts.com.cn\/\"},{\"@type\":\"ListItem\",\"position\":2,\"name\":\"Products\",\"item\":\"https:\/\/petproducts.com.cn\/shop\/\"},{\"@type\":\"ListItem\",\"position\":3,\"name\":\"Dog Apparel &amp; Accessories\",\"item\":\"https:\/\/petproducts.com.cn\/product-category\/dog-apparel-accessories\/\"},{\"@type\":\"ListItem\",\"position\":4,\"name\":\"Novelty Dog Clothes Cute Funny Dog Clothes\"}]},{\"@type\":\"WebSite\",\"@id\":\"https:\/\/petproducts.com.cn\/#website\",\"url\":\"https:\/\/petproducts.com.cn\/\",\"name\":\"Petstar\",\"description\":\"Leading Pet Supplies Manufacturer &amp; OEM Pet Products Supplier\",\"publisher\":{\"@id\":\"https:\/\/petproducts.com.cn\/#organization\"},\"alternateName\":\"Petstar Pet Supplies\",\"potentialAction\":[{\"@type\":\"SearchAction\",\"target\":{\"@type\":\"EntryPoint\",\"urlTemplate\":\"https:\/\/petproducts.com.cn\/?s={search_term_string}\"},\"query-input\":{\"@type\":\"PropertyValueSpecification\",\"valueRequired\":true,\"valueName\":\"search_term_string\"}}],\"inLanguage\":\"pt-PT\"},{\"@type\":\"Organization\",\"@id\":\"https:\/\/petproducts.com.cn\/#organization\",\"name\":\"Petstar\",\"url\":\"https:\/\/petproducts.com.cn\/\",\"logo\":{\"@type\":\"ImageObject\",\"inLanguage\":\"pt-PT\",\"@id\":\"https:\/\/petproducts.com.cn\/#\/schema\/logo\/image\/\",\"url\":\"https:\/\/petproducts.com.cn\/wp-content\/uploads\/2020\/02\/petstar-logo.webp\",\"contentUrl\":\"https:\/\/petproducts.com.cn\/wp-content\/uploads\/2020\/02\/petstar-logo.webp\",\"width\":779,\"height\":520,\"caption\":\"Petstar\"},\"image\":{\"@id\":\"https:\/\/petproducts.com.cn\/#\/schema\/logo\/image\/\"}}]}<\/script>\n<!-- \/ Yoast SEO plugin. -->","yoast_head_json":{"title":"Roupas para c\u00e3es com piada Roupas para c\u00e3es com piada - Petstar","description":"Explore Petstar Roupas para c\u00e3es - Produ\u00e7\u00e3o em massa, personaliza\u00e7\u00e3o e op\u00e7\u00f5es de design dispon\u00edveis. N\u00f3s somos um fornecedor l\u00edder global de roupas para c\u00e3es.","robots":{"index":"index","follow":"follow","max-snippet":"max-snippet:-1","max-image-preview":"max-image-preview:large","max-video-preview":"max-video-preview:-1"},"canonical":"https:\/\/petproducts.com.cn\/pt\/produto\/novelty-dog-clothes-cute-funny-dog-clothes\/","og_locale":"pt_PT","og_type":"article","og_title":"Novelty Dog Clothes Cute Funny Dog Clothes - Petstar","og_description":"Explore Petstar Novelty Dog Clothes - Mass Production, Customization, and Design Options Available. We are a leading global one-stop dog clothes supplier.","og_url":"https:\/\/petproducts.com.cn\/pt\/produto\/novelty-dog-clothes-cute-funny-dog-clothes\/","og_site_name":"Petstar","article_modified_time":"2024-10-31T08:54:17+00:00","og_image":[{"width":1000,"height":1000,"url":"https:\/\/petproducts.com.cn\/wp-content\/uploads\/2023\/09\/DSC2091\u526f\u672c_webp.webp","type":"image\/webp"}],"twitter_card":"summary_large_image","twitter_misc":{"Tempo estimado de leitura":"1 minuto"},"schema":{"@context":"https:\/\/schema.org","@graph":[{"@type":"WebPage","@id":"https:\/\/petproducts.com.cn\/product\/novelty-dog-clothes-cute-funny-dog-clothes\/","url":"https:\/\/petproducts.com.cn\/product\/novelty-dog-clothes-cute-funny-dog-clothes\/","name":"Roupas para c\u00e3es com piada Roupas para c\u00e3es com piada - Petstar","isPartOf":{"@id":"https:\/\/petproducts.com.cn\/#website"},"primaryImageOfPage":{"@id":"https:\/\/petproducts.com.cn\/product\/novelty-dog-clothes-cute-funny-dog-clothes\/#primaryimage"},"image":{"@id":"https:\/\/petproducts.com.cn\/product\/novelty-dog-clothes-cute-funny-dog-clothes\/#primaryimage"},"thumbnailUrl":"https:\/\/petproducts.com.cn\/wp-content\/uploads\/2023\/09\/DSC2091\u526f\u672c_webp.webp","datePublished":"2023-09-12T07:26:38+00:00","dateModified":"2024-10-31T08:54:17+00:00","description":"Explore Petstar Roupas para c\u00e3es - Produ\u00e7\u00e3o em massa, personaliza\u00e7\u00e3o e op\u00e7\u00f5es de design dispon\u00edveis. N\u00f3s somos um fornecedor l\u00edder global de roupas para c\u00e3es.","breadcrumb":{"@id":"https:\/\/petproducts.com.cn\/product\/novelty-dog-clothes-cute-funny-dog-clothes\/#breadcrumb"},"inLanguage":"pt-PT","potentialAction":[{"@type":"ReadAction","target":["https:\/\/petproducts.com.cn\/product\/novelty-dog-clothes-cute-funny-dog-clothes\/"]}]},{"@type":"ImageObject","inLanguage":"pt-PT","@id":"https:\/\/petproducts.com.cn\/product\/novelty-dog-clothes-cute-funny-dog-clothes\/#primaryimage","url":"https:\/\/petproducts.com.cn\/wp-content\/uploads\/2023\/09\/DSC2091\u526f\u672c_webp.webp","contentUrl":"https:\/\/petproducts.com.cn\/wp-content\/uploads\/2023\/09\/DSC2091\u526f\u672c_webp.webp","width":1000,"height":1000,"caption":"novelty dog clothes"},{"@type":"BreadcrumbList","@id":"https:\/\/petproducts.com.cn\/product\/novelty-dog-clothes-cute-funny-dog-clothes\/#breadcrumb","itemListElement":[{"@type":"ListItem","position":1,"name":"HOME","item":"https:\/\/petproducts.com.cn\/"},{"@type":"ListItem","position":2,"name":"Products","item":"https:\/\/petproducts.com.cn\/shop\/"},{"@type":"ListItem","position":3,"name":"Dog Apparel &amp; Accessories","item":"https:\/\/petproducts.com.cn\/product-category\/dog-apparel-accessories\/"},{"@type":"ListItem","position":4,"name":"Novelty Dog Clothes Cute Funny Dog Clothes"}]},{"@type":"WebSite","@id":"https:\/\/petproducts.com.cn\/#website","url":"https:\/\/petproducts.com.cn\/","name":"Petstar","description":"Fabricante l\u00edder de artigos para animais de estima\u00e7\u00e3o e fornecedor de produtos OEM para animais de estima\u00e7\u00e3o","publisher":{"@id":"https:\/\/petproducts.com.cn\/#organization"},"alternateName":"Petstar Pet Supplies","potentialAction":[{"@type":"SearchAction","target":{"@type":"EntryPoint","urlTemplate":"https:\/\/petproducts.com.cn\/?s={search_term_string}"},"query-input":{"@type":"PropertyValueSpecification","valueRequired":true,"valueName":"search_term_string"}}],"inLanguage":"pt-PT"},{"@type":"Organization","@id":"https:\/\/petproducts.com.cn\/#organization","name":"Petstar","url":"https:\/\/petproducts.com.cn\/","logo":{"@type":"ImageObject","inLanguage":"pt-PT","@id":"https:\/\/petproducts.com.cn\/#\/schema\/logo\/image\/","url":"https:\/\/petproducts.com.cn\/wp-content\/uploads\/2020\/02\/petstar-logo.webp","contentUrl":"https:\/\/petproducts.com.cn\/wp-content\/uploads\/2020\/02\/petstar-logo.webp","width":779,"height":520,"caption":"Petstar"},"image":{"@id":"https:\/\/petproducts.com.cn\/#\/schema\/logo\/image\/"}}]}},"_links":{"self":[{"href":"https:\/\/petproducts.com.cn\/pt\/wp-json\/wp\/v2\/product\/9113","targetHints":{"allow":["GET"]}}],"collection":[{"href":"https:\/\/petproducts.com.cn\/pt\/wp-json\/wp\/v2\/product"}],"about":[{"href":"https:\/\/petproducts.com.cn\/pt\/wp-json\/wp\/v2\/types\/product"}],"version-history":[{"count":3,"href":"https:\/\/petproducts.com.cn\/pt\/wp-json\/wp\/v2\/product\/9113\/revisions"}],"predecessor-version":[{"id":9157,"href":"https:\/\/petproducts.com.cn\/pt\/wp-json\/wp\/v2\/product\/9113\/revisions\/9157"}],"wp:featuredmedia":[{"embeddable":true,"href":"https:\/\/petproducts.com.cn\/pt\/wp-json\/wp\/v2\/media\/9123"}],"wp:attachment":[{"href":"https:\/\/petproducts.com.cn\/pt\/wp-json\/wp\/v2\/media?parent=9113"}],"wp:term":[{"taxonomy":"product_brand","embeddable":true,"href":"https:\/\/petproducts.com.cn\/pt\/wp-json\/wp\/v2\/product_brand?post=9113"},{"taxonomy":"product_cat","embeddable":true,"href":"https:\/\/petproducts.com.cn\/pt\/wp-json\/wp\/v2\/product_cat?post=9113"},{"taxonomy":"product_tag","embeddable":true,"href":"https:\/\/petproducts.com.cn\/pt\/wp-json\/wp\/v2\/product_tag?post=9113"}],"curies":[{"name":"wp","href":"https:\/\/api.w.org\/{rel}","templated":true}]}}