{"id":9151,"date":"2023-09-12T07:59:51","date_gmt":"2023-09-12T07:59:51","guid":{"rendered":"https:\/\/petproducts.com.cn\/?post_type=product&#038;p=9151"},"modified":"2023-09-22T03:03:35","modified_gmt":"2023-09-22T03:03:35","slug":"private-label-cat-scratcher-board-toy-cardboard-box","status":"publish","type":"product","link":"https:\/\/petproducts.com.cn\/pt\/product\/private-label-cat-scratcher-board-toy-cardboard-box\/","title":{"rendered":"Caixa de papel\u00e3o para brinquedos com placa arranhadora para gatos de marca pr\u00f3pria"},"content":{"rendered":"<h2>Placa de cart\u00e3o para arranhar gatos por atacado<\/h2>\n<p>Procura um arranhador para gatos personaliz\u00e1vel e amigo do ambiente que mantenha os amigos felinos entretidos durante horas? Petstar oferece por atacado Placas de Papel\u00e3o para Arranhadores de Gatos em v\u00e1rias formas e estilos, perfeitas para etiquetas privadas.<\/p>\n<p>1. materiais de cart\u00e3o ecol\u00f3gicos: Na Petstar, damos prioridade \u00e0 sustentabilidade. Nossas placas de arranhador de gato s\u00e3o feitas de papel\u00e3o ondulado de alta qualidade, que n\u00e3o \u00e9 apenas seguro para gatos, mas tamb\u00e9m ecologicamente correto. O uso de papel\u00e3o garante durabilidade e minimiza o impacto no meio ambiente.<\/p>\n<p>2. op\u00e7\u00f5es vers\u00e1teis e desenhos personalizados: Oferecemos uma vasta sele\u00e7\u00e3o de formas e estilos para as nossas t\u00e1buas de arranhar para gatos. Quer prefira um ret\u00e2ngulo simples, uma curva elegante ou uma forma divertida, como um peixe ou um rato, temos op\u00e7\u00f5es que se adequam a todas as prefer\u00eancias. Al\u00e9m disso, os nossos servi\u00e7os de personaliza\u00e7\u00e3o por atacado permitem-lhe criar os seus pr\u00f3prios designs exclusivos para satisfazer o seu p\u00fablico-alvo.<\/p>\n<p>3. dur\u00e1vel : A constru\u00e7\u00e3o em cart\u00e3o canelado das nossas t\u00e1buas de arranhar para gatos garante uma excelente durabilidade, tornando-as duradouras e adequadas mesmo para os arranhadores mais entusiastas. Os gatos podem desfrutar de intermin\u00e1veis sess\u00f5es de arranhar, mantendo as suas garras saud\u00e1veis e afiadas, sem danificar a mob\u00edlia ou os tapetes.<\/p>\n<p>4. servi\u00e7os de personaliza\u00e7\u00e3o por atacado: Petstar oferece servi\u00e7os de personaliza\u00e7\u00e3o por atacado para atender \u00e0s necessidades espec\u00edficas do seu neg\u00f3cio. Desde a sele\u00e7\u00e3o de diferentes formas e tamanhos at\u00e9 a impress\u00e3o de seus pr\u00f3prios designs, podemos ajud\u00e1-lo a criar uma linha de produtos personalizada que reflita a identidade da sua marca. Deixe-nos ajud\u00e1-lo a se destacar no mercado com nossas placas de arranhador de gato de alta qualidade.<\/p>\n<p>Escolha o Petstar como o seu parceiro de confian\u00e7a para as inovadoras e ecol\u00f3gicas T\u00e1buas de Arranhar Gatos em Cart\u00e3o. As nossas op\u00e7\u00f5es vers\u00e1teis e caixas de brinquedos de marca pr\u00f3pria proporcionam entretenimento sem fim para os gatos, permitindo-lhe criar uma presen\u00e7a de marca \u00fanica. Contacte-nos hoje para discutir oportunidades de venda por grosso e encantar os donos de gatos com t\u00e1buas de arranhar gatos personaliz\u00e1veis.<\/p>","protected":false},"excerpt":{"rendered":"<p>N\u00f3s somos um fabricante de t\u00e1bua de arranhador para gatos com mais de 20 anos de experi\u00eancia. Oferecemos op\u00e7\u00f5es de personaliza\u00e7\u00e3o para cor, tamanho, tecido, padr\u00e3o, log\u00f3tipo e outras carater\u00edsticas.<\/p>","protected":false},"featured_media":9152,"template":"","meta":{"_acf_changed":false},"product_brand":[],"product_cat":[71,81],"product_tag":[86],"class_list":{"0":"post-9151","1":"product","2":"type-product","3":"status-publish","4":"has-post-thumbnail","6":"product_cat-cat-supplies","7":"product_cat-cat-toys","8":"product_tag-cat-toys","10":"first","11":"instock","12":"shipping-taxable","13":"product-type-simple"},"acf":[],"yoast_head":"<!-- This site is optimized with the Yoast SEO plugin v27.1.1 - https:\/\/yoast.com\/product\/yoast-seo-wordpress\/ -->\n<title>Private Label Cat Scratcher Board Toy Cardboard Box - Petstar<\/title>\n<meta name=\"description\" content=\"cat scratcher board manufaturer,we have over 20 years of manufacturing experience in the pet products,more than 8,000 pet accessories in various ran\" \/>\n<meta name=\"robots\" content=\"index, follow, max-snippet:-1, max-image-preview:large, max-video-preview:-1\" \/>\n<link rel=\"canonical\" href=\"https:\/\/petproducts.com.cn\/pt\/produto\/private-label-cat-scratcher-board-toy-cardboard-box\/\" \/>\n<meta property=\"og:locale\" content=\"pt_PT\" \/>\n<meta property=\"og:type\" content=\"article\" \/>\n<meta property=\"og:title\" content=\"Private Label Cat Scratcher Board Toy Cardboard Box - Petstar\" \/>\n<meta property=\"og:description\" content=\"cat scratcher board manufaturer,we have over 20 years of manufacturing experience in the pet products,more than 8,000 pet accessories in various ran\" \/>\n<meta property=\"og:url\" content=\"https:\/\/petproducts.com.cn\/pt\/produto\/private-label-cat-scratcher-board-toy-cardboard-box\/\" \/>\n<meta property=\"og:site_name\" content=\"Petstar\" \/>\n<meta property=\"article:modified_time\" content=\"2023-09-22T03:03:35+00:00\" \/>\n<meta property=\"og:image\" content=\"https:\/\/petproducts.com.cn\/wp-content\/uploads\/2023\/09\/YT121414.webp\" \/>\n\t<meta property=\"og:image:width\" content=\"800\" \/>\n\t<meta property=\"og:image:height\" content=\"800\" \/>\n\t<meta property=\"og:image:type\" content=\"image\/webp\" \/>\n<meta name=\"twitter:card\" content=\"summary_large_image\" \/>\n<meta name=\"twitter:label1\" content=\"Tempo estimado de leitura\" \/>\n\t<meta name=\"twitter:data1\" content=\"2 minutos\" \/>\n<script type=\"application\/ld+json\" class=\"yoast-schema-graph\">{\"@context\":\"https:\/\/schema.org\",\"@graph\":[{\"@type\":\"WebPage\",\"@id\":\"https:\/\/petproducts.com.cn\/product\/private-label-cat-scratcher-board-toy-cardboard-box\/\",\"url\":\"https:\/\/petproducts.com.cn\/product\/private-label-cat-scratcher-board-toy-cardboard-box\/\",\"name\":\"Private Label Cat Scratcher Board Toy Cardboard Box - Petstar\",\"isPartOf\":{\"@id\":\"https:\/\/petproducts.com.cn\/#website\"},\"primaryImageOfPage\":{\"@id\":\"https:\/\/petproducts.com.cn\/product\/private-label-cat-scratcher-board-toy-cardboard-box\/#primaryimage\"},\"image\":{\"@id\":\"https:\/\/petproducts.com.cn\/product\/private-label-cat-scratcher-board-toy-cardboard-box\/#primaryimage\"},\"thumbnailUrl\":\"https:\/\/petproducts.com.cn\/wp-content\/uploads\/2023\/09\/YT121414.webp\",\"datePublished\":\"2023-09-12T07:59:51+00:00\",\"dateModified\":\"2023-09-22T03:03:35+00:00\",\"description\":\"cat scratcher board manufaturer,we have over 20 years of manufacturing experience in the pet products,more than 8,000 pet accessories in various ran\",\"breadcrumb\":{\"@id\":\"https:\/\/petproducts.com.cn\/product\/private-label-cat-scratcher-board-toy-cardboard-box\/#breadcrumb\"},\"inLanguage\":\"pt-PT\",\"potentialAction\":[{\"@type\":\"ReadAction\",\"target\":[\"https:\/\/petproducts.com.cn\/product\/private-label-cat-scratcher-board-toy-cardboard-box\/\"]}]},{\"@type\":\"ImageObject\",\"inLanguage\":\"pt-PT\",\"@id\":\"https:\/\/petproducts.com.cn\/product\/private-label-cat-scratcher-board-toy-cardboard-box\/#primaryimage\",\"url\":\"https:\/\/petproducts.com.cn\/wp-content\/uploads\/2023\/09\/YT121414.webp\",\"contentUrl\":\"https:\/\/petproducts.com.cn\/wp-content\/uploads\/2023\/09\/YT121414.webp\",\"width\":800,\"height\":800,\"caption\":\"cat scratcher board\"},{\"@type\":\"BreadcrumbList\",\"@id\":\"https:\/\/petproducts.com.cn\/product\/private-label-cat-scratcher-board-toy-cardboard-box\/#breadcrumb\",\"itemListElement\":[{\"@type\":\"ListItem\",\"position\":1,\"name\":\"HOME\",\"item\":\"https:\/\/petproducts.com.cn\/\"},{\"@type\":\"ListItem\",\"position\":2,\"name\":\"Products\",\"item\":\"https:\/\/petproducts.com.cn\/shop\/\"},{\"@type\":\"ListItem\",\"position\":3,\"name\":\"Cat Supplies\",\"item\":\"https:\/\/petproducts.com.cn\/product-category\/cat-supplies\/\"},{\"@type\":\"ListItem\",\"position\":4,\"name\":\"Private Label Cat Scratcher Board Toy Cardboard Box\"}]},{\"@type\":\"WebSite\",\"@id\":\"https:\/\/petproducts.com.cn\/#website\",\"url\":\"https:\/\/petproducts.com.cn\/\",\"name\":\"Petstar\",\"description\":\"Leading Pet Supplies Manufacturer &amp; OEM Pet Products Supplier\",\"publisher\":{\"@id\":\"https:\/\/petproducts.com.cn\/#organization\"},\"alternateName\":\"Petstar Pet Supplies\",\"potentialAction\":[{\"@type\":\"SearchAction\",\"target\":{\"@type\":\"EntryPoint\",\"urlTemplate\":\"https:\/\/petproducts.com.cn\/?s={search_term_string}\"},\"query-input\":{\"@type\":\"PropertyValueSpecification\",\"valueRequired\":true,\"valueName\":\"search_term_string\"}}],\"inLanguage\":\"pt-PT\"},{\"@type\":\"Organization\",\"@id\":\"https:\/\/petproducts.com.cn\/#organization\",\"name\":\"Petstar\",\"url\":\"https:\/\/petproducts.com.cn\/\",\"logo\":{\"@type\":\"ImageObject\",\"inLanguage\":\"pt-PT\",\"@id\":\"https:\/\/petproducts.com.cn\/#\/schema\/logo\/image\/\",\"url\":\"https:\/\/petproducts.com.cn\/wp-content\/uploads\/2020\/02\/petstar-logo.webp\",\"contentUrl\":\"https:\/\/petproducts.com.cn\/wp-content\/uploads\/2020\/02\/petstar-logo.webp\",\"width\":779,\"height\":520,\"caption\":\"Petstar\"},\"image\":{\"@id\":\"https:\/\/petproducts.com.cn\/#\/schema\/logo\/image\/\"}}]}<\/script>\n<!-- \/ Yoast SEO plugin. -->","yoast_head_json":{"title":"Caixa de cart\u00e3o para arranhador de gatos de marca pr\u00f3pria - Petstar","description":"Fabricante de t\u00e1buas de arranhadores para gatos, temos mais de 20 anos de experi\u00eancia no fabrico de produtos para animais de estima\u00e7\u00e3o, mais de 8.000 acess\u00f3rios para animais de estima\u00e7\u00e3o em v\u00e1rias","robots":{"index":"index","follow":"follow","max-snippet":"max-snippet:-1","max-image-preview":"max-image-preview:large","max-video-preview":"max-video-preview:-1"},"canonical":"https:\/\/petproducts.com.cn\/pt\/produto\/private-label-cat-scratcher-board-toy-cardboard-box\/","og_locale":"pt_PT","og_type":"article","og_title":"Private Label Cat Scratcher Board Toy Cardboard Box - Petstar","og_description":"cat scratcher board manufaturer,we have over 20 years of manufacturing experience in the pet products,more than 8,000 pet accessories in various ran","og_url":"https:\/\/petproducts.com.cn\/pt\/produto\/private-label-cat-scratcher-board-toy-cardboard-box\/","og_site_name":"Petstar","article_modified_time":"2023-09-22T03:03:35+00:00","og_image":[{"width":800,"height":800,"url":"https:\/\/petproducts.com.cn\/wp-content\/uploads\/2023\/09\/YT121414.webp","type":"image\/webp"}],"twitter_card":"summary_large_image","twitter_misc":{"Tempo estimado de leitura":"2 minutos"},"schema":{"@context":"https:\/\/schema.org","@graph":[{"@type":"WebPage","@id":"https:\/\/petproducts.com.cn\/product\/private-label-cat-scratcher-board-toy-cardboard-box\/","url":"https:\/\/petproducts.com.cn\/product\/private-label-cat-scratcher-board-toy-cardboard-box\/","name":"Caixa de cart\u00e3o para arranhador de gatos de marca pr\u00f3pria - Petstar","isPartOf":{"@id":"https:\/\/petproducts.com.cn\/#website"},"primaryImageOfPage":{"@id":"https:\/\/petproducts.com.cn\/product\/private-label-cat-scratcher-board-toy-cardboard-box\/#primaryimage"},"image":{"@id":"https:\/\/petproducts.com.cn\/product\/private-label-cat-scratcher-board-toy-cardboard-box\/#primaryimage"},"thumbnailUrl":"https:\/\/petproducts.com.cn\/wp-content\/uploads\/2023\/09\/YT121414.webp","datePublished":"2023-09-12T07:59:51+00:00","dateModified":"2023-09-22T03:03:35+00:00","description":"Fabricante de t\u00e1buas de arranhadores para gatos, temos mais de 20 anos de experi\u00eancia no fabrico de produtos para animais de estima\u00e7\u00e3o, mais de 8.000 acess\u00f3rios para animais de estima\u00e7\u00e3o em v\u00e1rias","breadcrumb":{"@id":"https:\/\/petproducts.com.cn\/product\/private-label-cat-scratcher-board-toy-cardboard-box\/#breadcrumb"},"inLanguage":"pt-PT","potentialAction":[{"@type":"ReadAction","target":["https:\/\/petproducts.com.cn\/product\/private-label-cat-scratcher-board-toy-cardboard-box\/"]}]},{"@type":"ImageObject","inLanguage":"pt-PT","@id":"https:\/\/petproducts.com.cn\/product\/private-label-cat-scratcher-board-toy-cardboard-box\/#primaryimage","url":"https:\/\/petproducts.com.cn\/wp-content\/uploads\/2023\/09\/YT121414.webp","contentUrl":"https:\/\/petproducts.com.cn\/wp-content\/uploads\/2023\/09\/YT121414.webp","width":800,"height":800,"caption":"cat scratcher board"},{"@type":"BreadcrumbList","@id":"https:\/\/petproducts.com.cn\/product\/private-label-cat-scratcher-board-toy-cardboard-box\/#breadcrumb","itemListElement":[{"@type":"ListItem","position":1,"name":"HOME","item":"https:\/\/petproducts.com.cn\/"},{"@type":"ListItem","position":2,"name":"Products","item":"https:\/\/petproducts.com.cn\/shop\/"},{"@type":"ListItem","position":3,"name":"Cat Supplies","item":"https:\/\/petproducts.com.cn\/product-category\/cat-supplies\/"},{"@type":"ListItem","position":4,"name":"Private Label Cat Scratcher Board Toy Cardboard Box"}]},{"@type":"WebSite","@id":"https:\/\/petproducts.com.cn\/#website","url":"https:\/\/petproducts.com.cn\/","name":"Petstar","description":"Fabricante l\u00edder de artigos para animais de estima\u00e7\u00e3o e fornecedor de produtos OEM para animais de estima\u00e7\u00e3o","publisher":{"@id":"https:\/\/petproducts.com.cn\/#organization"},"alternateName":"Petstar Pet Supplies","potentialAction":[{"@type":"SearchAction","target":{"@type":"EntryPoint","urlTemplate":"https:\/\/petproducts.com.cn\/?s={search_term_string}"},"query-input":{"@type":"PropertyValueSpecification","valueRequired":true,"valueName":"search_term_string"}}],"inLanguage":"pt-PT"},{"@type":"Organization","@id":"https:\/\/petproducts.com.cn\/#organization","name":"Petstar","url":"https:\/\/petproducts.com.cn\/","logo":{"@type":"ImageObject","inLanguage":"pt-PT","@id":"https:\/\/petproducts.com.cn\/#\/schema\/logo\/image\/","url":"https:\/\/petproducts.com.cn\/wp-content\/uploads\/2020\/02\/petstar-logo.webp","contentUrl":"https:\/\/petproducts.com.cn\/wp-content\/uploads\/2020\/02\/petstar-logo.webp","width":779,"height":520,"caption":"Petstar"},"image":{"@id":"https:\/\/petproducts.com.cn\/#\/schema\/logo\/image\/"}}]}},"_links":{"self":[{"href":"https:\/\/petproducts.com.cn\/pt\/wp-json\/wp\/v2\/product\/9151","targetHints":{"allow":["GET"]}}],"collection":[{"href":"https:\/\/petproducts.com.cn\/pt\/wp-json\/wp\/v2\/product"}],"about":[{"href":"https:\/\/petproducts.com.cn\/pt\/wp-json\/wp\/v2\/types\/product"}],"version-history":[{"count":2,"href":"https:\/\/petproducts.com.cn\/pt\/wp-json\/wp\/v2\/product\/9151\/revisions"}],"predecessor-version":[{"id":11788,"href":"https:\/\/petproducts.com.cn\/pt\/wp-json\/wp\/v2\/product\/9151\/revisions\/11788"}],"wp:featuredmedia":[{"embeddable":true,"href":"https:\/\/petproducts.com.cn\/pt\/wp-json\/wp\/v2\/media\/9152"}],"wp:attachment":[{"href":"https:\/\/petproducts.com.cn\/pt\/wp-json\/wp\/v2\/media?parent=9151"}],"wp:term":[{"taxonomy":"product_brand","embeddable":true,"href":"https:\/\/petproducts.com.cn\/pt\/wp-json\/wp\/v2\/product_brand?post=9151"},{"taxonomy":"product_cat","embeddable":true,"href":"https:\/\/petproducts.com.cn\/pt\/wp-json\/wp\/v2\/product_cat?post=9151"},{"taxonomy":"product_tag","embeddable":true,"href":"https:\/\/petproducts.com.cn\/pt\/wp-json\/wp\/v2\/product_tag?post=9151"}],"curies":[{"name":"wp","href":"https:\/\/api.w.org\/{rel}","templated":true}]}}