{"id":9378,"date":"2023-09-13T06:34:50","date_gmt":"2023-09-13T06:34:50","guid":{"rendered":"https:\/\/petproducts.com.cn\/?post_type=product&#038;p=9378"},"modified":"2023-09-22T02:21:48","modified_gmt":"2023-09-22T02:21:48","slug":"wholesale-pet-tug-of-war-toy-tpr-and-rope-durable-chew-toy","status":"publish","type":"product","link":"https:\/\/petproducts.com.cn\/pt\/product\/wholesale-pet-tug-of-war-toy-tpr-and-rope-durable-chew-toy\/","title":{"rendered":"Brinquedo para mastigar dur\u00e1vel com corda e Tpr para animais de estima\u00e7\u00e3o"},"content":{"rendered":"<h2>Brinquedo de cabo de guerra para animais de estima\u00e7\u00e3o - por atacado<\/h2>\n<h2>Brinquedo para mastigar dur\u00e1vel em TPR e corda<\/h2>\n<p>Procura um brinquedo dur\u00e1vel e envolvente para animais de estima\u00e7\u00e3o que promova o jogo interativo e satisfa\u00e7a os instintos de mastiga\u00e7\u00e3o do seu amigo peludo? Petstar oferece por atacado Pet Tug of War Toy, com uma combina\u00e7\u00e3o de material TPR dur\u00e1vel e corda. Com nossos servi\u00e7os de personaliza\u00e7\u00e3o por atacado, voc\u00ea pode criar designs personalizados para atender \u00e0s necessidades de seus clientes e mostrar sua marca.<\/p>\n<h3>Nossa vantagem\uff1a<\/h3>\n<p>1. constru\u00e7\u00e3o dur\u00e1vel de TPR e corda: Na Petstar, damos prioridade \u00e0 qualidade e seguran\u00e7a dos nossos produtos. Os nossos brinquedos para mastigar s\u00e3o feitos de material TPR (borracha termopl\u00e1stica) resistente, combinado com uma corda robusta. Esta combina\u00e7\u00e3o cria um brinquedo dur\u00e1vel que pode suportar brincadeiras e mastiga\u00e7\u00e3o rigorosas, garantindo um entretenimento duradouro para os animais de estima\u00e7\u00e3o.<\/p>\n<p>2. promover o jogo interativo: Os nossos brinquedos de mastigar para animais de estima\u00e7\u00e3o s\u00e3o concebidos para incentivar sess\u00f5es de jogo interactivas entre os animais de estima\u00e7\u00e3o e os seus donos. O design do cabo de guerra permite batalhas de for\u00e7a agrad\u00e1veis e proporciona uma oportunidade para os animais de estima\u00e7\u00e3o se envolverem em atividade f\u00edsica. Reforce a liga\u00e7\u00e3o com o seu amigo peludo atrav\u00e9s de brincadeiras interactivas.<\/p>\n<p>3. mastig\u00e1vel e seguro: Os c\u00e3es t\u00eam um instinto natural para mastigar, e os nossos brinquedos Pet Tug of War satisfazem esta necessidade, garantindo a seguran\u00e7a. O material TPR e a textura da corda s\u00e3o suaves para os dentes e gengivas dos c\u00e3es, tornando-os adequados para sess\u00f5es de mastiga\u00e7\u00e3o prolongadas. Proporcione uma experi\u00eancia de mastiga\u00e7\u00e3o segura e satisfat\u00f3ria aos animais de estima\u00e7\u00e3o com os nossos brinquedos dur\u00e1veis e mastig\u00e1veis.<\/p>\n<p>4. op\u00e7\u00f5es personaliz\u00e1veis: Entendemos a import\u00e2ncia da marca e da personaliza\u00e7\u00e3o. Com nossos servi\u00e7os de personaliza\u00e7\u00e3o por atacado, voc\u00ea pode criar brinquedos de cabo de guerra para animais de estima\u00e7\u00e3o que se alinham com a imagem da sua marca. Quer pretenda adicionar o seu log\u00f3tipo, escolher cores espec\u00edficas ou incorporar padr\u00f5es \u00fanicos, podemos ajud\u00e1-lo a criar uma linha de produtos personalizada \u00e0 medida da sua marca.<\/p>\n<p>Escolha Petstar como seu parceiro de confian\u00e7a para brinquedos de cabo de guerra para animais de estima\u00e7\u00e3o por atacado. Os nossos brinquedos de corda e TPR dur\u00e1veis e envolventes proporcionam entretenimento sem fim para os animais de estima\u00e7\u00e3o, permitindo-lhe criar uma presen\u00e7a de marca \u00fanica. Contacte-nos hoje para discutir oportunidades de atacado e oferecer aos seus clientes brinquedos personalizados de primeira linha para animais de estima\u00e7\u00e3o.<\/p>\n<p>&nbsp;<\/p>","protected":false},"excerpt":{"rendered":"<p>N\u00f3s somos um fabricante de produtos de brinquedos de guerra para animais de estima\u00e7\u00e3o com mais de 20 anos de experi\u00eancia. Oferecemos op\u00e7\u00f5es de personaliza\u00e7\u00e3o para cor, tamanho, tecido, padr\u00e3o, log\u00f3tipo e outras carater\u00edsticas.<\/p>","protected":false},"featured_media":9380,"template":"","meta":{"_acf_changed":false},"product_brand":[],"product_cat":[72,48],"product_tag":[85],"class_list":{"0":"post-9378","1":"product","2":"type-product","3":"status-publish","4":"has-post-thumbnail","6":"product_cat-dog-supplies","7":"product_cat-dog-toys","8":"product_tag-dog-toys","10":"first","11":"instock","12":"shipping-taxable","13":"product-type-simple"},"acf":[],"yoast_head":"<!-- This site is optimized with the Yoast SEO plugin v27.1.1 - https:\/\/yoast.com\/product\/yoast-seo-wordpress\/ -->\n<title>Wholesale Pet Tug Of War Toy Tpr And Rope Durable Chew Toy - Petstar<\/title>\n<meta name=\"description\" content=\"pet tug of war toy manufaturer,we have over 20 years of manufacturing experience in the pet products,more than 8,000 pet accessories in various range\" \/>\n<meta name=\"robots\" content=\"index, follow, max-snippet:-1, max-image-preview:large, max-video-preview:-1\" \/>\n<link rel=\"canonical\" href=\"https:\/\/petproducts.com.cn\/pt\/produto\/wholesale-pet-tug-of-war-toy-tpr-and-rope-durable-chew-toy\/\" \/>\n<meta property=\"og:locale\" content=\"pt_PT\" \/>\n<meta property=\"og:type\" content=\"article\" \/>\n<meta property=\"og:title\" content=\"Wholesale Pet Tug Of War Toy Tpr And Rope Durable Chew Toy - Petstar\" \/>\n<meta property=\"og:description\" content=\"pet tug of war toy manufaturer,we have over 20 years of manufacturing experience in the pet products,more than 8,000 pet accessories in various range\" \/>\n<meta property=\"og:url\" content=\"https:\/\/petproducts.com.cn\/pt\/produto\/wholesale-pet-tug-of-war-toy-tpr-and-rope-durable-chew-toy\/\" \/>\n<meta property=\"og:site_name\" content=\"Petstar\" \/>\n<meta property=\"article:modified_time\" content=\"2023-09-22T02:21:48+00:00\" \/>\n<meta property=\"og:image\" content=\"https:\/\/petproducts.com.cn\/wp-content\/uploads\/2023\/09\/YT124491.webp\" \/>\n\t<meta property=\"og:image:width\" content=\"800\" \/>\n\t<meta property=\"og:image:height\" content=\"800\" \/>\n\t<meta property=\"og:image:type\" content=\"image\/webp\" \/>\n<meta name=\"twitter:card\" content=\"summary_large_image\" \/>\n<meta name=\"twitter:label1\" content=\"Tempo estimado de leitura\" \/>\n\t<meta name=\"twitter:data1\" content=\"2 minutos\" \/>\n<script type=\"application\/ld+json\" class=\"yoast-schema-graph\">{\"@context\":\"https:\/\/schema.org\",\"@graph\":[{\"@type\":\"WebPage\",\"@id\":\"https:\/\/petproducts.com.cn\/product\/wholesale-pet-tug-of-war-toy-tpr-and-rope-durable-chew-toy\/\",\"url\":\"https:\/\/petproducts.com.cn\/product\/wholesale-pet-tug-of-war-toy-tpr-and-rope-durable-chew-toy\/\",\"name\":\"Wholesale Pet Tug Of War Toy Tpr And Rope Durable Chew Toy - Petstar\",\"isPartOf\":{\"@id\":\"https:\/\/petproducts.com.cn\/#website\"},\"primaryImageOfPage\":{\"@id\":\"https:\/\/petproducts.com.cn\/product\/wholesale-pet-tug-of-war-toy-tpr-and-rope-durable-chew-toy\/#primaryimage\"},\"image\":{\"@id\":\"https:\/\/petproducts.com.cn\/product\/wholesale-pet-tug-of-war-toy-tpr-and-rope-durable-chew-toy\/#primaryimage\"},\"thumbnailUrl\":\"https:\/\/petproducts.com.cn\/wp-content\/uploads\/2023\/09\/YT124491.webp\",\"datePublished\":\"2023-09-13T06:34:50+00:00\",\"dateModified\":\"2023-09-22T02:21:48+00:00\",\"description\":\"pet tug of war toy manufaturer,we have over 20 years of manufacturing experience in the pet products,more than 8,000 pet accessories in various range\",\"breadcrumb\":{\"@id\":\"https:\/\/petproducts.com.cn\/product\/wholesale-pet-tug-of-war-toy-tpr-and-rope-durable-chew-toy\/#breadcrumb\"},\"inLanguage\":\"pt-PT\",\"potentialAction\":[{\"@type\":\"ReadAction\",\"target\":[\"https:\/\/petproducts.com.cn\/product\/wholesale-pet-tug-of-war-toy-tpr-and-rope-durable-chew-toy\/\"]}]},{\"@type\":\"ImageObject\",\"inLanguage\":\"pt-PT\",\"@id\":\"https:\/\/petproducts.com.cn\/product\/wholesale-pet-tug-of-war-toy-tpr-and-rope-durable-chew-toy\/#primaryimage\",\"url\":\"https:\/\/petproducts.com.cn\/wp-content\/uploads\/2023\/09\/YT124491.webp\",\"contentUrl\":\"https:\/\/petproducts.com.cn\/wp-content\/uploads\/2023\/09\/YT124491.webp\",\"width\":800,\"height\":800,\"caption\":\"pet tug of war toy\"},{\"@type\":\"BreadcrumbList\",\"@id\":\"https:\/\/petproducts.com.cn\/product\/wholesale-pet-tug-of-war-toy-tpr-and-rope-durable-chew-toy\/#breadcrumb\",\"itemListElement\":[{\"@type\":\"ListItem\",\"position\":1,\"name\":\"HOME\",\"item\":\"https:\/\/petproducts.com.cn\/\"},{\"@type\":\"ListItem\",\"position\":2,\"name\":\"Products\",\"item\":\"https:\/\/petproducts.com.cn\/shop\/\"},{\"@type\":\"ListItem\",\"position\":3,\"name\":\"Dog Toys\",\"item\":\"https:\/\/petproducts.com.cn\/product-category\/dog-toys\/\"},{\"@type\":\"ListItem\",\"position\":4,\"name\":\"Wholesale Pet Tug Of War Toy Tpr And Rope Durable Chew Toy\"}]},{\"@type\":\"WebSite\",\"@id\":\"https:\/\/petproducts.com.cn\/#website\",\"url\":\"https:\/\/petproducts.com.cn\/\",\"name\":\"Petstar\",\"description\":\"Leading Pet Supplies Manufacturer &amp; OEM Pet Products Supplier\",\"publisher\":{\"@id\":\"https:\/\/petproducts.com.cn\/#organization\"},\"alternateName\":\"Petstar Pet Supplies\",\"potentialAction\":[{\"@type\":\"SearchAction\",\"target\":{\"@type\":\"EntryPoint\",\"urlTemplate\":\"https:\/\/petproducts.com.cn\/?s={search_term_string}\"},\"query-input\":{\"@type\":\"PropertyValueSpecification\",\"valueRequired\":true,\"valueName\":\"search_term_string\"}}],\"inLanguage\":\"pt-PT\"},{\"@type\":\"Organization\",\"@id\":\"https:\/\/petproducts.com.cn\/#organization\",\"name\":\"Petstar\",\"url\":\"https:\/\/petproducts.com.cn\/\",\"logo\":{\"@type\":\"ImageObject\",\"inLanguage\":\"pt-PT\",\"@id\":\"https:\/\/petproducts.com.cn\/#\/schema\/logo\/image\/\",\"url\":\"https:\/\/petproducts.com.cn\/wp-content\/uploads\/2020\/02\/petstar-logo.webp\",\"contentUrl\":\"https:\/\/petproducts.com.cn\/wp-content\/uploads\/2020\/02\/petstar-logo.webp\",\"width\":779,\"height\":520,\"caption\":\"Petstar\"},\"image\":{\"@id\":\"https:\/\/petproducts.com.cn\/#\/schema\/logo\/image\/\"}}]}<\/script>\n<!-- \/ Yoast SEO plugin. -->","yoast_head_json":{"title":"Brinquedo para mastigar dur\u00e1vel com corda e cabo para animais de estima\u00e7\u00e3o - Petstar","description":"fabricante de brinquedos para animais de estima\u00e7\u00e3o, temos mais de 20 anos de experi\u00eancia no fabrico de produtos para animais de estima\u00e7\u00e3o, mais de 8.000 acess\u00f3rios para animais de estima\u00e7\u00e3o em v\u00e1rias gamas","robots":{"index":"index","follow":"follow","max-snippet":"max-snippet:-1","max-image-preview":"max-image-preview:large","max-video-preview":"max-video-preview:-1"},"canonical":"https:\/\/petproducts.com.cn\/pt\/produto\/wholesale-pet-tug-of-war-toy-tpr-and-rope-durable-chew-toy\/","og_locale":"pt_PT","og_type":"article","og_title":"Wholesale Pet Tug Of War Toy Tpr And Rope Durable Chew Toy - Petstar","og_description":"pet tug of war toy manufaturer,we have over 20 years of manufacturing experience in the pet products,more than 8,000 pet accessories in various range","og_url":"https:\/\/petproducts.com.cn\/pt\/produto\/wholesale-pet-tug-of-war-toy-tpr-and-rope-durable-chew-toy\/","og_site_name":"Petstar","article_modified_time":"2023-09-22T02:21:48+00:00","og_image":[{"width":800,"height":800,"url":"https:\/\/petproducts.com.cn\/wp-content\/uploads\/2023\/09\/YT124491.webp","type":"image\/webp"}],"twitter_card":"summary_large_image","twitter_misc":{"Tempo estimado de leitura":"2 minutos"},"schema":{"@context":"https:\/\/schema.org","@graph":[{"@type":"WebPage","@id":"https:\/\/petproducts.com.cn\/product\/wholesale-pet-tug-of-war-toy-tpr-and-rope-durable-chew-toy\/","url":"https:\/\/petproducts.com.cn\/product\/wholesale-pet-tug-of-war-toy-tpr-and-rope-durable-chew-toy\/","name":"Brinquedo para mastigar dur\u00e1vel com corda e cabo para animais de estima\u00e7\u00e3o - Petstar","isPartOf":{"@id":"https:\/\/petproducts.com.cn\/#website"},"primaryImageOfPage":{"@id":"https:\/\/petproducts.com.cn\/product\/wholesale-pet-tug-of-war-toy-tpr-and-rope-durable-chew-toy\/#primaryimage"},"image":{"@id":"https:\/\/petproducts.com.cn\/product\/wholesale-pet-tug-of-war-toy-tpr-and-rope-durable-chew-toy\/#primaryimage"},"thumbnailUrl":"https:\/\/petproducts.com.cn\/wp-content\/uploads\/2023\/09\/YT124491.webp","datePublished":"2023-09-13T06:34:50+00:00","dateModified":"2023-09-22T02:21:48+00:00","description":"fabricante de brinquedos para animais de estima\u00e7\u00e3o, temos mais de 20 anos de experi\u00eancia no fabrico de produtos para animais de estima\u00e7\u00e3o, mais de 8.000 acess\u00f3rios para animais de estima\u00e7\u00e3o em v\u00e1rias gamas","breadcrumb":{"@id":"https:\/\/petproducts.com.cn\/product\/wholesale-pet-tug-of-war-toy-tpr-and-rope-durable-chew-toy\/#breadcrumb"},"inLanguage":"pt-PT","potentialAction":[{"@type":"ReadAction","target":["https:\/\/petproducts.com.cn\/product\/wholesale-pet-tug-of-war-toy-tpr-and-rope-durable-chew-toy\/"]}]},{"@type":"ImageObject","inLanguage":"pt-PT","@id":"https:\/\/petproducts.com.cn\/product\/wholesale-pet-tug-of-war-toy-tpr-and-rope-durable-chew-toy\/#primaryimage","url":"https:\/\/petproducts.com.cn\/wp-content\/uploads\/2023\/09\/YT124491.webp","contentUrl":"https:\/\/petproducts.com.cn\/wp-content\/uploads\/2023\/09\/YT124491.webp","width":800,"height":800,"caption":"pet tug of war toy"},{"@type":"BreadcrumbList","@id":"https:\/\/petproducts.com.cn\/product\/wholesale-pet-tug-of-war-toy-tpr-and-rope-durable-chew-toy\/#breadcrumb","itemListElement":[{"@type":"ListItem","position":1,"name":"HOME","item":"https:\/\/petproducts.com.cn\/"},{"@type":"ListItem","position":2,"name":"Products","item":"https:\/\/petproducts.com.cn\/shop\/"},{"@type":"ListItem","position":3,"name":"Dog Toys","item":"https:\/\/petproducts.com.cn\/product-category\/dog-toys\/"},{"@type":"ListItem","position":4,"name":"Wholesale Pet Tug Of War Toy Tpr And Rope Durable Chew Toy"}]},{"@type":"WebSite","@id":"https:\/\/petproducts.com.cn\/#website","url":"https:\/\/petproducts.com.cn\/","name":"Petstar","description":"Fabricante l\u00edder de artigos para animais de estima\u00e7\u00e3o e fornecedor de produtos OEM para animais de estima\u00e7\u00e3o","publisher":{"@id":"https:\/\/petproducts.com.cn\/#organization"},"alternateName":"Petstar Pet Supplies","potentialAction":[{"@type":"SearchAction","target":{"@type":"EntryPoint","urlTemplate":"https:\/\/petproducts.com.cn\/?s={search_term_string}"},"query-input":{"@type":"PropertyValueSpecification","valueRequired":true,"valueName":"search_term_string"}}],"inLanguage":"pt-PT"},{"@type":"Organization","@id":"https:\/\/petproducts.com.cn\/#organization","name":"Petstar","url":"https:\/\/petproducts.com.cn\/","logo":{"@type":"ImageObject","inLanguage":"pt-PT","@id":"https:\/\/petproducts.com.cn\/#\/schema\/logo\/image\/","url":"https:\/\/petproducts.com.cn\/wp-content\/uploads\/2020\/02\/petstar-logo.webp","contentUrl":"https:\/\/petproducts.com.cn\/wp-content\/uploads\/2020\/02\/petstar-logo.webp","width":779,"height":520,"caption":"Petstar"},"image":{"@id":"https:\/\/petproducts.com.cn\/#\/schema\/logo\/image\/"}}]}},"_links":{"self":[{"href":"https:\/\/petproducts.com.cn\/pt\/wp-json\/wp\/v2\/product\/9378","targetHints":{"allow":["GET"]}}],"collection":[{"href":"https:\/\/petproducts.com.cn\/pt\/wp-json\/wp\/v2\/product"}],"about":[{"href":"https:\/\/petproducts.com.cn\/pt\/wp-json\/wp\/v2\/types\/product"}],"version-history":[{"count":2,"href":"https:\/\/petproducts.com.cn\/pt\/wp-json\/wp\/v2\/product\/9378\/revisions"}],"predecessor-version":[{"id":11746,"href":"https:\/\/petproducts.com.cn\/pt\/wp-json\/wp\/v2\/product\/9378\/revisions\/11746"}],"wp:featuredmedia":[{"embeddable":true,"href":"https:\/\/petproducts.com.cn\/pt\/wp-json\/wp\/v2\/media\/9380"}],"wp:attachment":[{"href":"https:\/\/petproducts.com.cn\/pt\/wp-json\/wp\/v2\/media?parent=9378"}],"wp:term":[{"taxonomy":"product_brand","embeddable":true,"href":"https:\/\/petproducts.com.cn\/pt\/wp-json\/wp\/v2\/product_brand?post=9378"},{"taxonomy":"product_cat","embeddable":true,"href":"https:\/\/petproducts.com.cn\/pt\/wp-json\/wp\/v2\/product_cat?post=9378"},{"taxonomy":"product_tag","embeddable":true,"href":"https:\/\/petproducts.com.cn\/pt\/wp-json\/wp\/v2\/product_tag?post=9378"}],"curies":[{"name":"wp","href":"https:\/\/api.w.org\/{rel}","templated":true}]}}