{"id":9701,"date":"2023-09-14T07:19:40","date_gmt":"2023-09-14T07:19:40","guid":{"rendered":"https:\/\/petproducts.com.cn\/?post_type=product&#038;p=9701"},"modified":"2024-08-13T02:35:42","modified_gmt":"2024-08-13T02:35:42","slug":"electronic-mouse-cat-toy-with-app-remote-control","status":"publish","type":"product","link":"https:\/\/petproducts.com.cn\/pt\/product\/electronic-mouse-cat-toy-with-app-remote-control\/","title":{"rendered":"Brinquedo eletr\u00f4nico para gato e rato com controle remoto por aplicativo"},"content":{"rendered":"<p><iframe title=\"rato eletr\u00f3nico para gatos com controlo remoto APP\" width=\"800\" height=\"450\" src=\"https:\/\/www.youtube.com\/embed\/RpBY5fVt-5w?feature=oembed\" frameborder=\"0\" allow=\"accelerometer; autoplay; clipboard-write; encrypted-media; gyroscope; picture-in-picture; web-share\" referrerpolicy=\"strict-origin-when-cross-origin\" allowfullscreen><\/iframe><\/p>\n<h2>Carater\u00edsticas do brinquedo eletr\u00f3nico para gatos Mouse<\/h2>\n<p><strong>1. constru\u00e7\u00e3o robusta:<\/strong> O brinquedo eletr\u00f3nico do rato para gatos tem uma constru\u00e7\u00e3o robusta com um corpo fabricado em pl\u00e1stico ABS de alta qualidade. Isto garante n\u00e3o s\u00f3 a longevidade, mas tamb\u00e9m a resist\u00eancia ao desgaste das brincadeiras entusi\u00e1sticas dos gatos. As orelhas e a cauda foram cuidadosamente concebidas com PVC dur\u00e1vel, o que as torna capazes de suportar at\u00e9 as intera\u00e7\u00f5es felinas mais divertidas.<\/p>\n<p><strong>2. recarga sem esfor\u00e7o:<\/strong> Diga adeus ao inc\u00f3modo de substituir constantemente as pilhas. Este brinquedo inovador pode ser recarregado sem esfor\u00e7o atrav\u00e9s de uma pr\u00e1tica liga\u00e7\u00e3o USB, o que o torna uma escolha ecol\u00f3gica e econ\u00f3mica. Diga adeus ao inc\u00f3modo de comprar e deitar fora as pilhas.<\/p>\n<p><strong>3. tempo de jogo alargado:<\/strong> Com apenas um carregamento r\u00e1pido de 90 minutos, o seu querido gato pode desfrutar de uma hora inteira de brincadeira cativante. Este tempo de brincadeira prolongado n\u00e3o s\u00f3 mant\u00e9m o seu amigo felino entretido, como tamb\u00e9m promove a atividade f\u00edsica e a estimula\u00e7\u00e3o mental. \u00c9 a forma ideal de garantir que o seu gato se mant\u00e9m feliz e empenhado.<\/p>\n<p><strong>4. indicador de carregamento inteligente:<\/strong> O nosso design inteligente inclui um indicador visual para o manter informado sobre o estado do carregamento. Uma luz vermelha vibrante significa que o brinquedo est\u00e1 totalmente carregado, enquanto uma luz azul calmante indica que est\u00e1 a carregar ativamente. Esta carater\u00edstica garante que est\u00e1 sempre preparado para brincar e elimina qualquer adivinha\u00e7\u00e3o.<\/p>\n<p><strong>5. experi\u00eancia de jogo personaliz\u00e1vel:<\/strong> Aumente ainda mais o prazer do seu gato adicionando erva-dos-gatos ao dispositivo. Muitos gatos s\u00e3o naturalmente atra\u00eddos pela erva-dos-gatos, tornando o tempo de brincadeira ainda mais aliciante e divertido para o seu companheiro peludo.<\/p>\n<p>Para mais eletr\u00f3nica para animais de estima\u00e7\u00e3o, por favor <a href=\"https:\/\/petproducts.com.cn\/pt\/eletronicos-para-animais-de-estimacao\/\"><span style=\"color: #ff0000;\">clique aqui!<\/span><\/a><\/p>\n<p>&nbsp;<\/p>\n<p><img fetchpriority=\"high\" decoding=\"async\" class=\"alignnone wp-image-9717 size-full\" src=\"https:\/\/petproducts.com.cn\/wp-content\/uploads\/2023\/09\/petstar-electronic-mouse-cat-toy-scaled.webp\" alt=\"\" width=\"2560\" height=\"1747\" srcset=\"https:\/\/petproducts.com.cn\/wp-content\/uploads\/2023\/09\/petstar-electronic-mouse-cat-toy-scaled.webp 2560w, https:\/\/petproducts.com.cn\/wp-content\/uploads\/2023\/09\/petstar-electronic-mouse-cat-toy-300x205.webp 300w, https:\/\/petproducts.com.cn\/wp-content\/uploads\/2023\/09\/petstar-electronic-mouse-cat-toy-1024x699.webp 1024w, https:\/\/petproducts.com.cn\/wp-content\/uploads\/2023\/09\/petstar-electronic-mouse-cat-toy-768x524.webp 768w, https:\/\/petproducts.com.cn\/wp-content\/uploads\/2023\/09\/petstar-electronic-mouse-cat-toy-1536x1048.webp 1536w, https:\/\/petproducts.com.cn\/wp-content\/uploads\/2023\/09\/petstar-electronic-mouse-cat-toy-2048x1398.webp 2048w, https:\/\/petproducts.com.cn\/wp-content\/uploads\/2023\/09\/petstar-electronic-mouse-cat-toy-600x410.webp 600w\" sizes=\"(max-width: 2560px) 100vw, 2560px\" \/><\/p>","protected":false},"excerpt":{"rendered":"<p>N\u00f3s somos um fabricante de brinquedos electr\u00f3nicos para animais de estima\u00e7\u00e3o com mais de 20 anos de experi\u00eancia. Oferecemos op\u00e7\u00f5es de personaliza\u00e7\u00e3o para cor, tamanho, tecido, padr\u00e3o, log\u00f3tipo e outras carater\u00edsticas.<\/p>","protected":false},"featured_media":9704,"template":"","meta":{"_acf_changed":false},"product_brand":[],"product_cat":[71,81,73,103],"product_tag":[182,205,89,181],"class_list":{"0":"post-9701","1":"product","2":"type-product","3":"status-publish","4":"has-post-thumbnail","6":"product_cat-cat-supplies","7":"product_cat-cat-toys","8":"product_cat-pet-electronics","9":"product_cat-toys","10":"product_tag-electronic-cat-toys","11":"product_tag-mouse-cat-toys","12":"product_tag-pet-electronics","13":"product_tag-plush-cat-toys","15":"first","16":"instock","17":"shipping-taxable","18":"product-type-simple"},"acf":[],"yoast_head":"<!-- This site is optimized with the Yoast SEO plugin v27.1.1 - https:\/\/yoast.com\/product\/yoast-seo-wordpress\/ -->\n<title>Electronic Mouse Cat Toy | Electric Mouse Toy For Cats- Petstar<\/title>\n<meta name=\"description\" content=\"Explore Tianyuan Pet&#039;s electronic mouse cat toy - Mass Production, Customization Options Available.We are a leading global one-stop dog bed supplier.\" \/>\n<meta name=\"robots\" content=\"index, follow, max-snippet:-1, max-image-preview:large, max-video-preview:-1\" \/>\n<link rel=\"canonical\" href=\"https:\/\/petproducts.com.cn\/pt\/produto\/electronic-mouse-cat-toy-with-app-remote-control\/\" \/>\n<meta property=\"og:locale\" content=\"pt_PT\" \/>\n<meta property=\"og:type\" content=\"article\" \/>\n<meta property=\"og:title\" content=\"Electronic Mouse Cat Toy | Electric Mouse Toy For Cats- Petstar\" \/>\n<meta property=\"og:description\" content=\"Explore Tianyuan Pet&#039;s electronic mouse cat toy - Mass Production, Customization Options Available.We are a leading global one-stop dog bed supplier.\" \/>\n<meta property=\"og:url\" content=\"https:\/\/petproducts.com.cn\/pt\/produto\/electronic-mouse-cat-toy-with-app-remote-control\/\" \/>\n<meta property=\"og:site_name\" content=\"Petstar\" \/>\n<meta property=\"article:modified_time\" content=\"2024-08-13T02:35:42+00:00\" \/>\n<meta property=\"og:image\" content=\"https:\/\/petproducts.com.cn\/wp-content\/uploads\/2023\/09\/electronic-mouse-cat-toy.webp\" \/>\n\t<meta property=\"og:image:width\" content=\"800\" \/>\n\t<meta property=\"og:image:height\" content=\"800\" \/>\n\t<meta property=\"og:image:type\" content=\"image\/webp\" \/>\n<meta name=\"twitter:card\" content=\"summary_large_image\" \/>\n<meta name=\"twitter:label1\" content=\"Tempo estimado de leitura\" \/>\n\t<meta name=\"twitter:data1\" content=\"2 minutos\" \/>\n<script type=\"application\/ld+json\" class=\"yoast-schema-graph\">{\"@context\":\"https:\/\/schema.org\",\"@graph\":[{\"@type\":\"WebPage\",\"@id\":\"https:\/\/petproducts.com.cn\/product\/electronic-mouse-cat-toy-with-app-remote-control\/\",\"url\":\"https:\/\/petproducts.com.cn\/product\/electronic-mouse-cat-toy-with-app-remote-control\/\",\"name\":\"Electronic Mouse Cat Toy | Electric Mouse Toy For Cats- Petstar\",\"isPartOf\":{\"@id\":\"https:\/\/petproducts.com.cn\/#website\"},\"primaryImageOfPage\":{\"@id\":\"https:\/\/petproducts.com.cn\/product\/electronic-mouse-cat-toy-with-app-remote-control\/#primaryimage\"},\"image\":{\"@id\":\"https:\/\/petproducts.com.cn\/product\/electronic-mouse-cat-toy-with-app-remote-control\/#primaryimage\"},\"thumbnailUrl\":\"https:\/\/petproducts.com.cn\/wp-content\/uploads\/2023\/09\/electronic-mouse-cat-toy.webp\",\"datePublished\":\"2023-09-14T07:19:40+00:00\",\"dateModified\":\"2024-08-13T02:35:42+00:00\",\"description\":\"Explore Tianyuan Pet's electronic mouse cat toy - Mass Production, Customization Options Available.We are a leading global one-stop dog bed supplier.\",\"breadcrumb\":{\"@id\":\"https:\/\/petproducts.com.cn\/product\/electronic-mouse-cat-toy-with-app-remote-control\/#breadcrumb\"},\"inLanguage\":\"pt-PT\",\"potentialAction\":[{\"@type\":\"ReadAction\",\"target\":[\"https:\/\/petproducts.com.cn\/product\/electronic-mouse-cat-toy-with-app-remote-control\/\"]}]},{\"@type\":\"ImageObject\",\"inLanguage\":\"pt-PT\",\"@id\":\"https:\/\/petproducts.com.cn\/product\/electronic-mouse-cat-toy-with-app-remote-control\/#primaryimage\",\"url\":\"https:\/\/petproducts.com.cn\/wp-content\/uploads\/2023\/09\/electronic-mouse-cat-toy.webp\",\"contentUrl\":\"https:\/\/petproducts.com.cn\/wp-content\/uploads\/2023\/09\/electronic-mouse-cat-toy.webp\",\"width\":800,\"height\":800},{\"@type\":\"BreadcrumbList\",\"@id\":\"https:\/\/petproducts.com.cn\/product\/electronic-mouse-cat-toy-with-app-remote-control\/#breadcrumb\",\"itemListElement\":[{\"@type\":\"ListItem\",\"position\":1,\"name\":\"HOME\",\"item\":\"https:\/\/petproducts.com.cn\/\"},{\"@type\":\"ListItem\",\"position\":2,\"name\":\"Products\",\"item\":\"https:\/\/petproducts.com.cn\/shop\/\"},{\"@type\":\"ListItem\",\"position\":3,\"name\":\"Cat Toys\",\"item\":\"https:\/\/petproducts.com.cn\/product-category\/cat-toys\/\"},{\"@type\":\"ListItem\",\"position\":4,\"name\":\"Electronic Mouse Cat Toy With App Remote Control\"}]},{\"@type\":\"WebSite\",\"@id\":\"https:\/\/petproducts.com.cn\/#website\",\"url\":\"https:\/\/petproducts.com.cn\/\",\"name\":\"Petstar\",\"description\":\"Leading Pet Supplies Manufacturer &amp; OEM Pet Products Supplier\",\"publisher\":{\"@id\":\"https:\/\/petproducts.com.cn\/#organization\"},\"alternateName\":\"Petstar Pet Supplies\",\"potentialAction\":[{\"@type\":\"SearchAction\",\"target\":{\"@type\":\"EntryPoint\",\"urlTemplate\":\"https:\/\/petproducts.com.cn\/?s={search_term_string}\"},\"query-input\":{\"@type\":\"PropertyValueSpecification\",\"valueRequired\":true,\"valueName\":\"search_term_string\"}}],\"inLanguage\":\"pt-PT\"},{\"@type\":\"Organization\",\"@id\":\"https:\/\/petproducts.com.cn\/#organization\",\"name\":\"Petstar\",\"url\":\"https:\/\/petproducts.com.cn\/\",\"logo\":{\"@type\":\"ImageObject\",\"inLanguage\":\"pt-PT\",\"@id\":\"https:\/\/petproducts.com.cn\/#\/schema\/logo\/image\/\",\"url\":\"https:\/\/petproducts.com.cn\/wp-content\/uploads\/2020\/02\/petstar-logo.webp\",\"contentUrl\":\"https:\/\/petproducts.com.cn\/wp-content\/uploads\/2020\/02\/petstar-logo.webp\",\"width\":779,\"height\":520,\"caption\":\"Petstar\"},\"image\":{\"@id\":\"https:\/\/petproducts.com.cn\/#\/schema\/logo\/image\/\"}}]}<\/script>\n<!-- \/ Yoast SEO plugin. -->","yoast_head_json":{"title":"Rato Eletr\u00f3nico para Gatos | Rato El\u00e9trico para Gatos - Petstar","description":"Explore o brinquedo eletr\u00f4nico do gato do rato de Tianyuan Pet - Produ\u00e7\u00e3o em massa, op\u00e7\u00f5es de personaliza\u00e7\u00e3o dispon\u00edveis.","robots":{"index":"index","follow":"follow","max-snippet":"max-snippet:-1","max-image-preview":"max-image-preview:large","max-video-preview":"max-video-preview:-1"},"canonical":"https:\/\/petproducts.com.cn\/pt\/produto\/electronic-mouse-cat-toy-with-app-remote-control\/","og_locale":"pt_PT","og_type":"article","og_title":"Electronic Mouse Cat Toy | Electric Mouse Toy For Cats- Petstar","og_description":"Explore Tianyuan Pet's electronic mouse cat toy - Mass Production, Customization Options Available.We are a leading global one-stop dog bed supplier.","og_url":"https:\/\/petproducts.com.cn\/pt\/produto\/electronic-mouse-cat-toy-with-app-remote-control\/","og_site_name":"Petstar","article_modified_time":"2024-08-13T02:35:42+00:00","og_image":[{"width":800,"height":800,"url":"https:\/\/petproducts.com.cn\/wp-content\/uploads\/2023\/09\/electronic-mouse-cat-toy.webp","type":"image\/webp"}],"twitter_card":"summary_large_image","twitter_misc":{"Tempo estimado de leitura":"2 minutos"},"schema":{"@context":"https:\/\/schema.org","@graph":[{"@type":"WebPage","@id":"https:\/\/petproducts.com.cn\/product\/electronic-mouse-cat-toy-with-app-remote-control\/","url":"https:\/\/petproducts.com.cn\/product\/electronic-mouse-cat-toy-with-app-remote-control\/","name":"Rato Eletr\u00f3nico para Gatos | Rato El\u00e9trico para Gatos - Petstar","isPartOf":{"@id":"https:\/\/petproducts.com.cn\/#website"},"primaryImageOfPage":{"@id":"https:\/\/petproducts.com.cn\/product\/electronic-mouse-cat-toy-with-app-remote-control\/#primaryimage"},"image":{"@id":"https:\/\/petproducts.com.cn\/product\/electronic-mouse-cat-toy-with-app-remote-control\/#primaryimage"},"thumbnailUrl":"https:\/\/petproducts.com.cn\/wp-content\/uploads\/2023\/09\/electronic-mouse-cat-toy.webp","datePublished":"2023-09-14T07:19:40+00:00","dateModified":"2024-08-13T02:35:42+00:00","description":"Explore o brinquedo eletr\u00f4nico do gato do rato de Tianyuan Pet - Produ\u00e7\u00e3o em massa, op\u00e7\u00f5es de personaliza\u00e7\u00e3o dispon\u00edveis.","breadcrumb":{"@id":"https:\/\/petproducts.com.cn\/product\/electronic-mouse-cat-toy-with-app-remote-control\/#breadcrumb"},"inLanguage":"pt-PT","potentialAction":[{"@type":"ReadAction","target":["https:\/\/petproducts.com.cn\/product\/electronic-mouse-cat-toy-with-app-remote-control\/"]}]},{"@type":"ImageObject","inLanguage":"pt-PT","@id":"https:\/\/petproducts.com.cn\/product\/electronic-mouse-cat-toy-with-app-remote-control\/#primaryimage","url":"https:\/\/petproducts.com.cn\/wp-content\/uploads\/2023\/09\/electronic-mouse-cat-toy.webp","contentUrl":"https:\/\/petproducts.com.cn\/wp-content\/uploads\/2023\/09\/electronic-mouse-cat-toy.webp","width":800,"height":800},{"@type":"BreadcrumbList","@id":"https:\/\/petproducts.com.cn\/product\/electronic-mouse-cat-toy-with-app-remote-control\/#breadcrumb","itemListElement":[{"@type":"ListItem","position":1,"name":"HOME","item":"https:\/\/petproducts.com.cn\/"},{"@type":"ListItem","position":2,"name":"Products","item":"https:\/\/petproducts.com.cn\/shop\/"},{"@type":"ListItem","position":3,"name":"Cat Toys","item":"https:\/\/petproducts.com.cn\/product-category\/cat-toys\/"},{"@type":"ListItem","position":4,"name":"Electronic Mouse Cat Toy With App Remote Control"}]},{"@type":"WebSite","@id":"https:\/\/petproducts.com.cn\/#website","url":"https:\/\/petproducts.com.cn\/","name":"Petstar","description":"Fabricante l\u00edder de artigos para animais de estima\u00e7\u00e3o e fornecedor de produtos OEM para animais de estima\u00e7\u00e3o","publisher":{"@id":"https:\/\/petproducts.com.cn\/#organization"},"alternateName":"Petstar Pet Supplies","potentialAction":[{"@type":"SearchAction","target":{"@type":"EntryPoint","urlTemplate":"https:\/\/petproducts.com.cn\/?s={search_term_string}"},"query-input":{"@type":"PropertyValueSpecification","valueRequired":true,"valueName":"search_term_string"}}],"inLanguage":"pt-PT"},{"@type":"Organization","@id":"https:\/\/petproducts.com.cn\/#organization","name":"Petstar","url":"https:\/\/petproducts.com.cn\/","logo":{"@type":"ImageObject","inLanguage":"pt-PT","@id":"https:\/\/petproducts.com.cn\/#\/schema\/logo\/image\/","url":"https:\/\/petproducts.com.cn\/wp-content\/uploads\/2020\/02\/petstar-logo.webp","contentUrl":"https:\/\/petproducts.com.cn\/wp-content\/uploads\/2020\/02\/petstar-logo.webp","width":779,"height":520,"caption":"Petstar"},"image":{"@id":"https:\/\/petproducts.com.cn\/#\/schema\/logo\/image\/"}}]}},"_links":{"self":[{"href":"https:\/\/petproducts.com.cn\/pt\/wp-json\/wp\/v2\/product\/9701","targetHints":{"allow":["GET"]}}],"collection":[{"href":"https:\/\/petproducts.com.cn\/pt\/wp-json\/wp\/v2\/product"}],"about":[{"href":"https:\/\/petproducts.com.cn\/pt\/wp-json\/wp\/v2\/types\/product"}],"version-history":[{"count":4,"href":"https:\/\/petproducts.com.cn\/pt\/wp-json\/wp\/v2\/product\/9701\/revisions"}],"predecessor-version":[{"id":23670,"href":"https:\/\/petproducts.com.cn\/pt\/wp-json\/wp\/v2\/product\/9701\/revisions\/23670"}],"wp:featuredmedia":[{"embeddable":true,"href":"https:\/\/petproducts.com.cn\/pt\/wp-json\/wp\/v2\/media\/9704"}],"wp:attachment":[{"href":"https:\/\/petproducts.com.cn\/pt\/wp-json\/wp\/v2\/media?parent=9701"}],"wp:term":[{"taxonomy":"product_brand","embeddable":true,"href":"https:\/\/petproducts.com.cn\/pt\/wp-json\/wp\/v2\/product_brand?post=9701"},{"taxonomy":"product_cat","embeddable":true,"href":"https:\/\/petproducts.com.cn\/pt\/wp-json\/wp\/v2\/product_cat?post=9701"},{"taxonomy":"product_tag","embeddable":true,"href":"https:\/\/petproducts.com.cn\/pt\/wp-json\/wp\/v2\/product_tag?post=9701"}],"curies":[{"name":"wp","href":"https:\/\/api.w.org\/{rel}","templated":true}]}}